{"id":7756,"date":"2021-12-16T10:31:06","date_gmt":"2021-12-16T15:31:06","guid":{"rendered":"https:\/\/puyapeptide.net\/product\/vente-chaude-buserelin-cas-57982-77-1-pour-traiter-le-cancer-de-la-prostate-et-le-cancer-du-sein\/"},"modified":"2021-12-16T10:31:06","modified_gmt":"2021-12-16T15:31:06","slug":"vente-chaude-buserelin-cas-57982-77-1-pour-traiter-le-cancer-de-la-prostate-et-le-cancer-du-sein","status":"publish","type":"product","link":"https:\/\/puyapeptide.net\/fr\/product\/vente-chaude-buserelin-cas-57982-77-1-pour-traiter-le-cancer-de-la-prostate-et-le-cancer-du-sein\/","title":{"rendered":"Vente chaude Buserelin CAS 57982-77-1 pour traiter le cancer de la prostate et le cancer du sein"},"content":{"rendered":"<h2><strong>Vente chaude Buserelin CAS 57982-77-1 pour traiter le cancer de la prostate et le cancer du sein<\/strong><\/h2>\n<p>Nom du produit\u00a0: BUSERELIN<br \/>\nSynonymes\u00a0: (d-ser(bu(supt)(sup6)))-lh-rh(1-9)nonapeptide-ethylamide\u00a0;(d-ser(tbu)(sup6)- ea(sup10))-lhrh;(d-ser(tbu)(sup6)-ea(sup10))-hormone de lib\u00e9ration de l&#39;hormone lut\u00e9inisante\u00a0;(d-ser(tbu)(sup6)-ea(sup10))-hormone de lib\u00e9ration de l&#39;hormone lut\u00e9inisante\u00a0; BUSERELIN;1-9-Facteur de lib\u00e9ration de l&#39;hormone lut\u00e9inisante (porc), 6-[O-(1,1-dim\u00e9thyl\u00e9thyl)-D-s\u00e9rine]-9-(N-\u00e9thyl-L-prolinamide)-;Buserilin;BUSERELIN PH . EUR.<br \/>\nCAS : 57982-77-1<br \/>\nMF : C60H86N16O13<br \/>\nMW : 1239.42<br \/>\nEINECS : 261-061-9<br \/>\nCat\u00e9gories de produits : hormones<br \/>\nMol File : 57982-77 -1.mol<\/p>\n<p>Bus\u00e9r\u00e9line, un analogue de la GnRH. Il peut induire une augmentation de la s\u00e9cr\u00e9tion de LH, de FSH et d&#39;hormones sexuelles au d\u00e9but de l&#39;utilisation, et apr\u00e8s 1 \u00e0 2 semaines, il commence \u00e0 produire l&#39;effet inverse, et la s\u00e9cr\u00e9tion d&#39;hormones sexuelles peut \u00eatre r\u00e9duite \u00e0 un niveau de d\u00e9p\u00f4t. Il est principalement utilis\u00e9 en clinique pour le cancer de la prostate et le cancer du sein. Il est inject\u00e9 par voie sous-cutan\u00e9e au d\u00e9but [chez les hommes atteints de Flutamide] et un spray nasal est utilis\u00e9 pour le traitement d&#39;entretien.<\/p>\n<p> <strong>Buserelin CAS 57982-77-1 Propri\u00e9t\u00e9s chimiques<\/strong><br \/>\nalpha D20 -40,4\u00b0 (c = 1 dans le dim\u00e9thylac\u00e9tamide)<br \/>\nPoint d&#39;\u00e9bullition 845,19\u00b0C (estimation approximative)<br \/>\ndensit\u00e9 1,0711 (estimation approximative)<br \/>\nindice de r\u00e9fraction 1,6200 (estimation)<br \/>\nsolubilit\u00e9 Peu soluble dans l&#39;eau et dans les acides dilu\u00e9s.&lt;&amp; &gt;pka 9,82 \u00b1 0,15 (pr\u00e9vu)<\/p>\n<p> <strong>Fonction et application des analogues de Buserelin CAS 57982-77-1<\/strong><br \/>\n GnRH. Il peut induire une augmentation de l&#39;I.H, de la FSH et de la s\u00e9cr\u00e9tion d&#39;hormones sexuelles au d\u00e9but de l&#39;utilisation, et apr\u00e8s 1 \u00e0 2 semaines, il commence \u00e0 produire l&#39;effet inverse, et la s\u00e9cr\u00e9tion d&#39;hormones sexuelles peut \u00eatre r\u00e9duite \u00e0 un niveau de d\u00e9p\u00f4t. Il est principalement utilis\u00e9 en clinique pour le cancer de la prostate et le cancer du sein. Il est inject\u00e9 par voie sous-cutan\u00e9e au d\u00e9but (chez les hommes atteints de flutamide), et le traitement d&#39;entretien est administr\u00e9 par pulv\u00e9risation nasale.<\/p>\n","protected":false},"excerpt":{"rendered":"<p>Nom du produit : BUSERELIN<br \/>\nCAS : 57982-77-1<br \/>\nMF : C60H86N16O13<br \/>\nMW : 1239.42<br \/>\nEINECS : 261-061-9<br \/>\nMol Dossier : 57982-77-1.mol<\/p>\n","protected":false},"featured_media":2122,"comment_status":"open","ping_status":"closed","template":"","meta":{"om_disable_all_campaigns":false,"_monsterinsights_skip_tracking":false,"_monsterinsights_sitenote_active":false,"_monsterinsights_sitenote_note":"","_monsterinsights_sitenote_category":0,"site-sidebar-layout":"default","site-content-layout":"default","ast-site-content-layout":"default","site-content-style":"default","site-sidebar-style":"default","ast-global-header-display":"","ast-banner-title-visibility":"","ast-main-header-display":"","ast-hfb-above-header-display":"","ast-hfb-below-header-display":"","ast-hfb-mobile-header-display":"","site-post-title":"","ast-breadcrumbs-content":"","ast-featured-img":"","footer-sml-layout":"","ast-disable-related-posts":"","theme-transparent-header-meta":"default","adv-header-id-meta":"","stick-header-meta":"","header-above-stick-meta":"","header-main-stick-meta":"","header-below-stick-meta":"","astra-migrate-meta-layouts":"default","ast-page-background-enabled":"default","ast-page-background-meta":{"desktop":{"background-color":"","background-image":"","background-repeat":"repeat","background-position":"center center","background-size":"auto","background-attachment":"scroll","background-type":"","background-media":"","overlay-type":"","overlay-color":"","overlay-opacity":"","overlay-gradient":""},"tablet":{"background-color":"","background-image":"","background-repeat":"repeat","background-position":"center center","background-size":"auto","background-attachment":"scroll","background-type":"","background-media":"","overlay-type":"","overlay-color":"","overlay-opacity":"","overlay-gradient":""},"mobile":{"background-color":"","background-image":"","background-repeat":"repeat","background-position":"center center","background-size":"auto","background-attachment":"scroll","background-type":"","background-media":"","overlay-type":"","overlay-color":"","overlay-opacity":"","overlay-gradient":""}},"ast-content-background-meta":{"desktop":{"background-color":"var(--ast-global-color-5)","background-image":"","background-repeat":"repeat","background-position":"center center","background-size":"auto","background-attachment":"scroll","background-type":"","background-media":"","overlay-type":"","overlay-color":"","overlay-opacity":"","overlay-gradient":""},"tablet":{"background-color":"var(--ast-global-color-5)","background-image":"","background-repeat":"repeat","background-position":"center center","background-size":"auto","background-attachment":"scroll","background-type":"","background-media":"","overlay-type":"","overlay-color":"","overlay-opacity":"","overlay-gradient":""},"mobile":{"background-color":"var(--ast-global-color-5)","background-image":"","background-repeat":"repeat","background-position":"center center","background-size":"auto","background-attachment":"scroll","background-type":"","background-media":"","overlay-type":"","overlay-color":"","overlay-opacity":"","overlay-gradient":""}}},"product_brand":[],"product_cat":[395],"product_tag":[2015],"class_list":{"0":"post-7756","1":"product","2":"type-product","3":"status-publish","4":"has-post-thumbnail","6":"product_cat-peptide-anti-tumoral","7":"product_tag-hot-sale-buserelin-cas-57982-77-1-for-treat-prostate-cancer-and-breast-cancer-fr","8":"desktop-align-left","9":"tablet-align-left","10":"mobile-align-left","12":"first","13":"instock","14":"shipping-taxable","15":"product-type-simple"},"_links":{"self":[{"href":"https:\/\/puyapeptide.net\/fr\/wp-json\/wp\/v2\/product\/7756","targetHints":{"allow":["GET"]}}],"collection":[{"href":"https:\/\/puyapeptide.net\/fr\/wp-json\/wp\/v2\/product"}],"about":[{"href":"https:\/\/puyapeptide.net\/fr\/wp-json\/wp\/v2\/types\/product"}],"replies":[{"embeddable":true,"href":"https:\/\/puyapeptide.net\/fr\/wp-json\/wp\/v2\/comments?post=7756"}],"wp:featuredmedia":[{"embeddable":true,"href":"https:\/\/puyapeptide.net\/fr\/wp-json\/wp\/v2\/media\/2122"}],"wp:attachment":[{"href":"https:\/\/puyapeptide.net\/fr\/wp-json\/wp\/v2\/media?parent=7756"}],"wp:term":[{"taxonomy":"product_brand","embeddable":true,"href":"https:\/\/puyapeptide.net\/fr\/wp-json\/wp\/v2\/product_brand?post=7756"},{"taxonomy":"product_cat","embeddable":true,"href":"https:\/\/puyapeptide.net\/fr\/wp-json\/wp\/v2\/product_cat?post=7756"},{"taxonomy":"product_tag","embeddable":true,"href":"https:\/\/puyapeptide.net\/fr\/wp-json\/wp\/v2\/product_tag?post=7756"}],"curies":[{"name":"wp","href":"https:\/\/api.w.org\/{rel}","templated":true}]}}