{"id":7799,"date":"2021-12-16T10:33:33","date_gmt":"2021-12-16T15:33:33","guid":{"rendered":"https:\/\/puyapeptide.net\/product\/acetate-dangiotensine-val5-angiotensine-ii-cas-58-49-1\/"},"modified":"2021-12-16T10:33:33","modified_gmt":"2021-12-16T15:33:33","slug":"acetate-dangiotensine-val5-angiotensine-ii-cas-58-49-1","status":"publish","type":"product","link":"https:\/\/puyapeptide.net\/fr\/product\/acetate-dangiotensine-val5-angiotensine-ii-cas-58-49-1\/","title":{"rendered":"Ac\u00e9tate d&#39;angiotensine\/ (Val5)-Angiotensine II CAS 58-49-1"},"content":{"rendered":"<h2><strong>Ac\u00e9tate d&#39;angiotensine\/ (Val5)-Angiotensine II CAS 58-49-1<\/strong><\/h2>\n<p>Nom du produit : Ac\u00e9tate d&#39;angiotensine<br \/>\nSynonymes : [VAL5]-ANGIOTENSIN II;[VAL5] ANGIOTENSIN II HUMAN;ASP-ARG-VAL-TYR-VAL-HIS-PRO-PHE;DRVYVHPF;5-L-Valine angiotensine II);Angiotensine II 5-valine (Valine angiotensine II;Valine angiotensine II;VALINE ANGIOTENSIN II;5-L-VALINE ANGIOTENSIN II<br \/>\nCAS\u00a0: 58-49-1<br \/>\nMF\u00a0: C49H69N13O12<br \/>\nMW\u00a0: 1032.17<br \/>\nEINECS\u00a0:<br \/>\nCat\u00e9gories de produits\u00a0:<br \/>\nMol File\u00a0: 58-49-1.mol<\/p>\n<p>L&#39;angiotensine est une sorte de substance peptidique qui poss\u00e8de un puissant vasoconstricteur et stimule la s\u00e9cr\u00e9tion d&#39;aldost\u00e9rone \u00e0 partir de le cortex surr\u00e9nalien. Il est impliqu\u00e9 dans la r\u00e9gulation de la pression art\u00e9rielle et des fluides corporels. Il peut \u00eatre divis\u00e9 en angiotensine\u00a0I-VII, et d&#39;autres \u00e9tudes ont \u00e9t\u00e9 men\u00e9es sur l&#39;angiotensine\u00a0I, l&#39;angiotensine\u00a0II et l&#39;angiotensine\u00a0III.<\/p>\n<p>&lt; &amp;&gt; <strong>Ac\u00e9tate d&#39;angiotensine\/(Val5)-Angiotensine II CAS 58-49-1 Propri\u00e9t\u00e9s chimiques<\/strong><br \/>\ntemp\u00e9rature de stockage -20\u00b0C<br \/>\ndensit\u00e9 1,45\u00b10,1 g\/cm3 (pr\u00e9vu)<br \/>\nforme de poudre<br \/>\n pKa 3,56\u00b10,10 (pr\u00e9dit)<br \/>\nInChIKey JVCJXRGXGITABA-IAQGTVMASA-N<br \/>\nCAS DataBase Reference 58-49-1<\/p>\n<p> <strong>Appl ication&amp;Function of Angiotensin Acetate\/(Val5)-Angiotensin II CAS 58-49-1<\/strong><br \/>\nL&#39;ac\u00e9tate d&#39;angiotensine, \u00e9galement connu sous le nom de (Val5)-Angiotensin II, est un analogue de l&#39;angiotensine II qui est un agoniste des r\u00e9cepteurs de l&#39;angiotensine AT1. L&#39;angiotensine est un oligopeptide et est une hormone et un puissant dipsog\u00e8ne. Il est d\u00e9riv\u00e9 de la mol\u00e9cule pr\u00e9curseur angiotensinog\u00e8ne, une globuline s\u00e9rique produite dans le foie. Elle joue un r\u00f4le important dans le syst\u00e8me r\u00e9nine-angiotensine.<\/p>\n<p>L&#39;angiotensine II est un puissant vasoconstricteur g\u00e9n\u00e9r\u00e9 par l&#39;action s\u00e9quentielle de la r\u00e9nine et de l&#39;enzyme de conversion de l&#39;angiotensine sur l&#39;angiotensinog\u00e8ne. Les activit\u00e9s biologiques de l&#39;angiotensine II comprennent la r\u00e9gulation de la pression art\u00e9rielle, l&#39;\u00e9quilibre hydrique et salin et le tonus vasculaire. De plus, l&#39;angiotensine II stimule diverses enzymes comme la NADPH oxydase.<\/p>\n","protected":false},"excerpt":{"rendered":"<p>Nom du produit : Ac\u00e9tate d&#39;angiotensine<br \/>\nCAS : 58-49-1<br \/>\nMF : C49H69N13O12<br \/>\nMW : 1032.17<br \/>\nMol File : 58-49-1.mol<\/p>\n","protected":false},"featured_media":2290,"comment_status":"open","ping_status":"closed","template":"","meta":{"om_disable_all_campaigns":false,"_monsterinsights_skip_tracking":false,"_monsterinsights_sitenote_active":false,"_monsterinsights_sitenote_note":"","_monsterinsights_sitenote_category":0,"site-sidebar-layout":"default","site-content-layout":"default","ast-site-content-layout":"default","site-content-style":"default","site-sidebar-style":"default","ast-global-header-display":"","ast-banner-title-visibility":"","ast-main-header-display":"","ast-hfb-above-header-display":"","ast-hfb-below-header-display":"","ast-hfb-mobile-header-display":"","site-post-title":"","ast-breadcrumbs-content":"","ast-featured-img":"","footer-sml-layout":"","ast-disable-related-posts":"","theme-transparent-header-meta":"default","adv-header-id-meta":"","stick-header-meta":"","header-above-stick-meta":"","header-main-stick-meta":"","header-below-stick-meta":"","astra-migrate-meta-layouts":"default","ast-page-background-enabled":"default","ast-page-background-meta":{"desktop":{"background-color":"","background-image":"","background-repeat":"repeat","background-position":"center center","background-size":"auto","background-attachment":"scroll","background-type":"","background-media":"","overlay-type":"","overlay-color":"","overlay-opacity":"","overlay-gradient":""},"tablet":{"background-color":"","background-image":"","background-repeat":"repeat","background-position":"center center","background-size":"auto","background-attachment":"scroll","background-type":"","background-media":"","overlay-type":"","overlay-color":"","overlay-opacity":"","overlay-gradient":""},"mobile":{"background-color":"","background-image":"","background-repeat":"repeat","background-position":"center center","background-size":"auto","background-attachment":"scroll","background-type":"","background-media":"","overlay-type":"","overlay-color":"","overlay-opacity":"","overlay-gradient":""}},"ast-content-background-meta":{"desktop":{"background-color":"var(--ast-global-color-5)","background-image":"","background-repeat":"repeat","background-position":"center center","background-size":"auto","background-attachment":"scroll","background-type":"","background-media":"","overlay-type":"","overlay-color":"","overlay-opacity":"","overlay-gradient":""},"tablet":{"background-color":"var(--ast-global-color-5)","background-image":"","background-repeat":"repeat","background-position":"center center","background-size":"auto","background-attachment":"scroll","background-type":"","background-media":"","overlay-type":"","overlay-color":"","overlay-opacity":"","overlay-gradient":""},"mobile":{"background-color":"var(--ast-global-color-5)","background-image":"","background-repeat":"repeat","background-position":"center center","background-size":"auto","background-attachment":"scroll","background-type":"","background-media":"","overlay-type":"","overlay-color":"","overlay-opacity":"","overlay-gradient":""}}},"product_brand":[],"product_cat":[408],"product_tag":[1969],"class_list":{"0":"post-7799","1":"product","2":"type-product","3":"status-publish","4":"has-post-thumbnail","6":"product_cat-sang-et-peptide-vasculaire","7":"product_tag-angiotensin-acetate-val5-angiotensin-ii-cas-58-49-1-fr","8":"desktop-align-left","9":"tablet-align-left","10":"mobile-align-left","12":"first","13":"instock","14":"shipping-taxable","15":"product-type-simple"},"_links":{"self":[{"href":"https:\/\/puyapeptide.net\/fr\/wp-json\/wp\/v2\/product\/7799","targetHints":{"allow":["GET"]}}],"collection":[{"href":"https:\/\/puyapeptide.net\/fr\/wp-json\/wp\/v2\/product"}],"about":[{"href":"https:\/\/puyapeptide.net\/fr\/wp-json\/wp\/v2\/types\/product"}],"replies":[{"embeddable":true,"href":"https:\/\/puyapeptide.net\/fr\/wp-json\/wp\/v2\/comments?post=7799"}],"wp:featuredmedia":[{"embeddable":true,"href":"https:\/\/puyapeptide.net\/fr\/wp-json\/wp\/v2\/media\/2290"}],"wp:attachment":[{"href":"https:\/\/puyapeptide.net\/fr\/wp-json\/wp\/v2\/media?parent=7799"}],"wp:term":[{"taxonomy":"product_brand","embeddable":true,"href":"https:\/\/puyapeptide.net\/fr\/wp-json\/wp\/v2\/product_brand?post=7799"},{"taxonomy":"product_cat","embeddable":true,"href":"https:\/\/puyapeptide.net\/fr\/wp-json\/wp\/v2\/product_cat?post=7799"},{"taxonomy":"product_tag","embeddable":true,"href":"https:\/\/puyapeptide.net\/fr\/wp-json\/wp\/v2\/product_tag?post=7799"}],"curies":[{"name":"wp","href":"https:\/\/api.w.org\/{rel}","templated":true}]}}