{"id":7825,"date":"2021-12-16T11:16:33","date_gmt":"2021-12-16T16:16:33","guid":{"rendered":"https:\/\/puyapeptide.net\/product\/dsip-peptide-inducteur-de-sommeil-cas-62568-57-4-aide-a-bien-dormir\/"},"modified":"2021-12-16T11:16:33","modified_gmt":"2021-12-16T16:16:33","slug":"dsip-peptide-inducteur-de-sommeil-cas-62568-57-4-aide-a-bien-dormir","status":"publish","type":"product","link":"https:\/\/puyapeptide.net\/fr\/product\/dsip-peptide-inducteur-de-sommeil-cas-62568-57-4-aide-a-bien-dormir\/","title":{"rendered":"DSIP\/PEPTIDE INDUCTEUR DE SOMMEIL CAS 62568-57-4 Aide \u00e0 bien dormir"},"content":{"rendered":"<h2><strong>Drotav\u00e9rine Hidroklorida \/ Drotav\u00e9rine Hcl CAS 985-12-6<\/strong><\/h2>\n<p>Nom du produit : DSIP<br \/>\nSynonymes : SLEEP INDUCING PEPTIDE;WAGGDASGE;TRP-ALA-GLY-GLY-ASN-ALA-SER-GLY-GLU;TRP-ALA-GLY-GLY-ASP-ALA-SER- GLY-GLU;TRP-ALA-GLY-GLY-ASP-ALA-SER-GLY-GLU 4H2O;DELTA PEPTIDE SOMMEIL;DELTA PEPTIDE SOMMEIL 4H2O;DSIP<br \/>\nCAS: 62568-57-4<br \/>\nMF : C35H48N10O15<br \/>\nMW\u00a0: 848.82<br \/>\nEINECS\u00a0: 211-519-9<br \/>\nCat\u00e9gories de produits\u00a0: Peptide<br \/>\nMol File\u00a0: 62568-57-4.mol<\/p>\n<p>Delta sleep-inducing peptide, DSIP abr\u00e9g\u00e9, est un neuropeptide qui, lorsqu&#39;il est infus\u00e9 dans le ventricule m\u00e9sodienc\u00e9phalique de lapins receveurs, induit une activit\u00e9 EEG fusiforme et delta et une r\u00e9duction des activit\u00e9s motrices.<\/p>\n<p> <strong>DSIP CAS 985-12-6 Propri\u00e9t\u00e9s chimiques<\/strong><br \/>\nPoint d&#39;\u00e9bullition 1522,7\u00b165,0 \u00b0C(Pr\u00e9vu)<br \/>\ndensit\u00e9 1,458\u00b10,06 g\/cm3(Pr\u00e9vu)<br \/>\ntemp. \u221220\u00b0C<br \/>\npka 3,18\u00b10,10(Pr\u00e9vu)<br \/>\nSolubilit\u00e9 dans l&#39;eau Soluble dans l&#39;eau \u00e0 0,5mg\/ml<br \/>\nInChIKey ZRZROXNBKJAOKB-GFVHOAGBSA-N<\/p>\n<p> <strong>Fonction DSIP<\/strong><br \/>\nDe nombreux r\u00f4les pour Les DSIP ont \u00e9t\u00e9 sugg\u00e9r\u00e9s \u00e0 la suite de recherches men\u00e9es \u00e0 l&#39;aide d&#39;analogues peptidiques avec une plus grande stabilit\u00e9 mol\u00e9culaire et en mesurant la r\u00e9ponse immunologique de type DSIP (DSIP-LI) en injectant un antis\u00e9rum et des anticorps DSIP<\/p>\n<p> <strong>R\u00f4les dans la r\u00e9gulation endocrinienne<\/strong><br \/>\nDiminue la concentration basale niveau de corticotropine et bloque sa lib\u00e9ration.<br \/>\nStimule la lib\u00e9ration de l&#39;hormone lut\u00e9inisante (LH).<br \/>\nStimule la lib\u00e9ration de somatolib\u00e9rine et de s\u00e9cr\u00e9tion de somatotrophine et inhibe la s\u00e9cr\u00e9tion de somatostatine.<\/p>\n<p> <strong>Structure et interactions<\/strong><br \/>\nDSIP est un amphiphile. peptide de poids mol\u00e9culaire 850 daltons avec le motif d&#39;acide amin\u00e9:N-Trp-Ala-Gly-Gly-Asp-Ala-Ser-Gly-Glu-C<br \/>\nIl a \u00e9t\u00e9 trouv\u00e9 sous forme libre et li\u00e9e dans l&#39;hypothalamus, syst\u00e8me limbique et hypophyse ainsi que divers organes p\u00e9riph\u00e9riques, tissus et fluides corporels.[5] Dans l&#39;hypophyse, il co-localise avec de nombreux m\u00e9diateurs peptidiques et non peptidiques tels que le peptide interm\u00e9diaire de type corticotrophine (CLIP), l&#39;hormone adr\u00e9nocorticotrophique (ACTH), l&#39;hormone stimulant les m\u00e9lanocytes (MSH), l&#39;hormone stimulant la thyro\u00efde (TSH) et la concentration de m\u00e9lanine hormonale (MCH). Il est abondant dans les cellules s\u00e9cr\u00e9toires intestinales et dans le pancr\u00e9as o\u00f9 il co-localise avec le glucagon.<br \/>\nIn vitro, il s&#39;est av\u00e9r\u00e9 avoir une faible stabilit\u00e9 mol\u00e9culaire avec une demi-vie de seulement 15 minutes en raison de l&#39;action d&#39;un enzyme de type aminopeptidase. Il a \u00e9t\u00e9 sugg\u00e9r\u00e9 que dans le corps, elle se complexe avec des prot\u00e9ines porteuses pour emp\u00eacher la d\u00e9gradation, ou existe en tant que composant d&#39;une grande mol\u00e9cule pr\u00e9curseur, mais jusqu&#39;\u00e0 pr\u00e9sent aucune structure ou g\u00e8ne n&#39;a \u00e9t\u00e9 trouv\u00e9 pour ce pr\u00e9curseur.<\/p>\n","protected":false},"excerpt":{"rendered":"<p>Nom du produit : DSIP<br \/>\nCAS : 62568-57-4<br \/>\nMF : C35H48N10O15<br \/>\nMW : 848.82<br \/>\nEINECS : 211-519-9<br \/>\nMol Fichier : 62568-57-4.mol<\/p>\n","protected":false},"featured_media":0,"comment_status":"open","ping_status":"closed","template":"","meta":{"om_disable_all_campaigns":false,"_monsterinsights_skip_tracking":false,"_monsterinsights_sitenote_active":false,"_monsterinsights_sitenote_note":"","_monsterinsights_sitenote_category":0,"site-sidebar-layout":"default","site-content-layout":"default","ast-site-content-layout":"default","site-content-style":"default","site-sidebar-style":"default","ast-global-header-display":"","ast-banner-title-visibility":"","ast-main-header-display":"","ast-hfb-above-header-display":"","ast-hfb-below-header-display":"","ast-hfb-mobile-header-display":"","site-post-title":"","ast-breadcrumbs-content":"","ast-featured-img":"","footer-sml-layout":"","ast-disable-related-posts":"","theme-transparent-header-meta":"default","adv-header-id-meta":"","stick-header-meta":"","header-above-stick-meta":"","header-main-stick-meta":"","header-below-stick-meta":"","astra-migrate-meta-layouts":"default","ast-page-background-enabled":"default","ast-page-background-meta":{"desktop":{"background-color":"","background-image":"","background-repeat":"repeat","background-position":"center center","background-size":"auto","background-attachment":"scroll","background-type":"","background-media":"","overlay-type":"","overlay-color":"","overlay-opacity":"","overlay-gradient":""},"tablet":{"background-color":"","background-image":"","background-repeat":"repeat","background-position":"center center","background-size":"auto","background-attachment":"scroll","background-type":"","background-media":"","overlay-type":"","overlay-color":"","overlay-opacity":"","overlay-gradient":""},"mobile":{"background-color":"","background-image":"","background-repeat":"repeat","background-position":"center center","background-size":"auto","background-attachment":"scroll","background-type":"","background-media":"","overlay-type":"","overlay-color":"","overlay-opacity":"","overlay-gradient":""}},"ast-content-background-meta":{"desktop":{"background-color":"var(--ast-global-color-5)","background-image":"","background-repeat":"repeat","background-position":"center center","background-size":"auto","background-attachment":"scroll","background-type":"","background-media":"","overlay-type":"","overlay-color":"","overlay-opacity":"","overlay-gradient":""},"tablet":{"background-color":"var(--ast-global-color-5)","background-image":"","background-repeat":"repeat","background-position":"center center","background-size":"auto","background-attachment":"scroll","background-type":"","background-media":"","overlay-type":"","overlay-color":"","overlay-opacity":"","overlay-gradient":""},"mobile":{"background-color":"var(--ast-global-color-5)","background-image":"","background-repeat":"repeat","background-position":"center center","background-size":"auto","background-attachment":"scroll","background-type":"","background-media":"","overlay-type":"","overlay-color":"","overlay-opacity":"","overlay-gradient":""}}},"product_brand":[],"product_cat":[526],"product_tag":[1947],"class_list":{"0":"post-7825","1":"product","2":"type-product","3":"status-publish","5":"product_cat-autres-peptides","6":"product_tag-dsip-sleep-inducing-peptide-cas-62568-57-4-help-for-sleep-well-fr","7":"desktop-align-left","8":"tablet-align-left","9":"mobile-align-left","11":"first","12":"instock","13":"shipping-taxable","14":"product-type-simple"},"_links":{"self":[{"href":"https:\/\/puyapeptide.net\/fr\/wp-json\/wp\/v2\/product\/7825","targetHints":{"allow":["GET"]}}],"collection":[{"href":"https:\/\/puyapeptide.net\/fr\/wp-json\/wp\/v2\/product"}],"about":[{"href":"https:\/\/puyapeptide.net\/fr\/wp-json\/wp\/v2\/types\/product"}],"replies":[{"embeddable":true,"href":"https:\/\/puyapeptide.net\/fr\/wp-json\/wp\/v2\/comments?post=7825"}],"wp:attachment":[{"href":"https:\/\/puyapeptide.net\/fr\/wp-json\/wp\/v2\/media?parent=7825"}],"wp:term":[{"taxonomy":"product_brand","embeddable":true,"href":"https:\/\/puyapeptide.net\/fr\/wp-json\/wp\/v2\/product_brand?post=7825"},{"taxonomy":"product_cat","embeddable":true,"href":"https:\/\/puyapeptide.net\/fr\/wp-json\/wp\/v2\/product_cat?post=7825"},{"taxonomy":"product_tag","embeddable":true,"href":"https:\/\/puyapeptide.net\/fr\/wp-json\/wp\/v2\/product_tag?post=7825"}],"curies":[{"name":"wp","href":"https:\/\/api.w.org\/{rel}","templated":true}]}}