{"id":7848,"date":"2021-12-16T11:16:41","date_gmt":"2021-12-16T16:16:41","guid":{"rendered":"https:\/\/puyapeptide.net\/product\/etelcalcetide-cas-1262780-97-1-developpe-pour-une-utilisation-chez-les-patients-atteints-dinsuffisance-renale-chronique-irc-qui-suivent-un-traitement-par-hemodialyse\/"},"modified":"2021-12-16T11:16:41","modified_gmt":"2021-12-16T16:16:41","slug":"etelcalcetide-cas-1262780-97-1-developpe-pour-une-utilisation-chez-les-patients-atteints-dinsuffisance-renale-chronique-irc-qui-suivent-un-traitement-par-hemodialyse","status":"publish","type":"product","link":"https:\/\/puyapeptide.net\/fr\/product\/etelcalcetide-cas-1262780-97-1-developpe-pour-une-utilisation-chez-les-patients-atteints-dinsuffisance-renale-chronique-irc-qui-suivent-un-traitement-par-hemodialyse\/","title":{"rendered":"Etelcalcetide CAS 1262780-97-1 D\u00e9velopp\u00e9 pour une utilisation chez les patients atteints d&#39;insuffisance r\u00e9nale chronique (IRC) qui suivent un traitement par h\u00e9modialyse"},"content":{"rendered":"<h2><strong>Etelcalcetide CAS 1262780-97-1 D\u00e9velopp\u00e9 pour une utilisation chez les patients atteints d&#39;insuffisance r\u00e9nale chronique (IRC) qui suivent un traitement par h\u00e9modialyse<\/strong><\/h2>\n<p>Nom du produit\u00a0: Etelcalcetide<br \/>\nSynonymes\u00a0: Etelcalcetide;D-Argininamide, N-ac\u00e9tyl-D-cyst\u00e9inyl-D-alanyl-D-arginyl-D-arginyl-D-arginyl-D-alanyl-, disulfure avec L -cyst\u00e9ine\u00a0;AMG-416 (Velcalcetide)<br \/>\nCAS\u00a0: 1262780-97-1<br \/>\nMF\u00a0: C38H73N21O10S2<br \/>\nMW\u00a0: 1048.25<br \/>\nEINECS\u00a0:<br \/>\nCat\u00e9gories de produits\u00a0:<br \/>\nMol File\u00a0: 1262780- 97-1.mol<\/p>\n<p>Etelcalcetide est un nouvel CalcimimeticAgent (CalcimimeticAgent). Il est administr\u00e9 par voie intraveineuse et d\u00e9velopp\u00e9 pour les patients atteints d&#39;insuffisance r\u00e9nale chronique (IRC) sous h\u00e9modialyse. L&#39;AMG416 se lie aux r\u00e9cepteurs sensibles au calcium des glandes parathyro\u00efdes et les active, entra\u00eenant une r\u00e9duction des taux d&#39;hormone parathyro\u00efdienne (PTH).<br \/>\n&lt;&amp; &gt; <strong>Etelcalcetide CAS 1262780-97-1 Propri\u00e9t\u00e9s chimiques<\/strong><br \/>\ndensit\u00e9 1,58\u00b10,1 g\/cm3 (pr\u00e9vu)<br \/>\npka 2,01\u00b10,10(pr\u00e9vu)<\/p>\n<p> <strong>Fonction et application de l&#39;\u00e9telcalc\u00e9tide CAS 1262780-97-1 Propri\u00e9t\u00e9s chimiques<\/strong><br \/>\n L&#39;\u00e9telcalc\u00e9tide active le r\u00e9cepteur de d\u00e9tection du calcium sur les glandes parathyro\u00efdes, r\u00e9duisant la synth\u00e8se et la s\u00e9cr\u00e9tion de PTH. Il peut \u00eatre utilis\u00e9 pour l&#39;hyperparathyro\u00efdie secondaire associ\u00e9e \u00e0 la recherche sur la maladie r\u00e9nale chronique.<\/p>\n","protected":false},"excerpt":{"rendered":"<p>Nom du produit : Etelcalcetide<br \/>\nCAS : 1262780-97-1<br \/>\nMF : C38H73N21O10S2<br \/>\nMW : 1048.25<br \/>\nMol Dossier : 1262780-97-1.mol<\/p>\n","protected":false},"featured_media":0,"comment_status":"open","ping_status":"closed","template":"","meta":{"om_disable_all_campaigns":false,"_monsterinsights_skip_tracking":false,"_monsterinsights_sitenote_active":false,"_monsterinsights_sitenote_note":"","_monsterinsights_sitenote_category":0,"site-sidebar-layout":"default","site-content-layout":"default","ast-site-content-layout":"default","site-content-style":"default","site-sidebar-style":"default","ast-global-header-display":"","ast-banner-title-visibility":"","ast-main-header-display":"","ast-hfb-above-header-display":"","ast-hfb-below-header-display":"","ast-hfb-mobile-header-display":"","site-post-title":"","ast-breadcrumbs-content":"","ast-featured-img":"","footer-sml-layout":"","ast-disable-related-posts":"","theme-transparent-header-meta":"default","adv-header-id-meta":"","stick-header-meta":"","header-above-stick-meta":"","header-main-stick-meta":"","header-below-stick-meta":"","astra-migrate-meta-layouts":"default","ast-page-background-enabled":"default","ast-page-background-meta":{"desktop":{"background-color":"","background-image":"","background-repeat":"repeat","background-position":"center center","background-size":"auto","background-attachment":"scroll","background-type":"","background-media":"","overlay-type":"","overlay-color":"","overlay-opacity":"","overlay-gradient":""},"tablet":{"background-color":"","background-image":"","background-repeat":"repeat","background-position":"center center","background-size":"auto","background-attachment":"scroll","background-type":"","background-media":"","overlay-type":"","overlay-color":"","overlay-opacity":"","overlay-gradient":""},"mobile":{"background-color":"","background-image":"","background-repeat":"repeat","background-position":"center center","background-size":"auto","background-attachment":"scroll","background-type":"","background-media":"","overlay-type":"","overlay-color":"","overlay-opacity":"","overlay-gradient":""}},"ast-content-background-meta":{"desktop":{"background-color":"var(--ast-global-color-5)","background-image":"","background-repeat":"repeat","background-position":"center center","background-size":"auto","background-attachment":"scroll","background-type":"","background-media":"","overlay-type":"","overlay-color":"","overlay-opacity":"","overlay-gradient":""},"tablet":{"background-color":"var(--ast-global-color-5)","background-image":"","background-repeat":"repeat","background-position":"center center","background-size":"auto","background-attachment":"scroll","background-type":"","background-media":"","overlay-type":"","overlay-color":"","overlay-opacity":"","overlay-gradient":""},"mobile":{"background-color":"var(--ast-global-color-5)","background-image":"","background-repeat":"repeat","background-position":"center center","background-size":"auto","background-attachment":"scroll","background-type":"","background-media":"","overlay-type":"","overlay-color":"","overlay-opacity":"","overlay-gradient":""}}},"product_brand":[],"product_cat":[526],"product_tag":[1928],"class_list":{"0":"post-7848","1":"product","2":"type-product","3":"status-publish","5":"product_cat-autres-peptides","6":"product_tag-etelcalcetide-cas-1262780-97-1-developed-for-use-in-patients-with-chronic-kidney-disease-ckd-who-are-on-hemodialysis-treatment-fr","7":"desktop-align-left","8":"tablet-align-left","9":"mobile-align-left","11":"first","12":"instock","13":"shipping-taxable","14":"product-type-simple"},"_links":{"self":[{"href":"https:\/\/puyapeptide.net\/fr\/wp-json\/wp\/v2\/product\/7848","targetHints":{"allow":["GET"]}}],"collection":[{"href":"https:\/\/puyapeptide.net\/fr\/wp-json\/wp\/v2\/product"}],"about":[{"href":"https:\/\/puyapeptide.net\/fr\/wp-json\/wp\/v2\/types\/product"}],"replies":[{"embeddable":true,"href":"https:\/\/puyapeptide.net\/fr\/wp-json\/wp\/v2\/comments?post=7848"}],"wp:attachment":[{"href":"https:\/\/puyapeptide.net\/fr\/wp-json\/wp\/v2\/media?parent=7848"}],"wp:term":[{"taxonomy":"product_brand","embeddable":true,"href":"https:\/\/puyapeptide.net\/fr\/wp-json\/wp\/v2\/product_brand?post=7848"},{"taxonomy":"product_cat","embeddable":true,"href":"https:\/\/puyapeptide.net\/fr\/wp-json\/wp\/v2\/product_cat?post=7848"},{"taxonomy":"product_tag","embeddable":true,"href":"https:\/\/puyapeptide.net\/fr\/wp-json\/wp\/v2\/product_tag?post=7848"}],"curies":[{"name":"wp","href":"https:\/\/api.w.org\/{rel}","templated":true}]}}