{"id":7887,"date":"2021-12-16T11:18:56","date_gmt":"2021-12-16T16:18:56","guid":{"rendered":"https:\/\/puyapeptide.net\/product\/gonadorelin-acetate-de-gonadorelin-cas-33515-09-2-utilisation-pour-traiter-linfertilite-et-laquaculture\/"},"modified":"2021-12-16T11:18:56","modified_gmt":"2021-12-16T16:18:56","slug":"gonadorelin-acetate-de-gonadorelin-cas-33515-09-2-utilisation-pour-traiter-linfertilite-et-laquaculture","status":"publish","type":"product","link":"https:\/\/puyapeptide.net\/fr\/product\/gonadorelin-acetate-de-gonadorelin-cas-33515-09-2-utilisation-pour-traiter-linfertilite-et-laquaculture\/","title":{"rendered":"Gonadorelin\/ac\u00e9tate de Gonadorelin CAS 33515-09-2 Utilisation pour traiter l&#39;infertilit\u00e9 et l&#39;aquaculture"},"content":{"rendered":"<h2><strong>Gonadorelin\/ac\u00e9tate de Gonadorelin CAS 33515-09-2 Utilisation pour traiter l&#39;infertilit\u00e9 et l&#39;aquaculture<\/strong><\/h2>\n<p>Nom du produit\u00a0: Gonador\u00e9line<br \/>\nSynonymes\u00a0: Gonadoliberin, Luliberin;(2S)-N-[(2S)-1-[[(2S)-1-[[(2S)-1-[[(2S) -1-[[2-[[(2S)-1-[[(2S)-1-[(2S)-2-[(2-amino-2-oxo\u00e9thyl)carbamoyl]pyrrolidin-1-yl]-5 -(diaminom\u00e9thylid\u00e8neamino)-1-oxopentan-2-yl]amino]-4-m\u00e9thyl-1-oxopentan-2-yl]amino]-2-oxo\u00e9thyl]amino]-3-(4-hydroxyph\u00e9nyl)-1-oxopropane- 2-yl]amino]-3-hydroxy-1-oxopropan-2-yl]amino]-3-(1H-indol-3-yl)-1-oxopropan-2-yl]amino]-3-(1H- imidazol-5-yl)-1-oxopropan-2-yl]-5-oxopyrrolidine-2-carboxamide\u00a0; HORMONE LUTEINISANTE DE LIB\u00c9RATION HUMAIN\u00a0; HORMONE LUTEINISANTE DE LIB\u00c9RATION (HUMAIN) PORCINE, RAT\u00a0; FACTEUR DE LUT\u00c9INISATION III) ; HORMONE LAC\u00c9TATE D&#39;HORMONE LUT\u00c9INISANTE\u00a0;FACTEUR DE LIB\u00c9RATION D&#39;HORMONE LUTEINISANTE (Daurade\u00a0); HORMONE DE LIB\u00c9RATION D&#39;HORMONE LUTEINISANTE<br \/>\nCAS\u00a0: 33515-09-2<br \/>\nMF\u00a0: C55H75N17O13<br \/>\nMW\u00a0:\u00a01182.31\u00a0:<br \/>\n 553-1<br \/>\nCat\u00e9gories de produits\u00a0: peptide\u00a0;R\u00e9cepteurs peptidiques\u00a0;Gonadotrophine-releasing hormone (GnRH);Pharmaceutique<br \/>\nMol File\u00a0: 33515-09-2.mol<\/p>\n<p> <strong>Gonadorelin\/ Gonadorelin aceta te CAS 33515-09-2 Propri\u00e9t\u00e9s chimiques<\/strong><br \/>\ndensit\u00e9 1,54<br \/>\nforme pure<br \/>\npka 9,82\u00b10,15(Pr\u00e9vu)<br \/>\nInChIKey XLXSAKCOAKORKW-AQJXLSMYSA-N<\/p>\n<p> <strong>Utilisations de la gonador\u00e9line\/ac\u00e9tate de gonador\u00e9line CAS 33515-09-2<\/strong><br \/>\nIl est utilis\u00e9 pour le traitement des maladies de la reproduction chez les vaches et la gestion de la reproduction des vaches, y compris les proc\u00e9dures d&#39;ins\u00e9mination simultan\u00e9e et d&#39;ins\u00e9mination programm\u00e9e. Il est principalement utilis\u00e9 dans les aspects cliniques de l&#39;\u00e9levage bovin en Chine et pour l&#39;ins\u00e9mination simultan\u00e9e et programm\u00e9e des vaches. Il est principalement utilis\u00e9 chez les vaches dont la fonction ovarienne est au repos, o\u00f9 le volume ovarien est fondamentalement normal \u00e0 l&#39;examen direct et o\u00f9 il n&#39;y a pas de d\u00e9veloppement de follicules ou de corps jaune. Il est recommand\u00e9 pour le traitement clinique des vaches aux ovaires quiescents \u00e0 une dose de 200 mcg. Chemicalbook oestrus simultan\u00e9 et ins\u00e9mination programm\u00e9e, la premi\u00e8re injection d&#39;hormone de lib\u00e9ration d&#39;hormone lut\u00e9inisante, suivie 7 jours plus tard de 0,5 mg\/t\u00eate de prostaglandine pour dissoudre le corps jaune nouvellement form\u00e9. 48 heures plus tard, deuxi\u00e8me injection d&#39;hormone de lib\u00e9ration de l&#39;hormone lut\u00e9inisante, suivie de 16 \u00e0 24 heures d&#39;ins\u00e9mination artificielle chronom\u00e9tr\u00e9e. La dose recommand\u00e9e de ce produit pour les applications simultan\u00e9es d&#39;\u0153strus et d&#39;ins\u00e9mination programm\u00e9e chez les vaches est de 100 mcg.<\/p>\n<p> <strong>Utilisations de la gonador\u00e9line\/ac\u00e9tate de gonador\u00e9line CAS 33515-09-2<\/strong><br \/>\n1. \u00c9tudes biochimiques\u00a0; a pour effet de stimuler la s\u00e9cr\u00e9tion d&#39;hormones sexuelles (LH et FSH) par l&#39;hypophyse ant\u00e9rieure, utilis\u00e9es dans le traitement de l&#39;infertilit\u00e9 ; utilis\u00e9 en aquaculture pour favoriser l&#39;ovulation du poisson parent Chemicalbook.<br \/>\n2. Diagnostic et traitement de l&#39;infertilit\u00e9 hypothalamique, de l&#39;am\u00e9norrh\u00e9e secondaire et de l&#39;am\u00e9norrh\u00e9e chez des femmes normales en raison de l&#39;utilisation \u00e0 long terme de contraceptifs st\u00e9ro\u00efdiens.<\/p>\n","protected":false},"excerpt":{"rendered":"<p>Nom du produit : Gonadorelin<br \/>\nCAS : 33515-09-2<br \/>\nMF : C55H75N17O13<br \/>\nMW : 1182.31<br \/>\nEINECS : 251-553-1<br \/>\nMol File : 33515-09-2.mol<\/p>\n","protected":false},"featured_media":2269,"comment_status":"closed","ping_status":"closed","template":"","meta":{"om_disable_all_campaigns":false,"_monsterinsights_skip_tracking":false,"_monsterinsights_sitenote_active":false,"_monsterinsights_sitenote_note":"","_monsterinsights_sitenote_category":0,"site-sidebar-layout":"default","site-content-layout":"default","ast-site-content-layout":"default","site-content-style":"default","site-sidebar-style":"default","ast-global-header-display":"","ast-banner-title-visibility":"","ast-main-header-display":"","ast-hfb-above-header-display":"","ast-hfb-below-header-display":"","ast-hfb-mobile-header-display":"","site-post-title":"","ast-breadcrumbs-content":"","ast-featured-img":"","footer-sml-layout":"","ast-disable-related-posts":"","theme-transparent-header-meta":"default","adv-header-id-meta":"","stick-header-meta":"","header-above-stick-meta":"","header-main-stick-meta":"","header-below-stick-meta":"","astra-migrate-meta-layouts":"default","ast-page-background-enabled":"default","ast-page-background-meta":{"desktop":{"background-color":"","background-image":"","background-repeat":"repeat","background-position":"center center","background-size":"auto","background-attachment":"scroll","background-type":"","background-media":"","overlay-type":"","overlay-color":"","overlay-opacity":"","overlay-gradient":""},"tablet":{"background-color":"","background-image":"","background-repeat":"repeat","background-position":"center center","background-size":"auto","background-attachment":"scroll","background-type":"","background-media":"","overlay-type":"","overlay-color":"","overlay-opacity":"","overlay-gradient":""},"mobile":{"background-color":"","background-image":"","background-repeat":"repeat","background-position":"center center","background-size":"auto","background-attachment":"scroll","background-type":"","background-media":"","overlay-type":"","overlay-color":"","overlay-opacity":"","overlay-gradient":""}},"ast-content-background-meta":{"desktop":{"background-color":"var(--ast-global-color-5)","background-image":"","background-repeat":"repeat","background-position":"center center","background-size":"auto","background-attachment":"scroll","background-type":"","background-media":"","overlay-type":"","overlay-color":"","overlay-opacity":"","overlay-gradient":""},"tablet":{"background-color":"var(--ast-global-color-5)","background-image":"","background-repeat":"repeat","background-position":"center center","background-size":"auto","background-attachment":"scroll","background-type":"","background-media":"","overlay-type":"","overlay-color":"","overlay-opacity":"","overlay-gradient":""},"mobile":{"background-color":"var(--ast-global-color-5)","background-image":"","background-repeat":"repeat","background-position":"center center","background-size":"auto","background-attachment":"scroll","background-type":"","background-media":"","overlay-type":"","overlay-color":"","overlay-opacity":"","overlay-gradient":""}}},"product_brand":[],"product_cat":[428],"product_tag":[1880],"class_list":{"0":"post-7887","1":"product","2":"type-product","3":"status-publish","4":"has-post-thumbnail","6":"product_cat-peptide-urogenital","7":"product_tag-gonadorelin-gonadorelin-acetate-cas-33515-09-2-use-for-treat-infertility-and-aquaculture-fr","8":"desktop-align-left","9":"tablet-align-left","10":"mobile-align-left","12":"first","13":"instock","14":"shipping-taxable","15":"product-type-simple"},"_links":{"self":[{"href":"https:\/\/puyapeptide.net\/fr\/wp-json\/wp\/v2\/product\/7887","targetHints":{"allow":["GET"]}}],"collection":[{"href":"https:\/\/puyapeptide.net\/fr\/wp-json\/wp\/v2\/product"}],"about":[{"href":"https:\/\/puyapeptide.net\/fr\/wp-json\/wp\/v2\/types\/product"}],"replies":[{"embeddable":true,"href":"https:\/\/puyapeptide.net\/fr\/wp-json\/wp\/v2\/comments?post=7887"}],"wp:featuredmedia":[{"embeddable":true,"href":"https:\/\/puyapeptide.net\/fr\/wp-json\/wp\/v2\/media\/2269"}],"wp:attachment":[{"href":"https:\/\/puyapeptide.net\/fr\/wp-json\/wp\/v2\/media?parent=7887"}],"wp:term":[{"taxonomy":"product_brand","embeddable":true,"href":"https:\/\/puyapeptide.net\/fr\/wp-json\/wp\/v2\/product_brand?post=7887"},{"taxonomy":"product_cat","embeddable":true,"href":"https:\/\/puyapeptide.net\/fr\/wp-json\/wp\/v2\/product_cat?post=7887"},{"taxonomy":"product_tag","embeddable":true,"href":"https:\/\/puyapeptide.net\/fr\/wp-json\/wp\/v2\/product_tag?post=7887"}],"curies":[{"name":"wp","href":"https:\/\/api.w.org\/{rel}","templated":true}]}}