{"id":7891,"date":"2021-12-16T11:18:57","date_gmt":"2021-12-16T16:18:57","guid":{"rendered":"https:\/\/puyapeptide.net\/product\/sermorelin-acetate-de-sermorelin-grf-1-29-amide-humain-cas-86168-78-7\/"},"modified":"2021-12-16T11:18:57","modified_gmt":"2021-12-16T16:18:57","slug":"sermorelin-acetate-de-sermorelin-grf-1-29-amide-humain-cas-86168-78-7","status":"publish","type":"product","link":"https:\/\/puyapeptide.net\/fr\/product\/sermorelin-acetate-de-sermorelin-grf-1-29-amide-humain-cas-86168-78-7\/","title":{"rendered":"Sermorelin\/ Ac\u00e9tate de Sermorelin\/ GRF (1-29) amide (humain) CAS 86168-78-7"},"content":{"rendered":"<h2><strong>Sermorelin\/ Ac\u00e9tate de Sermorelin\/ GRF (1-29) amide (humain) CAS 86168-78-7<\/strong><\/h2>\n<p>Nom du produit\u00a0: Sermorelin<br \/>\nSynonymes\u00a0: SERMORELIN;SERMORELIN ACETATE;YADAIFTNSYRKVLGQLSARKLLQDIMSR-NH2;TYR-ALA-ASP-ALA-ILE-PHE-THR-ASN-SER-TYR-ARG-LYS-VAL-LEU-GLY -GLN-LEU-SER-ALA-ARG-LYS-LEU-LEU-GLN-ASP-ILE-MET-SER-ARG-NH2;TYR-ALA-ASP-ALA-ILE-PHE-THR-ASN-SER-TYR -ARG-LYS-VAL-LEU-GLY-GLN-LEU-SER-ALA-ARG-LYS-LEU-LEU-GLN-ASP-ILE-MET-SER-ARG-NH2 HUMAIN; facteur de lib\u00e9ration de l&#39;hormone de croissance * fragment 1- 29 ami;H-TYR-ALA-ASP-ALA-ILE-PHE-THR-ASN-SER-TYR-ARG-LYS-VAL-LEU-GLY-GLN-LEU-SER-ALA-ARG-LYS-LEU-LEU -GLN-ASP-ILE-MET-SER-ARG-NH2;FACTEUR DE LIB\u00c9RATION D&#39;HORMONE DE CROISSANCE (1-29), AMIDE, HUMAIN<br \/>\nCAS\u00a0: 86168-78-7<br \/>\nMF\u00a0: C149H246N44O42S<br \/>\nMW\u00a0: 3357,93<br \/>\nEINECS\u00a0: 1312995-182-4<br \/>\nCat\u00e9gories de produits\u00a0: Peptide\u00a0; D\u00e9riv\u00e9s d&#39;acides amin\u00e9s\u00a0; GH-RHObesity Research\u00a0; GH-RHPeptides for Cell Biology\u00a0; Facteurs de lib\u00e9ration de l&#39;hormone de croissance\u00a0; Neuropeptides\u00a0; Neurotransmission (ob\u00e9sit\u00e9); Facteurs de lib\u00e9ration\u00a0; Sermorelin<br \/>\nMol File\u00a0: 86168-78-7.mol<\/p>\n<p>L&#39;ac\u00e9tate de Serm&#39;or\u00e9line est un analogue biologiquement actif du facteur de lib\u00e9ration de la croissance (GRF 1-44) qui est un ing hormone (GHRH) qui est naturellement produite par le cerveau humain pour stimuler la production et la s\u00e9cr\u00e9tion de par l&#39;hypophyse. Serm&#39;orelin n&#39;est pas un e ; c&#39;est un s\u00e9cr\u00e9tagogue, ce qui signifie qu&#39;il stimule l&#39;hypophyse en se liant \u00e0 des r\u00e9cepteurs sp\u00e9cifiques pour augmenter la production et la s\u00e9cr\u00e9tion de<\/p>\n<p>En vieillissant, la GHRH diminue, entra\u00eenant une r\u00e9duction de la production et de la s\u00e9cr\u00e9tion de l&#39;hypophyse et augmentant ainsi les insuffisances en hormone de croissance qui \u00e9rodent la sant\u00e9, l&#39;endurance et la vitalit\u00e9 plus tard dans la vie. Serm&#39;orelin est consid\u00e9r\u00e9 comme un compl\u00e9ment anti-\u00e2ge qui peut aider le corps \u00e0 r\u00e9parer les cellules endommag\u00e9es et les syst\u00e8mes affaiblis par une insuffisance. <\/p>\n<p>La Serm&#39;or\u00e9line est un analogue peptidique de la GHRH. Sa s\u00e9quence peptidique est compos\u00e9e de 29 acides amin\u00e9s. Cette s\u00e9quence est une partie du GHRH endog\u00e8ne de la personne et est actuellement consid\u00e9r\u00e9e comme le peptide synth\u00e9tique le plus court qui poss\u00e8de la gamme compl\u00e8te de l&#39;activit\u00e9 GHRH fonctionnelle. De ce fait, la sermor&#39;elin est consid\u00e9r\u00e9e comme s\u00e9cr\u00e9tagogue.<\/p>\n<p>La sermor&#39;or\u00e9line a \u00e9t\u00e9 utilis\u00e9e lors de recherches pour stimuler la s\u00e9cr\u00e9tion de l&#39;ad\u00e9nohypophyse (\u00e9galement appel\u00e9e hypophyse ant\u00e9rieure). L&#39;hypophyse ant\u00e9rieure s\u00e9cr\u00e8te trophique. Serm&#39;orelin a \u00e9galement \u00e9t\u00e9 utilis\u00e9 dans des tests de stimulation de recherche pour \u00e9valuer la suffisance hypophysaire par rapport \u00e0 la s\u00e9cr\u00e9tion.<\/p>\n<p> <strong>Sermorelin\/ Sermorelin Acetate\/ GRF (1-29) amide (humain) CAS 86168-78-7 Chimique Propri\u00e9t\u00e9s<\/strong><br \/>\nalpha D20 -63,1\u00b0 (c = 1 dans 30% d&#39;acide ac\u00e9tique)<br \/>\ndensit\u00e9 1,45\u00b10,1 g\/cm3 (pr\u00e9dite)<br \/>\ntemp. \u221220\u00b0C<br \/>\nInChIKey BVLCEKWPOSAKSZ-YQMCHIOTSA-N<br \/>\nCAS DataBase Reference 86168-78-7(CAS DataBase Reference)<\/p>\n<p> <strong>Fonctions de Sermorelin\/ Sermorelin Acetate\/ GRF (1-29) amide ( humain) CAS 86168-78-7<\/strong><br \/>\n1. Augmente l&#39;\u00e9nergie, la vitalit\u00e9, la force et l&#39;endurance.<br \/>\n2. Croissance de la masse musculaire maigre\/r\u00e9duction de la graisse, Augmentation de la masse musculaire maigre.<br \/>\n3. D\u00e9compose la graisse corporelle et les acides gras.<br \/>\n4. Am\u00e9liore la fonction cardiaque.<br \/>\n5. Augmente la r\u00e9tention de calcium qui renforce et augmente la densit\u00e9 osseuse.<br \/>\n6. Am\u00e9liore le syst\u00e8me immunitaire et acc\u00e9l\u00e8re la gu\u00e9rison des plaies ou de la chirurgie.<br \/>\n7. Favorise le sommeil \u00e0 ondes lentes non-REM, une meilleure qualit\u00e9 de sommeil.<br \/>\n8. Augmente la synth\u00e8se des prot\u00e9ines et stimule la croissance de tous les organes internes \u00e0 l&#39;exception du cerveau.<br \/>\n9. Sant\u00e9 de la peau et des ongles (peau plus tendue, ongles plus \u00e9pais).<br \/>\n10. Diminution des courbatures telles que les douleurs articulaires et musculaires.<\/p>\n<p> <strong>Applications de Sermorelin\/ Sermorelin Acetate\/ GRF (1-29) amide (humain) CAS 86168-78-7<\/strong><br \/>\n Serm&#39;orelin a une large gamme d&#39;effets positifs. De par sa nature de GHRH, la sermo&#39;reline ne fait qu&#39;augmenter la capacit\u00e9 du corps \u00e0 produire plus ; ce n&#39;est pas une injection en soi. Tant dans le sens de l&#39;am\u00e9lioration des performances que du bien-\u00eatre g\u00e9n\u00e9ral, la sermo&#39;reline pr\u00e9sente un large \u00e9ventail d&#39;avantages qui en font une substance puissante et pr\u00e9cieuse.<\/p>\n<p>L&#39;ac\u00e9tate de sermo&#39;reline est une hormone de lib\u00e9ration d&#39;hormone humaine (GHRH ou GRF) utilis\u00e9 pour l&#39;\u00e9valuation diagnostique de la fonction hypophysaire et \u00e9galement pour augmenter la croissance chez les enfants.<\/p>\n","protected":false},"excerpt":{"rendered":"<p>Nom du produit : Sermorelin<br \/>\nCAS : 86168-78-7<br \/>\nMF : C149H246N44O42S<br \/>\nMW : 3357.93<br \/>\nEINECS : 1312995-182-4<br \/>\nMol Dossier : 86168-78-7.mol<\/p>\n","protected":false},"featured_media":2122,"comment_status":"open","ping_status":"closed","template":"","meta":{"om_disable_all_campaigns":false,"_monsterinsights_skip_tracking":false,"_monsterinsights_sitenote_active":false,"_monsterinsights_sitenote_note":"","_monsterinsights_sitenote_category":0,"site-sidebar-layout":"default","site-content-layout":"default","ast-site-content-layout":"default","site-content-style":"default","site-sidebar-style":"default","ast-global-header-display":"","ast-banner-title-visibility":"","ast-main-header-display":"","ast-hfb-above-header-display":"","ast-hfb-below-header-display":"","ast-hfb-mobile-header-display":"","site-post-title":"","ast-breadcrumbs-content":"","ast-featured-img":"","footer-sml-layout":"","ast-disable-related-posts":"","theme-transparent-header-meta":"default","adv-header-id-meta":"","stick-header-meta":"","header-above-stick-meta":"","header-main-stick-meta":"","header-below-stick-meta":"","astra-migrate-meta-layouts":"default","ast-page-background-enabled":"default","ast-page-background-meta":{"desktop":{"background-color":"","background-image":"","background-repeat":"repeat","background-position":"center center","background-size":"auto","background-attachment":"scroll","background-type":"","background-media":"","overlay-type":"","overlay-color":"","overlay-opacity":"","overlay-gradient":""},"tablet":{"background-color":"","background-image":"","background-repeat":"repeat","background-position":"center center","background-size":"auto","background-attachment":"scroll","background-type":"","background-media":"","overlay-type":"","overlay-color":"","overlay-opacity":"","overlay-gradient":""},"mobile":{"background-color":"","background-image":"","background-repeat":"repeat","background-position":"center center","background-size":"auto","background-attachment":"scroll","background-type":"","background-media":"","overlay-type":"","overlay-color":"","overlay-opacity":"","overlay-gradient":""}},"ast-content-background-meta":{"desktop":{"background-color":"var(--ast-global-color-5)","background-image":"","background-repeat":"repeat","background-position":"center center","background-size":"auto","background-attachment":"scroll","background-type":"","background-media":"","overlay-type":"","overlay-color":"","overlay-opacity":"","overlay-gradient":""},"tablet":{"background-color":"var(--ast-global-color-5)","background-image":"","background-repeat":"repeat","background-position":"center center","background-size":"auto","background-attachment":"scroll","background-type":"","background-media":"","overlay-type":"","overlay-color":"","overlay-opacity":"","overlay-gradient":""},"mobile":{"background-color":"var(--ast-global-color-5)","background-image":"","background-repeat":"repeat","background-position":"center center","background-size":"auto","background-attachment":"scroll","background-type":"","background-media":"","overlay-type":"","overlay-color":"","overlay-opacity":"","overlay-gradient":""}}},"product_brand":[],"product_cat":[526],"product_tag":[1918],"class_list":{"0":"post-7891","1":"product","2":"type-product","3":"status-publish","4":"has-post-thumbnail","6":"product_cat-autres-peptides","7":"product_tag-sermorelin-sermorelin-acetate-grf-1-29-amide-human-cas-86168-78-7-fr","8":"desktop-align-left","9":"tablet-align-left","10":"mobile-align-left","12":"first","13":"instock","14":"shipping-taxable","15":"product-type-simple"},"_links":{"self":[{"href":"https:\/\/puyapeptide.net\/fr\/wp-json\/wp\/v2\/product\/7891","targetHints":{"allow":["GET"]}}],"collection":[{"href":"https:\/\/puyapeptide.net\/fr\/wp-json\/wp\/v2\/product"}],"about":[{"href":"https:\/\/puyapeptide.net\/fr\/wp-json\/wp\/v2\/types\/product"}],"replies":[{"embeddable":true,"href":"https:\/\/puyapeptide.net\/fr\/wp-json\/wp\/v2\/comments?post=7891"}],"wp:featuredmedia":[{"embeddable":true,"href":"https:\/\/puyapeptide.net\/fr\/wp-json\/wp\/v2\/media\/2122"}],"wp:attachment":[{"href":"https:\/\/puyapeptide.net\/fr\/wp-json\/wp\/v2\/media?parent=7891"}],"wp:term":[{"taxonomy":"product_brand","embeddable":true,"href":"https:\/\/puyapeptide.net\/fr\/wp-json\/wp\/v2\/product_brand?post=7891"},{"taxonomy":"product_cat","embeddable":true,"href":"https:\/\/puyapeptide.net\/fr\/wp-json\/wp\/v2\/product_cat?post=7891"},{"taxonomy":"product_tag","embeddable":true,"href":"https:\/\/puyapeptide.net\/fr\/wp-json\/wp\/v2\/product_tag?post=7891"}],"curies":[{"name":"wp","href":"https:\/\/api.w.org\/{rel}","templated":true}]}}