{"id":7913,"date":"2021-12-16T11:19:56","date_gmt":"2021-12-16T16:19:56","guid":{"rendered":"https:\/\/puyapeptide.net\/product\/deslorelin-deslorelin-acetate-cas-57773-65-6-traitement-du-cancer-de-la-prostate\/"},"modified":"2021-12-16T11:19:56","modified_gmt":"2021-12-16T16:19:56","slug":"deslorelin-deslorelin-acetate-cas-57773-65-6-traitement-du-cancer-de-la-prostate","status":"publish","type":"product","link":"https:\/\/puyapeptide.net\/fr\/product\/deslorelin-deslorelin-acetate-cas-57773-65-6-traitement-du-cancer-de-la-prostate\/","title":{"rendered":"Deslorelin\/ Deslorelin Acetate CAS 57773-65-6 Traitement du cancer de la prostate"},"content":{"rendered":"<h2><strong>Deslorelin\/ Deslorelin Acetate CAS 57773-65-6 Traitement du cancer de la prostate<\/strong><\/h2>\n<p>Nom du produit\u00a0: Deslorelin<br \/>\nSynonymes\u00a0: GLP-HIS-TRP-SER-TYR-D-TRP-LEU-ARG-PRO-NHET;[D-TRP6, DES-GLY10]-LH-RH ETHYLAMIDE;DESORELIN ;DESLORELIN;ac\u00e9tate de deslor\u00e9line;DESLORELIN (HUMAIN);DES-GLY10,[D-TRP6]-LH-RH ETHYLAMIDE;(DES-GLY10,D-TRP6,PRO-NHET9)-GONADOTROPIN-RELEASING HORMONE<br \/>\nCAS: 57773 -65-6<br \/>\nMF : C64H83N17O12<br \/>\nMW : 1282.48<br \/>\nEINECS : 637-335-2<br \/>\nCat\u00e9gories de produits : hormones;Peptide<br \/>\nMol File : 57773-65-6.mol&lt;&amp; &gt;<br \/>\nL&#39;ac\u00e9tate de Deslorelin\/Dehydronandrolon est un interm\u00e9diaire cl\u00e9 pour la synth\u00e8se (faslodex) , tandis que le premier \u00e9tait un m\u00e9dicament anti-cancer du sein d\u00e9velopp\u00e9 par AstraZeneca Company et le dernier \u00e9tait un st\u00e9ro\u00efde synth\u00e9tique commercialis\u00e9 par Organon Company pour les plaintes post climat\u00e9riques. C&#39;est un compos\u00e9 efficace qui produit des gains musculaires de qualit\u00e9 et durables. Cela est d\u00fb \u00e0 la demi-vie relativement longue du m\u00e9dicament. Les utilisateurs signalent des effets secondaires b\u00e9nins, le principal effet secondaire \u00e9tant la r\u00e9tention d&#39;eau. est un interm\u00e9diaire cl\u00e9 pour la synth\u00e8se (faslodex), tandis que le premier \u00e9tait un m\u00e9dicament anti-cancer du sein d\u00e9velopp\u00e9 par AstraZeneca Company et le dernier \u00e9tait un st\u00e9ro\u00efde synth\u00e9tique commercialis\u00e9 par Organon Company pour les plaintes post-climatiques. C&#39;est un compos\u00e9 efficace qui produit des gains musculaires de qualit\u00e9 et durables. Cela est d\u00fb \u00e0 la demi-vie relativement longue du m\u00e9dicament. Les utilisateurs signalent des effets secondaires b\u00e9nins, le principal effet secondaire \u00e9tant la r\u00e9tention d&#39;eau. est un interm\u00e9diaire cl\u00e9 pour la synth\u00e8se (faslodex), tandis que le premier \u00e9tait un m\u00e9dicament anti-cancer du sein d\u00e9velopp\u00e9 par AstraZeneca Company et le dernier \u00e9tait un st\u00e9ro\u00efde synth\u00e9tique commercialis\u00e9 par Organon Company pour les plaintes post-climatiques. C&#39;est un compos\u00e9 efficace qui produit des gains musculaires de qualit\u00e9 et durables. Cela est d\u00fb \u00e0 la demi-vie relativement longue du m\u00e9dicament. Les utilisateurs signalent des effets secondaires l\u00e9gers, le principal effet secondaire \u00e9tant la r\u00e9tention d&#39;eau.<\/p>\n<p> <strong>Deslorelin\/ Deslorelin Acetate CAS 57773-65-6 Propri\u00e9t\u00e9s chimiques<\/strong><br \/>\nalpha D24 -61\u00b0 (c = 0,37 dans 0,1 M d&#39;acide ac\u00e9tique )<br \/>\ndensit\u00e9 1,48\u00b10,1 g\/cm3 (pr\u00e9dite)<br \/>\ntemp\u00e9rature de stockage. \u221220\u00b0C<br \/>\npka 9,82\u00b10,15(Pr\u00e9vu)<br \/>\nR\u00e9f\u00e9rence de la base de donn\u00e9es CAS 57773-65-6(R\u00e9f\u00e9rence de la base de donn\u00e9es CAS)<\/p>\n<p> <strong>Fonction et application de Deslorelin\/ Deslorelin ac\u00e9tate CAS 57773-65-6<\/strong><br \/>\nDeslorelin a \u00e9t\u00e9 test\u00e9 avec succ\u00e8s aux \u00c9tats-Unis et a \u00e9t\u00e9 approuv\u00e9 pour un usage v\u00e9t\u00e9rinaire dans certaines circonstances. En Europe, il a \u00e9t\u00e9 approuv\u00e9 pour une utilisation dans la reproduction assist\u00e9e par les \u00e9quid\u00e9s.<br \/>\nIl est \u00e9galement test\u00e9 chez l&#39;homme pour \u00e9tudier son efficacit\u00e9 dans le traitement du cancer du sein chez les femmes, et dans le traitement de la pubert\u00e9 pr\u00e9coce et de l&#39;hyperplasie cong\u00e9nitale des surr\u00e9nales chez les gar\u00e7ons et les filles.<\/p>\n","protected":false},"excerpt":{"rendered":"<p>Nom du produit : Deslorelin<br \/>\nCAS : 57773-65-6<br \/>\nMF : C64H83N17O12<br \/>\nMW : 1282.48<br \/>\nEINECS : 637-335-2<br \/>\nMol Dossier : 57773-65-6.mol<\/p>\n","protected":false},"featured_media":2101,"comment_status":"open","ping_status":"closed","template":"","meta":{"om_disable_all_campaigns":false,"_monsterinsights_skip_tracking":false,"_monsterinsights_sitenote_active":false,"_monsterinsights_sitenote_note":"","_monsterinsights_sitenote_category":0,"site-sidebar-layout":"default","site-content-layout":"default","ast-site-content-layout":"default","site-content-style":"default","site-sidebar-style":"default","ast-global-header-display":"","ast-banner-title-visibility":"","ast-main-header-display":"","ast-hfb-above-header-display":"","ast-hfb-below-header-display":"","ast-hfb-mobile-header-display":"","site-post-title":"","ast-breadcrumbs-content":"","ast-featured-img":"","footer-sml-layout":"","ast-disable-related-posts":"","theme-transparent-header-meta":"default","adv-header-id-meta":"","stick-header-meta":"","header-above-stick-meta":"","header-main-stick-meta":"","header-below-stick-meta":"","astra-migrate-meta-layouts":"default","ast-page-background-enabled":"default","ast-page-background-meta":{"desktop":{"background-color":"","background-image":"","background-repeat":"repeat","background-position":"center center","background-size":"auto","background-attachment":"scroll","background-type":"","background-media":"","overlay-type":"","overlay-color":"","overlay-opacity":"","overlay-gradient":""},"tablet":{"background-color":"","background-image":"","background-repeat":"repeat","background-position":"center center","background-size":"auto","background-attachment":"scroll","background-type":"","background-media":"","overlay-type":"","overlay-color":"","overlay-opacity":"","overlay-gradient":""},"mobile":{"background-color":"","background-image":"","background-repeat":"repeat","background-position":"center center","background-size":"auto","background-attachment":"scroll","background-type":"","background-media":"","overlay-type":"","overlay-color":"","overlay-opacity":"","overlay-gradient":""}},"ast-content-background-meta":{"desktop":{"background-color":"var(--ast-global-color-5)","background-image":"","background-repeat":"repeat","background-position":"center center","background-size":"auto","background-attachment":"scroll","background-type":"","background-media":"","overlay-type":"","overlay-color":"","overlay-opacity":"","overlay-gradient":""},"tablet":{"background-color":"var(--ast-global-color-5)","background-image":"","background-repeat":"repeat","background-position":"center center","background-size":"auto","background-attachment":"scroll","background-type":"","background-media":"","overlay-type":"","overlay-color":"","overlay-opacity":"","overlay-gradient":""},"mobile":{"background-color":"var(--ast-global-color-5)","background-image":"","background-repeat":"repeat","background-position":"center center","background-size":"auto","background-attachment":"scroll","background-type":"","background-media":"","overlay-type":"","overlay-color":"","overlay-opacity":"","overlay-gradient":""}}},"product_brand":[],"product_cat":[395],"product_tag":[1859],"class_list":{"0":"post-7913","1":"product","2":"type-product","3":"status-publish","4":"has-post-thumbnail","6":"product_cat-peptide-anti-tumoral","7":"product_tag-deslorelin-deslorelin-acetate-cas-57773-65-6-treatment-of-prostate-cancer-fr","8":"desktop-align-left","9":"tablet-align-left","10":"mobile-align-left","12":"first","13":"instock","14":"shipping-taxable","15":"product-type-simple"},"_links":{"self":[{"href":"https:\/\/puyapeptide.net\/fr\/wp-json\/wp\/v2\/product\/7913","targetHints":{"allow":["GET"]}}],"collection":[{"href":"https:\/\/puyapeptide.net\/fr\/wp-json\/wp\/v2\/product"}],"about":[{"href":"https:\/\/puyapeptide.net\/fr\/wp-json\/wp\/v2\/types\/product"}],"replies":[{"embeddable":true,"href":"https:\/\/puyapeptide.net\/fr\/wp-json\/wp\/v2\/comments?post=7913"}],"wp:featuredmedia":[{"embeddable":true,"href":"https:\/\/puyapeptide.net\/fr\/wp-json\/wp\/v2\/media\/2101"}],"wp:attachment":[{"href":"https:\/\/puyapeptide.net\/fr\/wp-json\/wp\/v2\/media?parent=7913"}],"wp:term":[{"taxonomy":"product_brand","embeddable":true,"href":"https:\/\/puyapeptide.net\/fr\/wp-json\/wp\/v2\/product_brand?post=7913"},{"taxonomy":"product_cat","embeddable":true,"href":"https:\/\/puyapeptide.net\/fr\/wp-json\/wp\/v2\/product_cat?post=7913"},{"taxonomy":"product_tag","embeddable":true,"href":"https:\/\/puyapeptide.net\/fr\/wp-json\/wp\/v2\/product_tag?post=7913"}],"curies":[{"name":"wp","href":"https:\/\/api.w.org\/{rel}","templated":true}]}}