{"id":7932,"date":"2021-12-16T11:20:55","date_gmt":"2021-12-16T16:20:55","guid":{"rendered":"https:\/\/puyapeptide.net\/product\/vente-chaude-dynorphine-a-1-13-cas-72957-38-1\/"},"modified":"2021-12-16T11:20:55","modified_gmt":"2021-12-16T16:20:55","slug":"vente-chaude-dynorphine-a-1-13-cas-72957-38-1","status":"publish","type":"product","link":"https:\/\/puyapeptide.net\/fr\/product\/vente-chaude-dynorphine-a-1-13-cas-72957-38-1\/","title":{"rendered":"Vente chaude Dynorphine A (1-13) CAS 72957-38-1"},"content":{"rendered":"<h2><strong>Vente chaude Dynorphine A (1-13) CAS 72957-38-1<\/strong><\/h2>\n<p>Nom du produit\u00a0: Dynorphine A (1-13)<br \/>\nSynonymes\u00a0: TYR-GLY-GLY-PHE-LEU-ARG-ARG-ILE-ARG-PRO-LYS-LEU-LYS;TYR-GLY-GLY- PHE-LEU-ARG-ARG-ILE-ARG-PRO-LYS-LEU-LYS 5ACOH 6H2O;TYR-GLY-GLY-PHE-LEU-ARG-ARG-ILE-ARG-PRO-LYS-LEU-LYS PORCINE;YGGFLRRIRPKLK ;L-TYR-GLY-GLY-PHE-LEU-ARG-ARG-ILE-ARG-PRO-LYS-LEU-LYS;DYNORPHIN A FRAGMENT PORCIN 1-13;DYNORPHIN A(HUMAIN, 1-13);DYNORPHIN A ( HUMAIN, 1-13) (PORCINE, RAT, BOVINE)<br \/>\nCAS : 72957-38-1<br \/>\nMF : C75H126N24O15<br \/>\nMW : 1603.95<br \/>\nEINECS :<br \/>\nCat\u00e9gories de produits : Opioid receptor and opioid -like receptor;peptide;DynorphinesPeptides for Cell Biology;Dynorphines;Neuropeptides;Peptides opio\u00efdes<br \/>\nMol File: 72957-38-1.mol<\/p>\n<p>C&#39;est un nouveau type de polypeptide actif de type morphine, qui peut stimuler les r\u00e9cepteurs opio\u00efdes et peut \u00eatre le ligand endog\u00e8ne des r\u00e9cepteurs opio\u00efdes.<\/p>\n<p> <strong>Dynorphine A (1-13) CAS 72957-38-1 Propri\u00e9t\u00e9s chimiques<\/strong><br \/>\ndensit\u00e9 1,39\u00b10,1 g\/cm3 (pr\u00e9vue)<br \/>\n RTECS JV7436666<br \/>\ntemp\u00e9rature de stockage. Atmosph\u00e8re inerte, conserver au cong\u00e9lateur, \u00e0 moins de -20 \u00b0C<br \/>\npka 3,31\u00b10,10 (pr\u00e9vu)<\/p>\n<p> <strong>Fonction et application de la dynorphine A (1-13) CAS 72957-38-1<\/strong><br \/>\nDynorphine porcine A (1-13) est un puissant agoniste endog\u00e8ne des r\u00e9cepteurs opio\u00efdes qui a des effets analg\u00e9siques \u00e0 des concentrations physiologiques.<\/p>\n","protected":false},"excerpt":{"rendered":"<p>Nom du produit : Dynorphine A (1-13)<br \/>\nCAS : 72957-38-1<br \/>\nMF : C75H126N24O15<br \/>\nMW : 1603.95<br \/>\nMol Fichier : 72957-38-1.mol<\/p>\n","protected":false},"featured_media":2164,"comment_status":"open","ping_status":"closed","template":"","meta":{"om_disable_all_campaigns":false,"_monsterinsights_skip_tracking":false,"_monsterinsights_sitenote_active":false,"_monsterinsights_sitenote_note":"","_monsterinsights_sitenote_category":0,"site-sidebar-layout":"default","site-content-layout":"default","ast-site-content-layout":"default","site-content-style":"default","site-sidebar-style":"default","ast-global-header-display":"","ast-banner-title-visibility":"","ast-main-header-display":"","ast-hfb-above-header-display":"","ast-hfb-below-header-display":"","ast-hfb-mobile-header-display":"","site-post-title":"","ast-breadcrumbs-content":"","ast-featured-img":"","footer-sml-layout":"","ast-disable-related-posts":"","theme-transparent-header-meta":"default","adv-header-id-meta":"","stick-header-meta":"","header-above-stick-meta":"","header-main-stick-meta":"","header-below-stick-meta":"","astra-migrate-meta-layouts":"default","ast-page-background-enabled":"default","ast-page-background-meta":{"desktop":{"background-color":"","background-image":"","background-repeat":"repeat","background-position":"center center","background-size":"auto","background-attachment":"scroll","background-type":"","background-media":"","overlay-type":"","overlay-color":"","overlay-opacity":"","overlay-gradient":""},"tablet":{"background-color":"","background-image":"","background-repeat":"repeat","background-position":"center center","background-size":"auto","background-attachment":"scroll","background-type":"","background-media":"","overlay-type":"","overlay-color":"","overlay-opacity":"","overlay-gradient":""},"mobile":{"background-color":"","background-image":"","background-repeat":"repeat","background-position":"center center","background-size":"auto","background-attachment":"scroll","background-type":"","background-media":"","overlay-type":"","overlay-color":"","overlay-opacity":"","overlay-gradient":""}},"ast-content-background-meta":{"desktop":{"background-color":"var(--ast-global-color-5)","background-image":"","background-repeat":"repeat","background-position":"center center","background-size":"auto","background-attachment":"scroll","background-type":"","background-media":"","overlay-type":"","overlay-color":"","overlay-opacity":"","overlay-gradient":""},"tablet":{"background-color":"var(--ast-global-color-5)","background-image":"","background-repeat":"repeat","background-position":"center center","background-size":"auto","background-attachment":"scroll","background-type":"","background-media":"","overlay-type":"","overlay-color":"","overlay-opacity":"","overlay-gradient":""},"mobile":{"background-color":"var(--ast-global-color-5)","background-image":"","background-repeat":"repeat","background-position":"center center","background-size":"auto","background-attachment":"scroll","background-type":"","background-media":"","overlay-type":"","overlay-color":"","overlay-opacity":"","overlay-gradient":""}}},"product_brand":[],"product_cat":[526],"product_tag":[1837],"class_list":{"0":"post-7932","1":"product","2":"type-product","3":"status-publish","4":"has-post-thumbnail","6":"product_cat-autres-peptides","7":"product_tag-hot-sale-dynorphin-a-1-13-cas-72957-38-1-fr","8":"desktop-align-left","9":"tablet-align-left","10":"mobile-align-left","12":"first","13":"instock","14":"shipping-taxable","15":"product-type-simple"},"_links":{"self":[{"href":"https:\/\/puyapeptide.net\/fr\/wp-json\/wp\/v2\/product\/7932","targetHints":{"allow":["GET"]}}],"collection":[{"href":"https:\/\/puyapeptide.net\/fr\/wp-json\/wp\/v2\/product"}],"about":[{"href":"https:\/\/puyapeptide.net\/fr\/wp-json\/wp\/v2\/types\/product"}],"replies":[{"embeddable":true,"href":"https:\/\/puyapeptide.net\/fr\/wp-json\/wp\/v2\/comments?post=7932"}],"wp:featuredmedia":[{"embeddable":true,"href":"https:\/\/puyapeptide.net\/fr\/wp-json\/wp\/v2\/media\/2164"}],"wp:attachment":[{"href":"https:\/\/puyapeptide.net\/fr\/wp-json\/wp\/v2\/media?parent=7932"}],"wp:term":[{"taxonomy":"product_brand","embeddable":true,"href":"https:\/\/puyapeptide.net\/fr\/wp-json\/wp\/v2\/product_brand?post=7932"},{"taxonomy":"product_cat","embeddable":true,"href":"https:\/\/puyapeptide.net\/fr\/wp-json\/wp\/v2\/product_cat?post=7932"},{"taxonomy":"product_tag","embeddable":true,"href":"https:\/\/puyapeptide.net\/fr\/wp-json\/wp\/v2\/product_tag?post=7932"}],"curies":[{"name":"wp","href":"https:\/\/api.w.org\/{rel}","templated":true}]}}