{"id":7957,"date":"2021-12-16T11:21:52","date_gmt":"2021-12-16T16:21:52","guid":{"rendered":"https:\/\/puyapeptide.net\/product\/puya-supply-ipamorelin-acetate-dipamorelin-cas-170851-70-4\/"},"modified":"2021-12-16T11:21:52","modified_gmt":"2021-12-16T16:21:52","slug":"puya-supply-ipamorelin-acetate-dipamorelin-cas-170851-70-4","status":"publish","type":"product","link":"https:\/\/puyapeptide.net\/fr\/product\/puya-supply-ipamorelin-acetate-dipamorelin-cas-170851-70-4\/","title":{"rendered":"Puya Supply Ipamorelin\/ac\u00e9tate d&#39;Ipamorelin CAS 170851-70-4"},"content":{"rendered":"<h2><strong>Puya Supply Ipamorelin\/ac\u00e9tate d&#39;Ipamorelin CAS 170851-70-4<\/strong><\/h2>\n<p>Nom du produit\u00a0: Ipamorelin<br \/>\nSynonymes\u00a0: IpoMarelin;IpaMorelin Acetate;Aib-His-D-2-Nal-D-Phe-Lys-NH2;IPAMORELIN(1MG);IPAMORELIN(5MG);2-Methylalanyl-L -histidyl-3-(2-naphtyl)-D-alanyl-D-ph\u00e9nylalanyl-L-lysinamide;L-lysinamide,2-m\u00e9thylalanyl-L-histidyl-3-(2-naphtal\u00e9nyl)-D-alanyl-D-ph\u00e9nylalanyl -;NNC-26-0161<br \/>\nCAS\u00a0: 170851-70-4<br \/>\nMF\u00a0: C38H49N9O5<br \/>\nMW\u00a0: 711.85<br \/>\nEINECS\u00a0:<br \/>\nCat\u00e9gories de produits\u00a0: Peptides<br \/>\nFichier Mol\u00a0: 170851-70 -4.mol<\/p>\n<p>L&#39;ipamor\u00e9line est un GHRP (peptide lib\u00e9rant l&#39;hormone de croissance), qui est consid\u00e9r\u00e9 comme le plus doux, car il est lib\u00e9r\u00e9 de mani\u00e8re stable et lente sans forte d\u00e9sensibilisation. Ipamorelin a une fonction simple et peut augmenter la production de GH naturelle dans le corps. Aidez-nous \u00e0 cr\u00e9er de nouveaux tissus minces et \u00e0 prot\u00e9ger les tissus minces existants. Il est bon pour le sommeil et a un effet anti-vieillissementParmi les vari\u00e9t\u00e9s de peptides s\u00e9cr\u00e9tagogues de l&#39;hormone de croissance.<\/p>\n<p> <strong>Ipamorelin\/Ipamorelin Acetate CAS 170851-70-4 Propri\u00e9t\u00e9s chimiques<\/strong> &amp;&gt; densit\u00e9 1,263 \u00b1 0,06 g\/cm3 (pr\u00e9dit)<br \/>\n pka 13,04 \u00b1 0,46 (pr\u00e9vu) <\/p>\n<p> <strong>Fonction et application d&#39;Ipamorelin\/Ipamorelin Acetate CAS 170851-70-4<\/strong><br \/>\n Ipomorelin est un nouveau fascinant d\u00e9couverte de la construction musculaire qui suscite beaucoup d&#39;attention dans le monde du culturisme. Comme le peptide GHRP\/6 (lib\u00e9rant l&#39;hexapeptide), c&#39;est un peptide synth\u00e9tique qui poss\u00e8de de puissantes propri\u00e9t\u00e9s de lib\u00e9ration. Et ces propri\u00e9t\u00e9s relaxantes sont ce qui int\u00e9resse les athl\u00e8tes et les culturistes, car elles peuvent faire une \u00e9norme diff\u00e9rence dans la quantit\u00e9 de muscle que vous pouvez d\u00e9velopper et la vitesse \u00e0 laquelle vous br\u00fblez les graisses.<\/p>\n","protected":false},"excerpt":{"rendered":"<p>Nom du produit : Ipamorelin<br \/>\nCAS : 170851-70-4<br \/>\nMF : C38H49N9O5<br \/>\nMW : 711.85<br \/>\nMol Dossier : 170851-70-4.mol<\/p>\n","protected":false},"featured_media":2206,"comment_status":"open","ping_status":"closed","template":"","meta":{"om_disable_all_campaigns":false,"_monsterinsights_skip_tracking":false,"_monsterinsights_sitenote_active":false,"_monsterinsights_sitenote_note":"","_monsterinsights_sitenote_category":0,"site-sidebar-layout":"default","site-content-layout":"default","ast-site-content-layout":"default","site-content-style":"default","site-sidebar-style":"default","ast-global-header-display":"","ast-banner-title-visibility":"","ast-main-header-display":"","ast-hfb-above-header-display":"","ast-hfb-below-header-display":"","ast-hfb-mobile-header-display":"","site-post-title":"","ast-breadcrumbs-content":"","ast-featured-img":"","footer-sml-layout":"","ast-disable-related-posts":"","theme-transparent-header-meta":"default","adv-header-id-meta":"","stick-header-meta":"","header-above-stick-meta":"","header-main-stick-meta":"","header-below-stick-meta":"","astra-migrate-meta-layouts":"default","ast-page-background-enabled":"default","ast-page-background-meta":{"desktop":{"background-color":"","background-image":"","background-repeat":"repeat","background-position":"center center","background-size":"auto","background-attachment":"scroll","background-type":"","background-media":"","overlay-type":"","overlay-color":"","overlay-opacity":"","overlay-gradient":""},"tablet":{"background-color":"","background-image":"","background-repeat":"repeat","background-position":"center center","background-size":"auto","background-attachment":"scroll","background-type":"","background-media":"","overlay-type":"","overlay-color":"","overlay-opacity":"","overlay-gradient":""},"mobile":{"background-color":"","background-image":"","background-repeat":"repeat","background-position":"center center","background-size":"auto","background-attachment":"scroll","background-type":"","background-media":"","overlay-type":"","overlay-color":"","overlay-opacity":"","overlay-gradient":""}},"ast-content-background-meta":{"desktop":{"background-color":"var(--ast-global-color-5)","background-image":"","background-repeat":"repeat","background-position":"center center","background-size":"auto","background-attachment":"scroll","background-type":"","background-media":"","overlay-type":"","overlay-color":"","overlay-opacity":"","overlay-gradient":""},"tablet":{"background-color":"var(--ast-global-color-5)","background-image":"","background-repeat":"repeat","background-position":"center center","background-size":"auto","background-attachment":"scroll","background-type":"","background-media":"","overlay-type":"","overlay-color":"","overlay-opacity":"","overlay-gradient":""},"mobile":{"background-color":"var(--ast-global-color-5)","background-image":"","background-repeat":"repeat","background-position":"center center","background-size":"auto","background-attachment":"scroll","background-type":"","background-media":"","overlay-type":"","overlay-color":"","overlay-opacity":"","overlay-gradient":""}}},"product_brand":[],"product_cat":[526],"product_tag":[1815],"class_list":{"0":"post-7957","1":"product","2":"type-product","3":"status-publish","4":"has-post-thumbnail","6":"product_cat-autres-peptides","7":"product_tag-puya-supply-ipamorelin-ipamorelin-acetate-cas-170851-70-4-fr","8":"desktop-align-left","9":"tablet-align-left","10":"mobile-align-left","12":"first","13":"instock","14":"shipping-taxable","15":"product-type-simple"},"_links":{"self":[{"href":"https:\/\/puyapeptide.net\/fr\/wp-json\/wp\/v2\/product\/7957","targetHints":{"allow":["GET"]}}],"collection":[{"href":"https:\/\/puyapeptide.net\/fr\/wp-json\/wp\/v2\/product"}],"about":[{"href":"https:\/\/puyapeptide.net\/fr\/wp-json\/wp\/v2\/types\/product"}],"replies":[{"embeddable":true,"href":"https:\/\/puyapeptide.net\/fr\/wp-json\/wp\/v2\/comments?post=7957"}],"wp:featuredmedia":[{"embeddable":true,"href":"https:\/\/puyapeptide.net\/fr\/wp-json\/wp\/v2\/media\/2206"}],"wp:attachment":[{"href":"https:\/\/puyapeptide.net\/fr\/wp-json\/wp\/v2\/media?parent=7957"}],"wp:term":[{"taxonomy":"product_brand","embeddable":true,"href":"https:\/\/puyapeptide.net\/fr\/wp-json\/wp\/v2\/product_brand?post=7957"},{"taxonomy":"product_cat","embeddable":true,"href":"https:\/\/puyapeptide.net\/fr\/wp-json\/wp\/v2\/product_cat?post=7957"},{"taxonomy":"product_tag","embeddable":true,"href":"https:\/\/puyapeptide.net\/fr\/wp-json\/wp\/v2\/product_tag?post=7957"}],"curies":[{"name":"wp","href":"https:\/\/api.w.org\/{rel}","templated":true}]}}