{"id":8008,"date":"2021-12-16T11:25:52","date_gmt":"2021-12-16T16:25:52","guid":{"rendered":"https:\/\/puyapeptide.net\/product\/puya-supply-eledoisin-acetate-eledoisin-cas-69-25-0\/"},"modified":"2021-12-16T11:25:52","modified_gmt":"2021-12-16T16:25:52","slug":"puya-supply-eledoisin-acetate-eledoisin-cas-69-25-0","status":"publish","type":"product","link":"https:\/\/puyapeptide.net\/fr\/product\/puya-supply-eledoisin-acetate-eledoisin-cas-69-25-0\/","title":{"rendered":"Puya Supply Eledoisin Ac\u00e9tate\/ Eledoisin CAS 69-25-0"},"content":{"rendered":"<h2><strong>Puya Supply Eledoisin Ac\u00e9tate\/ Eledoisin CAS 69-25-0<\/strong><\/h2>\n<p>Nom du produit\u00a0: Eledoisin<br \/>\nSynonymes\u00a0: eledonepeptide;ELEDOISIN;GLP-PRO-SER-LYS-ASP-ALA-PHE-ILE-GLY-LEU-MET-NH2;5-oxo-l-prolyl-l- prolyl-l-s\u00e9ryl-l-lysyl-l-aspartyl-l-alanyl-l-ph\u00e9nylalanyl-l-isoleucylglycyl-l-leucyl-l-m\u00e9thioninamide;PYR-PRO-SER-LYS-ASP-ALA-PHE-ILE- GLY-LEU-MET-NH2;PYR-PSKDAFIGLM-NH2;PGLU-PRO-SER-LYS-ASP-ALA-PHE-ILE-GLY-LEU-MET-NH2;ELEDOSINE<br \/>\nCAS: 69-25-0&lt; &amp;&gt;MF\u00a0: C54H85N13O15S<br \/>\nMW\u00a0: 1188.4<br \/>\nEINECS\u00a0:<br \/>\nCat\u00e9gories de produits\u00a0: proteines;Peptide<br \/>\nMol File\u00a0: 69-25-0.mol<\/p>\n<p>Eledoisin Acetate, membre de la famille des tachykinines, est un peptide actif qui excite les neurones et d\u00e9clenche des r\u00e9ponses comportementales. C&#39;est un puissant vasodilatateur et s\u00e9cr\u00e9tagogue qui entre en contact avec de nombreux muscles lisses.<\/p>\n<p> <strong>Eledoisin Acetate\/ Eledoisin CAS 69-25-0 Propri\u00e9t\u00e9s chimiques<\/strong><br \/>\nPoint de fusion 230 \u00b0C (d\u00e9composition)<br \/>\nPoint d&#39;\u00e9bullition 1618,1\u00b165,0 \u00b0C(Pr\u00e9vu)<br \/>\ndensit\u00e9 1,289\u00b10,06 g\/cm3(Pr\u00e9vu)<br \/>\ntemp. \u221220\u00b0C<br \/>\npka 4.19\u00b10.10(Predicted)<\/p>\n<p> <strong>Fonction et application de l&#39;ac\u00e9tate d&#39;eledoisine\/Eledoisin CAS 69-25-0<\/strong><br \/>\nA principalement une forte vasoconstriction de l&#39;angiotensine II et une augmentation de la pression art\u00e9rielle. Le m\u00e9canisme est le suivant : 1. Pour que la contraction des muscles lisses de l&#39;art\u00e9riole du corps, augmente la r\u00e9sistance p\u00e9riph\u00e9rique; 2. Augmentez ainsi la lib\u00e9ration d&#39;aldost\u00e9rone surr\u00e9nale, provoquant une r\u00e9tention de sodium, une augmentation du volume sanguin; 3. Contribuer directement \u00e0 la r\u00e9absorption tubulaire r\u00e9nale de sodium et d&#39;eau\u00a0; 4. Ainsi, l&#39;activit\u00e9 vasoconstrictrice sympathique nerveuse centrale du cerveau, provoquant une r\u00e9sistance vasculaire p\u00e9riph\u00e9rique accrue; 5. Stimuler la m\u00e9dullosurr\u00e9nale pour lib\u00e9rer l&#39;\u00e9pin\u00e9phrine et la nor\u00e9pin\u00e9phrine<\/p>\n","protected":false},"excerpt":{"rendered":"<p>Nom du produit : Eledoisin<br \/>\nCAS : 69-25-0<br \/>\nMF : C54H85N13O15S<br \/>\nMW : 1188.4<br \/>\nMol Fichier : 69-25-0.mol<\/p>\n","protected":false},"featured_media":2269,"comment_status":"open","ping_status":"closed","template":"","meta":{"om_disable_all_campaigns":false,"_monsterinsights_skip_tracking":false,"_monsterinsights_sitenote_active":false,"_monsterinsights_sitenote_note":"","_monsterinsights_sitenote_category":0,"site-sidebar-layout":"default","site-content-layout":"default","ast-site-content-layout":"default","site-content-style":"default","site-sidebar-style":"default","ast-global-header-display":"","ast-banner-title-visibility":"","ast-main-header-display":"","ast-hfb-above-header-display":"","ast-hfb-below-header-display":"","ast-hfb-mobile-header-display":"","site-post-title":"","ast-breadcrumbs-content":"","ast-featured-img":"","footer-sml-layout":"","ast-disable-related-posts":"","theme-transparent-header-meta":"default","adv-header-id-meta":"","stick-header-meta":"","header-above-stick-meta":"","header-main-stick-meta":"","header-below-stick-meta":"","astra-migrate-meta-layouts":"default","ast-page-background-enabled":"default","ast-page-background-meta":{"desktop":{"background-color":"","background-image":"","background-repeat":"repeat","background-position":"center center","background-size":"auto","background-attachment":"scroll","background-type":"","background-media":"","overlay-type":"","overlay-color":"","overlay-opacity":"","overlay-gradient":""},"tablet":{"background-color":"","background-image":"","background-repeat":"repeat","background-position":"center center","background-size":"auto","background-attachment":"scroll","background-type":"","background-media":"","overlay-type":"","overlay-color":"","overlay-opacity":"","overlay-gradient":""},"mobile":{"background-color":"","background-image":"","background-repeat":"repeat","background-position":"center center","background-size":"auto","background-attachment":"scroll","background-type":"","background-media":"","overlay-type":"","overlay-color":"","overlay-opacity":"","overlay-gradient":""}},"ast-content-background-meta":{"desktop":{"background-color":"var(--ast-global-color-5)","background-image":"","background-repeat":"repeat","background-position":"center center","background-size":"auto","background-attachment":"scroll","background-type":"","background-media":"","overlay-type":"","overlay-color":"","overlay-opacity":"","overlay-gradient":""},"tablet":{"background-color":"var(--ast-global-color-5)","background-image":"","background-repeat":"repeat","background-position":"center center","background-size":"auto","background-attachment":"scroll","background-type":"","background-media":"","overlay-type":"","overlay-color":"","overlay-opacity":"","overlay-gradient":""},"mobile":{"background-color":"var(--ast-global-color-5)","background-image":"","background-repeat":"repeat","background-position":"center center","background-size":"auto","background-attachment":"scroll","background-type":"","background-media":"","overlay-type":"","overlay-color":"","overlay-opacity":"","overlay-gradient":""}}},"product_brand":[],"product_cat":[526],"product_tag":[1669],"class_list":{"0":"post-8008","1":"product","2":"type-product","3":"status-publish","4":"has-post-thumbnail","6":"product_cat-autres-peptides","7":"product_tag-puya-supply-eledoisin-acetate-eledoisin-cas-69-25-0-fr","8":"desktop-align-left","9":"tablet-align-left","10":"mobile-align-left","12":"first","13":"instock","14":"shipping-taxable","15":"product-type-simple"},"_links":{"self":[{"href":"https:\/\/puyapeptide.net\/fr\/wp-json\/wp\/v2\/product\/8008","targetHints":{"allow":["GET"]}}],"collection":[{"href":"https:\/\/puyapeptide.net\/fr\/wp-json\/wp\/v2\/product"}],"about":[{"href":"https:\/\/puyapeptide.net\/fr\/wp-json\/wp\/v2\/types\/product"}],"replies":[{"embeddable":true,"href":"https:\/\/puyapeptide.net\/fr\/wp-json\/wp\/v2\/comments?post=8008"}],"wp:featuredmedia":[{"embeddable":true,"href":"https:\/\/puyapeptide.net\/fr\/wp-json\/wp\/v2\/media\/2269"}],"wp:attachment":[{"href":"https:\/\/puyapeptide.net\/fr\/wp-json\/wp\/v2\/media?parent=8008"}],"wp:term":[{"taxonomy":"product_brand","embeddable":true,"href":"https:\/\/puyapeptide.net\/fr\/wp-json\/wp\/v2\/product_brand?post=8008"},{"taxonomy":"product_cat","embeddable":true,"href":"https:\/\/puyapeptide.net\/fr\/wp-json\/wp\/v2\/product_cat?post=8008"},{"taxonomy":"product_tag","embeddable":true,"href":"https:\/\/puyapeptide.net\/fr\/wp-json\/wp\/v2\/product_tag?post=8008"}],"curies":[{"name":"wp","href":"https:\/\/api.w.org\/{rel}","templated":true}]}}