{"id":8045,"date":"2021-12-16T12:15:28","date_gmt":"2021-12-16T17:15:28","guid":{"rendered":"https:\/\/puyapeptide.net\/product\/acetate-de-protirelin-protirelin-hormone-de-liberation-de-la-thyrotropine-trh-cas-24305-27-9-pour-la-recherche-en-laboratoire\/"},"modified":"2021-12-16T12:15:28","modified_gmt":"2021-12-16T17:15:28","slug":"acetate-de-protirelin-protirelin-hormone-de-liberation-de-la-thyrotropine-trh-cas-24305-27-9-pour-la-recherche-en-laboratoire","status":"publish","type":"product","link":"https:\/\/puyapeptide.net\/fr\/product\/acetate-de-protirelin-protirelin-hormone-de-liberation-de-la-thyrotropine-trh-cas-24305-27-9-pour-la-recherche-en-laboratoire\/","title":{"rendered":"Ac\u00e9tate de Protirelin\/Protirelin\/hormone de lib\u00e9ration de la thyrotropine (TRH) CAS 24305-27-9 pour la recherche en laboratoire"},"content":{"rendered":"<h2><strong>Ac\u00e9tate de Protirelin\/Protirelin\/hormone de lib\u00e9ration de la thyrotropine (TRH) CAS 24305-27-9 pour la recherche en laboratoire<\/strong><\/h2>\n<p>Nom du produit : Protirelin Acetate\/ Protirelin\/ Thyrotropin Release Hormone (TRH)<br \/>\nSynonymes : THR 1-2;THR 2-3;PROTIRELIN;PYROGLU-HIS-PRO AMIDE;PYROGLU-HIS-PRO NH2;PYR- HIS-PRO-NH2(TRH);PYR-HIS-PRO-NH2;PGLU-HIS-PRO-NH2<br \/>\nCAS\u00a0: 24305-27-9<br \/>\nMF\u00a0: C16H22N6O4<br \/>\nMW\u00a0: 362,38<br \/>\nEINECS : 246-143-4<br \/>\nCat\u00e9gories de produits : Peptide;THYPINONE<br \/>\nMol File: 24305-27-9.mol<\/p>\n<p>Protirelin, anciennement connu sous le nom de Thyrotropin-releasinghormone, est une hormone tripeptide lib\u00e9r\u00e9e par le hypothalamus. La TRH est largement distribu\u00e9e dans le syst\u00e8me nerveux central et certains organes p\u00e9riph\u00e9riques, et en plus de ses effets endocriniens, elle agit \u00e9galement comme un neurotransmetteur excitateur endog\u00e8ne, produisant un large \u00e9ventail d&#39;effets centraux et p\u00e9riph\u00e9riques. Il a un certain effet antagoniste sur les r\u00e9cepteurs opio\u00efdes endog\u00e8nes, mais il n&#39;antagonise pas l&#39;effet analg\u00e9sique de la morphine.<\/p>\n<p> <strong>Ac\u00e9tate de Protirelin\/ Protirelin\/ Hormone de lib\u00e9ration de la thyrotropine (TRH) CAS 24305-27-9 Propri\u00e9t\u00e9s chimiques<\/strong><br \/>\nTRH Propri\u00e9t\u00e9s chimiques<br \/>\nalpha -50 (D\/25\u2103) (c=1,5, H2O)-65,5 (D) (c=1,0, H2O)<br \/>\nPoint d&#39;\u00e9bullition 494\u00b0C (estimation approximative)<br \/>\ndensit\u00e9 1,1675 (estimation approximative)<br \/>\nindice de r\u00e9fraction 1,6000 (estimation)<br \/>\ntemp. \u221220\u00b0C<br \/>\nsolubilit\u00e9 H2O : 10 mg\/mL, limpide, incolore<br \/>\npka 13.05\u00b10.20(Predicted)<br \/>\nforme poudre<br \/>\nPH pH (10g\/l, 25\u2103) : 3.0\uff5e4.0<br \/>\nMerck 13,9663<br \/>\nBRN 770238<br \/>\nInChIKey ITYONPBTNRIEBA-SRVKXCTJSA-N<br \/>\nCAS DataBase Reference 24305-27-9<\/p>\n<p> <strong>Fonction et application de l&#39;ac\u00e9tate de prot\u00e9line\/protireline\/hormone de lib\u00e9ration de la thyrotropine (TRH)<\/strong><br \/>\nEn plus du traitement du choc, Protirelin a d&#39;autres utilisations, telles que le traitement de l&#39;hypothyro\u00efdie hypothalamique et de l&#39;hyperthyro\u00efdie centrale en endocrinologie. En psychiatrie, il est utilis\u00e9 pour le traitement de la d\u00e9pression et de la schizophr\u00e9nie. En neurologie, il est utilis\u00e9 pour traiter les l\u00e9sions c\u00e9r\u00e9brales et m\u00e9dullaires, le coma chimique de diverses causes, la scl\u00e9rose lat\u00e9rale amyotrophique, la d\u00e9g\u00e9n\u00e9rescence c\u00e9r\u00e9belleuse spinale, la maladie d&#39;Alzheimer, l&#39;\u00e9pilepsie, etc. Il est utilis\u00e9 dans le diagnostic de l&#39;hyperthyro\u00efdie. Par cons\u00e9quent, Protirelin est un m\u00e9dicament qui a une bonne valeur de d\u00e9veloppement et m\u00e9rite des recherches suppl\u00e9mentaires pour \u00e9tendre son application.<\/p>\n","protected":false},"excerpt":{"rendered":"<p>Nom du produit : Protirelin Acetate\/ Protirelin\/ Thyrotropin Release Hormone (TRH)<br \/>\nCAS : 24305-27-9<br \/>\nMF : C16H22N6O4<br \/>\nMW : 362.38<br \/>\nEINECS : 246-143-4<br \/>\nMol Dossier : 24305-27-9.mol<\/p>\n","protected":false},"featured_media":2206,"comment_status":"open","ping_status":"closed","template":"","meta":{"om_disable_all_campaigns":false,"_monsterinsights_skip_tracking":false,"_monsterinsights_sitenote_active":false,"_monsterinsights_sitenote_note":"","_monsterinsights_sitenote_category":0,"site-sidebar-layout":"default","site-content-layout":"default","ast-site-content-layout":"default","site-content-style":"default","site-sidebar-style":"default","ast-global-header-display":"","ast-banner-title-visibility":"","ast-main-header-display":"","ast-hfb-above-header-display":"","ast-hfb-below-header-display":"","ast-hfb-mobile-header-display":"","site-post-title":"","ast-breadcrumbs-content":"","ast-featured-img":"","footer-sml-layout":"","ast-disable-related-posts":"","theme-transparent-header-meta":"default","adv-header-id-meta":"","stick-header-meta":"","header-above-stick-meta":"","header-main-stick-meta":"","header-below-stick-meta":"","astra-migrate-meta-layouts":"default","ast-page-background-enabled":"default","ast-page-background-meta":{"desktop":{"background-color":"","background-image":"","background-repeat":"repeat","background-position":"center center","background-size":"auto","background-attachment":"scroll","background-type":"","background-media":"","overlay-type":"","overlay-color":"","overlay-opacity":"","overlay-gradient":""},"tablet":{"background-color":"","background-image":"","background-repeat":"repeat","background-position":"center center","background-size":"auto","background-attachment":"scroll","background-type":"","background-media":"","overlay-type":"","overlay-color":"","overlay-opacity":"","overlay-gradient":""},"mobile":{"background-color":"","background-image":"","background-repeat":"repeat","background-position":"center center","background-size":"auto","background-attachment":"scroll","background-type":"","background-media":"","overlay-type":"","overlay-color":"","overlay-opacity":"","overlay-gradient":""}},"ast-content-background-meta":{"desktop":{"background-color":"var(--ast-global-color-5)","background-image":"","background-repeat":"repeat","background-position":"center center","background-size":"auto","background-attachment":"scroll","background-type":"","background-media":"","overlay-type":"","overlay-color":"","overlay-opacity":"","overlay-gradient":""},"tablet":{"background-color":"var(--ast-global-color-5)","background-image":"","background-repeat":"repeat","background-position":"center center","background-size":"auto","background-attachment":"scroll","background-type":"","background-media":"","overlay-type":"","overlay-color":"","overlay-opacity":"","overlay-gradient":""},"mobile":{"background-color":"var(--ast-global-color-5)","background-image":"","background-repeat":"repeat","background-position":"center center","background-size":"auto","background-attachment":"scroll","background-type":"","background-media":"","overlay-type":"","overlay-color":"","overlay-opacity":"","overlay-gradient":""}}},"product_brand":[],"product_cat":[526],"product_tag":[1617],"class_list":{"0":"post-8045","1":"product","2":"type-product","3":"status-publish","4":"has-post-thumbnail","6":"product_cat-autres-peptides","7":"product_tag-protirelin-acetate-protirelin-thyrotropin-releasing-hormone-trh-cas-24305-27-9-for-lab-research-fr","8":"desktop-align-left","9":"tablet-align-left","10":"mobile-align-left","12":"first","13":"instock","14":"shipping-taxable","15":"product-type-simple"},"_links":{"self":[{"href":"https:\/\/puyapeptide.net\/fr\/wp-json\/wp\/v2\/product\/8045","targetHints":{"allow":["GET"]}}],"collection":[{"href":"https:\/\/puyapeptide.net\/fr\/wp-json\/wp\/v2\/product"}],"about":[{"href":"https:\/\/puyapeptide.net\/fr\/wp-json\/wp\/v2\/types\/product"}],"replies":[{"embeddable":true,"href":"https:\/\/puyapeptide.net\/fr\/wp-json\/wp\/v2\/comments?post=8045"}],"wp:featuredmedia":[{"embeddable":true,"href":"https:\/\/puyapeptide.net\/fr\/wp-json\/wp\/v2\/media\/2206"}],"wp:attachment":[{"href":"https:\/\/puyapeptide.net\/fr\/wp-json\/wp\/v2\/media?parent=8045"}],"wp:term":[{"taxonomy":"product_brand","embeddable":true,"href":"https:\/\/puyapeptide.net\/fr\/wp-json\/wp\/v2\/product_brand?post=8045"},{"taxonomy":"product_cat","embeddable":true,"href":"https:\/\/puyapeptide.net\/fr\/wp-json\/wp\/v2\/product_cat?post=8045"},{"taxonomy":"product_tag","embeddable":true,"href":"https:\/\/puyapeptide.net\/fr\/wp-json\/wp\/v2\/product_tag?post=8045"}],"curies":[{"name":"wp","href":"https:\/\/api.w.org\/{rel}","templated":true}]}}