{"id":8077,"date":"2021-12-16T12:16:38","date_gmt":"2021-12-16T17:16:38","guid":{"rendered":"https:\/\/puyapeptide.net\/product\/antide-acetate-antide-cas-112568-12-4-traiter-pour-la-surdite-senile\/"},"modified":"2021-12-16T12:16:38","modified_gmt":"2021-12-16T17:16:38","slug":"antide-acetate-antide-cas-112568-12-4-traiter-pour-la-surdite-senile","status":"publish","type":"product","link":"https:\/\/puyapeptide.net\/fr\/product\/antide-acetate-antide-cas-112568-12-4-traiter-pour-la-surdite-senile\/","title":{"rendered":"Antide Ac\u00e9tate\/ Antide CAS 112568-12-4 Traiter pour la surdit\u00e9 s\u00e9nile"},"content":{"rendered":"<h2><strong>Antide Ac\u00e9tate\/ Antide CAS 112568-12-4 Traiter pour la surdit\u00e9 s\u00e9nile<\/strong><\/h2>\n<p>Nom du produit\u00a0: Antide<br \/>\nSynonymes\u00a0: iturelix;Ac-D-2-Nal-4-chloro-D-Phe-beta-(3-pyridyl)-D-Ala-Ser-Lys(nicotinoyl)-D -Lys(nicotinoyl)-Leu-Lys(isopropyl)-Pro-D-Ala-NH2;AC-DNAL-D : P-CLPHE-DPAL-SER-LYS : NICOTINOYL-DLYS : NICOTINOYL-LEU-LYS : ISOPROPYL-PRO -DALA-NH2;Brn 4866881;D-Alaninamide, N-ac\u00e9tyl-3-(2-naphtal\u00e9nyl)-D-alanyl-4-chloro-D-ph\u00e9nylalanyl-3-(3-pyridinyl)-D-alanyl-L- s\u00e9ryl-N(sup 6)-(3-pyridinylcarbonyl)-L-lysyl-N(sup 6)-(3-pyridinylcarbonyl)-D-lysyl-L-leucyl-N(sup 6)-(1-m\u00e9thyl\u00e9thyl)- L-lysyl-L-prolyl-;D-alaninamide, N-ac\u00e9tyl-3-(2-naphtal\u00e9nyl)-D-alanyl-4-chloro-D-ph\u00e9nylalanyl-3-(3-pyridinyl)-D-alanyl-L -seryl-N6-(3-pyridinylcarbonyl)-L-lysyl-N6-(3-pyridinylcarbonyl)-D-lysyl-L-leucyl-N6-(1-m\u00e9thyl\u00e9thyl)-L-lysyl-L-prolyl-;Orf 23541 ;Ac-D-2-Nal-4-chloro-D-Phe-b-(3-pyridyl)-D-Ala-Ser-Lys(nicotinoyl)-D-Lys(nicotinoyl)-Leu-Lys(isopropyl)- Pro-D-Ala-NH2<br \/>\nCAS\u00a0: 112568-12-4<br \/>\nMF\u00a0: C82H108ClN17O14<br \/>\nMW\u00a0: 1591.29<br \/>\nEINECS\u00a0:<br \/>\nCat\u00e9gories de produits\u00a0: hormones;Peptide;LH-RH;LH- RHPeptides pour la biologie cellulaire\u00a0;Ne uropeptides;Releasing Factors<br \/>\nMol File: 112568-12-4.mol<\/p>\n<p>Antide ac\u00e9tate est un antagoniste de la GnRH, un peptide synth\u00e9tique qui entre en comp\u00e9tition avec la neurohormone endog\u00e8ne GnRH (\u00e9galement connue sous le nom d&#39;hormone de lib\u00e9ration de l&#39;hormone lut\u00e9inisante, ChemicalbookLHRH) pour se lier \u00e0 son r\u00e9cepteur dans l&#39;hypophyse ant\u00e9rieure. En r\u00e9duisant ou en bloquant l&#39;action de la GnRH, les antagonistes de la GnRH inhibent la lib\u00e9ration de gonadotrophines telles que l&#39;hormone folliculostimulante (FSH) et l&#39;hormone lut\u00e9inisante (LH) par l&#39;hypophyse ant\u00e9rieure.<\/p>\n<p> <strong>Antide Acetate\/ Antide CAS 112568-12 -4 Propri\u00e9t\u00e9s chimiques<\/strong><br \/>\nAntide Propri\u00e9t\u00e9s chimiques<br \/>\nPoint d&#39;\u00e9bullition 1798,0\u00b165,0 \u00b0C(Pr\u00e9vu)<br \/>\ndensit\u00e9 1,258\u00b10,06 g\/cm3(Pr\u00e9vu)<br \/>\ntemp. \u221220\u00b0C<br \/>\nforme Solide<br \/>\npka 12.78\u00b10.46(Pr\u00e9vu)<br \/>\ncouleur Blanc \u00e0 blanc cass\u00e9<\/p>\n<p> <strong>Utilisations de l&#39;Antide Ac\u00e9tate\/ Antide CAS 112568-12-4<\/strong><br \/>\nR\u00e9versible inhibition de la s\u00e9cr\u00e9tion de gonadotrophine et suppression ult\u00e9rieure de la s\u00e9cr\u00e9tion ovarienne et testiculaire de st\u00e9ro\u00efdes (antagoniste de l&#39;hormone de lib\u00e9ration des gonadotrophines).<\/p>\n<p> <strong>Fonction et application de l&#39;Antide Acetate\/ Antide CAS 112568-12-4<\/strong><br \/>\nTrefolane A et Antitide dans le rapport de 14-17:1 peut emp\u00eacher de mani\u00e8re significative le d\u00e9veloppement de l&#39;hyperr\u00e9activit\u00e9 de la muqueuse nasale, \u00e9liminer efficacement l&#39;\u00e9osinophilie nasale et l&#39;activation des mastocytes, et inhiber directement la production d&#39;inhibition de l&#39;IL-5. Il a un bon effet th\u00e9rapeutique pour la pr\u00e9vention et le traitement de la surdit\u00e9 s\u00e9nile.<\/p>\n","protected":false},"excerpt":{"rendered":"<p>Nom du produit : Antide<br \/>\nCAS : 112568-12-4<br \/>\nMF : C82H108ClN17O14<br \/>\nMW : 1591.29<br \/>\nMol Fichier : 112568-12-4.mol<\/p>\n","protected":false},"featured_media":2164,"comment_status":"open","ping_status":"closed","template":"","meta":{"om_disable_all_campaigns":false,"_monsterinsights_skip_tracking":false,"_monsterinsights_sitenote_active":false,"_monsterinsights_sitenote_note":"","_monsterinsights_sitenote_category":0,"site-sidebar-layout":"default","site-content-layout":"default","ast-site-content-layout":"default","site-content-style":"default","site-sidebar-style":"default","ast-global-header-display":"","ast-banner-title-visibility":"","ast-main-header-display":"","ast-hfb-above-header-display":"","ast-hfb-below-header-display":"","ast-hfb-mobile-header-display":"","site-post-title":"","ast-breadcrumbs-content":"","ast-featured-img":"","footer-sml-layout":"","ast-disable-related-posts":"","theme-transparent-header-meta":"default","adv-header-id-meta":"","stick-header-meta":"","header-above-stick-meta":"","header-main-stick-meta":"","header-below-stick-meta":"","astra-migrate-meta-layouts":"default","ast-page-background-enabled":"default","ast-page-background-meta":{"desktop":{"background-color":"","background-image":"","background-repeat":"repeat","background-position":"center center","background-size":"auto","background-attachment":"scroll","background-type":"","background-media":"","overlay-type":"","overlay-color":"","overlay-opacity":"","overlay-gradient":""},"tablet":{"background-color":"","background-image":"","background-repeat":"repeat","background-position":"center center","background-size":"auto","background-attachment":"scroll","background-type":"","background-media":"","overlay-type":"","overlay-color":"","overlay-opacity":"","overlay-gradient":""},"mobile":{"background-color":"","background-image":"","background-repeat":"repeat","background-position":"center center","background-size":"auto","background-attachment":"scroll","background-type":"","background-media":"","overlay-type":"","overlay-color":"","overlay-opacity":"","overlay-gradient":""}},"ast-content-background-meta":{"desktop":{"background-color":"var(--ast-global-color-5)","background-image":"","background-repeat":"repeat","background-position":"center center","background-size":"auto","background-attachment":"scroll","background-type":"","background-media":"","overlay-type":"","overlay-color":"","overlay-opacity":"","overlay-gradient":""},"tablet":{"background-color":"var(--ast-global-color-5)","background-image":"","background-repeat":"repeat","background-position":"center center","background-size":"auto","background-attachment":"scroll","background-type":"","background-media":"","overlay-type":"","overlay-color":"","overlay-opacity":"","overlay-gradient":""},"mobile":{"background-color":"var(--ast-global-color-5)","background-image":"","background-repeat":"repeat","background-position":"center center","background-size":"auto","background-attachment":"scroll","background-type":"","background-media":"","overlay-type":"","overlay-color":"","overlay-opacity":"","overlay-gradient":""}}},"product_brand":[],"product_cat":[526],"product_tag":[1606],"class_list":{"0":"post-8077","1":"product","2":"type-product","3":"status-publish","4":"has-post-thumbnail","6":"product_cat-autres-peptides","7":"product_tag-antide-acetate-antide-cas-112568-12-4-treat-for-senile-deafness-fr","8":"desktop-align-left","9":"tablet-align-left","10":"mobile-align-left","12":"first","13":"instock","14":"shipping-taxable","15":"product-type-simple"},"_links":{"self":[{"href":"https:\/\/puyapeptide.net\/fr\/wp-json\/wp\/v2\/product\/8077","targetHints":{"allow":["GET"]}}],"collection":[{"href":"https:\/\/puyapeptide.net\/fr\/wp-json\/wp\/v2\/product"}],"about":[{"href":"https:\/\/puyapeptide.net\/fr\/wp-json\/wp\/v2\/types\/product"}],"replies":[{"embeddable":true,"href":"https:\/\/puyapeptide.net\/fr\/wp-json\/wp\/v2\/comments?post=8077"}],"wp:featuredmedia":[{"embeddable":true,"href":"https:\/\/puyapeptide.net\/fr\/wp-json\/wp\/v2\/media\/2164"}],"wp:attachment":[{"href":"https:\/\/puyapeptide.net\/fr\/wp-json\/wp\/v2\/media?parent=8077"}],"wp:term":[{"taxonomy":"product_brand","embeddable":true,"href":"https:\/\/puyapeptide.net\/fr\/wp-json\/wp\/v2\/product_brand?post=8077"},{"taxonomy":"product_cat","embeddable":true,"href":"https:\/\/puyapeptide.net\/fr\/wp-json\/wp\/v2\/product_cat?post=8077"},{"taxonomy":"product_tag","embeddable":true,"href":"https:\/\/puyapeptide.net\/fr\/wp-json\/wp\/v2\/product_tag?post=8077"}],"curies":[{"name":"wp","href":"https:\/\/api.w.org\/{rel}","templated":true}]}}