{"id":8179,"date":"2021-12-16T12:22:12","date_gmt":"2021-12-16T17:22:12","guid":{"rendered":"https:\/\/puyapeptide.net\/product\/acetate-beta-4-de-thymosine-acetate-de-thymosine-%ce%b24-cas-77591-33-4-pour-la-recherche-en-laboratoire\/"},"modified":"2021-12-16T12:22:12","modified_gmt":"2021-12-16T17:22:12","slug":"acetate-beta-4-de-thymosine-acetate-de-thymosine-%ce%b24-cas-77591-33-4-pour-la-recherche-en-laboratoire","status":"publish","type":"product","link":"https:\/\/puyapeptide.net\/fr\/product\/acetate-beta-4-de-thymosine-acetate-de-thymosine-%ce%b24-cas-77591-33-4-pour-la-recherche-en-laboratoire\/","title":{"rendered":"Ac\u00e9tate b\u00eata 4 de thymosine\/ac\u00e9tate de Thymosine \u03b24 CAS 77591-33-4 pour la recherche en laboratoire"},"content":{"rendered":"<h2><strong>Ac\u00e9tate b\u00eata 4 de thymosine\/ac\u00e9tate de Thymosine \u03b24 CAS 77591-33-4 pour la recherche en laboratoire<\/strong><\/h2>\n<p>Nom du produit : Thymosin beta 4 ac\u00e9tate<br \/>\nSynonymes : AC-SER-ASP-LYS-PRO-ASP-MET-ALA-GLU-ILE-GLU-LYS-PHE-ASP-LYS-SER-LYS-LEU -LYS-LYS-THR-GLU-THR-GLN-GLU-LYS-ASN-PRO-LEU-PRO-SER-LYS-GLU-THR-ILE-GLU-GLN-GLU-LYS-GLN-ALA-GLY-GLU -SER-OH;FX (HUMAIN, BOVINE, CHEVAL, RAT);thymosine beta 4 ac\u00e9tate;THYMOSINE BETA4 (HUMAIN, BOVINE, CHEVAL, RAT);Thymosine beta4;Thymosine Beta4 Beta4 Ac\u00e9tate;Thymosine \u03b24 Ac\u00e9tate;THYMOSINE SS4 ACETATE&lt;&amp; &gt;CAS : 77591-33-4<br \/>\nMF : C212H350N56O78S<br \/>\nMW : 4963.4408<br \/>\nEINECS : 1592732-453-0<br \/>\nCat\u00e9gories de produits : Generic Peptide;Peptide<br \/>\nMol File : 77591-33- 4.mol<\/p>\n<p>La thymosine \u03b2-4 est un peptide endog\u00e8ne pro-angiog\u00e9nique activant les fibroblastes qui est impliqu\u00e9 dans la r\u00e9gulation hormonale. La thymosine -4 pr\u00e9sente \u00e9galement des activit\u00e9s immunomodulatrices et cardioprotectrices. La thymosine \u03b2-4 am\u00e9liore la gu\u00e9rison des probl\u00e8mes cardiaques et am\u00e9liore la fonction cardiaque in vivo. Thymosin \u03b2-4 lie les filaments d&#39;actine G, emp\u00eachant la polym\u00e9risation de l&#39;actine.<\/p>\n<p> <strong>Avantages de l&#39;ac\u00e9tate de Thymosin b\u00eata 4 \/ ac\u00e9tate de thymosine \u03b24 CAS 77591-33-4<\/strong><br \/>\n Thymosin b\u00eata-4 est un 43- peptide d&#39;acide amin\u00e9 qui favorise la gu\u00e9rison dans tout le corps. Il a \u00e9galement des propri\u00e9t\u00e9s anti-inflammatoires. Pr\u00e9sente naturellement \u00e0 des concentrations plus \u00e9lev\u00e9es sur les sites de l\u00e9sion, la prot\u00e9ine hydrosoluble peut r\u00e9parer les l\u00e9sions tissulaires et r\u00e9guler la migration cellulaire vers un site. Il peut am\u00e9liorer la cicatrisation des plaies et r\u00e9parer non seulement la peau, mais aussi le cerveau, la moelle \u00e9pini\u00e8re et le c\u0153ur. Les professionnels de la sant\u00e9 consid\u00e8rent la thymosine b\u00eata-4 comme une substance s\u00fbre et puissante sous sa forme naturelle ou synth\u00e9tique connue sous le nom de TB-500.<br \/>\nDe plus, la TB4 a un faible poids mol\u00e9culaire et ne se lie pas \u00e0 la matrice extracellulaire. Cela lui permet de voyager facilement \u00e0 travers les tissus du corps, ce qui favorise un taux de gu\u00e9rison plus rapide. Le peptide parcourt de longues distances, il n&#39;a donc g\u00e9n\u00e9ralement pas besoin d&#39;\u00eatre inject\u00e9 directement sur le site de la blessure. Alors que certains pensent que l&#39;injection plus pr\u00e8s d&#39;une zone bless\u00e9e donne de meilleurs r\u00e9sultats, les preuves cliniques sugg\u00e8rent le contraire.<\/p>\n<p> <strong>Utilisations de l&#39;ac\u00e9tate de thymosine b\u00eata 4\/ac\u00e9tate de thymosine \u03b24 CAS 77591-33-4<\/strong><br \/>\n 1. Thymus \u03b24 et tumeur des \u00e9tudes ont montr\u00e9 que l&#39;ac\u00e9tate de thymus \u03b24 est associ\u00e9 \u00e0 une vari\u00e9t\u00e9 de tumeurs, y compris le cancer du c\u00f4lon, le m\u00e9lanome, le fibrosarcome, le cancer du sein, le cancer du pancr\u00e9as et le cancer du poumon, etc. Il peut agir en synergie avec divers facteurs pour favoriser l&#39;invasion tumorale. Chemicalbook et m\u00e9tastases.<br \/>\n2. Thymus \u03b24 dans la r\u00e9paration des l\u00e9sions cardiaques Dans la phase aigu\u00eb de l&#39;infarctus du myocarde, un grand nombre de myocytes cardiaques n\u00e9crose isch\u00e9mique, entra\u00eenant une alt\u00e9ration de la fonction cardiaque et une \u00e9volution \u00e9ventuelle vers une insuffisance cardiaque. Des \u00e9tudes ont confirm\u00e9 que l&#39;ac\u00e9tate de thymus 4 a un effet protecteur sur les cardiomyocytes.<\/p>\n","protected":false},"excerpt":{"rendered":"<p>Nom du produit : Thymosin beta 4 ac\u00e9tate<br \/>\nCAS : 77591-33-4<br \/>\nMF : C212H350N56O78S<br \/>\nMW : 4963.4408<br \/>\nEINECS : 1592732-453-0<br \/>\nMol File : 77591-33-4 .mol<\/p>\n","protected":false},"featured_media":2206,"comment_status":"open","ping_status":"closed","template":"","meta":{"om_disable_all_campaigns":false,"_monsterinsights_skip_tracking":false,"_monsterinsights_sitenote_active":false,"_monsterinsights_sitenote_note":"","_monsterinsights_sitenote_category":0,"site-sidebar-layout":"default","site-content-layout":"default","ast-site-content-layout":"default","site-content-style":"default","site-sidebar-style":"default","ast-global-header-display":"","ast-banner-title-visibility":"","ast-main-header-display":"","ast-hfb-above-header-display":"","ast-hfb-below-header-display":"","ast-hfb-mobile-header-display":"","site-post-title":"","ast-breadcrumbs-content":"","ast-featured-img":"","footer-sml-layout":"","ast-disable-related-posts":"","theme-transparent-header-meta":"default","adv-header-id-meta":"","stick-header-meta":"","header-above-stick-meta":"","header-main-stick-meta":"","header-below-stick-meta":"","astra-migrate-meta-layouts":"default","ast-page-background-enabled":"default","ast-page-background-meta":{"desktop":{"background-color":"","background-image":"","background-repeat":"repeat","background-position":"center center","background-size":"auto","background-attachment":"scroll","background-type":"","background-media":"","overlay-type":"","overlay-color":"","overlay-opacity":"","overlay-gradient":""},"tablet":{"background-color":"","background-image":"","background-repeat":"repeat","background-position":"center center","background-size":"auto","background-attachment":"scroll","background-type":"","background-media":"","overlay-type":"","overlay-color":"","overlay-opacity":"","overlay-gradient":""},"mobile":{"background-color":"","background-image":"","background-repeat":"repeat","background-position":"center center","background-size":"auto","background-attachment":"scroll","background-type":"","background-media":"","overlay-type":"","overlay-color":"","overlay-opacity":"","overlay-gradient":""}},"ast-content-background-meta":{"desktop":{"background-color":"var(--ast-global-color-5)","background-image":"","background-repeat":"repeat","background-position":"center center","background-size":"auto","background-attachment":"scroll","background-type":"","background-media":"","overlay-type":"","overlay-color":"","overlay-opacity":"","overlay-gradient":""},"tablet":{"background-color":"var(--ast-global-color-5)","background-image":"","background-repeat":"repeat","background-position":"center center","background-size":"auto","background-attachment":"scroll","background-type":"","background-media":"","overlay-type":"","overlay-color":"","overlay-opacity":"","overlay-gradient":""},"mobile":{"background-color":"var(--ast-global-color-5)","background-image":"","background-repeat":"repeat","background-position":"center center","background-size":"auto","background-attachment":"scroll","background-type":"","background-media":"","overlay-type":"","overlay-color":"","overlay-opacity":"","overlay-gradient":""}}},"product_brand":[],"product_cat":[526],"product_tag":[1487],"class_list":{"0":"post-8179","1":"product","2":"type-product","3":"status-publish","4":"has-post-thumbnail","6":"product_cat-autres-peptides","7":"product_tag-thymosin-beta-4-acetate-thymosin-4-acetate-cas-77591-33-4-for-lab-research-fr","8":"desktop-align-left","9":"tablet-align-left","10":"mobile-align-left","12":"first","13":"instock","14":"shipping-taxable","15":"product-type-simple"},"_links":{"self":[{"href":"https:\/\/puyapeptide.net\/fr\/wp-json\/wp\/v2\/product\/8179","targetHints":{"allow":["GET"]}}],"collection":[{"href":"https:\/\/puyapeptide.net\/fr\/wp-json\/wp\/v2\/product"}],"about":[{"href":"https:\/\/puyapeptide.net\/fr\/wp-json\/wp\/v2\/types\/product"}],"replies":[{"embeddable":true,"href":"https:\/\/puyapeptide.net\/fr\/wp-json\/wp\/v2\/comments?post=8179"}],"wp:featuredmedia":[{"embeddable":true,"href":"https:\/\/puyapeptide.net\/fr\/wp-json\/wp\/v2\/media\/2206"}],"wp:attachment":[{"href":"https:\/\/puyapeptide.net\/fr\/wp-json\/wp\/v2\/media?parent=8179"}],"wp:term":[{"taxonomy":"product_brand","embeddable":true,"href":"https:\/\/puyapeptide.net\/fr\/wp-json\/wp\/v2\/product_brand?post=8179"},{"taxonomy":"product_cat","embeddable":true,"href":"https:\/\/puyapeptide.net\/fr\/wp-json\/wp\/v2\/product_cat?post=8179"},{"taxonomy":"product_tag","embeddable":true,"href":"https:\/\/puyapeptide.net\/fr\/wp-json\/wp\/v2\/product_tag?post=8179"}],"curies":[{"name":"wp","href":"https:\/\/api.w.org\/{rel}","templated":true}]}}