{"id":8250,"date":"2021-12-16T12:26:50","date_gmt":"2021-12-16T17:26:50","guid":{"rendered":"https:\/\/puyapeptide.net\/product\/traiter-lacetate-de-cosyntropine-tetracosactide-cas-16960-16-0-de-haute-qualite-pour-la-maladie-de-crohn-ou-la-colite-ulcereuse\/"},"modified":"2021-12-16T12:26:50","modified_gmt":"2021-12-16T17:26:50","slug":"traiter-lacetate-de-cosyntropine-tetracosactide-cas-16960-16-0-de-haute-qualite-pour-la-maladie-de-crohn-ou-la-colite-ulcereuse","status":"publish","type":"product","link":"https:\/\/puyapeptide.net\/fr\/product\/traiter-lacetate-de-cosyntropine-tetracosactide-cas-16960-16-0-de-haute-qualite-pour-la-maladie-de-crohn-ou-la-colite-ulcereuse\/","title":{"rendered":"Traiter l&#39;ac\u00e9tate de cosyntropine\/t\u00e9tracosactide CAS 16960-16-0 de haute qualit\u00e9 pour la maladie de Crohn ou la colite ulc\u00e9reuse"},"content":{"rendered":"<h2><strong>Traiter l&#39;ac\u00e9tate de cosyntropine\/t\u00e9tracosactide CAS 16960-16-0 de haute qualit\u00e9 pour la maladie de Crohn ou la colite ulc\u00e9reuse<\/strong><\/h2>\n<p>Nom du produit\u00a0: Cosyntropin<br \/>\nSynonymes\u00a0: L-SER-TYR-SER-MET-GLU-HIS-PHE-ARG-TRP-GLY-LYS-PRO-VAL-GLY-LYS-LYS-ARG-ARG- PRO-VAL-LYS-VAL-TYR-PRO;cosyntropine;H-SER-TYR-SER-MET-GLU-HIS-PHE-ARG-TRP-GLY-LYS-PRO-VAL-GLY-LYS-LYS-ARG- ARG PRO-VAL-LYS-VAL-TYR-PRO-OH T\u00c9TRACOSACTIDE (HUMAIN, BOVIN, SOURIS, OVIN, PORCIN, LAPIN, RAT);H-SER-TYR-SER-MET-GLU-HIS-PHE-ARG-TRP -GLY-LYS-PRO-VAL-GLY-LYS-LYS-ARG-ARG-PRO-VAL-LYS-VAL-TYR-PRO-OH;SER-TYR-SER-MET-GLU-HIS-PHE-ARG-TRP -GLY-LYS-PRO-VAL-GLY-LYS-LYS-ARG-ARG-PRO-VAL-LYS-VAL-TYR-PRO HUMAIN;SER-TYR-SER-MET-GLU-HIS-PHE-ARG-TRP- GLY-LYS-PRO-VAL-GLY-LYS-LYS-ARG-ARG-PRO-VAL-LYS-VAL-TYR-PRO;TETRACOSACTIDE;TETRACOSACTIDE (HUMAIN)<br \/>\nCAS: 16960-16-0<br \/>\nMF : C136H210N40O31S<br \/>\nMW: 2933.44<br \/>\nEINECS: 241-031-1<br \/>\nCat\u00e9gories de produits: Melanocortin receptor;Peptide;Organics<br \/>\nMol File: 16960-16-0.mol<\/p>\n<p>Cosyntropin est un polypeptide synth\u00e9tique qui se compose des r\u00e9sidus d&#39;acides amin\u00e9s 1 \u00e0 24 de l&#39;ACTH humaine, mais qui a la pleine activit\u00e9 biologique de son parent. Parce qu&#39;il est d&#39;origine synth\u00e9tique, il est moins allerg\u00e8ne que l&#39;ACTH d&#39;origine naturelle. La cosyntropine est utilis\u00e9e comme agent de diagnostic dans le d\u00e9pistage des patients suspect\u00e9s d&#39;insuffisance corticosurr\u00e9nale. Normalement, l&#39;administration parent\u00e9rale de cosyntropine agit rapidement sur le cortex surr\u00e9nalien pour effectuer la lib\u00e9ration d&#39;hydrocortisone plasmatique; lors de l&#39;ex\u00e9cution du test, les niveaux d&#39;hydrocortisone sont compar\u00e9s \u00e0 un \u00e9chantillon de sang de contr\u00f4le pr\u00e9lev\u00e9 pr\u00e9c\u00e9demment.<\/p>\n<p> <strong>Cosyntropin\/Tetracosactide Acetate CAS 16960-16-0 Propri\u00e9t\u00e9s chimiques<\/strong><br \/>\ndensit\u00e9 1,47\u00b10,1 g\/cm3 (pr\u00e9vu)&lt; &amp;&gt;temp\u00e9rature de stockage. \u221220\u00b0C<br \/>\nsolubilit\u00e9 Faiblement soluble dans l&#39;eau.<br \/>\nSolubilit\u00e9 dans l&#39;eau Soluble dans l&#39;eau<br \/>\nInChIKey ZOEFCCMDUURGSE-SQKVDDBVSA-N<br \/>\nCAS DataBase Reference 16960-16-0(CAS DataBase Reference)<br \/>\n&lt; &amp;&gt; <strong>Fonction et application de l&#39;ac\u00e9tate de Cosyntropin\/Tetracosactide CAS 16960-16-0<\/strong><br \/>\n Utilis\u00e9 pour diagnostiquer l&#39;insuffisance corticosurr\u00e9nale\u00a0; \u00e9galement utilis\u00e9 pour traiter les rhumatismes, la polyarthrite rhumato\u00efde, les maladies de la peau et le choc. Effets ind\u00e9sirables et contre-indications\u00a0: prurit, bouff\u00e9es vasomotrices, urticaire, bronchospasme et autres r\u00e9actions allergiques de Chemicalbook sont moins fr\u00e9quents que les corticost\u00e9ro\u00efdes. Syncope et carence occasionnelles. Une utilisation prolong\u00e9e ou excessive peut entra\u00eener un gonflement, une hypertension, une hypokali\u00e9mie, une hyperpigmentation et une infection induite, etc. \u00c0 utiliser avec prudence si vous \u00eates allergique aux corticost\u00e9ro\u00efdes naturels.<\/p>\n","protected":false},"excerpt":{"rendered":"<p>Nom du produit : Cosyntropin<br \/>\nCAS : 16960-16-0<br \/>\nMF : C136H210N40O31S<br \/>\nMW : 2933.44<br \/>\nEINECS : 241-031-1<br \/>\nMol Fichier : 16960-16-0.mol<\/p>\n","protected":false},"featured_media":2332,"comment_status":"open","ping_status":"closed","template":"","meta":{"om_disable_all_campaigns":false,"_monsterinsights_skip_tracking":false,"_monsterinsights_sitenote_active":false,"_monsterinsights_sitenote_note":"","_monsterinsights_sitenote_category":0,"site-sidebar-layout":"default","site-content-layout":"default","ast-site-content-layout":"default","site-content-style":"default","site-sidebar-style":"default","ast-global-header-display":"","ast-banner-title-visibility":"","ast-main-header-display":"","ast-hfb-above-header-display":"","ast-hfb-below-header-display":"","ast-hfb-mobile-header-display":"","site-post-title":"","ast-breadcrumbs-content":"","ast-featured-img":"","footer-sml-layout":"","ast-disable-related-posts":"","theme-transparent-header-meta":"default","adv-header-id-meta":"","stick-header-meta":"","header-above-stick-meta":"","header-main-stick-meta":"","header-below-stick-meta":"","astra-migrate-meta-layouts":"default","ast-page-background-enabled":"default","ast-page-background-meta":{"desktop":{"background-color":"","background-image":"","background-repeat":"repeat","background-position":"center center","background-size":"auto","background-attachment":"scroll","background-type":"","background-media":"","overlay-type":"","overlay-color":"","overlay-opacity":"","overlay-gradient":""},"tablet":{"background-color":"","background-image":"","background-repeat":"repeat","background-position":"center center","background-size":"auto","background-attachment":"scroll","background-type":"","background-media":"","overlay-type":"","overlay-color":"","overlay-opacity":"","overlay-gradient":""},"mobile":{"background-color":"","background-image":"","background-repeat":"repeat","background-position":"center center","background-size":"auto","background-attachment":"scroll","background-type":"","background-media":"","overlay-type":"","overlay-color":"","overlay-opacity":"","overlay-gradient":""}},"ast-content-background-meta":{"desktop":{"background-color":"var(--ast-global-color-5)","background-image":"","background-repeat":"repeat","background-position":"center center","background-size":"auto","background-attachment":"scroll","background-type":"","background-media":"","overlay-type":"","overlay-color":"","overlay-opacity":"","overlay-gradient":""},"tablet":{"background-color":"var(--ast-global-color-5)","background-image":"","background-repeat":"repeat","background-position":"center center","background-size":"auto","background-attachment":"scroll","background-type":"","background-media":"","overlay-type":"","overlay-color":"","overlay-opacity":"","overlay-gradient":""},"mobile":{"background-color":"var(--ast-global-color-5)","background-image":"","background-repeat":"repeat","background-position":"center center","background-size":"auto","background-attachment":"scroll","background-type":"","background-media":"","overlay-type":"","overlay-color":"","overlay-opacity":"","overlay-gradient":""}}},"product_brand":[],"product_cat":[526],"product_tag":[1454],"class_list":{"0":"post-8250","1":"product","2":"type-product","3":"status-publish","4":"has-post-thumbnail","6":"product_cat-autres-peptides","7":"product_tag-high-quality-cosyntropin-tetracosactide-acetate-cas-16960-16-0-treat-for-some-crohns-disease-or-ulcerative-colitis-fr","8":"desktop-align-left","9":"tablet-align-left","10":"mobile-align-left","12":"first","13":"instock","14":"shipping-taxable","15":"product-type-simple"},"_links":{"self":[{"href":"https:\/\/puyapeptide.net\/fr\/wp-json\/wp\/v2\/product\/8250","targetHints":{"allow":["GET"]}}],"collection":[{"href":"https:\/\/puyapeptide.net\/fr\/wp-json\/wp\/v2\/product"}],"about":[{"href":"https:\/\/puyapeptide.net\/fr\/wp-json\/wp\/v2\/types\/product"}],"replies":[{"embeddable":true,"href":"https:\/\/puyapeptide.net\/fr\/wp-json\/wp\/v2\/comments?post=8250"}],"wp:featuredmedia":[{"embeddable":true,"href":"https:\/\/puyapeptide.net\/fr\/wp-json\/wp\/v2\/media\/2332"}],"wp:attachment":[{"href":"https:\/\/puyapeptide.net\/fr\/wp-json\/wp\/v2\/media?parent=8250"}],"wp:term":[{"taxonomy":"product_brand","embeddable":true,"href":"https:\/\/puyapeptide.net\/fr\/wp-json\/wp\/v2\/product_brand?post=8250"},{"taxonomy":"product_cat","embeddable":true,"href":"https:\/\/puyapeptide.net\/fr\/wp-json\/wp\/v2\/product_cat?post=8250"},{"taxonomy":"product_tag","embeddable":true,"href":"https:\/\/puyapeptide.net\/fr\/wp-json\/wp\/v2\/product_tag?post=8250"}],"curies":[{"name":"wp","href":"https:\/\/api.w.org\/{rel}","templated":true}]}}