{"id":8305,"date":"2021-12-16T13:22:11","date_gmt":"2021-12-16T18:22:11","guid":{"rendered":"https:\/\/puyapeptide.net\/product\/sincalide-de-haute-qualite-cck-8-cas-25126-32-3-principalement-utilise-pour-favoriser-la-contraction-de-la-vesicule-biliaire-reactif-de-diagnostic-de-la-vesicule-biliaire\/"},"modified":"2021-12-16T13:22:11","modified_gmt":"2021-12-16T18:22:11","slug":"sincalide-de-haute-qualite-cck-8-cas-25126-32-3-principalement-utilise-pour-favoriser-la-contraction-de-la-vesicule-biliaire-reactif-de-diagnostic-de-la-vesicule-biliaire","status":"publish","type":"product","link":"https:\/\/puyapeptide.net\/fr\/product\/sincalide-de-haute-qualite-cck-8-cas-25126-32-3-principalement-utilise-pour-favoriser-la-contraction-de-la-vesicule-biliaire-reactif-de-diagnostic-de-la-vesicule-biliaire\/","title":{"rendered":"Sincalide de haute qualit\u00e9\/CCK-8 CAS 25126-32-3 principalement utilis\u00e9 pour favoriser la contraction de la v\u00e9sicule biliaire, r\u00e9actif de diagnostic de la v\u00e9sicule biliaire"},"content":{"rendered":"<h2><strong>Sincalide de haute qualit\u00e9\/CCK-8 CAS 25126-32-3 principalement utilis\u00e9 pour favoriser la contraction de la v\u00e9sicule biliaire, r\u00e9actif de diagnostic de la v\u00e9sicule biliaire<\/strong><\/h2>\n<p>Nom du produit\u00a0: Sincalide<br \/>\nSynonymes\u00a0: [27-TYR(SO3H)]CHOLECYSTOKININ-FRAGMENT (26-33)-AMIDE;PANCREOZYMIN C-TERMINAL OCTAPEPTIDE;SINCALIDE\u00a0;(Tyr[SO3H]27)Fragment de chol\u00e9cystokinine 26- 33 Amide\u00a0; Sincalid(CCK-8);(tyr(so3H)27)-fragment de chol\u00e9cystokinine*26-33 amid\u00a0;H-ASP-TYR(SO3H)-MET-GLY-TRP-MET-ASP-PHE-NH2;H -ASP-TYR(SO3H)-MET-GLY-TRP-MET-ASP-PHE-NH2 SEL D&#39;AMMONIUM<br \/>\nCAS : 25126-32-3<br \/>\nMF : C49H62N10O16S3<br \/>\nMW : 1143.27<br \/>\nEINECS : 246-639-0<br \/>\nCat\u00e9gories de produits\u00a0: API\u00a0;hormones\u00a0;Peptide\u00a0;R\u00e9cepteur de chol\u00e9cystokinine (CCK);R\u00e9cepteurs de peptides<br \/>\nMol File\u00a0: 25126-32-3.mol<\/p>\n<p>Sincalide\/Cholecystokinin (CCK- 8) est un peptide c\u00e9r\u00e9bral intestinal avec de multiples formes mol\u00e9culaires et une double distribution, compos\u00e9 de 33 acides amin\u00e9s, avec des effets hormonaux et neurotransmetteurs. Le sincalide est une mol\u00e9cule d&#39;octapeptide, un fragment de chol\u00e9cystokinine, Chemicalbook a toutes les activit\u00e9s biologiques de la chol\u00e9cystokinine, un octapeptide de chol\u00e9cystokinine synth\u00e9tique (Octapeptide), principalement utilis\u00e9 pour favoriser la contraction de la v\u00e9sicule biliaire, r\u00e9actif de diagnostic de la v\u00e9sicule biliaire, utilisation clinique dans le traitement de la pancr\u00e9atite chronique, a constat\u00e9 que la fonction de s\u00e9cr\u00e9tion pancr\u00e9atique s&#39;est consid\u00e9rablement am\u00e9lior\u00e9e, les sympt\u00f4mes ont \u00e9t\u00e9 consid\u00e9rablement r\u00e9duits. Les sympt\u00f4mes ont \u00e9t\u00e9 significativement r\u00e9duits.<\/p>\n<p> <strong>Sincalide\/ CCK-8 CAS 25126-32-3 Propri\u00e9t\u00e9s chimiques<\/strong><br \/>\nalpha D23 -18,4\u00b0 (c = 0,7 dans 1N NH3)<br \/>\ndensit\u00e9 1,440\u00b10,06 g\/ cm3(Pr\u00e9vue)<br \/>\ntemp\u00e9rature de stockage. -20\u00b0C<br \/>\nsolubilit\u00e9 0,05 M d&#39;hydroxyde d&#39;ammonium\u00a0: 1 mg\/mL, limpide, incolore<br \/>\npka -4,17\u00b10,18(Predicted)<br \/>\nforme de poudre<br \/>\nSolubilit\u00e9 dans l&#39;eau Soluble dans l&#39;eau 1 g\/L \u00e0 10\u00b0C.<br \/>\nMerck 13,8617<br \/>\nBRN 5231801<\/p>\n<p> <strong>Sincalide\/ CCK-8 CAS 25126-32-3 Propri\u00e9t\u00e9s chimiques<\/strong><br \/>\nSincalide\/chol\u00e9cystokinine (CCK-8) est souvent utilis\u00e9 en clinique coop\u00e9rer avec et am\u00e9liorer l&#39;examen de la fonction de s\u00e9cr\u00e9tion pancr\u00e9atique avec la s\u00e9cr\u00e9tion pancr\u00e9atique\u00a0; La CCK est utilis\u00e9e pour remplacer le repas gras pendant la cholangiographie, ce qui peut favoriser le p\u00e9ristaltisme intestinal et raccourcir le temps d&#39;examen du repas baryt\u00e9. Il peut \u00e9galement \u00eatre utilis\u00e9 pour traiter la paralysie intestinale.<\/p>\n","protected":false},"excerpt":{"rendered":"<p>Nom du produit : Sincalide<br \/>\nMF : C49H62N10O16S3<br \/>\nMW : 1143.27<br \/>\nEINECS : 246-639-0<br \/>\nMol Fichier : 25126-32-3.mol<\/p>\n","protected":false},"featured_media":2122,"comment_status":"open","ping_status":"closed","template":"","meta":{"om_disable_all_campaigns":false,"_monsterinsights_skip_tracking":false,"_monsterinsights_sitenote_active":false,"_monsterinsights_sitenote_note":"","_monsterinsights_sitenote_category":0,"site-sidebar-layout":"default","site-content-layout":"default","ast-site-content-layout":"default","site-content-style":"default","site-sidebar-style":"default","ast-global-header-display":"","ast-banner-title-visibility":"","ast-main-header-display":"","ast-hfb-above-header-display":"","ast-hfb-below-header-display":"","ast-hfb-mobile-header-display":"","site-post-title":"","ast-breadcrumbs-content":"","ast-featured-img":"","footer-sml-layout":"","ast-disable-related-posts":"","theme-transparent-header-meta":"default","adv-header-id-meta":"","stick-header-meta":"","header-above-stick-meta":"","header-main-stick-meta":"","header-below-stick-meta":"","astra-migrate-meta-layouts":"default","ast-page-background-enabled":"default","ast-page-background-meta":{"desktop":{"background-color":"","background-image":"","background-repeat":"repeat","background-position":"center center","background-size":"auto","background-attachment":"scroll","background-type":"","background-media":"","overlay-type":"","overlay-color":"","overlay-opacity":"","overlay-gradient":""},"tablet":{"background-color":"","background-image":"","background-repeat":"repeat","background-position":"center center","background-size":"auto","background-attachment":"scroll","background-type":"","background-media":"","overlay-type":"","overlay-color":"","overlay-opacity":"","overlay-gradient":""},"mobile":{"background-color":"","background-image":"","background-repeat":"repeat","background-position":"center center","background-size":"auto","background-attachment":"scroll","background-type":"","background-media":"","overlay-type":"","overlay-color":"","overlay-opacity":"","overlay-gradient":""}},"ast-content-background-meta":{"desktop":{"background-color":"var(--ast-global-color-5)","background-image":"","background-repeat":"repeat","background-position":"center center","background-size":"auto","background-attachment":"scroll","background-type":"","background-media":"","overlay-type":"","overlay-color":"","overlay-opacity":"","overlay-gradient":""},"tablet":{"background-color":"var(--ast-global-color-5)","background-image":"","background-repeat":"repeat","background-position":"center center","background-size":"auto","background-attachment":"scroll","background-type":"","background-media":"","overlay-type":"","overlay-color":"","overlay-opacity":"","overlay-gradient":""},"mobile":{"background-color":"var(--ast-global-color-5)","background-image":"","background-repeat":"repeat","background-position":"center center","background-size":"auto","background-attachment":"scroll","background-type":"","background-media":"","overlay-type":"","overlay-color":"","overlay-opacity":"","overlay-gradient":""}}},"product_brand":[],"product_cat":[526],"product_tag":[1373,1351],"class_list":{"0":"post-8305","1":"product","2":"type-product","3":"status-publish","4":"has-post-thumbnail","6":"product_cat-autres-peptides","7":"product_tag-gallbladder-diagnostic-reagent-fr","8":"product_tag-high-quality-sincalide-cck-8-cas-25126-32-3-mainly-used-to-promote-gallbladder-contraction-fr","9":"desktop-align-left","10":"tablet-align-left","11":"mobile-align-left","13":"first","14":"instock","15":"shipping-taxable","16":"product-type-simple"},"_links":{"self":[{"href":"https:\/\/puyapeptide.net\/fr\/wp-json\/wp\/v2\/product\/8305","targetHints":{"allow":["GET"]}}],"collection":[{"href":"https:\/\/puyapeptide.net\/fr\/wp-json\/wp\/v2\/product"}],"about":[{"href":"https:\/\/puyapeptide.net\/fr\/wp-json\/wp\/v2\/types\/product"}],"replies":[{"embeddable":true,"href":"https:\/\/puyapeptide.net\/fr\/wp-json\/wp\/v2\/comments?post=8305"}],"wp:featuredmedia":[{"embeddable":true,"href":"https:\/\/puyapeptide.net\/fr\/wp-json\/wp\/v2\/media\/2122"}],"wp:attachment":[{"href":"https:\/\/puyapeptide.net\/fr\/wp-json\/wp\/v2\/media?parent=8305"}],"wp:term":[{"taxonomy":"product_brand","embeddable":true,"href":"https:\/\/puyapeptide.net\/fr\/wp-json\/wp\/v2\/product_brand?post=8305"},{"taxonomy":"product_cat","embeddable":true,"href":"https:\/\/puyapeptide.net\/fr\/wp-json\/wp\/v2\/product_cat?post=8305"},{"taxonomy":"product_tag","embeddable":true,"href":"https:\/\/puyapeptide.net\/fr\/wp-json\/wp\/v2\/product_tag?post=8305"}],"curies":[{"name":"wp","href":"https:\/\/api.w.org\/{rel}","templated":true}]}}