{"id":8392,"date":"2021-12-16T13:26:59","date_gmt":"2021-12-16T18:26:59","guid":{"rendered":"https:\/\/puyapeptide.net\/product\/lisiraglide-cas-320367-13-3-est-un-agoniste-du-recepteur-du-glucagon-like-peptide-1-glp-1\/"},"modified":"2021-12-16T13:26:59","modified_gmt":"2021-12-16T18:26:59","slug":"lisiraglide-cas-320367-13-3-est-un-agoniste-du-recepteur-du-glucagon-like-peptide-1-glp-1","status":"publish","type":"product","link":"https:\/\/puyapeptide.net\/fr\/product\/lisiraglide-cas-320367-13-3-est-un-agoniste-du-recepteur-du-glucagon-like-peptide-1-glp-1\/","title":{"rendered":"Lisiraglide CAS 320367-13-3 est un agoniste du r\u00e9cepteur du glucagon-like peptide-1 (GLP-1)"},"content":{"rendered":"<h2><strong>Lisiraglide CAS 320367-13-3 est un agoniste du r\u00e9cepteur du glucagon-like peptide-1 (GLP-1)<\/strong><\/h2>\n<p>Nom du produit\u00a0: Lixis\u00e9natide<br \/>\nSynonymes\u00a0: Lixis\u00e9natide, &gt;\u00a098\u00a0%\u00a0; lixisenatide\u00a0; Lixisenatide|Ac\u00e9tate de lixisenatide\u00a0; Ac\u00e9tate de lixis\u00e9natide\u00a0; Lixisenatide USP\/EP\/BP<br \/>\nCAS\u00a0: 320367-13-3<br \/>\nMF\u00a0: C215H347N61O65S<br \/>\nMW\u00a0: 4858.53<br \/>\nEINECS\u00a0:<br \/>\nCat\u00e9gories de produits\u00a0:<br \/>\nFichier Mol\u00a0: 320367-13-3.mol<\/p>\n<p>Le lisiraglide est un peptide-1 semblable au glucagon (GLP-1) agoniste des r\u00e9cepteurs, une hormone qui aide \u00e0 normaliser la glyc\u00e9mie. L&#39;innocuit\u00e9 et l&#39;efficacit\u00e9 du m\u00e9dicament ont \u00e9t\u00e9 \u00e9valu\u00e9es dans 10 essais cliniques portant sur un total de 5 400 patients atteints de diab\u00e8te de type 2. Dans ces essais, le lisiramide a \u00e9t\u00e9 \u00e9valu\u00e9 \u00e0 la fois en monoth\u00e9rapie et en association avec d&#39;autres m\u00e9dicaments contre le diab\u00e8te approuv\u00e9s par la FDA, notamment la metformine, les sulfonylur\u00e9es, la pioglitazone et l&#39;insuline basale. Dans ces essais, l&#39;utilisation de lisiramide a am\u00e9lior\u00e9 les taux d&#39;h\u00e9moglobine glyqu\u00e9e (un indicateur de la glyc\u00e9mie). En outre, plus de 6 000 patients atteints de diab\u00e8te de type 2 \u00e0 risque de maladie cardiovasculaire ath\u00e9roscl\u00e9reuse ont \u00e9t\u00e9 trait\u00e9s par lisiramide ou un placebo dans le cadre de l&#39;essai sur les r\u00e9sultats cardiovasculaires. L&#39;utilisation de lisiramide chez ces patients n&#39;a pas augment\u00e9 le risque d&#39;\u00e9v\u00e9nements cardiovasculaires ind\u00e9sirables. Le lisiragide ne doit pas \u00eatre utilis\u00e9 pour traiter les patients atteints de diab\u00e8te de type 1 ou les patients pr\u00e9sentant une augmentation du taux de c\u00e9tones ou d&#39;urine dans le sang (acidoc\u00e9tose diab\u00e9tique). Les effets secondaires les plus courants associ\u00e9s au lisiramide sont les naus\u00e9es, les vomissements, les maux de t\u00eate, la diarrh\u00e9e et les \u00e9tourdissements. L&#39;hypoglyc\u00e9mie est un autre effet secondaire fr\u00e9quent chez les patients trait\u00e9s par le lisiramide et d&#39;autres m\u00e9dicaments antidiab\u00e9tiques tels que les sulfonylur\u00e9es et\/ou la culture basale. De plus, des r\u00e9actions d&#39;hypersensibilit\u00e9 s\u00e9v\u00e8res (y compris une hypersensibilit\u00e9) ont \u00e9t\u00e9 rapport\u00e9es dans les essais cliniques avec le lisiragib.<\/p>\n<p>Le lixis\u00e9natide est un m\u00e9dicament actuellement utilis\u00e9 pour traiter le diab\u00e8te et est \u00e9galement un agoniste du r\u00e9cepteur GLP-1. Le lixis\u00e9natide (Lyxumia) a \u00e9t\u00e9 approuv\u00e9 pour la commercialisation en Europe en 2013 et est un traitement diab\u00e9tique injectable \u00e0 base de lixis\u00e9natide, qui est administr\u00e9 une fois par jour, avec d&#39;autres m\u00e9dicaments ou de l&#39;insuline, pour les patients dont la glyc\u00e9mie ne peut \u00eatre contr\u00f4l\u00e9e que par des m\u00e9dicaments.&lt; &amp;&gt;<br \/>\n <strong>Note de Lisiraglide CAS 320367-13-3<\/strong><br \/>\nPour usage de recherche uniquement, pas pour usage humain<\/p>\n","protected":false},"excerpt":{"rendered":"<p>Nom du produit\u00a0: Lixis\u00e9natide<br \/>\nAc\u00e9tate\u00a0; Lixis\u00e9natide USP\/EP\/BP<br \/>\nCAS\u00a0: 320367-13-3<br \/>\nMF\u00a0: C215H347N61O65S<br \/>\nMW\u00a0: 4858.53<br \/>\nMol Fichier\u00a0: 320367-13-3.mol<\/p>\n","protected":false},"featured_media":2101,"comment_status":"open","ping_status":"closed","template":"","meta":{"om_disable_all_campaigns":false,"_monsterinsights_skip_tracking":false,"_monsterinsights_sitenote_active":false,"_monsterinsights_sitenote_note":"","_monsterinsights_sitenote_category":0,"site-sidebar-layout":"default","site-content-layout":"default","ast-site-content-layout":"default","site-content-style":"default","site-sidebar-style":"default","ast-global-header-display":"","ast-banner-title-visibility":"","ast-main-header-display":"","ast-hfb-above-header-display":"","ast-hfb-below-header-display":"","ast-hfb-mobile-header-display":"","site-post-title":"","ast-breadcrumbs-content":"","ast-featured-img":"","footer-sml-layout":"","ast-disable-related-posts":"","theme-transparent-header-meta":"default","adv-header-id-meta":"","stick-header-meta":"","header-above-stick-meta":"","header-main-stick-meta":"","header-below-stick-meta":"","astra-migrate-meta-layouts":"default","ast-page-background-enabled":"default","ast-page-background-meta":{"desktop":{"background-color":"","background-image":"","background-repeat":"repeat","background-position":"center center","background-size":"auto","background-attachment":"scroll","background-type":"","background-media":"","overlay-type":"","overlay-color":"","overlay-opacity":"","overlay-gradient":""},"tablet":{"background-color":"","background-image":"","background-repeat":"repeat","background-position":"center center","background-size":"auto","background-attachment":"scroll","background-type":"","background-media":"","overlay-type":"","overlay-color":"","overlay-opacity":"","overlay-gradient":""},"mobile":{"background-color":"","background-image":"","background-repeat":"repeat","background-position":"center center","background-size":"auto","background-attachment":"scroll","background-type":"","background-media":"","overlay-type":"","overlay-color":"","overlay-opacity":"","overlay-gradient":""}},"ast-content-background-meta":{"desktop":{"background-color":"var(--ast-global-color-5)","background-image":"","background-repeat":"repeat","background-position":"center center","background-size":"auto","background-attachment":"scroll","background-type":"","background-media":"","overlay-type":"","overlay-color":"","overlay-opacity":"","overlay-gradient":""},"tablet":{"background-color":"var(--ast-global-color-5)","background-image":"","background-repeat":"repeat","background-position":"center center","background-size":"auto","background-attachment":"scroll","background-type":"","background-media":"","overlay-type":"","overlay-color":"","overlay-opacity":"","overlay-gradient":""},"mobile":{"background-color":"var(--ast-global-color-5)","background-image":"","background-repeat":"repeat","background-position":"center center","background-size":"auto","background-attachment":"scroll","background-type":"","background-media":"","overlay-type":"","overlay-color":"","overlay-opacity":"","overlay-gradient":""}}},"product_brand":[],"product_cat":[341],"product_tag":[1264],"class_list":{"0":"post-8392","1":"product","2":"type-product","3":"status-publish","4":"has-post-thumbnail","6":"product_cat-peptide-de-diabete","7":"product_tag-lisiraglide-cas-320367-13-3-is-a-glucagon-like-peptide-1-glp-1-receptor-agonist-fr","8":"desktop-align-left","9":"tablet-align-left","10":"mobile-align-left","12":"first","13":"instock","14":"shipping-taxable","15":"product-type-simple"},"_links":{"self":[{"href":"https:\/\/puyapeptide.net\/fr\/wp-json\/wp\/v2\/product\/8392","targetHints":{"allow":["GET"]}}],"collection":[{"href":"https:\/\/puyapeptide.net\/fr\/wp-json\/wp\/v2\/product"}],"about":[{"href":"https:\/\/puyapeptide.net\/fr\/wp-json\/wp\/v2\/types\/product"}],"replies":[{"embeddable":true,"href":"https:\/\/puyapeptide.net\/fr\/wp-json\/wp\/v2\/comments?post=8392"}],"wp:featuredmedia":[{"embeddable":true,"href":"https:\/\/puyapeptide.net\/fr\/wp-json\/wp\/v2\/media\/2101"}],"wp:attachment":[{"href":"https:\/\/puyapeptide.net\/fr\/wp-json\/wp\/v2\/media?parent=8392"}],"wp:term":[{"taxonomy":"product_brand","embeddable":true,"href":"https:\/\/puyapeptide.net\/fr\/wp-json\/wp\/v2\/product_brand?post=8392"},{"taxonomy":"product_cat","embeddable":true,"href":"https:\/\/puyapeptide.net\/fr\/wp-json\/wp\/v2\/product_cat?post=8392"},{"taxonomy":"product_tag","embeddable":true,"href":"https:\/\/puyapeptide.net\/fr\/wp-json\/wp\/v2\/product_tag?post=8392"}],"curies":[{"name":"wp","href":"https:\/\/api.w.org\/{rel}","templated":true}]}}