{"id":8512,"date":"2021-12-17T01:44:16","date_gmt":"2021-12-17T06:44:16","guid":{"rendered":"https:\/\/puyapeptide.net\/product\/puya-supply-lypressine-de-haute-qualite-cas-50-57-7\/"},"modified":"2021-12-17T01:44:16","modified_gmt":"2021-12-17T06:44:16","slug":"puya-supply-lypressine-de-haute-qualite-cas-50-57-7","status":"publish","type":"product","link":"https:\/\/puyapeptide.net\/fr\/product\/puya-supply-lypressine-de-haute-qualite-cas-50-57-7\/","title":{"rendered":"Puya Supply Lypressine de haute qualit\u00e9 CAS 50-57-7"},"content":{"rendered":"<h2><strong>Puya Supply Lypressine de haute qualit\u00e9 CAS 50-57-7<\/strong><\/h2>\n<p>Nom du produit\u00a0: Lypressin<br \/>\nSynonymes\u00a0: Lysipressin;LyspessinAcetate;(8-lysine)vasopressin;8-l-lysine-vasopressi;CYFQNCPKG-NH2;LYSINE VASOPRESSIN;[LYS8]-VASOPRESSIN;LYPRESSIN<br \/>\nCAS\u00a0: 50-57-7<br \/>\nMF\u00a0: C46H65N13O12S2<br \/>\nMW\u00a0: 1056.22<br \/>\nEINECS\u00a0: 200-050-5<br \/>\nCat\u00e9gories de produits\u00a0: hormones\u00a0;Autres API\u00a0;D\u00e9riv\u00e9s d&#39;acides amin\u00e9s\u00a0;Peptide<br \/>\nFichier Mol\u00a0:\u00a050 -57-7.mol<\/p>\n<p>La lypressine est une vasopressine synth\u00e9tique de 8-L-lysine, un polypeptide similaire \u00e0 l&#39;ADH. L&#39;analogue de la lysine est consid\u00e9r\u00e9 comme plus stable et il est rapidement absorb\u00e9 par la muqueuse nasale. La lypressine (Diapid) est pharmaceutiquement disponible sous forme de solution topique, de spray, 50 unit\u00e9s de pression (185 g)\/mL dans des r\u00e9cipients de 5 mL. Posologie habituelle, topique (intranasale), une ou plusieurs pulv\u00e9risations appliqu\u00e9es \u00e0 une ou aux deux narines ou plusieurs fois par jour.<\/p>\n<p> <strong>Lypressin CAS 50-57-7 Propri\u00e9t\u00e9s chimiques<\/strong><br \/>\ndensit\u00e9 1.1080 (estimation approximative)<br \/>\n indice de r\u00e9fraction 1,6700 (estimation)<br \/>\ntemp. -20\u00b0C<br \/>\nInChIKey NKWAIKZITYLOMT-DHSVNZEYSA-N<\/p>\n<p> <strong>Utilisation de Lypressin CAS 50-57-7<\/strong><br \/>\nLa fonction physiologique principale de la vasopressine est de r\u00e9guler le volume de liquide extracellulaire, favoriser la r\u00e9absorption de l&#39;eau par les tubules r\u00e9naux, contractent les vaisseaux sanguins et augmentent la pression art\u00e9rielle. La vasopressine (ac\u00e9tate de lysph\u00e9nol) est un d\u00e9riv\u00e9 synth\u00e9tique de la vasopressine. Ses effets antidiur\u00e9tiques et vasoconstricteurs sont relativement l\u00e9gers et il peut \u00eatre utilis\u00e9 comme interm\u00e9diaire de synth\u00e8se pharmaceutique.<\/p>\n","protected":false},"excerpt":{"rendered":"<p>Nom du produit : Lypressine<br \/>\nCAS : 50-57-7<br \/>\nMF : C46H65N13O12S2<br \/>\nMW : 1056.22<br \/>\nEINECS : 200-050-5<br \/>\nMol Fichier : 50-57-7.mol<\/p>\n","protected":false},"featured_media":2164,"comment_status":"open","ping_status":"closed","template":"","meta":{"om_disable_all_campaigns":false,"_monsterinsights_skip_tracking":false,"_monsterinsights_sitenote_active":false,"_monsterinsights_sitenote_note":"","_monsterinsights_sitenote_category":0,"site-sidebar-layout":"default","site-content-layout":"default","ast-site-content-layout":"default","site-content-style":"default","site-sidebar-style":"default","ast-global-header-display":"","ast-banner-title-visibility":"","ast-main-header-display":"","ast-hfb-above-header-display":"","ast-hfb-below-header-display":"","ast-hfb-mobile-header-display":"","site-post-title":"","ast-breadcrumbs-content":"","ast-featured-img":"","footer-sml-layout":"","ast-disable-related-posts":"","theme-transparent-header-meta":"default","adv-header-id-meta":"","stick-header-meta":"","header-above-stick-meta":"","header-main-stick-meta":"","header-below-stick-meta":"","astra-migrate-meta-layouts":"default","ast-page-background-enabled":"default","ast-page-background-meta":{"desktop":{"background-color":"","background-image":"","background-repeat":"repeat","background-position":"center center","background-size":"auto","background-attachment":"scroll","background-type":"","background-media":"","overlay-type":"","overlay-color":"","overlay-opacity":"","overlay-gradient":""},"tablet":{"background-color":"","background-image":"","background-repeat":"repeat","background-position":"center center","background-size":"auto","background-attachment":"scroll","background-type":"","background-media":"","overlay-type":"","overlay-color":"","overlay-opacity":"","overlay-gradient":""},"mobile":{"background-color":"","background-image":"","background-repeat":"repeat","background-position":"center center","background-size":"auto","background-attachment":"scroll","background-type":"","background-media":"","overlay-type":"","overlay-color":"","overlay-opacity":"","overlay-gradient":""}},"ast-content-background-meta":{"desktop":{"background-color":"var(--ast-global-color-5)","background-image":"","background-repeat":"repeat","background-position":"center center","background-size":"auto","background-attachment":"scroll","background-type":"","background-media":"","overlay-type":"","overlay-color":"","overlay-opacity":"","overlay-gradient":""},"tablet":{"background-color":"var(--ast-global-color-5)","background-image":"","background-repeat":"repeat","background-position":"center center","background-size":"auto","background-attachment":"scroll","background-type":"","background-media":"","overlay-type":"","overlay-color":"","overlay-opacity":"","overlay-gradient":""},"mobile":{"background-color":"var(--ast-global-color-5)","background-image":"","background-repeat":"repeat","background-position":"center center","background-size":"auto","background-attachment":"scroll","background-type":"","background-media":"","overlay-type":"","overlay-color":"","overlay-opacity":"","overlay-gradient":""}}},"product_brand":[],"product_cat":[408],"product_tag":[],"class_list":{"0":"post-8512","1":"product","2":"type-product","3":"status-publish","4":"has-post-thumbnail","6":"product_cat-sang-et-peptide-vasculaire","7":"desktop-align-left","8":"tablet-align-left","9":"mobile-align-left","11":"first","12":"instock","13":"shipping-taxable","14":"product-type-simple"},"_links":{"self":[{"href":"https:\/\/puyapeptide.net\/fr\/wp-json\/wp\/v2\/product\/8512","targetHints":{"allow":["GET"]}}],"collection":[{"href":"https:\/\/puyapeptide.net\/fr\/wp-json\/wp\/v2\/product"}],"about":[{"href":"https:\/\/puyapeptide.net\/fr\/wp-json\/wp\/v2\/types\/product"}],"replies":[{"embeddable":true,"href":"https:\/\/puyapeptide.net\/fr\/wp-json\/wp\/v2\/comments?post=8512"}],"wp:featuredmedia":[{"embeddable":true,"href":"https:\/\/puyapeptide.net\/fr\/wp-json\/wp\/v2\/media\/2164"}],"wp:attachment":[{"href":"https:\/\/puyapeptide.net\/fr\/wp-json\/wp\/v2\/media?parent=8512"}],"wp:term":[{"taxonomy":"product_brand","embeddable":true,"href":"https:\/\/puyapeptide.net\/fr\/wp-json\/wp\/v2\/product_brand?post=8512"},{"taxonomy":"product_cat","embeddable":true,"href":"https:\/\/puyapeptide.net\/fr\/wp-json\/wp\/v2\/product_cat?post=8512"},{"taxonomy":"product_tag","embeddable":true,"href":"https:\/\/puyapeptide.net\/fr\/wp-json\/wp\/v2\/product_tag?post=8512"}],"curies":[{"name":"wp","href":"https:\/\/api.w.org\/{rel}","templated":true}]}}