{"id":8529,"date":"2021-12-17T01:45:21","date_gmt":"2021-12-17T06:45:21","guid":{"rendered":"https:\/\/puyapeptide.net\/product\/vente-chaude-argipressine-arg8-vasopressine-acetate-dargipressine-cas-113-79-1-pour-la-recherche-en-laboratoire\/"},"modified":"2021-12-17T01:45:21","modified_gmt":"2021-12-17T06:45:21","slug":"vente-chaude-argipressine-arg8-vasopressine-acetate-dargipressine-cas-113-79-1-pour-la-recherche-en-laboratoire","status":"publish","type":"product","link":"https:\/\/puyapeptide.net\/fr\/product\/vente-chaude-argipressine-arg8-vasopressine-acetate-dargipressine-cas-113-79-1-pour-la-recherche-en-laboratoire\/","title":{"rendered":"Vente chaude Argipressine\/[Arg8]-Vasopressine\/Ac\u00e9tate d&#39;Argipressine CAS 113-79-1 pour la recherche en laboratoire"},"content":{"rendered":"<h2><strong>Vente chaude Argipressine\/[Arg8]-Vasopressine\/Ac\u00e9tate d&#39;Argipressine CAS 113-79-1 pour la recherche en laboratoire<\/strong><\/h2>\n<p>Nom du produit\u00a0: Argipressine<br \/>\nSynonymes\u00a0: [ARG8]-VASOPRESSINE (HUMAINE, BOVINE, OVINE, RAT, SOURIS);[ARG8]-VASOPRESSINE;[ARG8]-VASOPRESSINE (AVP);HORMONE ANTIDIUR\u00c9TIQUE;AVP;BETA -HYPOPHAMINE;\u03b2-Hypophamine;(ARG8)-VASOPRESSINE GRADE VI SOLUTION*APP ROX. 100 I.<br \/>\nCAS\u00a0: 113-79-1<br \/>\nMF\u00a0: C46H65N15O12S2<br \/>\nMW\u00a0: 1084.24<br \/>\nEINECS\u00a0: 204-035-4<br \/>\nCat\u00e9gories de produits\u00a0: D\u00e9riv\u00e9s d&#39;acides amin\u00e9s\u00a0; R\u00e9cepteur de vasopressine et d&#39;ocytocine\u00a0; Peptide Receptors;Intermediates &amp; Fine Chemicals;Peptides;Pharmaceuticals;Peptide<br \/>\nMol File: 113-79-1.mol<\/p>\n<p>Argininevasopres-sin (AVP), \u00e9galement connu sous le nom d&#39;hormone antidiur\u00e9tique, est un neurotransmetteur important de le syst\u00e8me nerveux central. C&#39;est une hormone \u00e0 9 peptides s\u00e9cr\u00e9t\u00e9e par les neurones AVP dans le noyau supraoptique (SON) et le noyau paraventriculaire (PVN) de l&#39;hypothalamus. Elle est \u00e9troitement li\u00e9e au m\u00e9tabolisme des fluides corporels, au volume sanguin, \u00e0 la fonction cardiovasculaire, \u00e0 l&#39;\u00e9quilibre de la temp\u00e9rature corporelle, \u00e0 l&#39;apprentissage et \u00e0 la m\u00e9moire, ainsi qu&#39;\u00e0 la s\u00e9cr\u00e9tion d&#39;hormone adr\u00e9nocorticotrope. Il a des r\u00f4les physiologiques importants dans la r\u00e9absorption de l&#39;eau corporelle, la vasoconstriction sanguine, la s\u00e9cr\u00e9tion d&#39;hormone adr\u00e9nocorticotrope (ACTH), la m\u00e9moire, etc. Il a pour effets d&#39;\u00e9lever la pression art\u00e9rielle, d&#39;anti-diur\u00e8se, de participer \u00e0 la m\u00e9moire, de limiter la fi\u00e8vre et de favoriser la r\u00e9duction de la fi\u00e8vre. Il poss\u00e8de \u00e9galement un large \u00e9ventail d&#39;effets cardiovasculaires, tels que la r\u00e9gulation de la r\u00e9tention d&#39;eau et de sodium et de la vasoconstriction, la r\u00e9gulation directe des cardiomyocytes et la participation \u00e0 l&#39;hypertrophie cardiaque, \u00e0 la fibrose myocardique et aux arythmies. Il a \u00e9t\u00e9 utilis\u00e9 avec succ\u00e8s dans le traitement du choc vasodilatateur, de la r\u00e9animation cardio-pulmonaire et c\u00e9r\u00e9brale, de l&#39;ur\u00e9mie et des maladies h\u00e9morragiques.<\/p>\n<p> <strong>Argipressine\/ [Arg8]-Vasopressin\/ Argipressin Acetate CAS 113-79-1 Chemical Properties<\/strong><br \/>\ndensity 1,59\u00b10,1 g\/cm3 (pr\u00e9vu)<br \/>\nFp 113\u2103<br \/>\ntemp\u00e9rature de stockage. 2-8\u00b0C<br \/>\npka 9,90\u00b10,15(Pr\u00e9vu)<br \/>\nPH ~3,5<\/p>\n<p> <strong>Avantages de l&#39;ac\u00e9tate d&#39;argipressine<\/strong><br \/>\nIl a des fonctions physiologiques importantes dans la r\u00e9absorption de l&#39;eau corporelle, la vasoconstriction, l&#39;hormone adr\u00e9nocorticotrope (ACTH ) s\u00e9cr\u00e9tion, m\u00e9moire, etc., et a pour effets d&#39;\u00e9lever la tension art\u00e9rielle, de r\u00e9sister \u00e0 la diur\u00e8se, de participer \u00e0 la m\u00e9moire, de limiter la fi\u00e8vre et de favoriser la fi\u00e8vre.<\/p>\n<p>En m\u00eame temps, il a \u00e9galement un large \u00e9ventail d&#39;effets cardiovasculaires , telles que la r\u00e9gulation de la r\u00e9tention d&#39;eau et de sodium et de la vasoconstriction, la r\u00e9gulation directe des cardiomyocytes, la participation \u00e0 l&#39;hypertrophie cardiaque, \u00e0 la fibrose myocardique et \u00e0 l&#39;arythmie. A \u00e9t\u00e9 utilis\u00e9 avec succ\u00e8s dans le traitement du choc vasodilatateur, de la r\u00e9animation c\u00e9r\u00e9brale cardiopulmonaire, du diab\u00e8te insipide et des maladies h\u00e9morragiques.<\/p>\n<p> <strong>Dosage de l&#39;ac\u00e9tate d&#39;argipressine<\/strong><br \/>\nCela d\u00e9pend de votre poids corporel. Toutes les recherches men\u00e9es jusqu&#39;\u00e0 pr\u00e9sent ont utilis\u00e9 des \u00e9tudes sur des rongeurs, les rats et les souris re\u00e7oivent g\u00e9n\u00e9ralement une injection d&#39;une dose efficace estim\u00e9e \u00e0 environ 10 g (mcg) par KG, chez l&#39;homme, on pense qu&#39;elle est d&#39;environ la charge \u00e9quivalente de 1,6 g par KG chez l&#39;homme, donc si vous \u00eates\u00a0: &gt; 112 g<br \/>\n80 KG (176 lb.) =&gt; 128 \u03bcg<br \/>\n90 KG (198 lb.) =&gt; 144 g<\/p>\n","protected":false},"excerpt":{"rendered":"<p>Nom du produit : Argipressine<br \/>\nCAS : 113-79-1<br \/>\nMF : C46H65N15O12S2<br \/>\nMW : 1084.24<br \/>\nEINECS : 204-035-4<br \/>\nMol Dossier : 113-79-1.mol<\/p>\n","protected":false},"featured_media":2101,"comment_status":"open","ping_status":"closed","template":"","meta":{"om_disable_all_campaigns":false,"_monsterinsights_skip_tracking":false,"_monsterinsights_sitenote_active":false,"_monsterinsights_sitenote_note":"","_monsterinsights_sitenote_category":0,"site-sidebar-layout":"default","site-content-layout":"default","ast-site-content-layout":"default","site-content-style":"default","site-sidebar-style":"default","ast-global-header-display":"","ast-banner-title-visibility":"","ast-main-header-display":"","ast-hfb-above-header-display":"","ast-hfb-below-header-display":"","ast-hfb-mobile-header-display":"","site-post-title":"","ast-breadcrumbs-content":"","ast-featured-img":"","footer-sml-layout":"","ast-disable-related-posts":"","theme-transparent-header-meta":"default","adv-header-id-meta":"","stick-header-meta":"","header-above-stick-meta":"","header-main-stick-meta":"","header-below-stick-meta":"","astra-migrate-meta-layouts":"default","ast-page-background-enabled":"default","ast-page-background-meta":{"desktop":{"background-color":"","background-image":"","background-repeat":"repeat","background-position":"center center","background-size":"auto","background-attachment":"scroll","background-type":"","background-media":"","overlay-type":"","overlay-color":"","overlay-opacity":"","overlay-gradient":""},"tablet":{"background-color":"","background-image":"","background-repeat":"repeat","background-position":"center center","background-size":"auto","background-attachment":"scroll","background-type":"","background-media":"","overlay-type":"","overlay-color":"","overlay-opacity":"","overlay-gradient":""},"mobile":{"background-color":"","background-image":"","background-repeat":"repeat","background-position":"center center","background-size":"auto","background-attachment":"scroll","background-type":"","background-media":"","overlay-type":"","overlay-color":"","overlay-opacity":"","overlay-gradient":""}},"ast-content-background-meta":{"desktop":{"background-color":"var(--ast-global-color-5)","background-image":"","background-repeat":"repeat","background-position":"center center","background-size":"auto","background-attachment":"scroll","background-type":"","background-media":"","overlay-type":"","overlay-color":"","overlay-opacity":"","overlay-gradient":""},"tablet":{"background-color":"var(--ast-global-color-5)","background-image":"","background-repeat":"repeat","background-position":"center center","background-size":"auto","background-attachment":"scroll","background-type":"","background-media":"","overlay-type":"","overlay-color":"","overlay-opacity":"","overlay-gradient":""},"mobile":{"background-color":"var(--ast-global-color-5)","background-image":"","background-repeat":"repeat","background-position":"center center","background-size":"auto","background-attachment":"scroll","background-type":"","background-media":"","overlay-type":"","overlay-color":"","overlay-opacity":"","overlay-gradient":""}}},"product_brand":[],"product_cat":[526],"product_tag":[1177],"class_list":{"0":"post-8529","1":"product","2":"type-product","3":"status-publish","4":"has-post-thumbnail","6":"product_cat-autres-peptides","7":"product_tag-hot-sale-argipressine-arg8-vasopressin-argipressin-acetate-cas-113-79-1-for-lab-research-fr","8":"desktop-align-left","9":"tablet-align-left","10":"mobile-align-left","12":"first","13":"instock","14":"shipping-taxable","15":"product-type-simple"},"_links":{"self":[{"href":"https:\/\/puyapeptide.net\/fr\/wp-json\/wp\/v2\/product\/8529","targetHints":{"allow":["GET"]}}],"collection":[{"href":"https:\/\/puyapeptide.net\/fr\/wp-json\/wp\/v2\/product"}],"about":[{"href":"https:\/\/puyapeptide.net\/fr\/wp-json\/wp\/v2\/types\/product"}],"replies":[{"embeddable":true,"href":"https:\/\/puyapeptide.net\/fr\/wp-json\/wp\/v2\/comments?post=8529"}],"wp:featuredmedia":[{"embeddable":true,"href":"https:\/\/puyapeptide.net\/fr\/wp-json\/wp\/v2\/media\/2101"}],"wp:attachment":[{"href":"https:\/\/puyapeptide.net\/fr\/wp-json\/wp\/v2\/media?parent=8529"}],"wp:term":[{"taxonomy":"product_brand","embeddable":true,"href":"https:\/\/puyapeptide.net\/fr\/wp-json\/wp\/v2\/product_brand?post=8529"},{"taxonomy":"product_cat","embeddable":true,"href":"https:\/\/puyapeptide.net\/fr\/wp-json\/wp\/v2\/product_cat?post=8529"},{"taxonomy":"product_tag","embeddable":true,"href":"https:\/\/puyapeptide.net\/fr\/wp-json\/wp\/v2\/product_tag?post=8529"}],"curies":[{"name":"wp","href":"https:\/\/api.w.org\/{rel}","templated":true}]}}