{"id":8593,"date":"2021-12-17T01:48:31","date_gmt":"2021-12-17T06:48:31","guid":{"rendered":"https:\/\/puyapeptide.net\/product\/vente-chaude-anti-cancer-peptide-lanreotide-cas-108736-35-2\/"},"modified":"2021-12-17T01:48:31","modified_gmt":"2021-12-17T06:48:31","slug":"vente-chaude-anti-cancer-peptide-lanreotide-cas-108736-35-2","status":"publish","type":"product","link":"https:\/\/puyapeptide.net\/fr\/product\/vente-chaude-anti-cancer-peptide-lanreotide-cas-108736-35-2\/","title":{"rendered":"Vente chaude Anti Cancer Peptide Lanreotide CAS 108736-35-2"},"content":{"rendered":"<h2><strong>Vente chaude Anti Cancer Peptide Lanreotide CAS 108736-35-2<\/strong><\/h2>\n<p>Nom du produit\u00a0: Lanreotide<br \/>\nSynonymes\u00a0: LANREOTIDE;AUTOGEL;BETA-(2-NAPHTHYL)-D-ALA-CYS-TYR-D-TRP-LYS-VAL-CYS-THR AMIDE;BIM-23014;ANGIOPEPTIN ;HD-2-NAL-CYS-TYR-D-TRP-LYS-VAL-CYS-THR-NH2;HD-2-NAL-CYS-TYR-D-TRP-LYS-VAL-CYS-THR-NH2, ( LIAISON AU DISULFURE);IPSTYL<br \/>\nCAS\u00a0: 108736-35-2<br \/>\nMF\u00a0: C54 H69 N11 O10 S2<br \/>\nMW\u00a0: 1096.32<br \/>\nEINECS\u00a0: 689-178-4<br \/>\nCat\u00e9gories de produits\u00a0: hormones&lt;&amp; &gt;Fichier Mol : 108736-35-2.mol<\/p>\n<p>Le lanr\u00e9otide (DCI) comme les inhibiteurs naturels de croissance, le lanr\u00e9otide est un inhibiteur peptidique de nombreuses fonctions endocriniennes, neuroendocrines, exocrines et paracrines. Le lanr\u00e9otide est plus actif et a une dur\u00e9e d&#39;action plus longue que les inhibiteurs de croissance naturels. Son effet inhibiteur sur la s\u00e9cr\u00e9tion d&#39;hormone de croissance est significativement plus s\u00e9lectif que celui sur la s\u00e9cr\u00e9tion d&#39;insuline, et en 2017, la FDA a approuv\u00e9 l&#39;ac\u00e9tate de lanr\u00e9otide pour injection pour le traitement des tumeurs neuroendocrines.<\/p>\n<p>Le lanr\u00e9otide (DCI) est un m\u00e9dicament utilis\u00e9 dans le gestion de l&#39;acrom\u00e9galie et des sympt\u00f4mes caus\u00e9s par les tumeurs neuroendocrines, notamment le syndrome carcino\u00efde.<\/p>\n<p>Le lanr\u00e9otide est utilis\u00e9 dans le traitement de l&#39;acrom\u00e9galie, due \u00e0 la fois \u00e0 des tumeurs hypophysaires et non hypophysaires s\u00e9cr\u00e9tant de l&#39;hormone de croissance, et dans la gestion des sympt\u00f4mes caus\u00e9s par les tumeurs neuroendocrines, en particulier les tumeurs carcino\u00efdes et les VIPomes. Aux \u00c9tats-Unis et au Canada, le lanr\u00e9otide n&#39;est indiqu\u00e9 que pour le traitement de l&#39;acrom\u00e9galie. Au Royaume-Uni, il est \u00e9galement indiqu\u00e9 dans le traitement de l&#39;ad\u00e9nome thyrotrophique, une tumeur rare de l&#39;hypophyse qui s\u00e9cr\u00e8te de la TSH.<\/p>\n<p>Le lanr\u00e9otide montre \u00e9galement une activit\u00e9 contre les tumeurs non endocriniennes et, avec d&#39;autres analogues de la somatostatine , est \u00e0 l&#39;\u00e9tude en tant qu&#39;agent antitumoral g\u00e9n\u00e9ral possible.<\/p>\n<p> <strong>Lanr\u00e9otide CAS 108736-35-2 Propri\u00e9t\u00e9s chimiques<\/strong><br \/>\nPoint d&#39;\u00e9bullition 1508,2\u00b165,0 \u00b0C (pr\u00e9vu)<br \/>\ndensit\u00e9 1,40\u00b10,1 g\/cm3( Pr\u00e9dite)<br \/>\ntemp\u00e9rature de stockage. Conserver dans un endroit sombre, scell\u00e9 au sec, conserver au cong\u00e9lateur, \u00e0 moins de -20 \u00b0C<br \/>\n pka 9,90 \u00b1 0,15 (pr\u00e9vu)<\/p>\n<p> <strong>Fonction et application de Lanreotide CAS 108736-35-2<\/strong><br \/>\n Lanreotide est utilis\u00e9 dans le traitement de l&#39;acrom\u00e9galie, due \u00e0 la fois \u00e0 des tumeurs hypophysaires et non hypophysaires s\u00e9cr\u00e9tant de l&#39;hormone de croissance, et dans la gestion des sympt\u00f4mes caus\u00e9s par les tumeurs neuroendocrines, en particulier les tumeurs carcino\u00efdes et les VIPomes. Aux \u00c9tats-Unis et au Canada, le lanr\u00e9otide n&#39;est indiqu\u00e9 que pour le traitement de l&#39;acrom\u00e9galie. Au Royaume-Uni, il est \u00e9galement indiqu\u00e9 dans le traitement de l&#39;ad\u00e9nome thyrotrophique, une tumeur rare de l&#39;hypophyse qui s\u00e9cr\u00e8te.<\/p>\n<p>Le lanr\u00e9otide pr\u00e9sente \u00e9galement une activit\u00e9 contre les tumeurs non endocriniennes et, avec d&#39;autres analogues de la somatostatine, est \u00e0 l&#39;\u00e9tude en tant qu&#39;agent antitumoral g\u00e9n\u00e9ral possible.<\/p>\n<p>Lanr\u00e9otide, En d\u00e9cembre 2014, la FDA am\u00e9ricaine a approuv\u00e9 le lanr\u00e9otide pour le traitement des patients atteints de tumeurs neuroendocrines gastro-ent\u00e9ro-pancr\u00e9atiques non r\u00e9s\u00e9cables, bien ou mod\u00e9r\u00e9ment diff\u00e9renci\u00e9es, localement avanc\u00e9es ou m\u00e9tastatiques (TNE-GEP ).<\/p>\n","protected":false},"excerpt":{"rendered":"<p>Nom du produit : Lanr\u00e9otide<br \/>\nCAS : 108736-35-2<br \/>\nMF : C54 H69 N11 O10 S2<br \/>\nMW : 1096.32<br \/>\nEINECS : 689-178-4<br \/>\nCat\u00e9gories de produits : hormones<br \/>\n Fichier Mol : 108736-35-2.mol<\/p>\n","protected":false},"featured_media":2101,"comment_status":"open","ping_status":"closed","template":"","meta":{"om_disable_all_campaigns":false,"_monsterinsights_skip_tracking":false,"_monsterinsights_sitenote_active":false,"_monsterinsights_sitenote_note":"","_monsterinsights_sitenote_category":0,"site-sidebar-layout":"default","site-content-layout":"default","ast-site-content-layout":"default","site-content-style":"default","site-sidebar-style":"default","ast-global-header-display":"","ast-banner-title-visibility":"","ast-main-header-display":"","ast-hfb-above-header-display":"","ast-hfb-below-header-display":"","ast-hfb-mobile-header-display":"","site-post-title":"","ast-breadcrumbs-content":"","ast-featured-img":"","footer-sml-layout":"","ast-disable-related-posts":"","theme-transparent-header-meta":"default","adv-header-id-meta":"","stick-header-meta":"","header-above-stick-meta":"","header-main-stick-meta":"","header-below-stick-meta":"","astra-migrate-meta-layouts":"default","ast-page-background-enabled":"default","ast-page-background-meta":{"desktop":{"background-color":"","background-image":"","background-repeat":"repeat","background-position":"center center","background-size":"auto","background-attachment":"scroll","background-type":"","background-media":"","overlay-type":"","overlay-color":"","overlay-opacity":"","overlay-gradient":""},"tablet":{"background-color":"","background-image":"","background-repeat":"repeat","background-position":"center center","background-size":"auto","background-attachment":"scroll","background-type":"","background-media":"","overlay-type":"","overlay-color":"","overlay-opacity":"","overlay-gradient":""},"mobile":{"background-color":"","background-image":"","background-repeat":"repeat","background-position":"center center","background-size":"auto","background-attachment":"scroll","background-type":"","background-media":"","overlay-type":"","overlay-color":"","overlay-opacity":"","overlay-gradient":""}},"ast-content-background-meta":{"desktop":{"background-color":"var(--ast-global-color-5)","background-image":"","background-repeat":"repeat","background-position":"center center","background-size":"auto","background-attachment":"scroll","background-type":"","background-media":"","overlay-type":"","overlay-color":"","overlay-opacity":"","overlay-gradient":""},"tablet":{"background-color":"var(--ast-global-color-5)","background-image":"","background-repeat":"repeat","background-position":"center center","background-size":"auto","background-attachment":"scroll","background-type":"","background-media":"","overlay-type":"","overlay-color":"","overlay-opacity":"","overlay-gradient":""},"mobile":{"background-color":"var(--ast-global-color-5)","background-image":"","background-repeat":"repeat","background-position":"center center","background-size":"auto","background-attachment":"scroll","background-type":"","background-media":"","overlay-type":"","overlay-color":"","overlay-opacity":"","overlay-gradient":""}}},"product_brand":[],"product_cat":[395],"product_tag":[],"class_list":{"0":"post-8593","1":"product","2":"type-product","3":"status-publish","4":"has-post-thumbnail","6":"product_cat-peptide-anti-tumoral","7":"desktop-align-left","8":"tablet-align-left","9":"mobile-align-left","11":"first","12":"instock","13":"shipping-taxable","14":"product-type-simple"},"_links":{"self":[{"href":"https:\/\/puyapeptide.net\/fr\/wp-json\/wp\/v2\/product\/8593","targetHints":{"allow":["GET"]}}],"collection":[{"href":"https:\/\/puyapeptide.net\/fr\/wp-json\/wp\/v2\/product"}],"about":[{"href":"https:\/\/puyapeptide.net\/fr\/wp-json\/wp\/v2\/types\/product"}],"replies":[{"embeddable":true,"href":"https:\/\/puyapeptide.net\/fr\/wp-json\/wp\/v2\/comments?post=8593"}],"wp:featuredmedia":[{"embeddable":true,"href":"https:\/\/puyapeptide.net\/fr\/wp-json\/wp\/v2\/media\/2101"}],"wp:attachment":[{"href":"https:\/\/puyapeptide.net\/fr\/wp-json\/wp\/v2\/media?parent=8593"}],"wp:term":[{"taxonomy":"product_brand","embeddable":true,"href":"https:\/\/puyapeptide.net\/fr\/wp-json\/wp\/v2\/product_brand?post=8593"},{"taxonomy":"product_cat","embeddable":true,"href":"https:\/\/puyapeptide.net\/fr\/wp-json\/wp\/v2\/product_cat?post=8593"},{"taxonomy":"product_tag","embeddable":true,"href":"https:\/\/puyapeptide.net\/fr\/wp-json\/wp\/v2\/product_tag?post=8593"}],"curies":[{"name":"wp","href":"https:\/\/api.w.org\/{rel}","templated":true}]}}