{"id":8672,"date":"2021-12-17T01:52:53","date_gmt":"2021-12-17T06:52:53","guid":{"rendered":"https:\/\/puyapeptide.net\/product\/glp-1-7-37-cas-106612-94-6-reduit-la-glycemie-dune-maniere-dependante-du-glucose-sans-aucun-effet-indesirable\/"},"modified":"2021-12-17T01:52:53","modified_gmt":"2021-12-17T06:52:53","slug":"glp-1-7-37-cas-106612-94-6-reduit-la-glycemie-dune-maniere-dependante-du-glucose-sans-aucun-effet-indesirable","status":"publish","type":"product","link":"https:\/\/puyapeptide.net\/fr\/product\/glp-1-7-37-cas-106612-94-6-reduit-la-glycemie-dune-maniere-dependante-du-glucose-sans-aucun-effet-indesirable\/","title":{"rendered":"GLP-1 (7-37) CAS 106612-94-6 r\u00e9duit la glyc\u00e9mie d&#39;une mani\u00e8re d\u00e9pendante du glucose sans aucun effet ind\u00e9sirable"},"content":{"rendered":"<h2><strong>GLP-1 (7-37) CAS 106612-94-6 Diminution de la glyc\u00e9mie sans aucun effet ind\u00e9sirable<\/strong><\/h2>\n<p>Nom du produit\u00a0: H-HIS-ALA-GLU-GLY-THR-PHE-THR-SER-ASP-VAL-SER-SER-TYR-LEU-GLU-GLY-GLN-ALA-ALA-LYS-GLU- PHE-ILE-ALA-TRP-LEU-VAL-LYS-GLY-ARG-GLY-OH\/GLP-1 (7-37)<br \/>\nSynonymes\u00a0: Insulinotropine (humaine);Peptide GLP-1 (peptide hypoglyc\u00e9miant humain -1);Glp-I (7-37);Glucagon like peptide I (7-37);Peptide apparent\u00e9 au glucagon (oncorhynchus kisutch), acide 3-L-glutamique-6-L-ph\u00e9nylalanine-9-L-aspartique acide-12-L-s\u00e9rine-15-L-glutamique acide-16-glycine-21-L-isoleucine-24-L-alanine-27-L-valine-28-L-lysine-31-glycine-;Tglp- 1;GLP-1, 7-37;Pr\u00e9proglucagon 78-108<br \/>\nCAS\u00a0: 106612-94-6<br \/>\nMF\u00a0: C151H228N40O47<br \/>\nMW\u00a0: 3355.67<br \/>\nEINECS\u00a0:<br \/>\nCat\u00e9gories de produits\u00a0: peptides pharm; peptide<br \/>\nFichier Mol\u00a0: 106612-94-6.mol<\/p>\n<p> <strong>GLP-1 (7-37) CAS 106612-94-6 Propri\u00e9t\u00e9s chimiques<\/strong><br \/>\ndensit\u00e9 1,48\u00b10,1 g\/cm3 (pr\u00e9vue)&lt; &amp;&gt;temp\u00e9rature de stockage. \u221220\u00b0C<br \/>\nSolubilit\u00e9 dans l&#39;eau Soluble dans l&#39;eau \u00e0 2mg\/ml<br \/>\nR\u00e9f\u00e9rence base de donn\u00e9es CAS 106612-94-6<\/p>\n<p> <strong>Fonction et application du GLP-1 (7-37) CAS 106612-94- 6<\/strong><br \/>\n Humanglucagon-likepPeptide -1 (GLP-1) est un petit polypeptide avec 30 acides amin\u00e9s, qui est puissant pour r\u00e9duire la glyc\u00e9mie d&#39;une mani\u00e8re d\u00e9pendante du glucose sans aucune r\u00e9action ind\u00e9sirable, en plus des multiples fonctions du GLP-1 , il devient un point n\u00e9vralgique de la recherche pour gu\u00e9rir le diab\u00e8te II. Cependant, pour r\u00e9aliser son application clinique, il est urgent de r\u00e9soudre le probl\u00e8me de sa courte demi-vie in vivo. Par cons\u00e9quent, les revues des derniers progr\u00e8s de la recherche et de l&#39;application clinique du GLP-1 en Chine et \u00e0 l&#39;\u00e9tranger sur la base d&#39;\u00e9tudes ant\u00e9rieures fourniront une r\u00e9f\u00e9rence aux chercheurs et au personnel m\u00e9dical dans le d\u00e9veloppement de m\u00e9dicaments pertinents pour le GLP-1.<\/p>\n","protected":false},"excerpt":{"rendered":"<p>Nom du produit : H-HIS-ALA-GLU-GLY-THR-PHE-THR-SER-ASP-VAL-SER-SER-TYR-LEU-GLU-GLY-GLN-ALA-ALA-LYS-GLU-PHE-ILE -ALA-TRP-LEU-VAL-LYS-GLY-ARG-GLY-OH\/GLP-1 (7-37)<br \/>\nCAS : 106612-94-6<br \/>\nMF : C151H228N40O47<br \/>\nMW : 3355,67&lt; &amp;&gt;Fichier Mol : 106612-94-6.mol<\/p>\n","protected":false},"featured_media":2290,"comment_status":"open","ping_status":"closed","template":"","meta":{"om_disable_all_campaigns":false,"_monsterinsights_skip_tracking":false,"_monsterinsights_sitenote_active":false,"_monsterinsights_sitenote_note":"","_monsterinsights_sitenote_category":0,"site-sidebar-layout":"default","site-content-layout":"default","ast-site-content-layout":"default","site-content-style":"default","site-sidebar-style":"default","ast-global-header-display":"","ast-banner-title-visibility":"","ast-main-header-display":"","ast-hfb-above-header-display":"","ast-hfb-below-header-display":"","ast-hfb-mobile-header-display":"","site-post-title":"","ast-breadcrumbs-content":"","ast-featured-img":"","footer-sml-layout":"","ast-disable-related-posts":"","theme-transparent-header-meta":"default","adv-header-id-meta":"","stick-header-meta":"","header-above-stick-meta":"","header-main-stick-meta":"","header-below-stick-meta":"","astra-migrate-meta-layouts":"default","ast-page-background-enabled":"default","ast-page-background-meta":{"desktop":{"background-color":"","background-image":"","background-repeat":"repeat","background-position":"center center","background-size":"auto","background-attachment":"scroll","background-type":"","background-media":"","overlay-type":"","overlay-color":"","overlay-opacity":"","overlay-gradient":""},"tablet":{"background-color":"","background-image":"","background-repeat":"repeat","background-position":"center center","background-size":"auto","background-attachment":"scroll","background-type":"","background-media":"","overlay-type":"","overlay-color":"","overlay-opacity":"","overlay-gradient":""},"mobile":{"background-color":"","background-image":"","background-repeat":"repeat","background-position":"center center","background-size":"auto","background-attachment":"scroll","background-type":"","background-media":"","overlay-type":"","overlay-color":"","overlay-opacity":"","overlay-gradient":""}},"ast-content-background-meta":{"desktop":{"background-color":"var(--ast-global-color-5)","background-image":"","background-repeat":"repeat","background-position":"center center","background-size":"auto","background-attachment":"scroll","background-type":"","background-media":"","overlay-type":"","overlay-color":"","overlay-opacity":"","overlay-gradient":""},"tablet":{"background-color":"var(--ast-global-color-5)","background-image":"","background-repeat":"repeat","background-position":"center center","background-size":"auto","background-attachment":"scroll","background-type":"","background-media":"","overlay-type":"","overlay-color":"","overlay-opacity":"","overlay-gradient":""},"mobile":{"background-color":"var(--ast-global-color-5)","background-image":"","background-repeat":"repeat","background-position":"center center","background-size":"auto","background-attachment":"scroll","background-type":"","background-media":"","overlay-type":"","overlay-color":"","overlay-opacity":"","overlay-gradient":""}}},"product_brand":[],"product_cat":[341],"product_tag":[1078],"class_list":{"0":"post-8672","1":"product","2":"type-product","3":"status-publish","4":"has-post-thumbnail","6":"product_cat-peptide-de-diabete","7":"product_tag-glp-1-7-37-cas-106612-94-6-reduce-blood-sugar-in-a-glucose-dependentmanner-without-any-adverse-reactions-fr","8":"desktop-align-left","9":"tablet-align-left","10":"mobile-align-left","12":"first","13":"instock","14":"shipping-taxable","15":"product-type-simple"},"_links":{"self":[{"href":"https:\/\/puyapeptide.net\/fr\/wp-json\/wp\/v2\/product\/8672","targetHints":{"allow":["GET"]}}],"collection":[{"href":"https:\/\/puyapeptide.net\/fr\/wp-json\/wp\/v2\/product"}],"about":[{"href":"https:\/\/puyapeptide.net\/fr\/wp-json\/wp\/v2\/types\/product"}],"replies":[{"embeddable":true,"href":"https:\/\/puyapeptide.net\/fr\/wp-json\/wp\/v2\/comments?post=8672"}],"wp:featuredmedia":[{"embeddable":true,"href":"https:\/\/puyapeptide.net\/fr\/wp-json\/wp\/v2\/media\/2290"}],"wp:attachment":[{"href":"https:\/\/puyapeptide.net\/fr\/wp-json\/wp\/v2\/media?parent=8672"}],"wp:term":[{"taxonomy":"product_brand","embeddable":true,"href":"https:\/\/puyapeptide.net\/fr\/wp-json\/wp\/v2\/product_brand?post=8672"},{"taxonomy":"product_cat","embeddable":true,"href":"https:\/\/puyapeptide.net\/fr\/wp-json\/wp\/v2\/product_cat?post=8672"},{"taxonomy":"product_tag","embeddable":true,"href":"https:\/\/puyapeptide.net\/fr\/wp-json\/wp\/v2\/product_tag?post=8672"}],"curies":[{"name":"wp","href":"https:\/\/api.w.org\/{rel}","templated":true}]}}