{"id":8682,"date":"2021-12-17T01:53:57","date_gmt":"2021-12-17T06:53:57","guid":{"rendered":"https:\/\/puyapeptide.net\/product\/utilisation-de-puya-supply-abarelix-cas-183552-38-7-pour-le-cancer-de-la-prostate\/"},"modified":"2021-12-17T01:53:57","modified_gmt":"2021-12-17T06:53:57","slug":"utilisation-de-puya-supply-abarelix-cas-183552-38-7-pour-le-cancer-de-la-prostate","status":"publish","type":"product","link":"https:\/\/puyapeptide.net\/fr\/product\/utilisation-de-puya-supply-abarelix-cas-183552-38-7-pour-le-cancer-de-la-prostate\/","title":{"rendered":"Utilisation de Puya Supply Abarelix CAS 183552-38-7 pour le cancer de la prostate"},"content":{"rendered":"<h2><strong>Utilisation de Puya Supply Abarelix CAS 183552-38-7 pour le cancer de la prostate<\/strong><\/h2>\n<p>Nom du produit\u00a0: Abarelix<br \/>\nSynonymes\u00a0: PPI-149;Abarelix Acetate;Plenaxis;R 3827;Ac-DNal-DCpa-DPal-Ser-N\u03b1MeTyr-DAsp-Leu-Ilys-Pro-DAl-NH2;Abarelix\u00a0; Ac\u00e9tate d&#39;Abarelix (Plenaxis);D-Alaninamide, N-ac\u00e9tyl-3-(2-naphtal\u00e9nyl)-D-alanyl-4-chloro-D-ph\u00e9nylalanyl-3-(3-pyridinyl)-D-alanyl-L-seryl- N-m\u00e9thyl-L-tyrosyl-D-asparaginyl-L-leucyl-N6-(1-m\u00e9thyl\u00e9thyl)-L-lysyl-L-prolyl-<br \/>\nCAS : 183552-38-7<br \/>\nMF : C72H95ClN14O14&lt;&amp; &gt;MW\u00a0: 1416.06<br \/>\nEINECS\u00a0: 1592732-453-0<br \/>\nCat\u00e9gories de produits\u00a0:<br \/>\nFichier Mol\u00a0: 183552-38-7.mol<\/p>\n<p>Abarelix r\u00e9duit la production de testost\u00e9rone dans les testicules en inhibant directement la s\u00e9cr\u00e9tion d&#39;hormone lut\u00e9inisante (LH) et d&#39;hormone folliculostimulante (FSH). En raison de l&#39;inhibition directe de la s\u00e9cr\u00e9tion de LH par Chemicalbook, la concentration plasmatique de testost\u00e9rone n&#39;augmente pas puis diminue. Les r\u00e9sultats de l&#39;\u00e9tude ont montr\u00e9 que l&#39;ac\u00e9tate d&#39;abarelix a une affinit\u00e9 \u00e9lev\u00e9e pour les r\u00e9cepteurs hypophysaires de la LHRH chez le rat.<\/p>\n<p> <strong>Abarelix CAS 183552-38-7 Propri\u00e9t\u00e9s chimiques<\/strong><br \/>\nPropri\u00e9t\u00e9s chimiques d&#39;Abarelix<br \/>\nPoint d&#39;\u00e9bullition 1688.4\u00b165,0 \u00b0C(Pr\u00e9dit)<br \/>\ndensit\u00e9 1,286\u00b10,06 g\/cm3(Pr\u00e9dit)<br \/>\npka 9,82\u00b10,15(Pr\u00e9dit)<br \/>\nR\u00e9f\u00e9rence de la base de donn\u00e9es CAS 183552-38-7<\/p>\n<p> <strong>Fonction et application d&#39;Abarelix CAS 183552-38-7<\/strong><br \/>\nAbarelix, un agent antin\u00e9oplasique, est la premi\u00e8re formulation d&#39;antagoniste de l&#39;hormone de lib\u00e9ration des gonadotrophines stockable actuellement approuv\u00e9e et le premier nouveau type de m\u00e9dicament contre le cancer de la prostate.<\/p>\n<p>Abarelix CAS 183552-38-7 Utilisation pour le cancer de la prostate<\/p>\n","protected":false},"excerpt":{"rendered":"<p>Nom du produit : Abarelix<br \/>\nCAS : 183552-38-7<br \/>\nMF : C72H95ClN14O14<br \/>\nMW : 1416.06<br \/>\nEINECS : 1592732-453-0<br \/>\nMol Fichier : 183552-38-7.mol<\/p>\n","protected":false},"featured_media":2122,"comment_status":"open","ping_status":"closed","template":"","meta":{"om_disable_all_campaigns":false,"_monsterinsights_skip_tracking":false,"_monsterinsights_sitenote_active":false,"_monsterinsights_sitenote_note":"","_monsterinsights_sitenote_category":0,"site-sidebar-layout":"default","site-content-layout":"default","ast-site-content-layout":"default","site-content-style":"default","site-sidebar-style":"default","ast-global-header-display":"","ast-banner-title-visibility":"","ast-main-header-display":"","ast-hfb-above-header-display":"","ast-hfb-below-header-display":"","ast-hfb-mobile-header-display":"","site-post-title":"","ast-breadcrumbs-content":"","ast-featured-img":"","footer-sml-layout":"","ast-disable-related-posts":"","theme-transparent-header-meta":"default","adv-header-id-meta":"","stick-header-meta":"","header-above-stick-meta":"","header-main-stick-meta":"","header-below-stick-meta":"","astra-migrate-meta-layouts":"default","ast-page-background-enabled":"default","ast-page-background-meta":{"desktop":{"background-color":"","background-image":"","background-repeat":"repeat","background-position":"center center","background-size":"auto","background-attachment":"scroll","background-type":"","background-media":"","overlay-type":"","overlay-color":"","overlay-opacity":"","overlay-gradient":""},"tablet":{"background-color":"","background-image":"","background-repeat":"repeat","background-position":"center center","background-size":"auto","background-attachment":"scroll","background-type":"","background-media":"","overlay-type":"","overlay-color":"","overlay-opacity":"","overlay-gradient":""},"mobile":{"background-color":"","background-image":"","background-repeat":"repeat","background-position":"center center","background-size":"auto","background-attachment":"scroll","background-type":"","background-media":"","overlay-type":"","overlay-color":"","overlay-opacity":"","overlay-gradient":""}},"ast-content-background-meta":{"desktop":{"background-color":"var(--ast-global-color-5)","background-image":"","background-repeat":"repeat","background-position":"center center","background-size":"auto","background-attachment":"scroll","background-type":"","background-media":"","overlay-type":"","overlay-color":"","overlay-opacity":"","overlay-gradient":""},"tablet":{"background-color":"var(--ast-global-color-5)","background-image":"","background-repeat":"repeat","background-position":"center center","background-size":"auto","background-attachment":"scroll","background-type":"","background-media":"","overlay-type":"","overlay-color":"","overlay-opacity":"","overlay-gradient":""},"mobile":{"background-color":"var(--ast-global-color-5)","background-image":"","background-repeat":"repeat","background-position":"center center","background-size":"auto","background-attachment":"scroll","background-type":"","background-media":"","overlay-type":"","overlay-color":"","overlay-opacity":"","overlay-gradient":""}}},"product_brand":[],"product_cat":[395],"product_tag":[1044],"class_list":{"0":"post-8682","1":"product","2":"type-product","3":"status-publish","4":"has-post-thumbnail","6":"product_cat-peptide-anti-tumoral","7":"product_tag-puya-supply-abarelix-cas-183552-38-7-use-for-prostate-cancer-fr","8":"desktop-align-left","9":"tablet-align-left","10":"mobile-align-left","12":"first","13":"instock","14":"shipping-taxable","15":"product-type-simple"},"_links":{"self":[{"href":"https:\/\/puyapeptide.net\/fr\/wp-json\/wp\/v2\/product\/8682","targetHints":{"allow":["GET"]}}],"collection":[{"href":"https:\/\/puyapeptide.net\/fr\/wp-json\/wp\/v2\/product"}],"about":[{"href":"https:\/\/puyapeptide.net\/fr\/wp-json\/wp\/v2\/types\/product"}],"replies":[{"embeddable":true,"href":"https:\/\/puyapeptide.net\/fr\/wp-json\/wp\/v2\/comments?post=8682"}],"wp:featuredmedia":[{"embeddable":true,"href":"https:\/\/puyapeptide.net\/fr\/wp-json\/wp\/v2\/media\/2122"}],"wp:attachment":[{"href":"https:\/\/puyapeptide.net\/fr\/wp-json\/wp\/v2\/media?parent=8682"}],"wp:term":[{"taxonomy":"product_brand","embeddable":true,"href":"https:\/\/puyapeptide.net\/fr\/wp-json\/wp\/v2\/product_brand?post=8682"},{"taxonomy":"product_cat","embeddable":true,"href":"https:\/\/puyapeptide.net\/fr\/wp-json\/wp\/v2\/product_cat?post=8682"},{"taxonomy":"product_tag","embeddable":true,"href":"https:\/\/puyapeptide.net\/fr\/wp-json\/wp\/v2\/product_tag?post=8682"}],"curies":[{"name":"wp","href":"https:\/\/api.w.org\/{rel}","templated":true}]}}