{"id":8710,"date":"2021-12-17T03:00:41","date_gmt":"2021-12-17T08:00:41","guid":{"rendered":"https:\/\/puyapeptide.net\/product\/ganirelix-acetate-cas-123246-29-7-antagonistes-de-la-gonadoliberine-gnrh\/"},"modified":"2021-12-17T03:00:41","modified_gmt":"2021-12-17T08:00:41","slug":"ganirelix-acetate-cas-123246-29-7-antagonistes-de-la-gonadoliberine-gnrh","status":"publish","type":"product","link":"https:\/\/puyapeptide.net\/fr\/product\/ganirelix-acetate-cas-123246-29-7-antagonistes-de-la-gonadoliberine-gnrh\/","title":{"rendered":"Ganirelix Acetate CAS 123246-29-7 Antagonistes de la gonadolib\u00e9rine (GnRH)"},"content":{"rendered":"<h2><strong>Ganirelix Acetate CAS 123246-29-7 Antagonistes de la gonadolib\u00e9rine (GnRH)<\/strong><\/h2>\n<p>Nom du produit : Ganirelix Acetate<br \/>\nSynonymes : Ac-DNal-DCpa-DPal-Ser-Tyr-DHar(Et2)-Leu-Har(Et2)-Pro-DAla -NH2;Ganirelixum;ganirelix Acetate;GANIRELIX; Ganirelix Acetate USP\/EP\/BP<br \/>\nCAS : 123246-29-7<br \/>\nMF : C80H113ClN18O13<br \/>\nMW : 1570.34<br \/>\nEINECS :<br \/>\nCat\u00e9gories de produit : hormones<br \/>\nMol File : 123246-29 -7.mol<\/p>\n<p>L&#39;ac\u00e9tate de Ganirelix est un compos\u00e9 d\u00e9capeptide synth\u00e9tique similaire \u00e0 l&#39;hormone de lib\u00e9ration de la gonadotrophine (GnRH) endog\u00e8ne (\u00e9galement connue sous le nom d&#39;hormone de lib\u00e9ration de l&#39;hormone lut\u00e9inisante (LHRH)) et est un antagoniste de la GnRH qui antagonise de mani\u00e8re comp\u00e9titive le r\u00e9cepteur GnRH gonadotrope, mutant ainsi la voie et provoquant une inhibition rapide et r\u00e9versible de la s\u00e9cr\u00e9tion de gonadotrophine (hormone lut\u00e9inisante LH et hormone folliculostimulante FSH). L&#39;ac\u00e9tate de Ganirelix inhibe la s\u00e9cr\u00e9tion de LH par l&#39;hypophyse de mani\u00e8re plus significative que la s\u00e9cr\u00e9tion de FSH, r\u00e9duisant ainsi la production d&#39;hormones sexuelles.<\/p>\n<p> <strong>Fonction et application de l&#39;ac\u00e9tate de Ganirelix CAS 123246-29-7<\/strong><br \/>\n L&#39;ac\u00e9tate de Ganirelix est un analogue de la GnRH avec des substitutions aux r\u00e9sidus 1, 2, 3, 6, 8 et 10. Il ne s&#39;agit pas d&#39;un superagoniste mais plut\u00f4t d&#39;un d\u00e9capeptide synth\u00e9tique \u00e0 haute activit\u00e9 antagoniste et le premier antagoniste de la GnRH \u00e0 \u00eatre commercialis\u00e9. Il est approuv\u00e9 pour la suppression des pics de LH chez les femmes qui suivent un traitement de fertilit\u00e9 par hyperstimulation ovarienne\u00a0; Les pics de LH favorisent normalement l&#39;ovulation. L&#39;objectif de ce m\u00e9dicament est de r\u00e9duire consid\u00e9rablement le nombre de jours de traitement n\u00e9cessaires pour supprimer le pic de LH, maintenant ainsi les ovules dans les ovaires. Les cycles de traitement de f\u00e9condation in vitro (FIV) ont \u00e9t\u00e9 historiquement initi\u00e9s par l&#39;administration d&#39;ac\u00e9tate de leuprolide pour supprimer la lib\u00e9ration pr\u00e9matur\u00e9e de LH. Cela inhibe l&#39;ovulation afin que les ovules restent disponibles pour \u00eatre r\u00e9cup\u00e9r\u00e9s par un sp\u00e9cialiste de la fertilit\u00e9. \u00c0 cette fin, l&#39;ac\u00e9tate de leuprolide est g\u00e9n\u00e9ralement inject\u00e9 pendant 26 jours. Des \u00e9tudes cliniques ont montr\u00e9 que l&#39;ac\u00e9tate de ganirelix peut arr\u00eater la pouss\u00e9e de LH en seulement 5 jours de traitement, que la suppression de la LH est plus prononc\u00e9e que celle de la FSH et que la dur\u00e9e de traitement plus courte minimise les effets secondaires d\u00e9sagr\u00e9ables, tels que les bouff\u00e9es de chaleur et les maux de t\u00eate. .<\/p>\n<p>Il est principalement utilis\u00e9 en clinique dans les protocoles de stimulation ovarienne contr\u00f4l\u00e9e pour les femmes b\u00e9n\u00e9ficiant d&#39;une technologie de procr\u00e9ation assist\u00e9e pour pr\u00e9venir les pics pr\u00e9matur\u00e9s d&#39;hormone lut\u00e9inisante et pour le traitement des troubles de la fertilit\u00e9 caus\u00e9s par cette cause Chemicalbook. Le m\u00e9dicament a moins d&#39;effets ind\u00e9sirables, des taux de grossesse \u00e9lev\u00e9s et des cycles de traitement courts, et pr\u00e9sente des avantages cliniques significatifs par rapport \u00e0 des m\u00e9dicaments similaires.<\/p>\n","protected":false},"excerpt":{"rendered":"<p>Nom du produit : Ganirelix Acetate<br \/>\nCAS : 123246-29-7<br \/>\nMF : C80H113ClN18O13<br \/>\nMW : 1570.34<br \/>\nCat\u00e9gories de produit : hormones<br \/>\nMol File : 123246-29-7.mol<\/p>\n","protected":false},"featured_media":2101,"comment_status":"open","ping_status":"closed","template":"","meta":{"om_disable_all_campaigns":false,"_monsterinsights_skip_tracking":false,"_monsterinsights_sitenote_active":false,"_monsterinsights_sitenote_note":"","_monsterinsights_sitenote_category":0,"site-sidebar-layout":"default","site-content-layout":"default","ast-site-content-layout":"default","site-content-style":"default","site-sidebar-style":"default","ast-global-header-display":"","ast-banner-title-visibility":"","ast-main-header-display":"","ast-hfb-above-header-display":"","ast-hfb-below-header-display":"","ast-hfb-mobile-header-display":"","site-post-title":"","ast-breadcrumbs-content":"","ast-featured-img":"","footer-sml-layout":"","ast-disable-related-posts":"","theme-transparent-header-meta":"default","adv-header-id-meta":"","stick-header-meta":"","header-above-stick-meta":"","header-main-stick-meta":"","header-below-stick-meta":"","astra-migrate-meta-layouts":"default","ast-page-background-enabled":"default","ast-page-background-meta":{"desktop":{"background-color":"","background-image":"","background-repeat":"repeat","background-position":"center center","background-size":"auto","background-attachment":"scroll","background-type":"","background-media":"","overlay-type":"","overlay-color":"","overlay-opacity":"","overlay-gradient":""},"tablet":{"background-color":"","background-image":"","background-repeat":"repeat","background-position":"center center","background-size":"auto","background-attachment":"scroll","background-type":"","background-media":"","overlay-type":"","overlay-color":"","overlay-opacity":"","overlay-gradient":""},"mobile":{"background-color":"","background-image":"","background-repeat":"repeat","background-position":"center center","background-size":"auto","background-attachment":"scroll","background-type":"","background-media":"","overlay-type":"","overlay-color":"","overlay-opacity":"","overlay-gradient":""}},"ast-content-background-meta":{"desktop":{"background-color":"var(--ast-global-color-5)","background-image":"","background-repeat":"repeat","background-position":"center center","background-size":"auto","background-attachment":"scroll","background-type":"","background-media":"","overlay-type":"","overlay-color":"","overlay-opacity":"","overlay-gradient":""},"tablet":{"background-color":"var(--ast-global-color-5)","background-image":"","background-repeat":"repeat","background-position":"center center","background-size":"auto","background-attachment":"scroll","background-type":"","background-media":"","overlay-type":"","overlay-color":"","overlay-opacity":"","overlay-gradient":""},"mobile":{"background-color":"var(--ast-global-color-5)","background-image":"","background-repeat":"repeat","background-position":"center center","background-size":"auto","background-attachment":"scroll","background-type":"","background-media":"","overlay-type":"","overlay-color":"","overlay-opacity":"","overlay-gradient":""}}},"product_brand":[],"product_cat":[428],"product_tag":[1028],"class_list":{"0":"post-8710","1":"product","2":"type-product","3":"status-publish","4":"has-post-thumbnail","6":"product_cat-peptide-urogenital","7":"product_tag-ganirelix-acetate-cas-123246-29-7-gonadotropin-releasing-hormone-gnrh-antagonists-fr","8":"desktop-align-left","9":"tablet-align-left","10":"mobile-align-left","12":"first","13":"instock","14":"shipping-taxable","15":"product-type-simple"},"_links":{"self":[{"href":"https:\/\/puyapeptide.net\/fr\/wp-json\/wp\/v2\/product\/8710","targetHints":{"allow":["GET"]}}],"collection":[{"href":"https:\/\/puyapeptide.net\/fr\/wp-json\/wp\/v2\/product"}],"about":[{"href":"https:\/\/puyapeptide.net\/fr\/wp-json\/wp\/v2\/types\/product"}],"replies":[{"embeddable":true,"href":"https:\/\/puyapeptide.net\/fr\/wp-json\/wp\/v2\/comments?post=8710"}],"wp:featuredmedia":[{"embeddable":true,"href":"https:\/\/puyapeptide.net\/fr\/wp-json\/wp\/v2\/media\/2101"}],"wp:attachment":[{"href":"https:\/\/puyapeptide.net\/fr\/wp-json\/wp\/v2\/media?parent=8710"}],"wp:term":[{"taxonomy":"product_brand","embeddable":true,"href":"https:\/\/puyapeptide.net\/fr\/wp-json\/wp\/v2\/product_brand?post=8710"},{"taxonomy":"product_cat","embeddable":true,"href":"https:\/\/puyapeptide.net\/fr\/wp-json\/wp\/v2\/product_cat?post=8710"},{"taxonomy":"product_tag","embeddable":true,"href":"https:\/\/puyapeptide.net\/fr\/wp-json\/wp\/v2\/product_tag?post=8710"}],"curies":[{"name":"wp","href":"https:\/\/api.w.org\/{rel}","templated":true}]}}