{"id":8759,"date":"2021-12-17T03:03:24","date_gmt":"2021-12-17T08:03:24","guid":{"rendered":"https:\/\/puyapeptide.net\/product\/puya-supply-eptifibatide-cas-188627-80-7-inhibe-lagregation-plaquettaire-et-la-thrombose\/"},"modified":"2021-12-17T03:03:24","modified_gmt":"2021-12-17T08:03:24","slug":"puya-supply-eptifibatide-cas-188627-80-7-inhibe-lagregation-plaquettaire-et-la-thrombose","status":"publish","type":"product","link":"https:\/\/puyapeptide.net\/fr\/product\/puya-supply-eptifibatide-cas-188627-80-7-inhibe-lagregation-plaquettaire-et-la-thrombose\/","title":{"rendered":"Puya Supply Eptifibatide CAS 188627-80-7 inhibe l&#39;agr\u00e9gation plaquettaire et la thrombose"},"content":{"rendered":"<h2><strong>Puya Supply Eptifibatide CAS 188627-80-7 inhibe l&#39;agr\u00e9gation plaquettaire et la thrombose<\/strong><\/h2>\n<p>Nom du produit\u00a0: Eptifibatide<br \/>\nSynonymes\u00a0:\u00a0Sel d&#39;ac\u00e9tate d&#39;Eptifibatide\u00a0; Eptifibatide,MPA-HAR-Gly-Asp-Trp-Pro-Cys-NH2,MPAHARGDWPC-NH2, &gt;99\u00a0%\u00a0;MAP-LYS-GLY-ASP- TRP-PRO-CYS-NH2;INTEGRELIN;Eptifibatide;N6-(Aminoiminom\u00e9thyl)-N2-(3-mercapto-1-oxopropyl-L-lysylglycyl-La-aspartyl-L-tryptophyl-L-prolyl-L-cyst\u00e9inamide;MPA -HAR-GLY-ASP-TRP-PRO-CYS-NH2(PONT DISULFURE, MPA1-CYS6)\u00a0;Intrifiban<br \/>\nCAS\u00a0: 188627-80-7<br \/>\nMF\u00a0: C35H49N11O9S2<br \/>\nMW\u00a0: 831,96<br \/>\nEINECS : 641-366-7<br \/>\nCat\u00e9gories de produits : Interm\u00e9diaires et produits chimiques fins;Peptides;Pharmaceutiques<br \/>\nMol File: 188627-80-7.mol<\/p>\n<p>Eptifibatide est une sorte d&#39;hexapeptide cyclique synth\u00e9tique compos\u00e9 de 6 acides amin\u00e9s et 1 r\u00e9sidu mercaptopropionyle. Il est capable de se lier \u00e0 la glycoprot\u00e9ine r\u00e9cepteur plaquettaire (GP) IIb\/IIIa des plaquettes humaines et d&#39;inhiber l&#39;agr\u00e9gation plaquettaire, bloquant ainsi la liaison du fibrinog\u00e8ne, du facteur von Willebrand et d&#39;autres ligands adh\u00e9sifs. Il est indiqu\u00e9 pour le traitement du syndrome coronarien aigu (SCA) et coronarien percutan\u00e9 i intervention (PCI). Il est capable de r\u00e9duire le risque d&#39;\u00e9v\u00e9nements cardiaques isch\u00e9miques aigus chez les patients atteints d&#39;angor instable ou d&#39;infection myocardique sans \u00e9l\u00e9vation du segment ST. Il est souvent utilis\u00e9 en association avec de l&#39;aspirine ou du clopidogrel et de l&#39;h\u00e9parine. Il peut \u00eatre fabriqu\u00e9 par synth\u00e8se peptidique en phase solution et peut \u00eatre purifi\u00e9 par chromatographie liquide en phase inverse pr\u00e9parative et lyophilisation. <\/p>\n<p> <strong>Eptifibatide CAS 188627-80-7 Propri\u00e9t\u00e9s chimiques<\/strong><br \/>\n densit\u00e9 1,60\u00b10,1 g\/cm3 (pr\u00e9vu)<br \/>\n temp\u00e9rature de stockage. Scell\u00e9 au sec, \u00e0 conserver au cong\u00e9lateur, \u00e0 moins de -20 \u00b0C<br \/>\npka 4,01\u00b10,10 (pr\u00e9vu)<br \/>\nR\u00e9f\u00e9rence de la base de donn\u00e9es CAS 188627-80-7<\/p>\n<p> <strong>Fonction et application de l&#39;Eptifibatide CAS 188627-80- 7<\/strong><br \/>\nA Arginine-glycine-aspartat-mim\u00e9tique, se lie de mani\u00e8re r\u00e9versible aux plaquettes pour r\u00e9duire le risque d&#39;\u00e9v\u00e9nements cardiaques isch\u00e9miques.<\/p>\n","protected":false},"excerpt":{"rendered":"<p>Nom du produit : Eptifibatide<br \/>\nCAS : 188627-80-7<br \/>\nMF : C35H49N11O9S2<br \/>\nMW : 831.96<br \/>\nEINECS : 641-366-7<br \/>\nMol Dossier : 188627-80-7.mol<\/p>\n","protected":false},"featured_media":2101,"comment_status":"open","ping_status":"closed","template":"","meta":{"om_disable_all_campaigns":false,"_monsterinsights_skip_tracking":false,"_monsterinsights_sitenote_active":false,"_monsterinsights_sitenote_note":"","_monsterinsights_sitenote_category":0,"site-sidebar-layout":"default","site-content-layout":"default","ast-site-content-layout":"default","site-content-style":"default","site-sidebar-style":"default","ast-global-header-display":"","ast-banner-title-visibility":"","ast-main-header-display":"","ast-hfb-above-header-display":"","ast-hfb-below-header-display":"","ast-hfb-mobile-header-display":"","site-post-title":"","ast-breadcrumbs-content":"","ast-featured-img":"","footer-sml-layout":"","ast-disable-related-posts":"","theme-transparent-header-meta":"default","adv-header-id-meta":"","stick-header-meta":"","header-above-stick-meta":"","header-main-stick-meta":"","header-below-stick-meta":"","astra-migrate-meta-layouts":"default","ast-page-background-enabled":"default","ast-page-background-meta":{"desktop":{"background-color":"","background-image":"","background-repeat":"repeat","background-position":"center center","background-size":"auto","background-attachment":"scroll","background-type":"","background-media":"","overlay-type":"","overlay-color":"","overlay-opacity":"","overlay-gradient":""},"tablet":{"background-color":"","background-image":"","background-repeat":"repeat","background-position":"center center","background-size":"auto","background-attachment":"scroll","background-type":"","background-media":"","overlay-type":"","overlay-color":"","overlay-opacity":"","overlay-gradient":""},"mobile":{"background-color":"","background-image":"","background-repeat":"repeat","background-position":"center center","background-size":"auto","background-attachment":"scroll","background-type":"","background-media":"","overlay-type":"","overlay-color":"","overlay-opacity":"","overlay-gradient":""}},"ast-content-background-meta":{"desktop":{"background-color":"var(--ast-global-color-5)","background-image":"","background-repeat":"repeat","background-position":"center center","background-size":"auto","background-attachment":"scroll","background-type":"","background-media":"","overlay-type":"","overlay-color":"","overlay-opacity":"","overlay-gradient":""},"tablet":{"background-color":"var(--ast-global-color-5)","background-image":"","background-repeat":"repeat","background-position":"center center","background-size":"auto","background-attachment":"scroll","background-type":"","background-media":"","overlay-type":"","overlay-color":"","overlay-opacity":"","overlay-gradient":""},"mobile":{"background-color":"var(--ast-global-color-5)","background-image":"","background-repeat":"repeat","background-position":"center center","background-size":"auto","background-attachment":"scroll","background-type":"","background-media":"","overlay-type":"","overlay-color":"","overlay-opacity":"","overlay-gradient":""}}},"product_brand":[],"product_cat":[408],"product_tag":[989],"class_list":{"0":"post-8759","1":"product","2":"type-product","3":"status-publish","4":"has-post-thumbnail","6":"product_cat-sang-et-peptide-vasculaire","7":"product_tag-puya-supply-eptifibatide-cas-188627-80-7-fr","8":"desktop-align-left","9":"tablet-align-left","10":"mobile-align-left","12":"first","13":"instock","14":"shipping-taxable","15":"product-type-simple"},"_links":{"self":[{"href":"https:\/\/puyapeptide.net\/fr\/wp-json\/wp\/v2\/product\/8759","targetHints":{"allow":["GET"]}}],"collection":[{"href":"https:\/\/puyapeptide.net\/fr\/wp-json\/wp\/v2\/product"}],"about":[{"href":"https:\/\/puyapeptide.net\/fr\/wp-json\/wp\/v2\/types\/product"}],"replies":[{"embeddable":true,"href":"https:\/\/puyapeptide.net\/fr\/wp-json\/wp\/v2\/comments?post=8759"}],"wp:featuredmedia":[{"embeddable":true,"href":"https:\/\/puyapeptide.net\/fr\/wp-json\/wp\/v2\/media\/2101"}],"wp:attachment":[{"href":"https:\/\/puyapeptide.net\/fr\/wp-json\/wp\/v2\/media?parent=8759"}],"wp:term":[{"taxonomy":"product_brand","embeddable":true,"href":"https:\/\/puyapeptide.net\/fr\/wp-json\/wp\/v2\/product_brand?post=8759"},{"taxonomy":"product_cat","embeddable":true,"href":"https:\/\/puyapeptide.net\/fr\/wp-json\/wp\/v2\/product_cat?post=8759"},{"taxonomy":"product_tag","embeddable":true,"href":"https:\/\/puyapeptide.net\/fr\/wp-json\/wp\/v2\/product_tag?post=8759"}],"curies":[{"name":"wp","href":"https:\/\/api.w.org\/{rel}","templated":true}]}}