{"id":8768,"date":"2021-12-17T03:04:35","date_gmt":"2021-12-17T08:04:35","guid":{"rendered":"https:\/\/puyapeptide.net\/product\/acetate-de-haute-qualite-de-goserelin-cas-145781-92-6-utilise-pour-traiter-le-cancer-du-sein\/"},"modified":"2021-12-17T03:04:35","modified_gmt":"2021-12-17T08:04:35","slug":"acetate-de-haute-qualite-de-goserelin-cas-145781-92-6-utilise-pour-traiter-le-cancer-du-sein","status":"publish","type":"product","link":"https:\/\/puyapeptide.net\/fr\/product\/acetate-de-haute-qualite-de-goserelin-cas-145781-92-6-utilise-pour-traiter-le-cancer-du-sein\/","title":{"rendered":"Ac\u00e9tate de haute qualit\u00e9 de Goserelin CAS 145781-92-6 utilis\u00e9 pour traiter le cancer du sein"},"content":{"rendered":"<h2><strong>Ac\u00e9tate de haute qualit\u00e9 de Goserelin CAS 145781-92-6 utilis\u00e9 pour traiter le cancer du sein<\/strong><\/h2>\n<p>Nom du produit\u00a0: Ac\u00e9tate de gos\u00e9r\u00e9line<br \/>\nSynonymes\u00a0: PYR-HIS-TRP-SER-TYR-D-SER(TBU)-LEU-ARG-PRO-AZAGLY-NH2;[(T-BU)DSER6, (AZA )GLY10]-LH-RH;[(T-BU)DSER6, (AZA)GLY10]-HORMONE LUTEINISATION LIB\u00c9RANT;ICI-118630 ac\u00e9tate;GOSERELIN HCL[PYR-HIS-TRP-SER-TYR-D-SER( T-BU)-LEU-ARG-PRO-AZAGLY-NH2];1-9-Facteur de lib\u00e9ration de l&#39;hormone lut\u00e9inisante (porc), 6-(o-(1,1-dim\u00e9thyl\u00e9thyl)-D-s\u00e9rine)-, 2- (aminocarbonyl)hydrazide, ac\u00e9tate (sel);Fertilan;GLP-HIS-TRP-SER-TYR-D-SER(TBU)-LEU-ARG-PRO-AZA-GLY-NH2<br \/>\nCAS: 145781-92-6<br \/>\nMF\u00a0: C59H84N18O14<br \/>\nMW\u00a0: 1269.41<br \/>\nEINECS\u00a0: 652-995-1<br \/>\nCat\u00e9gories de produits\u00a0: Peptide;Pepetides;Amino Acid Derivatives;Intermediates &amp; Fine Chemicals;Peptides;Pharmaceuticals<br \/>\nMol File\u00a0: 145781-92-6.mol<\/p>\n<p>L&#39;ac\u00e9tate de gos\u00e9r\u00e9line, comme l&#39;ac\u00e9tate de leuprolide, est un analogue nonapeptide superagoniste synth\u00e9tique de la GnRH qui poss\u00e8de une plus grande puissance que l&#39;hormone naturelle. Notez qu&#39;il contient D-Ser(But) et NH-NHCONH2 \u00e0 la place de Gly6 et Gly10-NH2, respectivement. C&#39;est-\u00e0-dire que la modification C-terminale a simplement un NH se substituant au CH2 de Gly, et comme le changement C-terminal de l&#39;ac\u00e9tate de leuprolide, cela inhibe la d\u00e9gradation enzymatique du peptide par la postproline carboxyamide peptidase.<br \/>\nL&#39;ac\u00e9tate de gos\u00e9r\u00e9line est disponible dans sous la forme d&#39;une petite pastille solide qui est administr\u00e9e comme implant SC pour le traitement palliatif du cancer du sein m\u00e9tastatique avanc\u00e9 chez les femmes pr\u00e9m\u00e9nopaus\u00e9es et p\u00e9rim\u00e9nopaus\u00e9es ou, de la m\u00eame mani\u00e8re, comme palliatif dans le cancer avanc\u00e9 de la prostate. La justification de l&#39;utilisation de ce m\u00e9dicament est, comme d\u00e9crit ci-dessus, sa capacit\u00e9 en tant que superagoniste \u00e0 amener les niveaux d&#39;\u0153stradiol ou de testost\u00e9rone \u00e0 des niveaux proches de la castration, ralentissant ainsi la progression du carcinome du sein ou de la prostate, respectivement. De plus, l&#39;ac\u00e9tate de gos\u00e9r\u00e9line est approuv\u00e9 pour une utilisation dans le traitement de l&#39;endom\u00e9triose jusqu&#39;\u00e0 6 mois.<\/p>\n<p> <strong>Ac\u00e9tate de gos\u00e9r\u00e9line CAS 145781-92-6 Propri\u00e9t\u00e9s chimiques<\/strong><br \/>\nPoint de fusion &gt;190\u00b0C (d\u00e9c.)<br \/>\nstockage temp. -20\u00b0C<br \/>\nsolubilit\u00e9 H2O : 20 mg\/mL, limpide, incolore<br \/>\nforme poudre blanche<br \/>\nInChIKey IKDXDQDKCZPQSZ-JHYYTBFNSA-N<br \/>\nCAS DataBase Reference 145781-92-6<\/p>\n<p> <strong>Fonction et application Ac\u00e9tate de gos\u00e9r\u00e9line CAS 145781-92-6<\/strong><br \/>\n1. Anticancer<br \/>\n2. activit\u00e9 antiprolif\u00e9rative de l&#39;hormone de lib\u00e9ration des gonadotrophines injectable (agoniste de la GnRH) ou de l&#39;hormone lut\u00e9inisante dans les cancers du sein, de la prostate et de l&#39;endom\u00e8tre<br \/>\n3. Analogue d&#39;agoniste peptidique synth\u00e9tique de LH-RH. Antin\u00e9oplasique (hormonal).<\/p>\n","protected":false},"excerpt":{"rendered":"<p>Nom du produit : Ac\u00e9tate de gos\u00e9r\u00e9line<br \/>\nCAS : 145781-92-6<br \/>\nMF : C59H84N18O14<br \/>\nMW : 1269.41<br \/>\nEINECS : 652-995-1<br \/>\nMol Dossier : 145781-92-6.mol<\/p>\n","protected":false},"featured_media":2206,"comment_status":"open","ping_status":"closed","template":"","meta":{"om_disable_all_campaigns":false,"_monsterinsights_skip_tracking":false,"_monsterinsights_sitenote_active":false,"_monsterinsights_sitenote_note":"","_monsterinsights_sitenote_category":0,"site-sidebar-layout":"default","site-content-layout":"default","ast-site-content-layout":"default","site-content-style":"default","site-sidebar-style":"default","ast-global-header-display":"","ast-banner-title-visibility":"","ast-main-header-display":"","ast-hfb-above-header-display":"","ast-hfb-below-header-display":"","ast-hfb-mobile-header-display":"","site-post-title":"","ast-breadcrumbs-content":"","ast-featured-img":"","footer-sml-layout":"","ast-disable-related-posts":"","theme-transparent-header-meta":"default","adv-header-id-meta":"","stick-header-meta":"","header-above-stick-meta":"","header-main-stick-meta":"","header-below-stick-meta":"","astra-migrate-meta-layouts":"default","ast-page-background-enabled":"default","ast-page-background-meta":{"desktop":{"background-color":"","background-image":"","background-repeat":"repeat","background-position":"center center","background-size":"auto","background-attachment":"scroll","background-type":"","background-media":"","overlay-type":"","overlay-color":"","overlay-opacity":"","overlay-gradient":""},"tablet":{"background-color":"","background-image":"","background-repeat":"repeat","background-position":"center center","background-size":"auto","background-attachment":"scroll","background-type":"","background-media":"","overlay-type":"","overlay-color":"","overlay-opacity":"","overlay-gradient":""},"mobile":{"background-color":"","background-image":"","background-repeat":"repeat","background-position":"center center","background-size":"auto","background-attachment":"scroll","background-type":"","background-media":"","overlay-type":"","overlay-color":"","overlay-opacity":"","overlay-gradient":""}},"ast-content-background-meta":{"desktop":{"background-color":"var(--ast-global-color-5)","background-image":"","background-repeat":"repeat","background-position":"center center","background-size":"auto","background-attachment":"scroll","background-type":"","background-media":"","overlay-type":"","overlay-color":"","overlay-opacity":"","overlay-gradient":""},"tablet":{"background-color":"var(--ast-global-color-5)","background-image":"","background-repeat":"repeat","background-position":"center center","background-size":"auto","background-attachment":"scroll","background-type":"","background-media":"","overlay-type":"","overlay-color":"","overlay-opacity":"","overlay-gradient":""},"mobile":{"background-color":"var(--ast-global-color-5)","background-image":"","background-repeat":"repeat","background-position":"center center","background-size":"auto","background-attachment":"scroll","background-type":"","background-media":"","overlay-type":"","overlay-color":"","overlay-opacity":"","overlay-gradient":""}}},"product_brand":[],"product_cat":[395],"product_tag":[954],"class_list":{"0":"post-8768","1":"product","2":"type-product","3":"status-publish","4":"has-post-thumbnail","6":"product_cat-peptide-anti-tumoral","7":"product_tag-goserelin-acetate-cas-145781-92-6-used-for-treat-breast-cancer-fr","8":"desktop-align-left","9":"tablet-align-left","10":"mobile-align-left","12":"first","13":"instock","14":"shipping-taxable","15":"product-type-simple"},"_links":{"self":[{"href":"https:\/\/puyapeptide.net\/fr\/wp-json\/wp\/v2\/product\/8768","targetHints":{"allow":["GET"]}}],"collection":[{"href":"https:\/\/puyapeptide.net\/fr\/wp-json\/wp\/v2\/product"}],"about":[{"href":"https:\/\/puyapeptide.net\/fr\/wp-json\/wp\/v2\/types\/product"}],"replies":[{"embeddable":true,"href":"https:\/\/puyapeptide.net\/fr\/wp-json\/wp\/v2\/comments?post=8768"}],"wp:featuredmedia":[{"embeddable":true,"href":"https:\/\/puyapeptide.net\/fr\/wp-json\/wp\/v2\/media\/2206"}],"wp:attachment":[{"href":"https:\/\/puyapeptide.net\/fr\/wp-json\/wp\/v2\/media?parent=8768"}],"wp:term":[{"taxonomy":"product_brand","embeddable":true,"href":"https:\/\/puyapeptide.net\/fr\/wp-json\/wp\/v2\/product_brand?post=8768"},{"taxonomy":"product_cat","embeddable":true,"href":"https:\/\/puyapeptide.net\/fr\/wp-json\/wp\/v2\/product_cat?post=8768"},{"taxonomy":"product_tag","embeddable":true,"href":"https:\/\/puyapeptide.net\/fr\/wp-json\/wp\/v2\/product_tag?post=8768"}],"curies":[{"name":"wp","href":"https:\/\/api.w.org\/{rel}","templated":true}]}}