{"id":8859,"date":"2021-12-17T03:09:57","date_gmt":"2021-12-17T08:09:57","guid":{"rendered":"https:\/\/puyapeptide.net\/product\/acetate-de-haute-qualite-de-terlipressin-cas-14636-12-5-pour-traiter-le-saignement-variqueux-aigu\/"},"modified":"2021-12-17T03:09:57","modified_gmt":"2021-12-17T08:09:57","slug":"acetate-de-haute-qualite-de-terlipressin-cas-14636-12-5-pour-traiter-le-saignement-variqueux-aigu","status":"publish","type":"product","link":"https:\/\/puyapeptide.net\/fr\/product\/acetate-de-haute-qualite-de-terlipressin-cas-14636-12-5-pour-traiter-le-saignement-variqueux-aigu\/","title":{"rendered":"Ac\u00e9tate de haute qualit\u00e9 de Terlipressin CAS 14636-12-5 pour traiter le saignement variqueux aigu"},"content":{"rendered":"<h2><strong>Ac\u00e9tate de haute qualit\u00e9 de Terlipressin CAS 14636-12-5 pour traiter le saignement variqueux aigu<\/strong><\/h2>\n<p>Nom du produit\u00a0: N-(N-(N-Glycylglycyl)glycyl)-8-L-lysinevasopressine<br \/>\nSynonymes\u00a0: [N-\u03b1-Triglycyl-8-lysine]-vasopressin\u00a0;130\u00a0: PN\u00a0: WO2010033207 SEQID\u00a0: 171 prot\u00e9ine revendiqu\u00e9e\u00a0;1-triglycyl-8-lysine vasopressine\u00a0;N\u03b1-glycyl-glycyl-glycyl-[8-lysine]-vasopressine\u00a0;N\u03b1-glycyl-glycyl-glycyl-lysine-vasopressine\u00a0;N\u03b1-glycylglycylglycyl-vasopressine\u00a0;N\u03b1-Gly -Gly-Gly-8-Lys-vasopressin;Terlipressine, Terlipressine, Terlipressina, Terlipressinum<br \/>\nCAS : 14636-12-5<br \/>\nMF : C52H74N16O15S2<br \/>\nMW : 1227.37<br \/>\nEINECS : 238-680-8<br \/>\nCat\u00e9gories de produits : hormones;Peptide;D\u00e9riv\u00e9s d&#39;acides amin\u00e9s<br \/>\nMol File: 14636-12-5.mol<\/p>\n<p>Le nom chimique de la terlipressine est la triglycylamide lysine dans la suline, qui est un nouveau type de produit synth\u00e9tique pr\u00e9paration angiog\u00e9nique \u00e0 action prolong\u00e9e. C&#39;est un prom\u00e9dicament, qui est inactif par lui-m\u00eame. Apr\u00e8s avoir \u00e9limin\u00e9 les 3 r\u00e9sidus de substitution de la glycine \u00e0 son N-terminal, il &quot;lib\u00e8re&quot; lentement la lysine active plus Par cons\u00e9quent, la terlipressine est \u00e9quivalente \u00e0 un r\u00e9servoir qui peut lib\u00e9rer la lysine vasopressine \u00e0 un taux stable.<\/p>\n<p> <strong>Propri\u00e9t\u00e9s chimiques de l&#39;ac\u00e9tate de terlipressine CAS 14636-12-5<\/strong><br \/>\nPoint d&#39;\u00e9bullition 1824,0\u00b165,0 \u00b0C (pr\u00e9dit)<br \/>\ndensit\u00e9 1,46\u00b10,1 g\/cm3 (pr\u00e9dit)<br \/>\ntemp\u00e9rature de stockage. Conserver dans un endroit sombre,Atmosph\u00e8re inerte,Conserver au cong\u00e9lateur, \u00e0 moins de -20\u00b0C<br \/>\npka 9,90\u00b10,15(Pr\u00e9vu)<br \/>\nCAS DataBase Reference 14636-12-5(CAS DataBase Reference)<\/p>\n<p> <strong>Fonction Et l&#39;application de l&#39;ac\u00e9tate de Terlipressin CAS 14636-12-5<\/strong><br \/>\n N-(N-(N-Glycylglycyl)glycyl)-8-L-lysinevasopressin est un analogue de la vasopressine utilis\u00e9 comme m\u00e9dicament vasoactif dans la gestion de l&#39;hypotension. La N-(N-(N-glycylglycyl)glycyl)-8-L-lysinevasopressine est utilis\u00e9e pour le choc septique r\u00e9sistant \u00e0 la noradr\u00e9naline et le syndrome h\u00e9pator\u00e9nal. La N-(N-(N-glycylglycyl)glycyl)-8-L-lysinevasopressine est \u00e9galement utilis\u00e9e dans le traitement des saignements variqueux aigus.<\/p>\n","protected":false},"excerpt":{"rendered":"<p>Nom du produit : N-(N-(N-Glycylglycyl)glycyl)-8-L-lysinevasopressine<br \/>\nCAS : 14636-12-5<br \/>\nMF : C52H74N16O15S2<br \/>\nMW : 1227.37<br \/>\nEINECS : 238- 680-8<br \/>\nCat\u00e9gories de produits\u00a0: hormones\u00a0;Peptide\u00a0;D\u00e9riv\u00e9s d&#39;acides amin\u00e9s<br \/>\nMol Fichier\u00a0: 14636-12-5.mol<\/p>\n","protected":false},"featured_media":2290,"comment_status":"open","ping_status":"closed","template":"","meta":{"om_disable_all_campaigns":false,"_monsterinsights_skip_tracking":false,"_monsterinsights_sitenote_active":false,"_monsterinsights_sitenote_note":"","_monsterinsights_sitenote_category":0,"site-sidebar-layout":"default","site-content-layout":"default","ast-site-content-layout":"default","site-content-style":"default","site-sidebar-style":"default","ast-global-header-display":"","ast-banner-title-visibility":"","ast-main-header-display":"","ast-hfb-above-header-display":"","ast-hfb-below-header-display":"","ast-hfb-mobile-header-display":"","site-post-title":"","ast-breadcrumbs-content":"","ast-featured-img":"","footer-sml-layout":"","ast-disable-related-posts":"","theme-transparent-header-meta":"default","adv-header-id-meta":"","stick-header-meta":"","header-above-stick-meta":"","header-main-stick-meta":"","header-below-stick-meta":"","astra-migrate-meta-layouts":"default","ast-page-background-enabled":"default","ast-page-background-meta":{"desktop":{"background-color":"","background-image":"","background-repeat":"repeat","background-position":"center center","background-size":"auto","background-attachment":"scroll","background-type":"","background-media":"","overlay-type":"","overlay-color":"","overlay-opacity":"","overlay-gradient":""},"tablet":{"background-color":"","background-image":"","background-repeat":"repeat","background-position":"center center","background-size":"auto","background-attachment":"scroll","background-type":"","background-media":"","overlay-type":"","overlay-color":"","overlay-opacity":"","overlay-gradient":""},"mobile":{"background-color":"","background-image":"","background-repeat":"repeat","background-position":"center center","background-size":"auto","background-attachment":"scroll","background-type":"","background-media":"","overlay-type":"","overlay-color":"","overlay-opacity":"","overlay-gradient":""}},"ast-content-background-meta":{"desktop":{"background-color":"var(--ast-global-color-5)","background-image":"","background-repeat":"repeat","background-position":"center center","background-size":"auto","background-attachment":"scroll","background-type":"","background-media":"","overlay-type":"","overlay-color":"","overlay-opacity":"","overlay-gradient":""},"tablet":{"background-color":"var(--ast-global-color-5)","background-image":"","background-repeat":"repeat","background-position":"center center","background-size":"auto","background-attachment":"scroll","background-type":"","background-media":"","overlay-type":"","overlay-color":"","overlay-opacity":"","overlay-gradient":""},"mobile":{"background-color":"var(--ast-global-color-5)","background-image":"","background-repeat":"repeat","background-position":"center center","background-size":"auto","background-attachment":"scroll","background-type":"","background-media":"","overlay-type":"","overlay-color":"","overlay-opacity":"","overlay-gradient":""}}},"product_brand":[],"product_cat":[408],"product_tag":[870],"class_list":{"0":"post-8859","1":"product","2":"type-product","3":"status-publish","4":"has-post-thumbnail","6":"product_cat-sang-et-peptide-vasculaire","7":"product_tag-terlipressin-acetate-cas-14636-12-5-for-treat-acute-variceal-bleeding-fr","8":"desktop-align-left","9":"tablet-align-left","10":"mobile-align-left","12":"first","13":"instock","14":"shipping-taxable","15":"product-type-simple"},"_links":{"self":[{"href":"https:\/\/puyapeptide.net\/fr\/wp-json\/wp\/v2\/product\/8859","targetHints":{"allow":["GET"]}}],"collection":[{"href":"https:\/\/puyapeptide.net\/fr\/wp-json\/wp\/v2\/product"}],"about":[{"href":"https:\/\/puyapeptide.net\/fr\/wp-json\/wp\/v2\/types\/product"}],"replies":[{"embeddable":true,"href":"https:\/\/puyapeptide.net\/fr\/wp-json\/wp\/v2\/comments?post=8859"}],"wp:featuredmedia":[{"embeddable":true,"href":"https:\/\/puyapeptide.net\/fr\/wp-json\/wp\/v2\/media\/2290"}],"wp:attachment":[{"href":"https:\/\/puyapeptide.net\/fr\/wp-json\/wp\/v2\/media?parent=8859"}],"wp:term":[{"taxonomy":"product_brand","embeddable":true,"href":"https:\/\/puyapeptide.net\/fr\/wp-json\/wp\/v2\/product_brand?post=8859"},{"taxonomy":"product_cat","embeddable":true,"href":"https:\/\/puyapeptide.net\/fr\/wp-json\/wp\/v2\/product_cat?post=8859"},{"taxonomy":"product_tag","embeddable":true,"href":"https:\/\/puyapeptide.net\/fr\/wp-json\/wp\/v2\/product_tag?post=8859"}],"curies":[{"name":"wp","href":"https:\/\/api.w.org\/{rel}","templated":true}]}}