{"id":8895,"date":"2021-12-17T03:12:12","date_gmt":"2021-12-17T08:12:12","guid":{"rendered":"https:\/\/puyapeptide.net\/product\/octreotide-de-qualite-superieure-cas-79517-01-4-pour-sandostatine-antisecretoire-anti-cancereuse-inhibant-la-croissance\/"},"modified":"2021-12-17T03:12:12","modified_gmt":"2021-12-17T08:12:12","slug":"octreotide-de-qualite-superieure-cas-79517-01-4-pour-sandostatine-antisecretoire-anti-cancereuse-inhibant-la-croissance","status":"publish","type":"product","link":"https:\/\/puyapeptide.net\/fr\/product\/octreotide-de-qualite-superieure-cas-79517-01-4-pour-sandostatine-antisecretoire-anti-cancereuse-inhibant-la-croissance\/","title":{"rendered":"Octr\u00e9otide de qualit\u00e9 sup\u00e9rieure CAS 79517-01-4 pour Sandostatine antis\u00e9cr\u00e9toire anti-canc\u00e9reuse inhibant la croissance"},"content":{"rendered":"<h2><strong>Octr\u00e9otide de qualit\u00e9 sup\u00e9rieure CAS 79517-01-4 pour Sandostatine antis\u00e9cr\u00e9toire anti-canc\u00e9reuse inhibant la croissance<\/strong><\/h2>\n<p>Nom du produit\u00a0: octr\u00e9otide<br \/>\nSynonymes\u00a0: SANDOSTATIN;SMS-201-995;[r-(r*,r*)]-d-ph\u00e9nylalanyl-l-cyst\u00e9inyl-l-ph\u00e9nylalanyl-d-tryptophyll-l- lysyl-l-thr\u00e9onyl-n-[2-hydroxy-1-(hydroxy-m\u00e9thyl)propyl]-cyst\u00e9inamide cyclique(2-&gt;7)-disulfure;OCTREOTIDE;OCTREOTIDE (SMS 201-995), ACETATE;cyclique(2- 7)-disulfure,(rl-thr\u00e9onyl-n-(2-hydroxy-1-(hydroxym\u00e9thyl)propyle);Octr\u00e9otide (D-Phe5,Cys6\u00b711,D-Trp8,L-Thr\u00e9oninol12)-SoMatostatine-14 (5- 12), SMS-201-995;D-Ph\u00e9nylalanyl-L-cyst\u00e9inyl-L-ph\u00e9nylalanyl-D-tryptophyl-L-lysyl-L-thr\u00e9onyl-N-[(1R,2R)-2-hydroxy-1-(hydroxyM\u00e9thyl )propyl]-<br \/>\nCAS\u00a0: 79517-01-4<br \/>\nMF\u00a0: C51H70N10O12S2<br \/>\nMW\u00a0: 1079.3<br \/>\nEINECS\u00a0: 616-695-4<br \/>\nCat\u00e9gories de produits\u00a0: peptide;R\u00e9cepteur de la somatostatine\u00a0;D\u00e9riv\u00e9s d&#39;acides amin\u00e9s ;Interm\u00e9diaires et produits chimiques fins;Peptides;Pharmaceutiques<br \/>\nMol File: 79517-01-4.mol<\/p>\n<p>L&#39;octr\u00e9otide est un compos\u00e9 cyclique synth\u00e9tique de 8 peptides utilis\u00e9 dans le syst\u00e8me digestif. C&#39;est un homologue de la somatostatine naturelle. Il a l&#39;activit\u00e9 pharmacologique de la somatostatine naturelle et un effet durable (le demi-li fe de ce produit est de 1,5 heures, tandis que la somatostatine naturelle est de 2-3 minutes). Ce produit peut inhiber s\u00e9lectivement la s\u00e9cr\u00e9tion d&#39;hormone de croissance, de glucagon et d&#39;insuline, qui est plus forte que la somatostatine naturelle.<\/p>\n<p> <strong>Fonction et application de Octr\u00e9otide CAS 79517-01-4<\/strong><br \/>\n1. Analogue octapeptide de la somatostatine. Un agent antis\u00e9cr\u00e9toire gastrique. Utilis\u00e9 dans le traitement de l&#39;acrom\u00e9galie<br \/>\n2. hormone naturelle somatostatine<br \/>\n3. L&#39;ac\u00e9tate d&#39;octr\u00e9otide USP (Sandostatine) est utilis\u00e9 pour traiter les tumeurs carcino\u00efdes mestastatiques; tumeurs intestinales vasoactives s\u00e9cr\u00e9trices de peptides.<\/p>\n<p>L&#39;octr\u00e9otide est un m\u00e9dicament utilis\u00e9 pour traiter la diarrh\u00e9e et les rougeurs cutan\u00e9es caus\u00e9es par certains types de cancer.<\/p>\n","protected":false},"excerpt":{"rendered":"<p>Nom du produit : Octr\u00e9otide<br \/>\nCAS : 79517-01-4<br \/>\nMF : C51H70N10O12S2<br \/>\nMW : 1079.3<br \/>\nEINECS : 616-695-4<\/p>\n","protected":false},"featured_media":2269,"comment_status":"open","ping_status":"closed","template":"","meta":{"om_disable_all_campaigns":false,"_monsterinsights_skip_tracking":false,"_monsterinsights_sitenote_active":false,"_monsterinsights_sitenote_note":"","_monsterinsights_sitenote_category":0,"site-sidebar-layout":"default","site-content-layout":"default","ast-site-content-layout":"default","site-content-style":"default","site-sidebar-style":"default","ast-global-header-display":"","ast-banner-title-visibility":"","ast-main-header-display":"","ast-hfb-above-header-display":"","ast-hfb-below-header-display":"","ast-hfb-mobile-header-display":"","site-post-title":"","ast-breadcrumbs-content":"","ast-featured-img":"","footer-sml-layout":"","ast-disable-related-posts":"","theme-transparent-header-meta":"default","adv-header-id-meta":"","stick-header-meta":"","header-above-stick-meta":"","header-main-stick-meta":"","header-below-stick-meta":"","astra-migrate-meta-layouts":"default","ast-page-background-enabled":"default","ast-page-background-meta":{"desktop":{"background-color":"","background-image":"","background-repeat":"repeat","background-position":"center center","background-size":"auto","background-attachment":"scroll","background-type":"","background-media":"","overlay-type":"","overlay-color":"","overlay-opacity":"","overlay-gradient":""},"tablet":{"background-color":"","background-image":"","background-repeat":"repeat","background-position":"center center","background-size":"auto","background-attachment":"scroll","background-type":"","background-media":"","overlay-type":"","overlay-color":"","overlay-opacity":"","overlay-gradient":""},"mobile":{"background-color":"","background-image":"","background-repeat":"repeat","background-position":"center center","background-size":"auto","background-attachment":"scroll","background-type":"","background-media":"","overlay-type":"","overlay-color":"","overlay-opacity":"","overlay-gradient":""}},"ast-content-background-meta":{"desktop":{"background-color":"var(--ast-global-color-5)","background-image":"","background-repeat":"repeat","background-position":"center center","background-size":"auto","background-attachment":"scroll","background-type":"","background-media":"","overlay-type":"","overlay-color":"","overlay-opacity":"","overlay-gradient":""},"tablet":{"background-color":"var(--ast-global-color-5)","background-image":"","background-repeat":"repeat","background-position":"center center","background-size":"auto","background-attachment":"scroll","background-type":"","background-media":"","overlay-type":"","overlay-color":"","overlay-opacity":"","overlay-gradient":""},"mobile":{"background-color":"var(--ast-global-color-5)","background-image":"","background-repeat":"repeat","background-position":"center center","background-size":"auto","background-attachment":"scroll","background-type":"","background-media":"","overlay-type":"","overlay-color":"","overlay-opacity":"","overlay-gradient":""}}},"product_brand":[],"product_cat":[395],"product_tag":[862],"class_list":{"0":"post-8895","1":"product","2":"type-product","3":"status-publish","4":"has-post-thumbnail","6":"product_cat-peptide-anti-tumoral","7":"product_tag-top-quality-octreotide-cas-79517-01-4-for-anticancer-growth-inhibiting-fr","8":"desktop-align-left","9":"tablet-align-left","10":"mobile-align-left","12":"first","13":"instock","14":"shipping-taxable","15":"product-type-simple"},"_links":{"self":[{"href":"https:\/\/puyapeptide.net\/fr\/wp-json\/wp\/v2\/product\/8895","targetHints":{"allow":["GET"]}}],"collection":[{"href":"https:\/\/puyapeptide.net\/fr\/wp-json\/wp\/v2\/product"}],"about":[{"href":"https:\/\/puyapeptide.net\/fr\/wp-json\/wp\/v2\/types\/product"}],"replies":[{"embeddable":true,"href":"https:\/\/puyapeptide.net\/fr\/wp-json\/wp\/v2\/comments?post=8895"}],"wp:featuredmedia":[{"embeddable":true,"href":"https:\/\/puyapeptide.net\/fr\/wp-json\/wp\/v2\/media\/2269"}],"wp:attachment":[{"href":"https:\/\/puyapeptide.net\/fr\/wp-json\/wp\/v2\/media?parent=8895"}],"wp:term":[{"taxonomy":"product_brand","embeddable":true,"href":"https:\/\/puyapeptide.net\/fr\/wp-json\/wp\/v2\/product_brand?post=8895"},{"taxonomy":"product_cat","embeddable":true,"href":"https:\/\/puyapeptide.net\/fr\/wp-json\/wp\/v2\/product_cat?post=8895"},{"taxonomy":"product_tag","embeddable":true,"href":"https:\/\/puyapeptide.net\/fr\/wp-json\/wp\/v2\/product_tag?post=8895"}],"curies":[{"name":"wp","href":"https:\/\/api.w.org\/{rel}","templated":true}]}}