{"id":5752,"date":"2021-12-16T03:43:05","date_gmt":"2021-12-16T08:43:05","guid":{"rendered":"https:\/\/puyapeptide.net\/termini-di-servizio\/"},"modified":"2022-07-09T11:30:49","modified_gmt":"2022-07-09T15:30:49","slug":"termini-di-servizio","status":"publish","type":"page","link":"https:\/\/puyapeptide.net\/it\/termini-di-servizio\/","title":{"rendered":"Termini di servizio"},"content":{"rendered":"\t\t<div data-elementor-type=\"wp-page\" data-elementor-id=\"5752\" class=\"elementor elementor-5752\">\n\t\t\t\t\t\t<section class=\"elementor-section elementor-top-section elementor-element elementor-element-11542c42 elementor-section-boxed elementor-section-height-default elementor-section-height-default\" data-id=\"11542c42\" data-element_type=\"section\" data-e-type=\"section\">\n\t\t\t\t\t\t<div class=\"elementor-container elementor-column-gap-default\">\n\t\t\t\t\t<div class=\"elementor-column elementor-col-100 elementor-top-column elementor-element elementor-element-2c981488\" data-id=\"2c981488\" data-element_type=\"column\" data-e-type=\"column\">\n\t\t\t<div class=\"elementor-widget-wrap elementor-element-populated\">\n\t\t\t\t\t\t<div class=\"elementor-element elementor-element-1d3c05d5 elementor-widget elementor-widget-text-editor\" data-id=\"1d3c05d5\" data-element_type=\"widget\" data-e-type=\"widget\" data-widget_type=\"text-editor.default\">\n\t\t\t\t<div class=\"elementor-widget-container\">\n\t\t\t\t\t\t\t\t\t<\/p>\n<h3>Panoramica<\/h3>\n<\/p>\n<p> Questo sito Web \u00e8 gestito da puyapeptide.net per offrire un servizio di vendita online.<\/p>\n<p> In tutto il sito, i termini &quot;noi&quot;, &quot;ci&quot; e &quot;nostro&quot; si riferiscono a <span style=\"color: var(--ast-global-color-3); font-size: 1rem;\">puyapeptide.net<\/span><\/p>\n<p> Offriamo questo negozio online puyapeptide.net, comprese tutte le informazioni, gli strumenti e i servizi disponibili da questo sito a te, l&#39;utente, a condizione che tu accetti tutti i termini, le condizioni, le politiche e gli avvisi qui indicati.<\/p>\n<p> Visitando il nostro sito e\/o acquistando qualcosa da noi, ti impegni nel nostro &quot;Servizio&quot; e accetti di essere vincolato dai seguenti termini e condizioni (&quot;Termini di servizio&quot;), inclusi questi termini e condizioni e politiche aggiuntivi.<\/p>\n<p> Ci riserviamo il diritto di aggiornare, modificare o sostituire qualsiasi parte di questi Termini di servizio pubblicando aggiornamenti eo modifiche al nostro sito Web.<br \/> <strong>SEZIONE 1 \u2013 puyapeptide.net TERMINI<\/strong><\/p>\n<p> Accettando questi Termini di servizio, non puoi utilizzare i nostri prodotti per scopi illegali o non autorizzati n\u00e9 puoi, nell&#39;uso del Servizio, violare le leggi nella tua giurisdizione (incluse ma non limitate alle leggi sul copyright).<\/p>\n<p> <strong>SEZIONE 2 \u2013 CONDIZIONI GENERALI<\/strong><\/p>\n<p> Comprendi che i tuoi contenuti (escluse le informazioni sulla carta di credito), possono essere trasferiti non crittografati e comportare (a) trasmissioni su varie reti; e (b) modifiche per conformarsi e adattarsi ai requisiti tecnici delle reti o dei dispositivi di connessione. Come commenti sui nostri blog.<\/p>\n<p> (Le informazioni sulla carta di credito sono sempre crittografate durante il trasferimento su reti.)<\/p>\n<p> <strong>SEZIONE 3 \u2013 MODIFICHE AL SERVIZIO E PREZZI<\/strong><\/p>\n<p> I prezzi dei nostri prodotti sono soggetti a modifiche senza preavviso.<\/p>\n<p> Ci riserviamo il diritto in qualsiasi momento di modificare il Servizio (o qualsiasi parte o contenuto di esso) senza preavviso in qualsiasi momento.<\/p>\n<p> <strong>SEZIONE 4 \u2013 PRODOTTI O SERVIZI (se applicabile)<\/strong><\/p>\n<p> Abbiamo fatto ogni sforzo per visualizzare nel modo pi\u00f9 accurato possibile i colori e le immagini dei nostri prodotti che appaiono nel negozio. Non possiamo garantire che la visualizzazione di qualsiasi colore sul monitor del tuo computer sia accurata.<\/p>\n<p> Ci riserviamo il diritto, ma non siamo obbligati, di limitare le vendite dei nostri prodotti o Servizi a qualsiasi persona, regione geografica o giurisdizione. Possiamo esercitare questo diritto caso per caso. Ci riserviamo il diritto di limitare le quantit\u00e0 di qualsiasi prodotto o servizio che offriamo.<\/p>\n<p> Non garantiamo che la qualit\u00e0 di qualsiasi prodotto, servizio, informazione o altro materiale acquistato o ottenuto dall&#39;utente soddisfer\u00e0 le sue aspettative al 100% o che eventuali errori nel Servizio verranno corretti.<\/p>\n<p> <strong>SEZIONE 5 \u2013 PRECISIONE DELLE INFORMAZIONI DI FATTURAZIONE E CONTO<\/strong><\/p>\n<p> Ci riserviamo il diritto di rifiutare qualsiasi ordine effettuato con noi. Possiamo, a nostra esclusiva discrezione, limitare o annullare le quantit\u00e0 acquistate per persona, per nucleo familiare o per ordine. Queste restrizioni possono includere ordini effettuati da o con lo stesso account cliente, la stessa carta di credito eo ordini che utilizzano lo stesso indirizzo di fatturazione e\/o spedizione. Nel caso in cui apportiamo una modifica o annulliamo un ordine, potremmo tentare di avvisarti contattando l&#39;e-mail eo il numero di telefono dell&#39;indirizzo di fatturazione fornito al momento dell&#39;effettuazione dell&#39;ordine.<\/p>\n<p> Accetti di fornire informazioni aggiornate, complete e accurate sull&#39;acquisto e sull&#39;account per tutti gli acquisti effettuati nel nostro negozio. Accetti di aggiornare tempestivamente il tuo account e altre informazioni, inclusi il tuo indirizzo e-mail e i numeri di carta di credito e le date di scadenza, in modo che possiamo completare le tue transazioni e contattarti secondo necessit\u00e0<\/p>\n<p> <strong>SEZIONE 6 \u2013 COLLEGAMENTI DI TERZE PARTI<\/strong><\/p>\n<p> Alcuni contenuti, prodotti e servizi disponibili tramite il nostro Servizio possono includere materiali di terze parti.<\/p>\n<p> I contenuti di terze parti saranno per lo pi\u00f9 collegati ai nostri social media, sui quali vengono pubblicate informazioni pi\u00f9 dettagliate. dei nostri prodotti puyapeptide.net e per lo pi\u00f9 sono affidabili.<\/p>\n<p> <strong>SEZIONE 9 \u2013 COMMENTI DEGLI UTENTI, FEEDBACK E ALTRI CONTRIBUTI<\/strong><\/p>\n<p> Se, su nostra richiesta, invii determinati invii specifici (ad esempio iscrizioni a un concorso) o senza una nostra richiesta, invii idee creative, suggerimenti, proposte, progetti o altro materiale, online, via e-mail, posta o altro (collettivamente, &quot;commenti&quot;), accetti che possiamo, in qualsiasi momento, senza restrizioni, modificare, copiare, pubblicare, distribuire, tradurre e altrimenti utilizzare con qualsiasi mezzo qualsiasi commento che ci inoltri.<\/p>\n<p> Non siamo e saremo senza alcun obbligo<\/p>\n<p> (1) mantenere confidenziali eventuali commenti;<\/p>\n<p> (2) pagare un compenso per eventuali commenti;<\/p>\n<p> (3) per rispondere a qualsiasi commento.<\/p>\n<p> Potremmo, ma non abbiamo l&#39;obbligo di monitorare, modificare o rimuovere i contenuti che determiniamo a nostra esclusiva discrezione sono illegali, offensivi, minacciosi, calunniosi, diffamatori, pornografici, osceni o altrimenti discutibili o violano la propriet\u00e0 intellettuale di qualsiasi parte o questi Termini di servizio .<\/p>\n<p> Accetti che i tuoi commenti non violeranno alcun diritto di terze parti, inclusi copyright, marchio, privacy, personalit\u00e0 o altri diritti personali o di propriet\u00e0. Accetti inoltre che i tuoi commenti non contengano materiale diffamatorio o altrimenti illegale, offensivo o osceno, o contengano virus informatici o altri malware che potrebbero in alcun modo influenzare il funzionamento del Servizio o di qualsiasi sito Web correlato.<\/p>\n<p> Non puoi utilizzare un indirizzo e-mail falso, fingere di essere qualcuno diverso da te stesso o in altro modo indurre in errore noi o terze parti sull&#39;origine di qualsiasi commento. Sei l&#39;unico responsabile per i commenti che fai e per la loro accuratezza. Non ci assumiamo alcuna responsabilit\u00e0 e non ci assumiamo alcuna responsabilit\u00e0 per eventuali commenti pubblicati da te o da terze parti.<\/p>\n<p> <strong>SEZIONE 7 \u2013 DATI PERSONALI<\/strong><\/p>\n<p> L&#39;invio di informazioni personali tramite il negozio \u00e8 regolato dalla nostra Informativa sulla privacy.<\/p>\n<p> <strong>SEZIONE 8 \u2013 ERRORI, IMPRECISIONI ED OMISSIONI<\/strong><\/p>\n<p> Occasionalmente potrebbero esserci informazioni sul nostro sito o nel Servizio che contengono errori tipografici, imprecisioni o omissioni che possono riguardare descrizioni dei prodotti, prezzi, promozioni, offerte, spese di spedizione dei prodotti, tempi di transito e disponibilit\u00e0.<\/p>\n<p> Ci riserviamo il diritto di correggere eventuali errori, inesattezze o omissioni e di modificare o aggiornare le informazioni se qualsiasi informazione nel Servizio o su qualsiasi sito Web correlato \u00e8 inesatta in qualsiasi momento senza preavviso.<\/p>\n<p> Ci assumiamo l&#39;obbligo di aggiornare, modificare o chiarire le informazioni nel Servizio o su qualsiasi sito Web correlato, incluse, a titolo esemplificativo, le informazioni sui prezzi.<\/p>\n<p> Nessuna data di aggiornamento o aggiornamento specificata applicata nel Servizio o su qualsiasi sito Web correlato deve essere considerata per indicare che tutte le informazioni nel Servizio o su qualsiasi sito Web correlato sono state modificate o aggiornate.<\/p>\n<p> <strong>SEZIONE 9 \u2013 USI VIETATI<\/strong><\/p>\n<p> Oltre ad altri divieti stabiliti nei Termini di servizio, \u00e8 vietato utilizzare i nostri prodotti.<\/p>\n<p> (a) per qualsiasi scopo illecito;<\/p>\n<p> (b) sollecitare altri a compiere o partecipare ad atti illeciti;<\/p>\n<p> (c) per violare qualsiasi regolamento, norma, legge o locale internazionale, federale, provinciale o statale<br \/> ordinanze;<\/p>\n<p> (d) molestare, abusare, insultare, danneggiare, diffamare, calunniare, denigrare, intimidire o discriminare in base al sesso, all&#39;orientamento sessuale, alla religione, all&#39;etnia, alla razza, all&#39;et\u00e0, all&#39;origine nazionale o alla disabilit\u00e0;<\/p>\n<p> (e) per raccogliere o tracciare le informazioni personali di altri;<\/p>\n<p> (f) per qualsiasi scopo osceno o immorale;<\/p>\n<p> <strong>SEZIONE 10 \u2013<\/strong> DIRITTI D&#39;IMPORTAZIONE E DAZI D&#39;IMPORTAZIONE<\/p>\n<p> Prima di acquistare il prodotto da noi, devi verificare con le autorit\u00e0 locali per assicurarti di essere idoneo all&#39;acquisto di questo prodotto. Tieni presente che il dipartimento doganale del tuo paese potrebbe addebitarti i dazi all&#39;importazione. L&#39;acquirente sar\u00e0 responsabile del pagamento di tali dazi all&#39;importazione. Nel caso in cui tu non sia in grado di sdoganare i prodotti e i prodotti ci vengano restituiti, sarai responsabile della tassa di restituzione.<\/p>\n<p> <strong>SEZIONE 11 \u2013 DIRITTO APPLICABILE<\/strong><\/p>\n<p> I presenti Termini di servizio e qualsiasi accordo separato in base al quale ti forniamo i Servizi saranno regolati e interpretati in conformit\u00e0 con le leggi.<\/p><\/p>\n\t\t\t\t\t\t\t\t<\/div>\n\t\t\t\t<\/div>\n\t\t\t\t\t<\/div>\n\t\t<\/div>\n\t\t\t\t\t<\/div>\n\t\t<\/section>\n\t\t\t\t<\/div>\n\t\t","protected":false},"excerpt":{"rendered":"<p>Panoramica Questo sito Web \u00e8 gestito da puyapeptide.net per offrire un servizio di vendita online. In tutto il sito, i termini &quot;noi&quot;, &quot;ci&quot; e &quot;nostro&quot; si riferiscono a puyapeptide.net Offriamo questo negozio online puyapeptide.net, comprese tutte le informazioni, gli strumenti e i servizi disponibili da questo sito a te, l&#39;utente, a condizione che tu accetti [&hellip;]<\/p>\n","protected":false},"author":1,"featured_media":0,"parent":0,"menu_order":0,"comment_status":"closed","ping_status":"closed","template":"elementor_header_footer","meta":{"om_disable_all_campaigns":false,"_monsterinsights_skip_tracking":false,"_monsterinsights_sitenote_active":false,"_monsterinsights_sitenote_note":"","_monsterinsights_sitenote_category":0,"site-sidebar-layout":"default","site-content-layout":"","ast-site-content-layout":"default","site-content-style":"default","site-sidebar-style":"default","ast-global-header-display":"","ast-banner-title-visibility":"","ast-main-header-display":"","ast-hfb-above-header-display":"","ast-hfb-below-header-display":"","ast-hfb-mobile-header-display":"","site-post-title":"","ast-breadcrumbs-content":"","ast-featured-img":"","footer-sml-layout":"","ast-disable-related-posts":"","theme-transparent-header-meta":"","adv-header-id-meta":"","stick-header-meta":"","header-above-stick-meta":"","header-main-stick-meta":"","header-below-stick-meta":"","astra-migrate-meta-layouts":"default","ast-page-background-enabled":"default","ast-page-background-meta":{"desktop":{"background-color":"","background-image":"","background-repeat":"repeat","background-position":"center center","background-size":"auto","background-attachment":"scroll","background-type":"","background-media":"","overlay-type":"","overlay-color":"","overlay-opacity":"","overlay-gradient":""},"tablet":{"background-color":"","background-image":"","background-repeat":"repeat","background-position":"center center","background-size":"auto","background-attachment":"scroll","background-type":"","background-media":"","overlay-type":"","overlay-color":"","overlay-opacity":"","overlay-gradient":""},"mobile":{"background-color":"","background-image":"","background-repeat":"repeat","background-position":"center center","background-size":"auto","background-attachment":"scroll","background-type":"","background-media":"","overlay-type":"","overlay-color":"","overlay-opacity":"","overlay-gradient":""}},"ast-content-background-meta":{"desktop":{"background-color":"var(--ast-global-color-5)","background-image":"","background-repeat":"repeat","background-position":"center center","background-size":"auto","background-attachment":"scroll","background-type":"","background-media":"","overlay-type":"","overlay-color":"","overlay-opacity":"","overlay-gradient":""},"tablet":{"background-color":"var(--ast-global-color-5)","background-image":"","background-repeat":"repeat","background-position":"center center","background-size":"auto","background-attachment":"scroll","background-type":"","background-media":"","overlay-type":"","overlay-color":"","overlay-opacity":"","overlay-gradient":""},"mobile":{"background-color":"var(--ast-global-color-5)","background-image":"","background-repeat":"repeat","background-position":"center center","background-size":"auto","background-attachment":"scroll","background-type":"","background-media":"","overlay-type":"","overlay-color":"","overlay-opacity":"","overlay-gradient":""}},"footnotes":""},"class_list":["post-5752","page","type-page","status-publish","hentry"],"_links":{"self":[{"href":"https:\/\/puyapeptide.net\/it\/wp-json\/wp\/v2\/pages\/5752","targetHints":{"allow":["GET"]}}],"collection":[{"href":"https:\/\/puyapeptide.net\/it\/wp-json\/wp\/v2\/pages"}],"about":[{"href":"https:\/\/puyapeptide.net\/it\/wp-json\/wp\/v2\/types\/page"}],"author":[{"embeddable":true,"href":"https:\/\/puyapeptide.net\/it\/wp-json\/wp\/v2\/users\/1"}],"replies":[{"embeddable":true,"href":"https:\/\/puyapeptide.net\/it\/wp-json\/wp\/v2\/comments?post=5752"}],"version-history":[{"count":24,"href":"https:\/\/puyapeptide.net\/it\/wp-json\/wp\/v2\/pages\/5752\/revisions"}],"predecessor-version":[{"id":9618,"href":"https:\/\/puyapeptide.net\/it\/wp-json\/wp\/v2\/pages\/5752\/revisions\/9618"}],"wp:attachment":[{"href":"https:\/\/puyapeptide.net\/it\/wp-json\/wp\/v2\/media?parent=5752"}],"curies":[{"name":"wp","href":"https:\/\/api.w.org\/{rel}","templated":true}]}}