{"id":6292,"date":"2021-12-16T04:23:41","date_gmt":"2021-12-16T09:23:41","guid":{"rendered":"https:\/\/puyapeptide.net\/product\/acetil-hexapeptide-37-cas-1447824-16-9-per-lidratazione-della-pelle\/"},"modified":"2021-12-16T04:23:41","modified_gmt":"2021-12-16T09:23:41","slug":"acetil-hexapeptide-37-cas-1447824-16-9-per-lidratazione-della-pelle","status":"publish","type":"product","link":"https:\/\/puyapeptide.net\/it\/product\/acetil-hexapeptide-37-cas-1447824-16-9-per-lidratazione-della-pelle\/","title":{"rendered":"Acetil Hexapeptide-37 CAS 1447824-16-9 per l&#39;idratazione della pelle"},"content":{"rendered":"<h2><strong>Acetil Hexapeptide-37 CAS 1447824-16-9 per l&#39;idratazione della pelle<\/strong><\/h2>\n<p>Nome prodotto: acetil esapeptide-37, Diffuporine<br \/>\nN. CAS: N\/A<br \/>\nPurezza: \u226598%<br \/>\nPeso molecolare: 539,55 g\/mol<br \/>\nFormula molecolare: C22H33N7O9<br \/>\n Aspetto: polvere bianca<br \/>\nCondizioni di conservazione: 2 \u2103\uff5e8 \u2103<br \/>\nSpecifiche dell&#39;imballaggio (polvere): 1g, 10g, 100g<br \/>\nApplicazione: Materie prime cosmetiche<\/p>\n<p>Acetil esapeptide-37, un&#39;acqua La crema idratante delle cellule proteiche del canale, \u00e8 un nuovo esapeptide composto da amminoacidi naturali, che pu\u00f2 aumentare efficacemente l&#39;espressione di AQP3 nel corpo umano a livello di mRNA, aumentando cos\u00ec il contenuto di AQP3 nella pelle. Promuove la sintesi del collagene di tipo I nelle cellule progenitrici dei fibroblasti dermici umani e la proliferazione delle cellule cheratinizzate.<\/p>\n<p> <strong>Funzione dell&#39;acetil esapeptide-37 CAS 1447824-16-9<\/strong><br \/>\n1. L&#39;acetil esapeptide-37 pu\u00f2 essere antirughe e antiet\u00e0 e per idratare la pelle<br \/>\n2. Migliora la qualit\u00e0 della pelle<br \/>\n3. Cura del viso e del corpo<br \/>\n4. Prodotti per la cura del viso, del collo e delle mani<br \/>\n5. Pu\u00f2 essere aggiunto a prodotti per la cura della bellezza come lozioni, creme mattina e notte, sieri per gli occhi, ecc.<\/p>\n<p> <strong>Utilizzo dell&#39;acetil esapeptide-37 CAS 1447824-16-9<\/strong><br \/>\nPu\u00f2 aumentare efficacemente l&#39;espressione di AQP3 nel corpo umano a livello di mRNA, aumentando cos\u00ec il contenuto di AQP3 nella pelle. Ha le caratteristiche di potenziare l&#39;idratazione ed \u00e8 un buon principio attivo idratante. Pu\u00f2 anche promuovere il tipo I nei fibroblasti dermici umani. La sintesi del collagene e la proliferazione dei cheratinociti. Il peptide idratante acetil esapeptide-37 \u00e8 un nuovo e completo principio attivo anti-et\u00e0.<\/p>\n","protected":false},"excerpt":{"rendered":"<p>Nome prodotto: Acetyl Hexapeptide-37, Diffuporine<br \/>\nPurezza\uff1a\u226598%<br \/>\nPeso molecolare:539.55g\/mol<br \/>\nFormula molecolare: C22H33N7O9<br \/>\nAspetto: polvere bianca<br \/>\nApplicazione: materie prime cosmetiche<\/p>\n","protected":false},"featured_media":2210,"comment_status":"open","ping_status":"closed","template":"","meta":{"om_disable_all_campaigns":false,"_monsterinsights_skip_tracking":false,"_monsterinsights_sitenote_active":false,"_monsterinsights_sitenote_note":"","_monsterinsights_sitenote_category":0,"site-sidebar-layout":"default","site-content-layout":"default","ast-site-content-layout":"default","site-content-style":"default","site-sidebar-style":"default","ast-global-header-display":"","ast-banner-title-visibility":"","ast-main-header-display":"","ast-hfb-above-header-display":"","ast-hfb-below-header-display":"","ast-hfb-mobile-header-display":"","site-post-title":"","ast-breadcrumbs-content":"","ast-featured-img":"","footer-sml-layout":"","ast-disable-related-posts":"","theme-transparent-header-meta":"default","adv-header-id-meta":"","stick-header-meta":"","header-above-stick-meta":"","header-main-stick-meta":"","header-below-stick-meta":"","astra-migrate-meta-layouts":"default","ast-page-background-enabled":"default","ast-page-background-meta":{"desktop":{"background-color":"","background-image":"","background-repeat":"repeat","background-position":"center center","background-size":"auto","background-attachment":"scroll","background-type":"","background-media":"","overlay-type":"","overlay-color":"","overlay-opacity":"","overlay-gradient":""},"tablet":{"background-color":"","background-image":"","background-repeat":"repeat","background-position":"center center","background-size":"auto","background-attachment":"scroll","background-type":"","background-media":"","overlay-type":"","overlay-color":"","overlay-opacity":"","overlay-gradient":""},"mobile":{"background-color":"","background-image":"","background-repeat":"repeat","background-position":"center center","background-size":"auto","background-attachment":"scroll","background-type":"","background-media":"","overlay-type":"","overlay-color":"","overlay-opacity":"","overlay-gradient":""}},"ast-content-background-meta":{"desktop":{"background-color":"var(--ast-global-color-5)","background-image":"","background-repeat":"repeat","background-position":"center center","background-size":"auto","background-attachment":"scroll","background-type":"","background-media":"","overlay-type":"","overlay-color":"","overlay-opacity":"","overlay-gradient":""},"tablet":{"background-color":"var(--ast-global-color-5)","background-image":"","background-repeat":"repeat","background-position":"center center","background-size":"auto","background-attachment":"scroll","background-type":"","background-media":"","overlay-type":"","overlay-color":"","overlay-opacity":"","overlay-gradient":""},"mobile":{"background-color":"var(--ast-global-color-5)","background-image":"","background-repeat":"repeat","background-position":"center center","background-size":"auto","background-attachment":"scroll","background-type":"","background-media":"","overlay-type":"","overlay-color":"","overlay-opacity":"","overlay-gradient":""}}},"product_brand":[],"product_cat":[722],"product_tag":[3604],"class_list":{"0":"post-6292","1":"product","2":"type-product","3":"status-publish","4":"has-post-thumbnail","6":"product_cat-peptide-antiossidante-idratante","7":"product_tag-acetyl-hexapeptide-37-cas-1447824-16-9-for-skin-moisturizing-it","8":"desktop-align-left","9":"tablet-align-left","10":"mobile-align-left","12":"first","13":"instock","14":"shipping-taxable","15":"product-type-simple"},"_links":{"self":[{"href":"https:\/\/puyapeptide.net\/it\/wp-json\/wp\/v2\/product\/6292","targetHints":{"allow":["GET"]}}],"collection":[{"href":"https:\/\/puyapeptide.net\/it\/wp-json\/wp\/v2\/product"}],"about":[{"href":"https:\/\/puyapeptide.net\/it\/wp-json\/wp\/v2\/types\/product"}],"replies":[{"embeddable":true,"href":"https:\/\/puyapeptide.net\/it\/wp-json\/wp\/v2\/comments?post=6292"}],"wp:featuredmedia":[{"embeddable":true,"href":"https:\/\/puyapeptide.net\/it\/wp-json\/wp\/v2\/media\/2210"}],"wp:attachment":[{"href":"https:\/\/puyapeptide.net\/it\/wp-json\/wp\/v2\/media?parent=6292"}],"wp:term":[{"taxonomy":"product_brand","embeddable":true,"href":"https:\/\/puyapeptide.net\/it\/wp-json\/wp\/v2\/product_brand?post=6292"},{"taxonomy":"product_cat","embeddable":true,"href":"https:\/\/puyapeptide.net\/it\/wp-json\/wp\/v2\/product_cat?post=6292"},{"taxonomy":"product_tag","embeddable":true,"href":"https:\/\/puyapeptide.net\/it\/wp-json\/wp\/v2\/product_tag?post=6292"}],"curies":[{"name":"wp","href":"https:\/\/api.w.org\/{rel}","templated":true}]}}