{"id":6334,"date":"2021-12-16T04:32:00","date_gmt":"2021-12-16T09:32:00","guid":{"rendered":"https:\/\/puyapeptide.net\/product\/myristoyl-hexapeptide-23-sympeptide380-puo-uccidere-il-propionibacterium-acnes-adatto-a-vari-prodotti-per-il-controllo-dellolio-e-per-alleviare-lacne\/"},"modified":"2021-12-16T04:32:00","modified_gmt":"2021-12-16T09:32:00","slug":"myristoyl-hexapeptide-23-sympeptide380-puo-uccidere-il-propionibacterium-acnes-adatto-a-vari-prodotti-per-il-controllo-dellolio-e-per-alleviare-lacne","status":"publish","type":"product","link":"https:\/\/puyapeptide.net\/it\/product\/myristoyl-hexapeptide-23-sympeptide380-puo-uccidere-il-propionibacterium-acnes-adatto-a-vari-prodotti-per-il-controllo-dellolio-e-per-alleviare-lacne\/","title":{"rendered":"Myristoyl Hexapeptide-23 \/ sympeptide380 pu\u00f2 uccidere il Propionibacterium acnes adatto a vari prodotti per il controllo dell&#39;olio e per alleviare l&#39;acne"},"content":{"rendered":"<h2><strong>Myristoyl Hexapeptide-23 \/ sympeptide380 pu\u00f2 uccidere il Propionibacterium acnes adatto a vari prodotti per il controllo dell&#39;olio e per alleviare l&#39;acne<\/strong><\/h2>\n<p>Nome prodotto: Myristoyl Hexapeptide-23\/ SymPeptide 380<br \/>\nCas No:N\/A<br \/>\nFormula:C47H92N10O7<br \/>\nMolecolare:909.3g\/mol<br \/>\nOdore: no<br \/>\nStabilit\u00e0: stabile&lt; &amp;&gt; MSDS e COA: disponibile per il tuo riferimento<br \/>\nFormulazione: disponibile per il tuo riferimento, contattaci.<br \/>\nConsegna: prontamente dal magazzino<br \/>\nFonte: sintetico<br \/>\nCapacit\u00e0: 500 g al mese<br \/>\nAspetto : polvere bianca<\/p>\n<p>Sappiamo tutti che l&#39;acne sul viso deve essere causata da un qualche tipo di batterio chiamato Propionibacterium acnes. Quindi cos&#39;\u00e8 esattamente che fa s\u00ec che questo batterio venga da te? Propionibacterium acnes \u00e8 un bacillo corto positivo alla colorazione di Gram. C&#39;\u00e8 anche Propionibacterium acnes sulla pelle normale, che \u00e8 parassita nei follicoli piliferi e nelle ghiandole sebacee. Durante la pubert\u00e0, le ghiandole sebacee secernono molto portando al blocco dei follicoli piliferi e il sebo si accumula nei follicoli, causando la moltiplicazione del Propionibacterium acnes e portando all&#39;acne.<\/p>\n<p>\u00c8 anche vero che quando ricordo la mia adolescenza io era spesso piena d&#39;olio e di tanto in tanto spuntava qualche brufolo. Molti dei miei amici avevano persino l&#39;acne tutto il tempo e le loro facce erano piene di brufoli, il che sembrava terribile. Poich\u00e9 questo \u00e8 un problema che affligge la maggior parte delle persone, troveranno un modo per risolverlo. Ricordo un amico che amava anche l&#39;acne, e poi spendeva un sacco di soldi per sbarazzarsi dell&#39;acne, bere tonici a base di erbe, pulire gli aghi o qualcosa del genere, ma era anche un sintomo ma non una cura. Non c&#39;\u00e8 altro modo? Certamente no!<\/p>\n<p>Oggi vi presentiamo il nemico naturale dei batteri dell&#39;acne: myristyl hexapeptide-23<br \/>\nIn vitro: DNA microarray, MIC contro P. acnes, antimicrobico ad ampio spettro<br \/>\n&lt;&amp; &gt; <strong>Funzione di Myristoyl Hexapeptide-23<\/strong><br \/>\n\u2022 Myristoyl Hexapeptide-23 che aiuta con la prevenzione della pelle problematica.<br \/>\n\u2022 Myristoyl Hexapeptide-23 Uccide i batteri che causano l&#39;acne.<\/p>\n","protected":false},"excerpt":{"rendered":"<p>Nome del prodotto: Myristoyl Hexapeptide-23\/ SymPeptide 380<br \/>\nCas No:N\/A<br \/>\nFormula:C47H92N10O7<br \/>\nMolecular:909.3g\/mol<br \/>\nStabilit\u00e0: stabile<br \/>\n Aspetto: polvere bianca<\/p>\n","protected":false},"featured_media":2105,"comment_status":"open","ping_status":"closed","template":"","meta":{"om_disable_all_campaigns":false,"_monsterinsights_skip_tracking":false,"_monsterinsights_sitenote_active":false,"_monsterinsights_sitenote_note":"","_monsterinsights_sitenote_category":0,"site-sidebar-layout":"default","site-content-layout":"default","ast-site-content-layout":"default","site-content-style":"default","site-sidebar-style":"default","ast-global-header-display":"","ast-banner-title-visibility":"","ast-main-header-display":"","ast-hfb-above-header-display":"","ast-hfb-below-header-display":"","ast-hfb-mobile-header-display":"","site-post-title":"","ast-breadcrumbs-content":"","ast-featured-img":"","footer-sml-layout":"","ast-disable-related-posts":"","theme-transparent-header-meta":"default","adv-header-id-meta":"","stick-header-meta":"","header-above-stick-meta":"","header-main-stick-meta":"","header-below-stick-meta":"","astra-migrate-meta-layouts":"default","ast-page-background-enabled":"default","ast-page-background-meta":{"desktop":{"background-color":"","background-image":"","background-repeat":"repeat","background-position":"center center","background-size":"auto","background-attachment":"scroll","background-type":"","background-media":"","overlay-type":"","overlay-color":"","overlay-opacity":"","overlay-gradient":""},"tablet":{"background-color":"","background-image":"","background-repeat":"repeat","background-position":"center center","background-size":"auto","background-attachment":"scroll","background-type":"","background-media":"","overlay-type":"","overlay-color":"","overlay-opacity":"","overlay-gradient":""},"mobile":{"background-color":"","background-image":"","background-repeat":"repeat","background-position":"center center","background-size":"auto","background-attachment":"scroll","background-type":"","background-media":"","overlay-type":"","overlay-color":"","overlay-opacity":"","overlay-gradient":""}},"ast-content-background-meta":{"desktop":{"background-color":"var(--ast-global-color-5)","background-image":"","background-repeat":"repeat","background-position":"center center","background-size":"auto","background-attachment":"scroll","background-type":"","background-media":"","overlay-type":"","overlay-color":"","overlay-opacity":"","overlay-gradient":""},"tablet":{"background-color":"var(--ast-global-color-5)","background-image":"","background-repeat":"repeat","background-position":"center center","background-size":"auto","background-attachment":"scroll","background-type":"","background-media":"","overlay-type":"","overlay-color":"","overlay-opacity":"","overlay-gradient":""},"mobile":{"background-color":"var(--ast-global-color-5)","background-image":"","background-repeat":"repeat","background-position":"center center","background-size":"auto","background-attachment":"scroll","background-type":"","background-media":"","overlay-type":"","overlay-color":"","overlay-opacity":"","overlay-gradient":""}}},"product_brand":[],"product_cat":[697],"product_tag":[3558],"class_list":{"0":"post-6334","1":"product","2":"type-product","3":"status-publish","4":"has-post-thumbnail","6":"product_cat-peptide-anti-batterico-dellacne","7":"product_tag-myristoyl-hexapeptide-23-sympeptide380-can-kill-propionibacterium-acnes-suitable-for-various-oil-control-and-acne-relief-products-it","8":"desktop-align-left","9":"tablet-align-left","10":"mobile-align-left","12":"first","13":"instock","14":"shipping-taxable","15":"product-type-simple"},"_links":{"self":[{"href":"https:\/\/puyapeptide.net\/it\/wp-json\/wp\/v2\/product\/6334","targetHints":{"allow":["GET"]}}],"collection":[{"href":"https:\/\/puyapeptide.net\/it\/wp-json\/wp\/v2\/product"}],"about":[{"href":"https:\/\/puyapeptide.net\/it\/wp-json\/wp\/v2\/types\/product"}],"replies":[{"embeddable":true,"href":"https:\/\/puyapeptide.net\/it\/wp-json\/wp\/v2\/comments?post=6334"}],"wp:featuredmedia":[{"embeddable":true,"href":"https:\/\/puyapeptide.net\/it\/wp-json\/wp\/v2\/media\/2105"}],"wp:attachment":[{"href":"https:\/\/puyapeptide.net\/it\/wp-json\/wp\/v2\/media?parent=6334"}],"wp:term":[{"taxonomy":"product_brand","embeddable":true,"href":"https:\/\/puyapeptide.net\/it\/wp-json\/wp\/v2\/product_brand?post=6334"},{"taxonomy":"product_cat","embeddable":true,"href":"https:\/\/puyapeptide.net\/it\/wp-json\/wp\/v2\/product_cat?post=6334"},{"taxonomy":"product_tag","embeddable":true,"href":"https:\/\/puyapeptide.net\/it\/wp-json\/wp\/v2\/product_tag?post=6334"}],"curies":[{"name":"wp","href":"https:\/\/api.w.org\/{rel}","templated":true}]}}