{"id":6353,"date":"2021-12-16T04:34:42","date_gmt":"2021-12-16T09:34:42","guid":{"rendered":"https:\/\/puyapeptide.net\/product\/acetil-tetrapeptide-40-telangy-cas-1472633-28-5-riduce-il-rossore-del-viso-causato-da-una-reazione-infiammatoria\/"},"modified":"2021-12-16T04:34:42","modified_gmt":"2021-12-16T09:34:42","slug":"acetil-tetrapeptide-40-telangy-cas-1472633-28-5-riduce-il-rossore-del-viso-causato-da-una-reazione-infiammatoria","status":"publish","type":"product","link":"https:\/\/puyapeptide.net\/it\/product\/acetil-tetrapeptide-40-telangy-cas-1472633-28-5-riduce-il-rossore-del-viso-causato-da-una-reazione-infiammatoria\/","title":{"rendered":"Acetil Tetrapeptide-40\/Telangy CAS 1472633-28-5 riduce il rossore del viso causato da una reazione infiammatoria"},"content":{"rendered":"<h2><strong>Acetil Tetrapeptide-40\/Telangy CAS 1472633-28-5 riduce il rossore del viso causato da una reazione infiammatoria<\/strong><\/h2>\n<p>Nome prodotto: Acetil Tetrapeptide-40<br \/>\nSinonimi: Acetil Tetrapeptide-40;Telangyn;L-treonina, N-acetil-L-alanil-L-treonil-L-asparaginil-<br \/>\nCAS: 1472633-28 -5<br \/>\nMF: C17H29N5O9<br \/>\nMW: 447,44<br \/>\nEINECS:<br \/>\nCategorie di prodotti:<br \/>\nMol File: 1472633-28-5.mol<\/p>\n<p>Acetil Tetrapeptide-40 inibisce il effetto infiammatorio di LL-37 attraverso la riduzione del rilascio di interleuchine (IL-6 e IL-8), causato dall&#39;iperattivazione di LL-37. Ha anche un effetto fotoprotettivo che riduce il danno cellulare e gli effetti dannosi dell&#39;infiammazione della pelle.<\/p>\n<p> <strong>Acetil Tetrapeptide-40\/ Telangy CAS 1472633-28-5 Benefici del peptide<\/strong><br \/>\nAcetil Tetrapeptide-40 riduce il rossore del viso causato da una reazione infiammatoria. Gli effetti negativi dell&#39;infiammazione: arrossamento, vasi sanguigni dilatati e iperpigmentazione, sono visibilmente ridotti. Le zone rosse sono meno numerose e ampie e la sua intensit\u00e0 \u00e8 debole. La pelle \u00e8 pi\u00f9 uniforme e meno marcata.<\/p>\n<p> <strong>Funzione dell&#39;Acetil Tetrapeptide-40\/Telangy CAS 1472633-28-5<\/strong><br \/>\nQuesto tetrapeptide riduce il rossore del viso causato da una reazione infiammatoria.Effetti avversi dell&#39;infiammazione: arrossamento , vasi sanguigni dilatati e iperpigmentazione, sono visibilmente ridotti. Le zone rosse sono meno numerose e ampie e la sua intensit\u00e0 \u00e8 debole. La pelle \u00e8 pi\u00f9 uniforme e meno marcata.<\/p>\n<p> <strong>Applicazione di Acetil Tetrapeptide-40\/Telangy CAS 1472633-28-5<\/strong><br \/>\n1. trattamento della pelle con lieve couperose<br \/>\n 2.arrossamento<br \/>\n3.Anti-collagenasi<br \/>\n4.Anti-tirosinasi<br \/>\n5.Inibizione della melanogenesi<br \/>\n6.Fotoprotezione dei fibroblasti umani<\/p>\n","protected":false},"excerpt":{"rendered":"<p>Nome del prodotto: Acetil Tetrapeptide-40<br \/>\nCAS: 1472633-28-5<br \/>\nMF: C17H29N5O9<br \/>\nMW: 447,44<br \/>\nMol File: 1472633-28-5.mol<\/p>\n","protected":false},"featured_media":2210,"comment_status":"open","ping_status":"closed","template":"","meta":{"om_disable_all_campaigns":false,"_monsterinsights_skip_tracking":false,"_monsterinsights_sitenote_active":false,"_monsterinsights_sitenote_note":"","_monsterinsights_sitenote_category":0,"site-sidebar-layout":"default","site-content-layout":"default","ast-site-content-layout":"default","site-content-style":"default","site-sidebar-style":"default","ast-global-header-display":"","ast-banner-title-visibility":"","ast-main-header-display":"","ast-hfb-above-header-display":"","ast-hfb-below-header-display":"","ast-hfb-mobile-header-display":"","site-post-title":"","ast-breadcrumbs-content":"","ast-featured-img":"","footer-sml-layout":"","ast-disable-related-posts":"","theme-transparent-header-meta":"default","adv-header-id-meta":"","stick-header-meta":"","header-above-stick-meta":"","header-main-stick-meta":"","header-below-stick-meta":"","astra-migrate-meta-layouts":"default","ast-page-background-enabled":"default","ast-page-background-meta":{"desktop":{"background-color":"","background-image":"","background-repeat":"repeat","background-position":"center center","background-size":"auto","background-attachment":"scroll","background-type":"","background-media":"","overlay-type":"","overlay-color":"","overlay-opacity":"","overlay-gradient":""},"tablet":{"background-color":"","background-image":"","background-repeat":"repeat","background-position":"center center","background-size":"auto","background-attachment":"scroll","background-type":"","background-media":"","overlay-type":"","overlay-color":"","overlay-opacity":"","overlay-gradient":""},"mobile":{"background-color":"","background-image":"","background-repeat":"repeat","background-position":"center center","background-size":"auto","background-attachment":"scroll","background-type":"","background-media":"","overlay-type":"","overlay-color":"","overlay-opacity":"","overlay-gradient":""}},"ast-content-background-meta":{"desktop":{"background-color":"var(--ast-global-color-5)","background-image":"","background-repeat":"repeat","background-position":"center center","background-size":"auto","background-attachment":"scroll","background-type":"","background-media":"","overlay-type":"","overlay-color":"","overlay-opacity":"","overlay-gradient":""},"tablet":{"background-color":"var(--ast-global-color-5)","background-image":"","background-repeat":"repeat","background-position":"center center","background-size":"auto","background-attachment":"scroll","background-type":"","background-media":"","overlay-type":"","overlay-color":"","overlay-opacity":"","overlay-gradient":""},"mobile":{"background-color":"var(--ast-global-color-5)","background-image":"","background-repeat":"repeat","background-position":"center center","background-size":"auto","background-attachment":"scroll","background-type":"","background-media":"","overlay-type":"","overlay-color":"","overlay-opacity":"","overlay-gradient":""}}},"product_brand":[],"product_cat":[673],"product_tag":[3533],"class_list":{"0":"post-6353","1":"product","2":"type-product","3":"status-publish","4":"has-post-thumbnail","6":"product_cat-peptide-antiallergico-e-antinfiammatorio","7":"product_tag-acetyl-tetrapeptide-40-telangy-cas-1472633-28-5-reduces-redness-of-face-caused-by-an-inflammatory-reaction-it","8":"desktop-align-left","9":"tablet-align-left","10":"mobile-align-left","12":"first","13":"instock","14":"shipping-taxable","15":"product-type-simple"},"_links":{"self":[{"href":"https:\/\/puyapeptide.net\/it\/wp-json\/wp\/v2\/product\/6353","targetHints":{"allow":["GET"]}}],"collection":[{"href":"https:\/\/puyapeptide.net\/it\/wp-json\/wp\/v2\/product"}],"about":[{"href":"https:\/\/puyapeptide.net\/it\/wp-json\/wp\/v2\/types\/product"}],"replies":[{"embeddable":true,"href":"https:\/\/puyapeptide.net\/it\/wp-json\/wp\/v2\/comments?post=6353"}],"wp:featuredmedia":[{"embeddable":true,"href":"https:\/\/puyapeptide.net\/it\/wp-json\/wp\/v2\/media\/2210"}],"wp:attachment":[{"href":"https:\/\/puyapeptide.net\/it\/wp-json\/wp\/v2\/media?parent=6353"}],"wp:term":[{"taxonomy":"product_brand","embeddable":true,"href":"https:\/\/puyapeptide.net\/it\/wp-json\/wp\/v2\/product_brand?post=6353"},{"taxonomy":"product_cat","embeddable":true,"href":"https:\/\/puyapeptide.net\/it\/wp-json\/wp\/v2\/product_cat?post=6353"},{"taxonomy":"product_tag","embeddable":true,"href":"https:\/\/puyapeptide.net\/it\/wp-json\/wp\/v2\/product_tag?post=6353"}],"curies":[{"name":"wp","href":"https:\/\/api.w.org\/{rel}","templated":true}]}}