{"id":6377,"date":"2021-12-16T04:40:21","date_gmt":"2021-12-16T09:40:21","guid":{"rendered":"https:\/\/puyapeptide.net\/product\/acetil-tetrapeptide-22-per-la-riparazione-della-pelle\/"},"modified":"2021-12-16T04:40:21","modified_gmt":"2021-12-16T09:40:21","slug":"acetil-tetrapeptide-22-per-la-riparazione-della-pelle","status":"publish","type":"product","link":"https:\/\/puyapeptide.net\/it\/product\/acetil-tetrapeptide-22-per-la-riparazione-della-pelle\/","title":{"rendered":"Acetil Tetrapeptide-22 per la riparazione della pelle"},"content":{"rendered":"<h2><strong>Acetil Tetrapeptide-22 per la riparazione della pelle<\/strong><\/h2>\n<p>Nome prodotto: Acetil Tetrapeptide-22<br \/>\nRiferimento: Thermostressine<br \/>\nFormula:<br \/>\nMolecolare:<br \/>\nPurezza: &gt;95%<br \/>\nFonte: sintetico<br \/>\nGrado: cosmetico<br \/>\nFormulazione : disponibile per riferimento, non esitate a contattarci.<br \/>\nMSDS e COA: disponibili per riferimento, contattateci<br \/>\nConsegna: prontamente da magazzino<br \/>\nOdore: caratteristico<br \/>\nStabilit\u00e0: stabile<br \/>\nSolubilit\u00e0: solubile in acqua<br \/>\nSoluzione: 0,05% di peptide<br \/>\nLivello d&#39;uso consigliato:2-5 %<br \/>\nAspetto: polvere bianca<\/p>\n<p>Acetil Tetrapeptide-22 che aumenta i livelli di HPS70 (Heat Shock Protein) nella pelle fornendo uno scudo protettivo, che conferisce alle cellule una tolleranza allo stress contro le sfide quotidiane e gli stimoli stressanti. Aiuta la pelle ad essere pi\u00f9 rilassata con un aspetto pi\u00f9 vitale. Pu\u00f2 essere incorporato in formulazioni cosmetiche come emulsioni, gel, sieri per combattere lo stress e trattare la pelle fragile, stanca e spenta.<\/p>\n<p> <strong>Utilizzo di Acetyl Tetrapeptide-22<\/strong><br \/>\nUso: Acetyl Tetrapeptide-22 Aiuta a combattere le cellule stress e aumenta i livelli di HSP70 per prevenire ulteriore stress<\/p>\n<p> <strong>Funzioni di acetil tetrapeptide-22<\/strong><br \/>\n acetil tetrapeptide-22 \u00e8 il prodotto di reazione dell&#39;acido acetico e del tetrapeptide-22. Aumenta la quantit\u00e0 di proteine stimolate dal calore (HSP70) nella pelle, migliorando cos\u00ec la tolleranza allo stress e prevenendo i danni. Pertanto, l&#39;acetil tetrapeptide-22, uno degli ingredienti pi\u00f9 efficaci per la rigenerazione della pelle, pu\u00f2 rendere la pelle pi\u00f9 rilassata e l&#39;aspetto pi\u00f9 importante.<\/p>\n<p>Acetil tetrapeptide-22 induce il corpo a sintetizzare la proteina da shock termico 70 in grandi quantit\u00e0, che \u00e8 coinvolto nella riparazione e rimozione delle proteine danneggiate, protegge le cellule da gravi danni, accelera la riparazione e mantiene le normali funzioni fisiologiche delle cellule; migliora la tolleranza delle cellule ai fattori di stress.<\/p>\n<p>Acetil tetrapeptide-22 fornisce protezione alla pelle contro vari stress avversi incontrati quotidianamente come i radicali liberi dell&#39;ossigeno, il jet lag, la disidratazione, l&#39;irradiazione UV, il freddo e il caldo eccessivi, ecc. , che causano danni alla pelle e mantiene la vitalit\u00e0 della pelle. \u00c8 pi\u00f9 adatto per le persone che si trovano spesso in un ambiente stressante, come i colletti bianchi con un&#39;elevata pressione lavorativa, ecc.<\/p>\n","protected":false},"excerpt":{"rendered":"<p>Nome del prodotto: Acetil Tetrapeptide-22<br \/>\nRiferimento: Thermostressine<br \/>\nPurezza: &gt;95%<br \/>\nFonte: sintetico<br \/>\nGrado: cosmetico<\/p>\n","protected":false},"featured_media":2168,"comment_status":"open","ping_status":"closed","template":"","meta":{"om_disable_all_campaigns":false,"_monsterinsights_skip_tracking":false,"_monsterinsights_sitenote_active":false,"_monsterinsights_sitenote_note":"","_monsterinsights_sitenote_category":0,"site-sidebar-layout":"default","site-content-layout":"default","ast-site-content-layout":"default","site-content-style":"default","site-sidebar-style":"default","ast-global-header-display":"","ast-banner-title-visibility":"","ast-main-header-display":"","ast-hfb-above-header-display":"","ast-hfb-below-header-display":"","ast-hfb-mobile-header-display":"","site-post-title":"","ast-breadcrumbs-content":"","ast-featured-img":"","footer-sml-layout":"","ast-disable-related-posts":"","theme-transparent-header-meta":"default","adv-header-id-meta":"","stick-header-meta":"","header-above-stick-meta":"","header-main-stick-meta":"","header-below-stick-meta":"","astra-migrate-meta-layouts":"default","ast-page-background-enabled":"default","ast-page-background-meta":{"desktop":{"background-color":"","background-image":"","background-repeat":"repeat","background-position":"center center","background-size":"auto","background-attachment":"scroll","background-type":"","background-media":"","overlay-type":"","overlay-color":"","overlay-opacity":"","overlay-gradient":""},"tablet":{"background-color":"","background-image":"","background-repeat":"repeat","background-position":"center center","background-size":"auto","background-attachment":"scroll","background-type":"","background-media":"","overlay-type":"","overlay-color":"","overlay-opacity":"","overlay-gradient":""},"mobile":{"background-color":"","background-image":"","background-repeat":"repeat","background-position":"center center","background-size":"auto","background-attachment":"scroll","background-type":"","background-media":"","overlay-type":"","overlay-color":"","overlay-opacity":"","overlay-gradient":""}},"ast-content-background-meta":{"desktop":{"background-color":"var(--ast-global-color-5)","background-image":"","background-repeat":"repeat","background-position":"center center","background-size":"auto","background-attachment":"scroll","background-type":"","background-media":"","overlay-type":"","overlay-color":"","overlay-opacity":"","overlay-gradient":""},"tablet":{"background-color":"var(--ast-global-color-5)","background-image":"","background-repeat":"repeat","background-position":"center center","background-size":"auto","background-attachment":"scroll","background-type":"","background-media":"","overlay-type":"","overlay-color":"","overlay-opacity":"","overlay-gradient":""},"mobile":{"background-color":"var(--ast-global-color-5)","background-image":"","background-repeat":"repeat","background-position":"center center","background-size":"auto","background-attachment":"scroll","background-type":"","background-media":"","overlay-type":"","overlay-color":"","overlay-opacity":"","overlay-gradient":""}}},"product_brand":[],"product_cat":[673],"product_tag":[3513],"class_list":{"0":"post-6377","1":"product","2":"type-product","3":"status-publish","4":"has-post-thumbnail","6":"product_cat-peptide-antiallergico-e-antinfiammatorio","7":"product_tag-acetyl-tetrapeptide-22-for-skin-repair-it","8":"desktop-align-left","9":"tablet-align-left","10":"mobile-align-left","12":"first","13":"instock","14":"shipping-taxable","15":"product-type-simple"},"_links":{"self":[{"href":"https:\/\/puyapeptide.net\/it\/wp-json\/wp\/v2\/product\/6377","targetHints":{"allow":["GET"]}}],"collection":[{"href":"https:\/\/puyapeptide.net\/it\/wp-json\/wp\/v2\/product"}],"about":[{"href":"https:\/\/puyapeptide.net\/it\/wp-json\/wp\/v2\/types\/product"}],"replies":[{"embeddable":true,"href":"https:\/\/puyapeptide.net\/it\/wp-json\/wp\/v2\/comments?post=6377"}],"wp:featuredmedia":[{"embeddable":true,"href":"https:\/\/puyapeptide.net\/it\/wp-json\/wp\/v2\/media\/2168"}],"wp:attachment":[{"href":"https:\/\/puyapeptide.net\/it\/wp-json\/wp\/v2\/media?parent=6377"}],"wp:term":[{"taxonomy":"product_brand","embeddable":true,"href":"https:\/\/puyapeptide.net\/it\/wp-json\/wp\/v2\/product_brand?post=6377"},{"taxonomy":"product_cat","embeddable":true,"href":"https:\/\/puyapeptide.net\/it\/wp-json\/wp\/v2\/product_cat?post=6377"},{"taxonomy":"product_tag","embeddable":true,"href":"https:\/\/puyapeptide.net\/it\/wp-json\/wp\/v2\/product_tag?post=6377"}],"curies":[{"name":"wp","href":"https:\/\/api.w.org\/{rel}","templated":true}]}}