{"id":6399,"date":"2021-12-16T04:57:58","date_gmt":"2021-12-16T09:57:58","guid":{"rendered":"https:\/\/puyapeptide.net\/product\/acetil-tetrapeptide-15-cas-928007-64-1-e-generalmente-utilizzato-per-la-cura-della-pelle-sensibile\/"},"modified":"2021-12-16T04:57:58","modified_gmt":"2021-12-16T09:57:58","slug":"acetil-tetrapeptide-15-cas-928007-64-1-e-generalmente-utilizzato-per-la-cura-della-pelle-sensibile","status":"publish","type":"product","link":"https:\/\/puyapeptide.net\/it\/product\/acetil-tetrapeptide-15-cas-928007-64-1-e-generalmente-utilizzato-per-la-cura-della-pelle-sensibile\/","title":{"rendered":"Acetil Tetrapeptide-15 CAS 928007-64-1 \u00e8 generalmente utilizzato per la cura della pelle sensibile"},"content":{"rendered":"<h2><strong>Acetil Tetrapeptide-15 CAS 928007-64-1 \u00e8 generalmente utilizzato per la cura della pelle sensibile<\/strong><\/h2>\n<p>Nome prodotto: Acetil tetrapeptide 15<br \/>\nSinonimi: Acetil tetrapeptide 15;N-acetil-L-tirosil-L-prolil-L-fenilalanil-L-fenilalaninamide; Skinasensyl; acetil tetrapeptide-15\/Skinasensyl LS 9749;( 2S)-1-[(2S)-2-acetamido-3-(4-idrossifenil)propanoil]-N-[(2S)-1-[[(2S)-1-ammino-1-osso-3-fenilpropano -2-il]ammino]-1-osso-3-fenilpropan-2-il]pirrolidina-2-carbossammide;L-fenilalaninammide, N-acetil-L-tirosil-L-prolil-L-fenillanil-;AC-PPLY -OH; Acetil tetrapeptide 15 USP\/EP\/BP<br \/>\nCAS: 928007-64-1<br \/>\nMF: C34H39N5O6<br \/>\nMW: 613.7<br \/>\nEINECS:<br \/>\nCategorie di prodotti:<br \/>\nMol File: 928007-64-1.mol<\/p>\n<p>Acetil Tetrapeptide-15 \u00e8 un nuovo tetrapeptide sintetico che aiuta ad alleviare la pelle sensibile normalizzando la soglia di tolleranza per fattori ambientali, alcuni prodotti scomodi applicati localmente o trattamenti per la cura della pelle. Imita un peptide oppioide naturale ed \u00e8 stato sviluppato con l&#39;obiettivo di ridurre la stimolazione delle terminazioni nervose della pelle.<\/p>\n<p>Acetil Tetrapeptide-15 \u00e8 generalmente utilizzato per la cura della pelle sensibile. Il tetrapeptide colpisce la pelle neurosensibile riducendo il rilascio di mediatori pro-infiammatori e aumentando i livelli di tolleranza della pelle, con conseguente pelle meno reattiva e riduzione del dolore e del disagio.<\/p>\n<p>Oltre il 40% della popolazione lamenta sensibilit\u00e0 cutanea. Questa pelle, a differenza della pelle normale, reagisce negativamente a diversi fattori ambientali: sbalzi di temperatura, esposizione al sole, cosmetici e uso di farmaci. Dopo l&#39;esposizione a questi fattori, le persone con disturbi della pelle sensibile avvertono sensazioni spiacevoli come formicolio, bruciore o arrossamento della pelle.<\/p>\n<p>Acetil tetrapeptide 15 agisce sui recettori del dolore (terminazioni nervose) e ne riduce l&#39;attivit\u00e0. Ci\u00f2 riduce la sensazione di dolore e disagio causati dai fattori che causano la sensibilit\u00e0 della pelle.<\/p>\n<p>Studi clinici in vitro hanno dimostrato che una riduzione del rilassamento del neurotrasmettitore CGRP (peptide correlato al gene della calcitonina) nei neuroni sensoriali riduce la pelle risposte di sensibilit\u00e0 \u00c8 stato anche dimostrato che l&#39;acetiltetrapeptide-15 agisce come agonista del recettore di una sostanza simile agli oppioidi. Studi clinici in vivo hanno dimostrato che questo riduce il disagio e il dolore causati da stimoli esterni (calore e capsaicina).<\/p>\n<p>Pertanto, l&#39;acetil tetrapeptide 15 aiuta a ripristinare i normali livelli di tolleranza cutanea a fattori ambientali o cosmetici e ripara la barriera cutanea .<\/p>\n<p> <strong>Funzione e applicazione dell&#39;acetil Tetrapeptide-15 CAS 928007-64-1<\/strong><br \/>\n L&#39;acetil Tetrapeptide-15 riduce il disagio e le sensazioni dolorose nella pelle sensibile<\/p>\n","protected":false},"excerpt":{"rendered":"<p>Nome prodotto: Acetil tetrapeptide 15<br \/>\nCAS: 928007-64-1<br \/>\nMF: C34H39N5O6<br \/>\nMW: 613,7<br \/>\nMol File: 928007-64-1.mol<\/p>\n","protected":false},"featured_media":2126,"comment_status":"open","ping_status":"closed","template":"","meta":{"om_disable_all_campaigns":false,"_monsterinsights_skip_tracking":false,"_monsterinsights_sitenote_active":false,"_monsterinsights_sitenote_note":"","_monsterinsights_sitenote_category":0,"site-sidebar-layout":"default","site-content-layout":"default","ast-site-content-layout":"default","site-content-style":"default","site-sidebar-style":"default","ast-global-header-display":"","ast-banner-title-visibility":"","ast-main-header-display":"","ast-hfb-above-header-display":"","ast-hfb-below-header-display":"","ast-hfb-mobile-header-display":"","site-post-title":"","ast-breadcrumbs-content":"","ast-featured-img":"","footer-sml-layout":"","ast-disable-related-posts":"","theme-transparent-header-meta":"default","adv-header-id-meta":"","stick-header-meta":"","header-above-stick-meta":"","header-main-stick-meta":"","header-below-stick-meta":"","astra-migrate-meta-layouts":"default","ast-page-background-enabled":"default","ast-page-background-meta":{"desktop":{"background-color":"","background-image":"","background-repeat":"repeat","background-position":"center center","background-size":"auto","background-attachment":"scroll","background-type":"","background-media":"","overlay-type":"","overlay-color":"","overlay-opacity":"","overlay-gradient":""},"tablet":{"background-color":"","background-image":"","background-repeat":"repeat","background-position":"center center","background-size":"auto","background-attachment":"scroll","background-type":"","background-media":"","overlay-type":"","overlay-color":"","overlay-opacity":"","overlay-gradient":""},"mobile":{"background-color":"","background-image":"","background-repeat":"repeat","background-position":"center center","background-size":"auto","background-attachment":"scroll","background-type":"","background-media":"","overlay-type":"","overlay-color":"","overlay-opacity":"","overlay-gradient":""}},"ast-content-background-meta":{"desktop":{"background-color":"var(--ast-global-color-5)","background-image":"","background-repeat":"repeat","background-position":"center center","background-size":"auto","background-attachment":"scroll","background-type":"","background-media":"","overlay-type":"","overlay-color":"","overlay-opacity":"","overlay-gradient":""},"tablet":{"background-color":"var(--ast-global-color-5)","background-image":"","background-repeat":"repeat","background-position":"center center","background-size":"auto","background-attachment":"scroll","background-type":"","background-media":"","overlay-type":"","overlay-color":"","overlay-opacity":"","overlay-gradient":""},"mobile":{"background-color":"var(--ast-global-color-5)","background-image":"","background-repeat":"repeat","background-position":"center center","background-size":"auto","background-attachment":"scroll","background-type":"","background-media":"","overlay-type":"","overlay-color":"","overlay-opacity":"","overlay-gradient":""}}},"product_brand":[],"product_cat":[673],"product_tag":[3491],"class_list":{"0":"post-6399","1":"product","2":"type-product","3":"status-publish","4":"has-post-thumbnail","6":"product_cat-peptide-antiallergico-e-antinfiammatorio","7":"product_tag-acetyl-tetrapeptide-15-cas-928007-64-1-is-generally-used-for-sensitive-skin-care-it","8":"desktop-align-left","9":"tablet-align-left","10":"mobile-align-left","12":"first","13":"instock","14":"shipping-taxable","15":"product-type-simple"},"_links":{"self":[{"href":"https:\/\/puyapeptide.net\/it\/wp-json\/wp\/v2\/product\/6399","targetHints":{"allow":["GET"]}}],"collection":[{"href":"https:\/\/puyapeptide.net\/it\/wp-json\/wp\/v2\/product"}],"about":[{"href":"https:\/\/puyapeptide.net\/it\/wp-json\/wp\/v2\/types\/product"}],"replies":[{"embeddable":true,"href":"https:\/\/puyapeptide.net\/it\/wp-json\/wp\/v2\/comments?post=6399"}],"wp:featuredmedia":[{"embeddable":true,"href":"https:\/\/puyapeptide.net\/it\/wp-json\/wp\/v2\/media\/2126"}],"wp:attachment":[{"href":"https:\/\/puyapeptide.net\/it\/wp-json\/wp\/v2\/media?parent=6399"}],"wp:term":[{"taxonomy":"product_brand","embeddable":true,"href":"https:\/\/puyapeptide.net\/it\/wp-json\/wp\/v2\/product_brand?post=6399"},{"taxonomy":"product_cat","embeddable":true,"href":"https:\/\/puyapeptide.net\/it\/wp-json\/wp\/v2\/product_cat?post=6399"},{"taxonomy":"product_tag","embeddable":true,"href":"https:\/\/puyapeptide.net\/it\/wp-json\/wp\/v2\/product_tag?post=6399"}],"curies":[{"name":"wp","href":"https:\/\/api.w.org\/{rel}","templated":true}]}}