{"id":6685,"date":"2021-12-16T05:41:52","date_gmt":"2021-12-16T10:41:52","guid":{"rendered":"https:\/\/puyapeptide.net\/product\/tetrapeptide-14-effetti-antieta-lifting-e-antirughe\/"},"modified":"2021-12-16T05:41:52","modified_gmt":"2021-12-16T10:41:52","slug":"tetrapeptide-14-effetti-antieta-lifting-e-antirughe","status":"publish","type":"product","link":"https:\/\/puyapeptide.net\/it\/product\/tetrapeptide-14-effetti-antieta-lifting-e-antirughe\/","title":{"rendered":"Tetrapeptide-14 Effetti antiet\u00e0, lifting e antirughe"},"content":{"rendered":"<h2><strong>Tetrapeptide-14 Effetti antiet\u00e0, lifting e antirughe<\/strong><\/h2>\n<p>Nome prodotto: Tetrapeptide-14<br \/>\nFonte: sintetico<br \/>\nGrado: cosmetico<br \/>\nFormulazione: disponibile per riferimento, non esitate a contattarci.<br \/>\nMSDS e COA: disponibili per riferimento, contattateci<br \/>\nConsegna: prontamente dal magazzino<br \/>\nOdore: caratteristico<br \/>\nStabilit\u00e0: stabile<br \/>\nSolubilit\u00e0: solubile in acqua<br \/>\nCapacit\u00e0: 600 g al mese<br \/>\nAspetto: polvere bianca<\/p>\n<p>Tetrapeptide -14 \u00e8 una sequenza peptidica specifica che pu\u00f2 essere utilizzata nei trattamenti cosmetici per alleviare il rossore associato alla rosacea o a una lieve esposizione al sole<br \/>\n-Agisce mediante la regolazione dell&#39;interleuchina-6 (IL-6) per prevenire l&#39;infiammazione, che<br \/>\nin a sua volta riduce il danno MMP-1 con l&#39;effetto netto di una pelle luminosa e uniforme<br \/>\naspetto<br \/>\n-Riduce anche la probabilit\u00e0 di pigmentazione post-infiammatoria insieme a<br \/>\nmigliorando la salute generale della pelle<\/p>\n<p> <strong>Usi di Tetrapeptide- 14<\/strong><br \/>\nTetrapeptide-14 \u00e8 una matrice di somministrazione unica che combina un peptide che riduce il rossore e l&#39;infiammazione con le propriet\u00e0 antiossidanti del t\u00e8, le propriet\u00e0 calmanti di b oswellia serrata e le propriet\u00e0 benefiche del miele.<\/p>\n","protected":false},"excerpt":{"rendered":"<p>Nome prodotto: Tetrapeptide-14<br \/>\nFonte: sintetico<br \/>\nGrado: cosmetico<br \/>\nConsegna: prontamente a magazzino<br \/>\nOdore: caratteristico<br \/>\nAspetto: polvere bianca<\/p>\n","protected":false},"featured_media":2168,"comment_status":"open","ping_status":"closed","template":"","meta":{"om_disable_all_campaigns":false,"_monsterinsights_skip_tracking":false,"_monsterinsights_sitenote_active":false,"_monsterinsights_sitenote_note":"","_monsterinsights_sitenote_category":0,"site-sidebar-layout":"default","site-content-layout":"default","ast-site-content-layout":"default","site-content-style":"default","site-sidebar-style":"default","ast-global-header-display":"","ast-banner-title-visibility":"","ast-main-header-display":"","ast-hfb-above-header-display":"","ast-hfb-below-header-display":"","ast-hfb-mobile-header-display":"","site-post-title":"","ast-breadcrumbs-content":"","ast-featured-img":"","footer-sml-layout":"","ast-disable-related-posts":"","theme-transparent-header-meta":"default","adv-header-id-meta":"","stick-header-meta":"","header-above-stick-meta":"","header-main-stick-meta":"","header-below-stick-meta":"","astra-migrate-meta-layouts":"default","ast-page-background-enabled":"default","ast-page-background-meta":{"desktop":{"background-color":"","background-image":"","background-repeat":"repeat","background-position":"center center","background-size":"auto","background-attachment":"scroll","background-type":"","background-media":"","overlay-type":"","overlay-color":"","overlay-opacity":"","overlay-gradient":""},"tablet":{"background-color":"","background-image":"","background-repeat":"repeat","background-position":"center center","background-size":"auto","background-attachment":"scroll","background-type":"","background-media":"","overlay-type":"","overlay-color":"","overlay-opacity":"","overlay-gradient":""},"mobile":{"background-color":"","background-image":"","background-repeat":"repeat","background-position":"center center","background-size":"auto","background-attachment":"scroll","background-type":"","background-media":"","overlay-type":"","overlay-color":"","overlay-opacity":"","overlay-gradient":""}},"ast-content-background-meta":{"desktop":{"background-color":"var(--ast-global-color-5)","background-image":"","background-repeat":"repeat","background-position":"center center","background-size":"auto","background-attachment":"scroll","background-type":"","background-media":"","overlay-type":"","overlay-color":"","overlay-opacity":"","overlay-gradient":""},"tablet":{"background-color":"var(--ast-global-color-5)","background-image":"","background-repeat":"repeat","background-position":"center center","background-size":"auto","background-attachment":"scroll","background-type":"","background-media":"","overlay-type":"","overlay-color":"","overlay-opacity":"","overlay-gradient":""},"mobile":{"background-color":"var(--ast-global-color-5)","background-image":"","background-repeat":"repeat","background-position":"center center","background-size":"auto","background-attachment":"scroll","background-type":"","background-media":"","overlay-type":"","overlay-color":"","overlay-opacity":"","overlay-gradient":""}}},"product_brand":[],"product_cat":[588],"product_tag":[3142,3120],"class_list":{"0":"post-6685","1":"product","2":"type-product","3":"status-publish","4":"has-post-thumbnail","6":"product_cat-peptide-per-la-cura-degli-occhi","7":"product_tag-lifting-and-anti-wrinkle-effects-it","8":"product_tag-tetrapeptide-14-anti-aging-it","9":"desktop-align-left","10":"tablet-align-left","11":"mobile-align-left","13":"first","14":"instock","15":"shipping-taxable","16":"product-type-simple"},"_links":{"self":[{"href":"https:\/\/puyapeptide.net\/it\/wp-json\/wp\/v2\/product\/6685","targetHints":{"allow":["GET"]}}],"collection":[{"href":"https:\/\/puyapeptide.net\/it\/wp-json\/wp\/v2\/product"}],"about":[{"href":"https:\/\/puyapeptide.net\/it\/wp-json\/wp\/v2\/types\/product"}],"replies":[{"embeddable":true,"href":"https:\/\/puyapeptide.net\/it\/wp-json\/wp\/v2\/comments?post=6685"}],"wp:featuredmedia":[{"embeddable":true,"href":"https:\/\/puyapeptide.net\/it\/wp-json\/wp\/v2\/media\/2168"}],"wp:attachment":[{"href":"https:\/\/puyapeptide.net\/it\/wp-json\/wp\/v2\/media?parent=6685"}],"wp:term":[{"taxonomy":"product_brand","embeddable":true,"href":"https:\/\/puyapeptide.net\/it\/wp-json\/wp\/v2\/product_brand?post=6685"},{"taxonomy":"product_cat","embeddable":true,"href":"https:\/\/puyapeptide.net\/it\/wp-json\/wp\/v2\/product_cat?post=6685"},{"taxonomy":"product_tag","embeddable":true,"href":"https:\/\/puyapeptide.net\/it\/wp-json\/wp\/v2\/product_tag?post=6685"}],"curies":[{"name":"wp","href":"https:\/\/api.w.org\/{rel}","templated":true}]}}