{"id":6752,"date":"2021-12-16T06:02:48","date_gmt":"2021-12-16T11:02:48","guid":{"rendered":"https:\/\/puyapeptide.net\/product\/oligopeptide-68-cas-1206525-47-4-per-lilluminazione-della-pelle-e-lanti-invecchiamento\/"},"modified":"2021-12-16T06:02:48","modified_gmt":"2021-12-16T11:02:48","slug":"oligopeptide-68-cas-1206525-47-4-per-lilluminazione-della-pelle-e-lanti-invecchiamento","status":"publish","type":"product","link":"https:\/\/puyapeptide.net\/it\/product\/oligopeptide-68-cas-1206525-47-4-per-lilluminazione-della-pelle-e-lanti-invecchiamento\/","title":{"rendered":"Oligopeptide-68 CAS 1206525-47-4 per l&#39;illuminazione della pelle e l&#39;anti-invecchiamento"},"content":{"rendered":"<h2><strong>Oligopeptide-68 CAS 1206525-47-4 per l&#39;illuminazione della pelle e l&#39;anti-invecchiamento<\/strong><\/h2>\n<p>Nome prodotto: Oligopeptide-68<br \/>\nSinonimi: Glycyl-L-arginylglycyl-L-alpha-aspartil-L-tyrosyl-L-isoleucyl-L-tryptophyl-L-seryl-L-leucyl-L-alpha- aspartil-L-treonil-L-glutammina; Oligopeptide-68, beta-bianco; L-Glutammina, glicil-L-arginilglicil-L-\u03b1-aspartil-L-tirosil-L-isoleucil-L-triptophyl-L-seryl- L-leucyl-L-\u03b1-aspartil-L-treonyl-; Oligopeptide-68 CAS 1206525-47-4 Whitening Oligopeptide-68 Polvere<br \/>\nCAS: 1206525-47-4<br \/>\nMF: C62H91N17O21<br \/>\nMW: 1410.49<br \/>\nEINECS: 205-358-3<br \/>\nCategorie di prodotti:<br \/>\nMol File: 1206525-47-4.mol<\/p>\n<p>Oligopeptide-68 &#8211; \u00e8 una combinazione complessa di peptide agonista del TGF-\u00df che inibisce il fattore di trascrizione associato alla microftalmia (MITF). MITF \u00e8 un importante regolatore trascrizionale di enzimi melanogeni, tirosinasi, TRP-1 e TRP-2. Questo peptide induce un significativo schiarimento della pelle che ha dimostrato di avere un&#39;attivit\u00e0 maggiore rispetto all&#39;arbutina e alla vitamina C.<\/p>\n<p> <strong>Funzione dell&#39;Oligopeptide-68 CAS 1206525-47-4<\/strong> <\/p>\n<p>1. sbiancare le lentiggini.<br \/>\n2. inibire l&#39;eccessiva produzione di melanina.<br \/>\n3. ridurre la deposizione di melanina.<\/p>\n<p> <strong>Benefici di Oligopeptide-68 CAS 1206525-47-4<\/strong><br \/>\n1. Pu\u00f2 sbiancare le lentiggini.<br \/>\n2. Pu\u00f2 inibire l&#39;eccessiva produzione di melanina.<br \/>\n3. Pu\u00f2 ridurre la deposizione di melanina.<br \/>\nMeccanismo d&#39;azione dell&#39;oligopeptide-68.<br \/>\nRiduce la produzione di melanina e previene la sovrapproduzione di melanina inibendo l&#39;MSH (ormone stimolante i melanociti).<\/p>\n<p>La scienza ha dimostrato che i peptidi possono aiutare a gestire rughe nella pelle e invertire i segni dell&#39;invecchiamento.<br \/>\nLa pelle umana \u00e8 composta principalmente da collagene. Il collagene \u00e8 una proteina composta da lunghi segmenti di amminoacidi disposti a catena. Il collagene fornisce una base e uno spessore per la pelle.<br \/>\nLe donne sotto i 30 anni hanno un ampio collagene, che si traduce in una pelle liscia e tesa.<br \/>\nIl resto di noi ha meno collagene: la pelle tende ad essere pi\u00f9 sottile, rivelando pi\u00f9 rughe.&lt;&amp; &gt;Quando il collagene si rompe, si formano brevi segmenti di amminoacidi. Queste sono le minuscole proteine e molecole attive note come peptidi. I peptidi nella cura della pelle possono fornire significativi benefici anti-invecchiamento.<\/p>\n","protected":false},"excerpt":{"rendered":"<p>Nome del prodotto: Oligopeptide-68<br \/>\nCAS: 1206525-47-4<br \/>\nMF: C62H91N17O21<br \/>\nMW: 1410.49<br \/>\nEINECS: 205-358-3<br \/>\nMol File: 1206525-47-4. mole<\/p>\n","protected":false},"featured_media":2168,"comment_status":"open","ping_status":"closed","template":"","meta":{"om_disable_all_campaigns":false,"_monsterinsights_skip_tracking":false,"_monsterinsights_sitenote_active":false,"_monsterinsights_sitenote_note":"","_monsterinsights_sitenote_category":0,"site-sidebar-layout":"default","site-content-layout":"default","ast-site-content-layout":"","site-content-style":"default","site-sidebar-style":"default","ast-global-header-display":"","ast-banner-title-visibility":"","ast-main-header-display":"","ast-hfb-above-header-display":"","ast-hfb-below-header-display":"","ast-hfb-mobile-header-display":"","site-post-title":"","ast-breadcrumbs-content":"","ast-featured-img":"","footer-sml-layout":"","theme-transparent-header-meta":"default","adv-header-id-meta":"","stick-header-meta":"","header-above-stick-meta":"","header-main-stick-meta":"","header-below-stick-meta":"","astra-migrate-meta-layouts":"default","ast-page-background-enabled":"default","ast-page-background-meta":{"desktop":{"background-color":"","background-image":"","background-repeat":"repeat","background-position":"center center","background-size":"auto","background-attachment":"scroll","background-type":"","background-media":"","overlay-type":"","overlay-color":"","overlay-opacity":"","overlay-gradient":""},"tablet":{"background-color":"","background-image":"","background-repeat":"repeat","background-position":"center center","background-size":"auto","background-attachment":"scroll","background-type":"","background-media":"","overlay-type":"","overlay-color":"","overlay-opacity":"","overlay-gradient":""},"mobile":{"background-color":"","background-image":"","background-repeat":"repeat","background-position":"center center","background-size":"auto","background-attachment":"scroll","background-type":"","background-media":"","overlay-type":"","overlay-color":"","overlay-opacity":"","overlay-gradient":""}},"ast-content-background-meta":{"desktop":{"background-color":"var(--ast-global-color-5)","background-image":"","background-repeat":"repeat","background-position":"center center","background-size":"auto","background-attachment":"scroll","background-type":"","background-media":"","overlay-type":"","overlay-color":"","overlay-opacity":"","overlay-gradient":""},"tablet":{"background-color":"var(--ast-global-color-5)","background-image":"","background-repeat":"repeat","background-position":"center center","background-size":"auto","background-attachment":"scroll","background-type":"","background-media":"","overlay-type":"","overlay-color":"","overlay-opacity":"","overlay-gradient":""},"mobile":{"background-color":"var(--ast-global-color-5)","background-image":"","background-repeat":"repeat","background-position":"center center","background-size":"auto","background-attachment":"scroll","background-type":"","background-media":"","overlay-type":"","overlay-color":"","overlay-opacity":"","overlay-gradient":""}}},"product_brand":[],"product_cat":[568],"product_tag":[3076],"class_list":{"0":"post-6752","1":"product","2":"type-product","3":"status-publish","4":"has-post-thumbnail","6":"product_cat-peptide-sbiancante","7":"product_tag-oligopeptide-68-cas-1206525-47-4-for-for-skin-lighting-and-anti-aging-it","8":"desktop-align-left","9":"tablet-align-left","10":"mobile-align-left","12":"first","13":"instock","14":"shipping-taxable","15":"product-type-simple"},"_links":{"self":[{"href":"https:\/\/puyapeptide.net\/it\/wp-json\/wp\/v2\/product\/6752","targetHints":{"allow":["GET"]}}],"collection":[{"href":"https:\/\/puyapeptide.net\/it\/wp-json\/wp\/v2\/product"}],"about":[{"href":"https:\/\/puyapeptide.net\/it\/wp-json\/wp\/v2\/types\/product"}],"replies":[{"embeddable":true,"href":"https:\/\/puyapeptide.net\/it\/wp-json\/wp\/v2\/comments?post=6752"}],"wp:featuredmedia":[{"embeddable":true,"href":"https:\/\/puyapeptide.net\/it\/wp-json\/wp\/v2\/media\/2168"}],"wp:attachment":[{"href":"https:\/\/puyapeptide.net\/it\/wp-json\/wp\/v2\/media?parent=6752"}],"wp:term":[{"taxonomy":"product_brand","embeddable":true,"href":"https:\/\/puyapeptide.net\/it\/wp-json\/wp\/v2\/product_brand?post=6752"},{"taxonomy":"product_cat","embeddable":true,"href":"https:\/\/puyapeptide.net\/it\/wp-json\/wp\/v2\/product_cat?post=6752"},{"taxonomy":"product_tag","embeddable":true,"href":"https:\/\/puyapeptide.net\/it\/wp-json\/wp\/v2\/product_tag?post=6752"}],"curies":[{"name":"wp","href":"https:\/\/api.w.org\/{rel}","templated":true}]}}