{"id":6776,"date":"2021-12-16T06:03:44","date_gmt":"2021-12-16T11:03:44","guid":{"rendered":"https:\/\/puyapeptide.net\/product\/decapeptide-12-lumixyl-cas-137665-91-9-inibisce-la-formazione-di-melanina\/"},"modified":"2021-12-16T06:03:44","modified_gmt":"2021-12-16T11:03:44","slug":"decapeptide-12-lumixyl-cas-137665-91-9-inibisce-la-formazione-di-melanina","status":"publish","type":"product","link":"https:\/\/puyapeptide.net\/it\/product\/decapeptide-12-lumixyl-cas-137665-91-9-inibisce-la-formazione-di-melanina\/","title":{"rendered":"Decapeptide-12\/Lumixyl CAS 137665-91-9 inibisce la formazione di melanina"},"content":{"rendered":"<h2><strong>Decapeptide-12\/Lumixyl CAS 137665-91-9 inibisce la formazione di melanina<\/strong><\/h2>\n<p>Nome prodotto: Decapeptide-12<br \/>\nSinonimi: Decapeptide-12;Decapeptide-12\/ Lumixyl;Decapeptide-12 lumixyl\/peptide cosmetico;L-tirosina, L-tirosil-L-arginil-L-seryl-L- arginyl-L-lysyl-L-tyrosyl-L-seryl-L-seryl-L-triptophyl-;Decapeptide-12 USP\/EP\/BP<br \/>\nCAS: 137665-91-9<br \/>\nMF: C65H90N18O17<br \/>\n MW: 1395.52<br \/>\nEINECS:<br \/>\nCategorie di prodotti:<br \/>\nMol File: 137665-91-9.mol<\/p>\n<p>Decapeptide-12 \u00e8 una materia prima cosmetica che inibisce la formazione di melanina, schiarisce la pigmentazione, riduce pigmentazione e uniforma e illumina il tono della pelle. \u00c8 stato sviluppato dai ricercatori della Stanford Dermatology ed \u00e8 l&#39;unico che ha dimostrato di inibire efficacemente la tirosinasi (la tirosinasi promuove la produzione eccessiva di melanina, con conseguente pigmentazione irregolare, macchie scure, ecc.), una nuova attivit\u00e0 peptidica. Decapeptide-12 \u00e8 un oligopeptide composto da soli 12 amminoacidi. Questo oligopeptide \u00e8 noto per la sua attivit\u00e0 anti-tirosinasi.<\/p>\n<p>La tirosinasi si trova nei tessuti vegetali e animali ed \u00e8 responsabile della catalizzazione della melanina e di altri pigmenti. Decapeptide-12 \u00e8 oggetto di studio per la sua possibile capacit\u00e0 di ridurre l&#39;oscuramento della pelle. \u00c8 in grado di interferire con la tirosinasi e schiarire la pelle nei modelli animali. Decapeptide-12 riduce l&#39;aspetto dell&#39;iperpigmentazione &#8211; macchie dell&#39;et\u00e0, macchie solari, tono della pelle non uniforme e danni alle foto &#8211; senza i tipici effetti collaterali di altri schiarenti come irritazioni e arrossamenti. Inoltre, gli antiossidanti lenitivi come la radice di liquirizia alleviano anche la pelle sensibile.<\/p>\n<p>Decapeptide-12 riduce la comparsa di iperpigmentazione: macchie dell&#39;et\u00e0, macchie solari, tono della pelle non uniforme e danni alle foto, senza i tipici effetti collaterali di altri schiarenti come l&#39;irritazione e rossore. Inoltre, gli antiossidanti lenitivi come la radice di liquirizia leniscono anche la pelle sensibile.<\/p>\n<p> <strong>Fungsi<\/strong><br \/>\n <strong>Funzione e applicazione di Decapeptide-12\/ Lumixyl CAS 137665-91-9<\/strong><br \/>\n Decapeptide-12 si lega in modo reversibile alla tirosinasi, un enzima presente in diverse cellule produttrici di pigmenti. Impedisce alla tirosinasi di catalizzare l&#39;ossidazione dei fenoli, il primo passo nella produzione di melanina. Nei mammiferi, la tirosinasi si trova solo nei melanosomi, compartimenti speciali all&#39;interno delle cellule che producono pigmenti.<br \/>\n La tirosinasi non \u00e8 conservata tra le specie e, infatti, pu\u00f2 differire drasticamente nella struttura anche tra specie strettamente correlate. Nell&#39;uomo, le differenze nell&#39;efficienza della tirosinasi determinano il colore della pelle e sono il risultato di lievi modifiche nel gene TYR trovato sul cromosoma 11.<br \/>\n Il decapeptide-12 \u00e8 circa 17 volte pi\u00f9 potente dei precedenti trattamenti per l&#39;iperpigmentazione, incluso l&#39;idrochinone. Studi su melanociti in coltura per 7 giorni hanno dimostrato una riduzione del 27%-43% del contenuto di melanina.<br \/>\n Decapeptide-12 \u00e8 stato sottoposto a pi\u00f9 sperimentazioni su animali e potrebbe eventualmente essere incluso in prodotti commerciali per il trattamento dell&#39;iperpigmentazione.<\/p>\n","protected":false},"excerpt":{"rendered":"<p>Nome del prodotto: Decapeptide-12\/ Lumixyl<br \/>\nCAS: 137665-91-9<br \/>\nMF: C65H90N18O17<br \/>\nMW: 1395.52<br \/>\nMol File: 137665-91-9.mol<\/p>\n","protected":false},"featured_media":2105,"comment_status":"open","ping_status":"closed","template":"","meta":{"om_disable_all_campaigns":false,"_monsterinsights_skip_tracking":false,"_monsterinsights_sitenote_active":false,"_monsterinsights_sitenote_note":"","_monsterinsights_sitenote_category":0,"site-sidebar-layout":"default","site-content-layout":"default","ast-site-content-layout":"","site-content-style":"default","site-sidebar-style":"default","ast-global-header-display":"","ast-banner-title-visibility":"","ast-main-header-display":"","ast-hfb-above-header-display":"","ast-hfb-below-header-display":"","ast-hfb-mobile-header-display":"","site-post-title":"","ast-breadcrumbs-content":"","ast-featured-img":"","footer-sml-layout":"","theme-transparent-header-meta":"default","adv-header-id-meta":"","stick-header-meta":"","header-above-stick-meta":"","header-main-stick-meta":"","header-below-stick-meta":"","astra-migrate-meta-layouts":"default","ast-page-background-enabled":"default","ast-page-background-meta":{"desktop":{"background-color":"","background-image":"","background-repeat":"repeat","background-position":"center center","background-size":"auto","background-attachment":"scroll","background-type":"","background-media":"","overlay-type":"","overlay-color":"","overlay-opacity":"","overlay-gradient":""},"tablet":{"background-color":"","background-image":"","background-repeat":"repeat","background-position":"center center","background-size":"auto","background-attachment":"scroll","background-type":"","background-media":"","overlay-type":"","overlay-color":"","overlay-opacity":"","overlay-gradient":""},"mobile":{"background-color":"","background-image":"","background-repeat":"repeat","background-position":"center center","background-size":"auto","background-attachment":"scroll","background-type":"","background-media":"","overlay-type":"","overlay-color":"","overlay-opacity":"","overlay-gradient":""}},"ast-content-background-meta":{"desktop":{"background-color":"var(--ast-global-color-5)","background-image":"","background-repeat":"repeat","background-position":"center center","background-size":"auto","background-attachment":"scroll","background-type":"","background-media":"","overlay-type":"","overlay-color":"","overlay-opacity":"","overlay-gradient":""},"tablet":{"background-color":"var(--ast-global-color-5)","background-image":"","background-repeat":"repeat","background-position":"center center","background-size":"auto","background-attachment":"scroll","background-type":"","background-media":"","overlay-type":"","overlay-color":"","overlay-opacity":"","overlay-gradient":""},"mobile":{"background-color":"var(--ast-global-color-5)","background-image":"","background-repeat":"repeat","background-position":"center center","background-size":"auto","background-attachment":"scroll","background-type":"","background-media":"","overlay-type":"","overlay-color":"","overlay-opacity":"","overlay-gradient":""}}},"product_brand":[],"product_cat":[568],"product_tag":[3055],"class_list":{"0":"post-6776","1":"product","2":"type-product","3":"status-publish","4":"has-post-thumbnail","6":"product_cat-peptide-sbiancante","7":"product_tag-decapeptide-12-lumixyl-cas-137665-91-9-inhibits-melanin-formation-it","8":"desktop-align-left","9":"tablet-align-left","10":"mobile-align-left","12":"first","13":"instock","14":"shipping-taxable","15":"product-type-simple"},"_links":{"self":[{"href":"https:\/\/puyapeptide.net\/it\/wp-json\/wp\/v2\/product\/6776","targetHints":{"allow":["GET"]}}],"collection":[{"href":"https:\/\/puyapeptide.net\/it\/wp-json\/wp\/v2\/product"}],"about":[{"href":"https:\/\/puyapeptide.net\/it\/wp-json\/wp\/v2\/types\/product"}],"replies":[{"embeddable":true,"href":"https:\/\/puyapeptide.net\/it\/wp-json\/wp\/v2\/comments?post=6776"}],"wp:featuredmedia":[{"embeddable":true,"href":"https:\/\/puyapeptide.net\/it\/wp-json\/wp\/v2\/media\/2105"}],"wp:attachment":[{"href":"https:\/\/puyapeptide.net\/it\/wp-json\/wp\/v2\/media?parent=6776"}],"wp:term":[{"taxonomy":"product_brand","embeddable":true,"href":"https:\/\/puyapeptide.net\/it\/wp-json\/wp\/v2\/product_brand?post=6776"},{"taxonomy":"product_cat","embeddable":true,"href":"https:\/\/puyapeptide.net\/it\/wp-json\/wp\/v2\/product_cat?post=6776"},{"taxonomy":"product_tag","embeddable":true,"href":"https:\/\/puyapeptide.net\/it\/wp-json\/wp\/v2\/product_tag?post=6776"}],"curies":[{"name":"wp","href":"https:\/\/api.w.org\/{rel}","templated":true}]}}