{"id":6832,"date":"2021-12-16T06:07:10","date_gmt":"2021-12-16T11:07:10","guid":{"rendered":"https:\/\/puyapeptide.net\/product\/glutatione-in-polvere-cas-70-18-8-per-integratori-alimentari-sbiancamento-della-pelle-glutatione-ridotto-in-polvere-l-glutatione\/"},"modified":"2021-12-16T06:07:10","modified_gmt":"2021-12-16T11:07:10","slug":"glutatione-in-polvere-cas-70-18-8-per-integratori-alimentari-sbiancamento-della-pelle-glutatione-ridotto-in-polvere-l-glutatione","status":"publish","type":"product","link":"https:\/\/puyapeptide.net\/it\/product\/glutatione-in-polvere-cas-70-18-8-per-integratori-alimentari-sbiancamento-della-pelle-glutatione-ridotto-in-polvere-l-glutatione\/","title":{"rendered":"Glutatione in polvere CAS 70-18-8 per integratori alimentari Sbiancamento della pelle Glutatione ridotto in polvere L-Glutatione"},"content":{"rendered":"<h2><strong>Glutatione in polvere CAS 70-18-8 per integratori alimentari Sbiancamento della pelle Glutatione ridotto in polvere L-Glutatione<\/strong><\/h2>\n<p>Nome prodotto: Glutatione<br \/>\nSinonimi: glutatiol;glutatione;glutide;glutinal;isetion;l-glutatione;N(NL-.gamma.-Glutamyl-L-cysteinyl)glycine;n-(nl-gamma-glutamyl -l-cisteinil)-glicina<br \/>\nCAS: 70-18-8<br \/>\nMF: C10H17N3O6S<br \/>\nMW: 307,32<br \/>\nEINECS: 200-725-4<br \/>\nCategorie prodotto: chimico;Inibitori;Ammino Acidi e derivati;Materiale;Intermedi farmaceutici;farmaceutico;farmaceutico;Aminoacidi 13C, 2H, 15N;Antiossidante;Biochimica;Intermedi e prodotti chimici fini;Prodotti farmaceutici;API<br \/>\nMol File: 70-18-8.mol<br \/>\n&lt; &amp;&gt; Il glutatione (GSH), chiamato anche glutatione ridotto, \u00e8 un tripeptide composto da glutammato, cisteina e glicina. Pu\u00f2 essere trovato in quasi tutte le cellule del corpo umano. Oggigiorno, la produzione industriale di Glutatione \u00e8 ottenuta principalmente per sintesi enzimatica. Nel metodo, il glutatione ha un&#39;elevata purezza e una buona solubilit\u00e0 in acqua. In quanto tripeptide attivo con importanti funzioni fisiologiche, il glutatione \u00e8 il pi\u00f9 importante composto solfidrilico non proteico negli organismi. Ha attivit\u00e0 biologiche come la disintossicazione, l&#39;ossidazione, l&#39;eliminazione dei radicali liberi, lo sbiancamento della pelle e lo sbiadimento delle macchie. Pertanto, \u00e8 ampiamente utilizzato nei cosmetici, nella medicina, nei prodotti sanitari e in altri settori. Pu\u00f2 essere molto solubile in acqua e facile da aggiungere a tutti i tipi di cosmetici sbiancanti per la pelle. Plamed Glutatione \u00e8 suddiviso in grado cosmetico e grado medico.<\/p>\n<p> <strong>Glutatione CAS 70-18-8 Propriet\u00e0 chimiche<\/strong><br \/>\nPunto di fusione 192-195 \u00b0C (dec.) (lett.)<br \/>\nalpha -16.5 \u00ba (c=2, H2O)<br \/>\nPunto di ebollizione 754,5\u00b160,0 \u00b0C (prevista)<br \/>\ndensit\u00e0 1.4482 (stima approssimativa)<br \/>\nindice di rifrazione -17 \u00b0 (C=2, H2O)<br \/>\ntemp di stoccaggio . 2-8\u00b0C<br \/>\nsolubilit\u00e0 H2O: 50 mg\/mL<br \/>\npka pK1 2,12; pK2 3,53; pK3 8.66; pK4 9.12(a 25\u2103)<br \/>\nforma polvere<br \/>\ncolore bianco<br \/>\nOdore Inodore<br \/>\nPH 3 (10g\/l, H2O, 20\u00b0C)<br \/>\nIdrosolubilit\u00e0 solubile<br \/>\nMerck 14, 4475<br \/>\nBRN 1729812<br \/>\nStabilit\u00e0: stabile. Incompatibile con agenti ossidanti forti.<br \/>\nInChIKey RWSXRVCMGQZWBV-WDSKDSINSA-N<br \/>\nCAS DataBase Reference 70-18-8(CAS DataBase Reference)<br \/>\nEPA Substance Registry System Glutatione (70-18-8)<br \/>\n&lt; &amp;&gt; <strong>Diagramma di flusso del processo del produttore di glutatione<\/strong><br \/>\n <img fetchpriority=\"high\" decoding=\"async\" class=\"alignnone size-full wp-image-4163\" src=\"https:\/\/puyapeptide.net\/wp-content\/uploads\/2021\/12\/Glutathione-Manufacturer-Process-Flow-Chart.png\" alt=\"Diagramma di flusso del processo del produttore di glutatione\" width=\"1458\" height=\"255\" srcset=\"https:\/\/puyapeptide.net\/wp-content\/uploads\/2021\/12\/Glutathione-Manufacturer-Process-Flow-Chart.png 1458w, https:\/\/puyapeptide.net\/wp-content\/uploads\/2021\/12\/Glutathione-Manufacturer-Process-Flow-Chart-768x134.png 768w, https:\/\/puyapeptide.net\/wp-content\/uploads\/2021\/12\/Glutathione-Manufacturer-Process-Flow-Chart-600x105.png 600w\" sizes=\"(max-width: 1458px) 100vw, 1458px\" \/><br \/>\n <strong>Glutatione CAS 70-18-8 Benefici<\/strong><br \/>\n1.Sbiancare la pelle e rimuovere le lentiggini<br \/>\nIl glutatione pu\u00f2 chelare le tossine interne ed esterne come i metalli pesanti. Pu\u00f2 prevenire la pigmentazione della pelle. Inoltre pu\u00f2 inibire la formazione di nuova melanina e ridurne l&#39;ossidazione. Il glutatione allevia i problemi della pelle come il cloasma. Ha una grande funzione di schiarire la pelle e rimuovere le lentiggini. Nel frattempo, il glutatione \u00e8 un piccolo peptide molecolare. Quindi pu\u00f2 facilmente penetrare nella membrana cellulare ed essere assorbito dalla pelle, se applicato esternamente. \u00c8 un ingrediente cosmetico efficace per sbiancare la pelle<br \/>\n2.Anti-ossidazione<br \/>\nLa struttura del glutatione contiene un vivace gruppo tiolico-SH. Quindi \u00e8 facilmente ossidabile e deidrogenato. I radicali liberi possono essere ridotti direttamente in sostanze acide combinando il gruppo tiolico con i radicali liberi nel corpo. In tal modo accelera l&#39;eliminazione dei radicali liberi; e combattere i danni dei radicali liberi alla pelle. Allo stesso tempo, il glutatione \u00e8 una sorta di agente protettivo contro le radiazioni. Pu\u00f2 consentire alle radiazioni di produrre radicali liberi altamente attivi negli organismi viventi attraverso un&#39;azione diretta e indiretta. E poi il glutatione pu\u00f2 eliminare questi radicali liberi per ottenere il suo effetto antiossidante.<br \/>\n3.Isolare il PM2.5<br \/>\nIl glutatione pu\u00f2 isolare il danno del PM2.5 alla pelle, quando agisce sulla superficie della pelle.&lt; &amp;&gt;<br \/>\n <strong>Glutatione CAS 70-18-8 Applicazione e dosaggio di riferimento<\/strong><br \/>\n Il glutatione viene utilizzato principalmente nei prodotti sbiancanti per la cura della pelle, come siero, maschera facciale, emulsione, toner, essenza, crema, ecc.<\/p>\n<table>\n<tbody>\n<tr>\n<td> Prodotto<\/td>\n<td> Dosaggio di riferimento<\/td>\n<\/tr>\n<tr>\n<td> Glutatione 98%<\/td>\n<td> 0,1-0,5%<\/td>\n<\/tr>\n<\/tbody>\n<\/table>\n<p>Attenzione al glutatione CAS 70-18-8:<br \/>\nIl glutatione non pu\u00f2 essere utilizzato con vitamina B12, acido orotico (vitamina B13) nei cosmetici o causer\u00e0 irritazione della pelle<\/p>\n<p> <strong>Applicazione del glutatione CAS 70 -18-8<\/strong><br \/>\nGSH \u00e8 lo stato attivo primario, che rappresenta circa il 95%; GSSG \u00e8 inattivo per circa l&#39;1%;<br \/>\nGSH ha solo legami peptidici e GSSG contiene anche un legame disolfuro;<br \/>\nLa capacit\u00e0 di legame del GSH \u00e8 pi\u00f9 forte di GSSG;<br \/>\nLa glutatione reduttasi catalizza l&#39;interconversione tra GSH e GSSG.&lt;&amp; &gt;Credo che dovresti avere una conoscenza preliminare del glutatione. Andiamo oltre.<\/p>\n","protected":false},"excerpt":{"rendered":"<p>Nome del prodotto: Glutatione<br \/>\nCAS: 70-18-8<br \/>\nMF: C10H17N3O6S<br \/>\nMW: 307.32<br \/>\nEINECS: 200-725-4<br \/>\nMol File: 70-18-8.mol<\/p>\n","protected":false},"featured_media":2168,"comment_status":"open","ping_status":"closed","template":"","meta":{"om_disable_all_campaigns":false,"_monsterinsights_skip_tracking":false,"_monsterinsights_sitenote_active":false,"_monsterinsights_sitenote_note":"","_monsterinsights_sitenote_category":0,"site-sidebar-layout":"default","site-content-layout":"default","ast-site-content-layout":"","site-content-style":"default","site-sidebar-style":"default","ast-global-header-display":"","ast-banner-title-visibility":"","ast-main-header-display":"","ast-hfb-above-header-display":"","ast-hfb-below-header-display":"","ast-hfb-mobile-header-display":"","site-post-title":"","ast-breadcrumbs-content":"","ast-featured-img":"","footer-sml-layout":"","theme-transparent-header-meta":"default","adv-header-id-meta":"","stick-header-meta":"","header-above-stick-meta":"","header-main-stick-meta":"","header-below-stick-meta":"","astra-migrate-meta-layouts":"default","ast-page-background-enabled":"default","ast-page-background-meta":{"desktop":{"background-color":"","background-image":"","background-repeat":"repeat","background-position":"center center","background-size":"auto","background-attachment":"scroll","background-type":"","background-media":"","overlay-type":"","overlay-color":"","overlay-opacity":"","overlay-gradient":""},"tablet":{"background-color":"","background-image":"","background-repeat":"repeat","background-position":"center center","background-size":"auto","background-attachment":"scroll","background-type":"","background-media":"","overlay-type":"","overlay-color":"","overlay-opacity":"","overlay-gradient":""},"mobile":{"background-color":"","background-image":"","background-repeat":"repeat","background-position":"center center","background-size":"auto","background-attachment":"scroll","background-type":"","background-media":"","overlay-type":"","overlay-color":"","overlay-opacity":"","overlay-gradient":""}},"ast-content-background-meta":{"desktop":{"background-color":"var(--ast-global-color-5)","background-image":"","background-repeat":"repeat","background-position":"center center","background-size":"auto","background-attachment":"scroll","background-type":"","background-media":"","overlay-type":"","overlay-color":"","overlay-opacity":"","overlay-gradient":""},"tablet":{"background-color":"var(--ast-global-color-5)","background-image":"","background-repeat":"repeat","background-position":"center center","background-size":"auto","background-attachment":"scroll","background-type":"","background-media":"","overlay-type":"","overlay-color":"","overlay-opacity":"","overlay-gradient":""},"mobile":{"background-color":"var(--ast-global-color-5)","background-image":"","background-repeat":"repeat","background-position":"center center","background-size":"auto","background-attachment":"scroll","background-type":"","background-media":"","overlay-type":"","overlay-color":"","overlay-opacity":"","overlay-gradient":""}}},"product_brand":[],"product_cat":[568],"product_tag":[2962],"class_list":{"0":"post-6832","1":"product","2":"type-product","3":"status-publish","4":"has-post-thumbnail","6":"product_cat-peptide-sbiancante","7":"product_tag-glutathione-powder-cas-70-18-8-for-nutrient-supplements-skin-whitening-reduced-glutathione-powder-l-glutathione-it","8":"desktop-align-left","9":"tablet-align-left","10":"mobile-align-left","12":"first","13":"instock","14":"shipping-taxable","15":"product-type-simple"},"_links":{"self":[{"href":"https:\/\/puyapeptide.net\/it\/wp-json\/wp\/v2\/product\/6832","targetHints":{"allow":["GET"]}}],"collection":[{"href":"https:\/\/puyapeptide.net\/it\/wp-json\/wp\/v2\/product"}],"about":[{"href":"https:\/\/puyapeptide.net\/it\/wp-json\/wp\/v2\/types\/product"}],"replies":[{"embeddable":true,"href":"https:\/\/puyapeptide.net\/it\/wp-json\/wp\/v2\/comments?post=6832"}],"wp:featuredmedia":[{"embeddable":true,"href":"https:\/\/puyapeptide.net\/it\/wp-json\/wp\/v2\/media\/2168"}],"wp:attachment":[{"href":"https:\/\/puyapeptide.net\/it\/wp-json\/wp\/v2\/media?parent=6832"}],"wp:term":[{"taxonomy":"product_brand","embeddable":true,"href":"https:\/\/puyapeptide.net\/it\/wp-json\/wp\/v2\/product_brand?post=6832"},{"taxonomy":"product_cat","embeddable":true,"href":"https:\/\/puyapeptide.net\/it\/wp-json\/wp\/v2\/product_cat?post=6832"},{"taxonomy":"product_tag","embeddable":true,"href":"https:\/\/puyapeptide.net\/it\/wp-json\/wp\/v2\/product_tag?post=6832"}],"curies":[{"name":"wp","href":"https:\/\/api.w.org\/{rel}","templated":true}]}}