{"id":6904,"date":"2021-12-16T06:10:48","date_gmt":"2021-12-16T11:10:48","guid":{"rendered":"https:\/\/puyapeptide.net\/product\/peptide-cosmetico-di-vendita-calda-l-carnosina-carnosina-cas-305-84-0\/"},"modified":"2021-12-16T06:10:48","modified_gmt":"2021-12-16T11:10:48","slug":"peptide-cosmetico-di-vendita-calda-l-carnosina-carnosina-cas-305-84-0","status":"publish","type":"product","link":"https:\/\/puyapeptide.net\/it\/product\/peptide-cosmetico-di-vendita-calda-l-carnosina-carnosina-cas-305-84-0\/","title":{"rendered":"Peptide cosmetico di vendita calda L-Carnosina\/Carnosina CAS 305-84-0"},"content":{"rendered":"<h2><strong>Peptide cosmetico di vendita calda L-Carnosina\/Carnosina CAS 305-84-0<\/strong><\/h2>\n<p>Nome del prodotto: L-Carnosina\/Carnosina<br \/>\nSinonimi: NB-ALANYL-L-HISTIDINE;H-BETA-ALA-HIS-OH;L-IGNOTINE;L-BETA-ALANINE HISTIDINE;L-CARNOSINE;B -ALANYL-L-ISTIDINA;BETA-AH;BETA-ALANYL-L-ISTIDINA<br \/>\nCAS: 305-84-0<br \/>\nMF: C9H14N4O3<br \/>\nMW: 226.23<br \/>\nEINECS: 206-169-9<br \/>\nCategorie di prodotti: additivo alimentare;amino;aminoacidi;chirale;integratori nutrizionali;API;derivati di aminoacidi;cosmetico<br \/>\nMol File: 305-84-0.mol<\/p>\n<p>La carnosina \u00e8 un dipeptide che comprende beta-alanina e istidina. Si trova nei muscoli e in altri tessuti. Ha una forte propriet\u00e0 ossidante in quanto pu\u00f2 eliminare sia le specie reattive dell&#39;ossigeno (ROS) che le specie reattive dell&#39;azoto (RNS). La carnosina agisce come agente tampone citosolico e come regolatore della funzione dei macrofagi.1 Attribuendo alla sua capacit\u00e0 di formare complessi con metalli di transizione, viene utilizzata per regolare il contenuto di ioni di metalli di transizione nei fluidi e nei tessuti biologici.<br \/>\nLa carnosina pu\u00f2 prevenire invecchiamento e pu\u00f2 essere utilizzato per prevenire o trattare le complicanze del diabete come danni ai nervi, disturbi agli occhi (cataratta) e problemi ai reni. Le potenziali azioni terapeutiche della carnosina includono effetti antipertensivi, immunomodulazione, guarigione ed effetti antitumorali\/chemiopreventivi. Il composto chelato di ione zinco e carnosina \u00e8 stato utilizzato in Giappone per i sintomi di gastrite, ulcera gastrica e dispepsia.<\/p>\n<p> <strong>L-Carnosina\/Carnosina CAS 305-84-0 Propriet\u00e0 chimiche<\/strong><br \/>\nPunto di fusione 253 \u00b0C (dec.) (lit.)<br \/>\nalfa 20,9 \u00ba (c=1,5, H2O)<br \/>\nPunto di ebollizione 367,84\u00b0C (stima approssimativa)<br \/>\ndensit\u00e0 1.2673 (stima approssimativa)<br \/>\nindice di rifrazione 21 \u00b0 ( C=2, H2O)<br \/>\ntemp. -20\u00b0C<br \/>\npka 2.62(a 25\u2103)<br \/>\nforma cristallina<br \/>\ncolore bianco<br \/>\nIdrosolubilit\u00e0 quasi trasparente<br \/>\nMerck 14,1850<br \/>\nBRN 87671<br \/>\nStabilit\u00e0: stabile, ma pu\u00f2 essere sensibile al calore &#8211; conservare al freddo. Incompatibile con agenti ossidanti forti.<br \/>\nInChIKey CQOVPNPJLQNMDC-ZETCQYMHSA-N<br \/>\nCAS DataBase Reference 305-84-0(CAS DataBase Reference)<br \/>\nEPA Substance Registry System L-Histidine, .beta.-alanyl- (305 -84-0)<\/p>\n<p> <strong>Funzione di L-Carnosina\/Carnosina CAS 305-84-0<\/strong><br \/>\n1. Nuovi additivi alimentari;<br \/>\n2. La carnosina \u00e8 una composizione di \u03b2-alanina e istidina dipeptide, pu\u00f2 essere sintetizzata negli animali;<br \/>\n3. Inibire l&#39;ossidazione dei grassi e proteggere il ruolo della carne;<br \/>\n4. Il peptide cosmetico pu\u00f2 prevenire l&#39;invecchiamento della pelle e l&#39;effetto sbiancante della pelle;<br \/>\n5. Trattare la cataratta senile;<br \/>\n6. Pu\u00f2 favorire la guarigione delle ferite <\/p>\n<p> <strong>Applicazione di L-Carnosina\/Carnosina CAS 305-84-0<\/strong><br \/>\n1. Pu\u00f2 legarsi a composti metallici nocivi e inattivarli.<br \/>\n2. Proteggi le cellule sane dai danni delle radiazioni.<br \/>\n3. Agisce come catalizzatore per migliorare il lavoro di numerosi altri nutrienti e composti.<\/p>\n","protected":false},"excerpt":{"rendered":"<p>Nome prodotto: L-Carnosina\/Carnosina<br \/>\nCAS: 305-84-0<br \/>\nMF: C9H14N4O3<br \/>\nMW: 226.23<br \/>\nEINECS: 206-169-9<br \/>\nMol File: 305-84- 0.mol<\/p>\n","protected":false},"featured_media":2168,"comment_status":"open","ping_status":"closed","template":"","meta":{"om_disable_all_campaigns":false,"_monsterinsights_skip_tracking":false,"_monsterinsights_sitenote_active":false,"_monsterinsights_sitenote_note":"","_monsterinsights_sitenote_category":0,"site-sidebar-layout":"default","site-content-layout":"default","ast-site-content-layout":"default","site-content-style":"default","site-sidebar-style":"default","ast-global-header-display":"","ast-banner-title-visibility":"","ast-main-header-display":"","ast-hfb-above-header-display":"","ast-hfb-below-header-display":"","ast-hfb-mobile-header-display":"","site-post-title":"","ast-breadcrumbs-content":"","ast-featured-img":"","footer-sml-layout":"","ast-disable-related-posts":"","theme-transparent-header-meta":"default","adv-header-id-meta":"","stick-header-meta":"","header-above-stick-meta":"","header-main-stick-meta":"","header-below-stick-meta":"","astra-migrate-meta-layouts":"default","ast-page-background-enabled":"default","ast-page-background-meta":{"desktop":{"background-color":"","background-image":"","background-repeat":"repeat","background-position":"center center","background-size":"auto","background-attachment":"scroll","background-type":"","background-media":"","overlay-type":"","overlay-color":"","overlay-opacity":"","overlay-gradient":""},"tablet":{"background-color":"","background-image":"","background-repeat":"repeat","background-position":"center center","background-size":"auto","background-attachment":"scroll","background-type":"","background-media":"","overlay-type":"","overlay-color":"","overlay-opacity":"","overlay-gradient":""},"mobile":{"background-color":"","background-image":"","background-repeat":"repeat","background-position":"center center","background-size":"auto","background-attachment":"scroll","background-type":"","background-media":"","overlay-type":"","overlay-color":"","overlay-opacity":"","overlay-gradient":""}},"ast-content-background-meta":{"desktop":{"background-color":"var(--ast-global-color-5)","background-image":"","background-repeat":"repeat","background-position":"center center","background-size":"auto","background-attachment":"scroll","background-type":"","background-media":"","overlay-type":"","overlay-color":"","overlay-opacity":"","overlay-gradient":""},"tablet":{"background-color":"var(--ast-global-color-5)","background-image":"","background-repeat":"repeat","background-position":"center center","background-size":"auto","background-attachment":"scroll","background-type":"","background-media":"","overlay-type":"","overlay-color":"","overlay-opacity":"","overlay-gradient":""},"mobile":{"background-color":"var(--ast-global-color-5)","background-image":"","background-repeat":"repeat","background-position":"center center","background-size":"auto","background-attachment":"scroll","background-type":"","background-media":"","overlay-type":"","overlay-color":"","overlay-opacity":"","overlay-gradient":""}}},"product_brand":[],"product_cat":[554],"product_tag":[2898],"class_list":{"0":"post-6904","1":"product","2":"type-product","3":"status-publish","4":"has-post-thumbnail","6":"product_cat-peptide-antirughe-e-antieta","7":"product_tag-hot-sale-cosmetic-peptide-l-carnosine-carnosine-cas-305-84-0-it","8":"desktop-align-left","9":"tablet-align-left","10":"mobile-align-left","12":"first","13":"instock","14":"shipping-taxable","15":"product-type-simple"},"_links":{"self":[{"href":"https:\/\/puyapeptide.net\/it\/wp-json\/wp\/v2\/product\/6904","targetHints":{"allow":["GET"]}}],"collection":[{"href":"https:\/\/puyapeptide.net\/it\/wp-json\/wp\/v2\/product"}],"about":[{"href":"https:\/\/puyapeptide.net\/it\/wp-json\/wp\/v2\/types\/product"}],"replies":[{"embeddable":true,"href":"https:\/\/puyapeptide.net\/it\/wp-json\/wp\/v2\/comments?post=6904"}],"wp:featuredmedia":[{"embeddable":true,"href":"https:\/\/puyapeptide.net\/it\/wp-json\/wp\/v2\/media\/2168"}],"wp:attachment":[{"href":"https:\/\/puyapeptide.net\/it\/wp-json\/wp\/v2\/media?parent=6904"}],"wp:term":[{"taxonomy":"product_brand","embeddable":true,"href":"https:\/\/puyapeptide.net\/it\/wp-json\/wp\/v2\/product_brand?post=6904"},{"taxonomy":"product_cat","embeddable":true,"href":"https:\/\/puyapeptide.net\/it\/wp-json\/wp\/v2\/product_cat?post=6904"},{"taxonomy":"product_tag","embeddable":true,"href":"https:\/\/puyapeptide.net\/it\/wp-json\/wp\/v2\/product_tag?post=6904"}],"curies":[{"name":"wp","href":"https:\/\/api.w.org\/{rel}","templated":true}]}}