{"id":6980,"date":"2021-12-16T06:38:04","date_gmt":"2021-12-16T11:38:04","guid":{"rendered":"https:\/\/puyapeptide.net\/product\/hexapeptide-10-serilesine-cas-146439-94-3-ampiamente-usato-in-creme-idratanti-creme-maschere-facciali-creme-per-gli-occhi\/"},"modified":"2021-12-16T06:38:04","modified_gmt":"2021-12-16T11:38:04","slug":"hexapeptide-10-serilesine-cas-146439-94-3-ampiamente-usato-in-creme-idratanti-creme-maschere-facciali-creme-per-gli-occhi","status":"publish","type":"product","link":"https:\/\/puyapeptide.net\/it\/product\/hexapeptide-10-serilesine-cas-146439-94-3-ampiamente-usato-in-creme-idratanti-creme-maschere-facciali-creme-per-gli-occhi\/","title":{"rendered":"Hexapeptide-10\/Serilesine CAS 146439-94-3 Ampiamente usato in creme idratanti, creme, maschere facciali, creme per gli occhi"},"content":{"rendered":"<h2><strong>Hexapeptide-10\/Serilesine CAS 146439-94-3 Ampiamente usato in creme idratanti, creme, maschere facciali, creme per gli occhi<\/strong><\/h2>\n<p>Nome del prodotto: Hexapeptide-10<br \/>\nDescrizione del prodotto: Stimola la riparazione del tessuto cutaneo, rimodella la funzione biochimica della pelle, migliorando cos\u00ec la compattezza della pelle, utilizzato per antirughe e anti-invecchiamento.<br \/>\nCAS: 146439-94 -3<br \/>\nSequenza: H-Ser-Ile-Lys-Val-Ala-Val-OH<br \/>\nFormula molecolare: C28H53N7O8<br \/>\nPeso molecolare: 615.76252<\/p>\n<p>Hexapeptide-10 proviene da una sequenza di adesione di laminina, che ripristina la struttura cutanea. L&#39;esapeptide-10 \u00e8 un attivo rassodante che promuove una doppia attivit\u00e0 cellulare sia sui cheratinociti che sui fibroblasti. Aumenta la sintesi di laminina-5, alfa6-integrina ed emidesmosomi, rafforzando cos\u00ec la giunzione dermo-epidermica. Con Hexapeptide-10, la pelle \u00e8 ristrutturata, rimpolpata, pi\u00f9 tonica ed elastica, ritrovando la sua pienezza.<\/p>\n<p> <strong>Funzione di Hexapeptide-10\/Serilesine CAS 146439-94-3<\/strong><br \/>\nL&#39;Hexapeptide-10 corrisponde ai residui 2099-2104 della catena della laminina \u03b11. \u00c8 stato dimostrato che l&#39;esapeptide-10 modula l&#39;invasione, la metastasi e l&#39;angiogenesi del tumore. Ha inoltre indotto la sintesi di<br \/>\nprostaglandina E2, collagenasi interstiziale e gelatinasi B in colture cellulari di monociti. I frammenti di laminina<br \/>\ncontenenti la sequenza SIKVAV possono contribuire alla risposta infiammatoria nei siti di guarigione delle ferite.<br \/>\nPossono anche svolgere un ruolo nell&#39;eccessiva induzione di metalloproteinasi nelle lesioni infiammatorie croniche.<\/p>\n<p> <strong>Applicazione dell&#39;esapeptide -10\/ Serilesine CAS 146439-94-3<\/strong><br \/>\nHexapeptide-10 deriva da una sequenza di adesione della laminina, che ripristina la struttura cutanea.<br \/>\nHexapeptide-10 \u00e8 un attivo rassodante che promuove una doppia attivit\u00e0 cellulare su entrambi i cheratinociti e<br \/>\nfibroblasto. Aumenta la sintesi di laminina-5, alfa6-integrina ed emidesmosomi, rafforzando cos\u00ec la giunzione dermo-epidermica. Con Hexapeptide-10, la pelle \u00e8 ristrutturata, rimpolpata,<br \/>\npi\u00f9 soda ed elastica, ritrovando la sua pienezza.<\/p>\n<p> <strong>Usi di Hexapeptide-10\/Serilesine CAS 146439-94-3<\/strong><br \/>\n1. Ampiamente usato in creme idratanti, creme, maschere per il viso, creme per gli occhi e prodotti da bagno.<br \/>\n2. Usato in combinazione con dolcificanti ad alta dolcezza come NHDC, pu\u00f2 rendere il sapore dolce pi\u00f9 morbido e ottenere l&#39;effetto di migliorare il sapore del cibo.<\/p>\n","protected":false},"excerpt":{"rendered":"<p>Nome del prodotto: Hexapeptide-10<br \/>\nCAS: 146439-94-3<br \/>\nSequenza: H-Ser-Ile-Lys-Val-Ala-Val-OH<br \/>\nFormula molecolare: C28H53N7O8<br \/>\nPeso molecolare: 615.76252<\/p>\n","protected":false},"featured_media":2168,"comment_status":"open","ping_status":"closed","template":"","meta":{"om_disable_all_campaigns":false,"_monsterinsights_skip_tracking":false,"_monsterinsights_sitenote_active":false,"_monsterinsights_sitenote_note":"","_monsterinsights_sitenote_category":0,"site-sidebar-layout":"default","site-content-layout":"default","ast-site-content-layout":"default","site-content-style":"default","site-sidebar-style":"default","ast-global-header-display":"","ast-banner-title-visibility":"","ast-main-header-display":"","ast-hfb-above-header-display":"","ast-hfb-below-header-display":"","ast-hfb-mobile-header-display":"","site-post-title":"","ast-breadcrumbs-content":"","ast-featured-img":"","footer-sml-layout":"","ast-disable-related-posts":"","theme-transparent-header-meta":"default","adv-header-id-meta":"","stick-header-meta":"","header-above-stick-meta":"","header-main-stick-meta":"","header-below-stick-meta":"","astra-migrate-meta-layouts":"default","ast-page-background-enabled":"default","ast-page-background-meta":{"desktop":{"background-color":"","background-image":"","background-repeat":"repeat","background-position":"center center","background-size":"auto","background-attachment":"scroll","background-type":"","background-media":"","overlay-type":"","overlay-color":"","overlay-opacity":"","overlay-gradient":""},"tablet":{"background-color":"","background-image":"","background-repeat":"repeat","background-position":"center center","background-size":"auto","background-attachment":"scroll","background-type":"","background-media":"","overlay-type":"","overlay-color":"","overlay-opacity":"","overlay-gradient":""},"mobile":{"background-color":"","background-image":"","background-repeat":"repeat","background-position":"center center","background-size":"auto","background-attachment":"scroll","background-type":"","background-media":"","overlay-type":"","overlay-color":"","overlay-opacity":"","overlay-gradient":""}},"ast-content-background-meta":{"desktop":{"background-color":"var(--ast-global-color-5)","background-image":"","background-repeat":"repeat","background-position":"center center","background-size":"auto","background-attachment":"scroll","background-type":"","background-media":"","overlay-type":"","overlay-color":"","overlay-opacity":"","overlay-gradient":""},"tablet":{"background-color":"var(--ast-global-color-5)","background-image":"","background-repeat":"repeat","background-position":"center center","background-size":"auto","background-attachment":"scroll","background-type":"","background-media":"","overlay-type":"","overlay-color":"","overlay-opacity":"","overlay-gradient":""},"mobile":{"background-color":"var(--ast-global-color-5)","background-image":"","background-repeat":"repeat","background-position":"center center","background-size":"auto","background-attachment":"scroll","background-type":"","background-media":"","overlay-type":"","overlay-color":"","overlay-opacity":"","overlay-gradient":""}}},"product_brand":[],"product_cat":[554],"product_tag":[2795,2839,2817,2773],"class_list":{"0":"post-6980","1":"product","2":"type-product","3":"status-publish","4":"has-post-thumbnail","6":"product_cat-peptide-antirughe-e-antieta","7":"product_tag-creams-it","8":"product_tag-eye-creams-it","9":"product_tag-facial-masks-it","10":"product_tag-hexapeptide-10-serilesine-cas-146439-94-3-widely-used-in-moisturizers-it","11":"desktop-align-left","12":"tablet-align-left","13":"mobile-align-left","15":"first","16":"instock","17":"shipping-taxable","18":"product-type-simple"},"_links":{"self":[{"href":"https:\/\/puyapeptide.net\/it\/wp-json\/wp\/v2\/product\/6980","targetHints":{"allow":["GET"]}}],"collection":[{"href":"https:\/\/puyapeptide.net\/it\/wp-json\/wp\/v2\/product"}],"about":[{"href":"https:\/\/puyapeptide.net\/it\/wp-json\/wp\/v2\/types\/product"}],"replies":[{"embeddable":true,"href":"https:\/\/puyapeptide.net\/it\/wp-json\/wp\/v2\/comments?post=6980"}],"wp:featuredmedia":[{"embeddable":true,"href":"https:\/\/puyapeptide.net\/it\/wp-json\/wp\/v2\/media\/2168"}],"wp:attachment":[{"href":"https:\/\/puyapeptide.net\/it\/wp-json\/wp\/v2\/media?parent=6980"}],"wp:term":[{"taxonomy":"product_brand","embeddable":true,"href":"https:\/\/puyapeptide.net\/it\/wp-json\/wp\/v2\/product_brand?post=6980"},{"taxonomy":"product_cat","embeddable":true,"href":"https:\/\/puyapeptide.net\/it\/wp-json\/wp\/v2\/product_cat?post=6980"},{"taxonomy":"product_tag","embeddable":true,"href":"https:\/\/puyapeptide.net\/it\/wp-json\/wp\/v2\/product_tag?post=6980"}],"curies":[{"name":"wp","href":"https:\/\/api.w.org\/{rel}","templated":true}]}}