{"id":7015,"date":"2021-12-16T06:38:54","date_gmt":"2021-12-16T11:38:54","guid":{"rendered":"https:\/\/puyapeptide.net\/product\/hexapeptide-9-cleatide-cas-1228371-11-6-it-is-a-very-stable-collagen-peptide\/"},"modified":"2021-12-18T02:29:48","modified_gmt":"2021-12-18T07:29:48","slug":"hexapeptide-9-cleatide-cas-1228371-11-6-it-is-a-very-stable-collagen-peptide","status":"publish","type":"product","link":"https:\/\/puyapeptide.net\/it\/product\/hexapeptide-9-cleatide-cas-1228371-11-6-it-is-a-very-stable-collagen-peptide\/","title":{"rendered":"Hexapeptide-9\/ Cleatide CAS 1228371-11-6 \u00c8 un peptide di collagene molto stabile"},"content":{"rendered":"<h2><strong>Hexapeptide-9\/ Cleatide CAS 1228371-11-6 \u00c8 un peptide di collagene molto stabile<\/strong><\/h2>\n<p>Nome prodotto: Hexapeptide 9<br \/>\nSinonimi: Collaxyl; Hexapeptide 9; Collaxyl III \/ Hexapeptide-9; Hexapeptide-9\/collaxyl; Hexapeptide-9 (Cleatide); Hexapeptide 9 fandachem; Hexapeptide 9 polvere; Hexapeptide 9 USP\/ EP\/BP<br \/>\nCAS: 1228371-11-6<br \/>\nMF:<br \/>\nMW: 0<br \/>\nEINECS:<br \/>\nCategorie di prodotti:<br \/>\nMol File: Mol File<\/p>\n<p>Hexapeptide -9 \u00e8 un peptide che in poche parole costringe la pelle a guarire da sola. Svolge il ruolo di un messaggero che attiva rapidamente la pelle nella rigenerazione delle sue cellule danneggiate.<br \/>\nC&#39;\u00e8 stato un esperimento fatto dai produttori di Hexapeptide-9 su un pezzo di pelle MORTO. Hanno strappato la pelle, per simulare il danno arrecato alle cellule durante un infortunio come ripetuti sfoghi di acne.<br \/>\nGli scienziati hanno applicato l&#39;esapeptide-9 1 volta e l&#39;hanno lasciato sulla pelle morta per 72 ore. Questa \u00e8 l&#39;immagine dell&#39;esperimento, vista al microscopio. Ricorda, questo era sulla pelle morta, quindi immagina bene che possa funzionare sulla pelle viva.<\/p>\n<p>L&#39;esapeptide-9 pu\u00f2 essere composto da sei aminoacidi ed \u00e8 un peptide di collagene molto stabile. La struttura di questo peptide \u00e8 presente nella struttura sia del collagene IV che del XII (due collageni chiave della membrana basale) nel corpo umano. Hexapeptide-9Chemicalbook mostra un effetto riparatore antirughe completo e significativo grazie a questa struttura e ha un effetto molto particolare sulla riparazione dei segni dell&#39;acne. Inoltre, l&#39;esapeptide-9 ha anche un significativo effetto cosmetico nella rimozione delle rughe degli occhi e delle zampe di gallina intorno agli occhi.<\/p>\n<p> <strong>Funzione e applicazione di Hexapeptide-9\/ Cleatide CAS 1228371-11-6<\/strong><br \/>\n1\u3001Aumento collagene di tipo I<br \/>\n2\u3001Aumenta il collagene di tipo IV<br \/>\n3\u3001Aumenta la laminina-5<br \/>\n4\u3001Aumenta l&#39;integrina<br \/>\n5\u3001Promuove la differenziazione e la maturazione delle cellule epidermiche<br \/>\n6\u3001Promuove la rigenerazione della pelle &lt;&amp; &gt;7\u3001Riduce le rughe<\/p>\n<p> <strong>Hexapeptide-9\/ Cleatide CAS 1228371-11-6 Benefici<\/strong><br \/>\n1.Hexapeptide-9 ha un significativo effetto di riduzione delle rughe.<br \/>\n2.Hexapeptide-9 ha la pelle effetto riparatore.<\/p>\n<p>La scienza ha dimostrato che i peptidi possono aiutare a gestire le rughe della pelle e invertire i segni dell&#39;invecchiamento.<br \/>\nLa pelle umana \u00e8 composta principalmente da collagene. Il collagene \u00e8 una proteina composta da lunghi segmenti di amminoacidi disposti a catena. Il collagene fornisce una base e uno spessore per la pelle.<br \/>\nLe donne sotto i 30 anni hanno un ampio collagene, che si traduce in una pelle liscia e tesa.<br \/>\nIl resto di noi ha meno collagene: la pelle tende ad essere pi\u00f9 sottile, rivelando pi\u00f9 rughe.&lt;&amp; &gt;Quando il collagene si rompe, si formano brevi segmenti di amminoacidi. Queste sono le minuscole proteine e molecole attive note come peptidi. I peptidi nella cura della pelle possono fornire significativi benefici anti-invecchiamento.<\/p>\n","protected":false},"excerpt":{"rendered":"<p>Nome del prodotto: Hexapeptide 9<br \/>\nCAS: 1228371-11-6<br \/>\nMol File: Mol File<\/p>\n","protected":false},"featured_media":2105,"comment_status":"open","ping_status":"closed","template":"","meta":{"om_disable_all_campaigns":false,"_monsterinsights_skip_tracking":false,"_monsterinsights_sitenote_active":false,"_monsterinsights_sitenote_note":"","_monsterinsights_sitenote_category":0,"site-sidebar-layout":"default","site-content-layout":"default","ast-site-content-layout":"default","site-content-style":"default","site-sidebar-style":"default","ast-global-header-display":"","ast-banner-title-visibility":"","ast-main-header-display":"","ast-hfb-above-header-display":"","ast-hfb-below-header-display":"","ast-hfb-mobile-header-display":"","site-post-title":"","ast-breadcrumbs-content":"","ast-featured-img":"","footer-sml-layout":"","ast-disable-related-posts":"","theme-transparent-header-meta":"default","adv-header-id-meta":"","stick-header-meta":"","header-above-stick-meta":"","header-main-stick-meta":"","header-below-stick-meta":"","astra-migrate-meta-layouts":"default","ast-page-background-enabled":"default","ast-page-background-meta":{"desktop":{"background-color":"","background-image":"","background-repeat":"repeat","background-position":"center center","background-size":"auto","background-attachment":"scroll","background-type":"","background-media":"","overlay-type":"","overlay-color":"","overlay-opacity":"","overlay-gradient":""},"tablet":{"background-color":"","background-image":"","background-repeat":"repeat","background-position":"center center","background-size":"auto","background-attachment":"scroll","background-type":"","background-media":"","overlay-type":"","overlay-color":"","overlay-opacity":"","overlay-gradient":""},"mobile":{"background-color":"","background-image":"","background-repeat":"repeat","background-position":"center center","background-size":"auto","background-attachment":"scroll","background-type":"","background-media":"","overlay-type":"","overlay-color":"","overlay-opacity":"","overlay-gradient":""}},"ast-content-background-meta":{"desktop":{"background-color":"var(--ast-global-color-5)","background-image":"","background-repeat":"repeat","background-position":"center center","background-size":"auto","background-attachment":"scroll","background-type":"","background-media":"","overlay-type":"","overlay-color":"","overlay-opacity":"","overlay-gradient":""},"tablet":{"background-color":"var(--ast-global-color-5)","background-image":"","background-repeat":"repeat","background-position":"center center","background-size":"auto","background-attachment":"scroll","background-type":"","background-media":"","overlay-type":"","overlay-color":"","overlay-opacity":"","overlay-gradient":""},"mobile":{"background-color":"var(--ast-global-color-5)","background-image":"","background-repeat":"repeat","background-position":"center center","background-size":"auto","background-attachment":"scroll","background-type":"","background-media":"","overlay-type":"","overlay-color":"","overlay-opacity":"","overlay-gradient":""}}},"product_brand":[],"product_cat":[554],"product_tag":[2721],"class_list":{"0":"post-7015","1":"product","2":"type-product","3":"status-publish","4":"has-post-thumbnail","6":"product_cat-peptide-antirughe-e-antieta","7":"product_tag-hexapeptide-9-cleatide-cas-1228371-11-6-it-is-a-very-stable-collagen-peptide-it","8":"desktop-align-left","9":"tablet-align-left","10":"mobile-align-left","12":"first","13":"instock","14":"shipping-taxable","15":"product-type-simple"},"_links":{"self":[{"href":"https:\/\/puyapeptide.net\/it\/wp-json\/wp\/v2\/product\/7015","targetHints":{"allow":["GET"]}}],"collection":[{"href":"https:\/\/puyapeptide.net\/it\/wp-json\/wp\/v2\/product"}],"about":[{"href":"https:\/\/puyapeptide.net\/it\/wp-json\/wp\/v2\/types\/product"}],"replies":[{"embeddable":true,"href":"https:\/\/puyapeptide.net\/it\/wp-json\/wp\/v2\/comments?post=7015"}],"wp:featuredmedia":[{"embeddable":true,"href":"https:\/\/puyapeptide.net\/it\/wp-json\/wp\/v2\/media\/2105"}],"wp:attachment":[{"href":"https:\/\/puyapeptide.net\/it\/wp-json\/wp\/v2\/media?parent=7015"}],"wp:term":[{"taxonomy":"product_brand","embeddable":true,"href":"https:\/\/puyapeptide.net\/it\/wp-json\/wp\/v2\/product_brand?post=7015"},{"taxonomy":"product_cat","embeddable":true,"href":"https:\/\/puyapeptide.net\/it\/wp-json\/wp\/v2\/product_cat?post=7015"},{"taxonomy":"product_tag","embeddable":true,"href":"https:\/\/puyapeptide.net\/it\/wp-json\/wp\/v2\/product_tag?post=7015"}],"curies":[{"name":"wp","href":"https:\/\/api.w.org\/{rel}","templated":true}]}}