{"id":7068,"date":"2021-12-16T06:41:19","date_gmt":"2021-12-16T11:41:19","guid":{"rendered":"https:\/\/puyapeptide.net\/product\/acetil-dipeptide-1-acetyl-dipeptide-1-cetil-ester-cas-196604-48-5-puo-migliorare-lelasticita-naturale-della-pelle-e-ridurre-il-rilassamento-cutaneo\/"},"modified":"2021-12-16T06:41:19","modified_gmt":"2021-12-16T11:41:19","slug":"acetil-dipeptide-1-acetyl-dipeptide-1-cetil-ester-cas-196604-48-5-puo-migliorare-lelasticita-naturale-della-pelle-e-ridurre-il-rilassamento-cutaneo","status":"publish","type":"product","link":"https:\/\/puyapeptide.net\/it\/product\/acetil-dipeptide-1-acetyl-dipeptide-1-cetil-ester-cas-196604-48-5-puo-migliorare-lelasticita-naturale-della-pelle-e-ridurre-il-rilassamento-cutaneo\/","title":{"rendered":"Acetil dipeptide-1\/ Acetyl Dipeptide-1 cetil ester CAS 196604-48-5 pu\u00f2 migliorare l&#39;elasticit\u00e0 naturale della pelle e ridurre il rilassamento cutaneo"},"content":{"rendered":"<h2><strong>Acetil dipeptide-1\/ Acetyl Dipeptide-1 cetil ester CAS 196604-48-5 pu\u00f2 migliorare l&#39;elasticit\u00e0 naturale della pelle e ridurre il rilassamento cutaneo<\/strong><\/h2>\n<p>Nome del prodotto: Acetil Dipeptide-1 cetil estere<br \/>\n Sinonimi: Sensicalmine; Acetil Dipeptide-1 Cetil Ester, Sensicalmine, Tyr-Arg; Calmosensine; Calmosensine (ingrediente cosmetico); Idealift; N-acetil-L-tirosil- L-arginina esadecil estere; acetil dipeptide cetilico estere; Ac-Tyr-Arg-O-esadecil estere, acetil dipeptide-1 cetil estere<br \/>\nCAS: 196604-48-5<br \/>\nMF: C33H57N5O5<br \/>\nMW: 603.84<br \/>\nEINECS:<br \/>\nCategorie di prodotto: cosmetico<br \/>\nMol File: 196604-48-5.mol<\/p>\n<p>Acetil Dipeptide-1 Cetyl Ester \u00e8 un prodotto ottenuto dall&#39;accoppiamento dell&#39;acetil estere della tirosina da Dipeptide-1 (qv) con l&#39;estere cetilico dell&#39;arginina da dipeptide-1.<br \/>\nIl siero anti invecchiamento Acetyl Dipeptide-1 Cetyl Ester pu\u00f2 migliorare la naturale elasticit\u00e0 della pelle e quindi ridurre il rilassamento cutaneo. Rendi il tuo viso pi\u00f9 sodo e teso, levigando le rughe e trattenendo l&#39;umidit\u00e0. Rallenta il processo di invecchiamento, ammorbidisce, leviga le linee sottili esistenti, combatte il rilassamento cutaneo, riduce al minimo i pori e rinforza la pelle. La tua pelle apparir\u00e0 liscia con un colorito radioso e sano.<\/p>\n<p> <strong>Acetil dipeptide-1 cetil estere Propriet\u00e0 chimiche<\/strong><br \/>\ndensit\u00e0 1,12\u00b10,1 g\/cm3 (prevista)<br \/>\npka 9,83\u00b10,15 (prevista)&lt; &amp;&gt;<br \/>\n <strong>Utilizzo di Acetil Dipeptide-1 cetil estere CAS 196604-48-5<\/strong><br \/>\nAgente per il condizionamento dei capelli; Condizionante per la pelle<br \/>\n1. Ampiamente usato in creme idratanti, creme, maschere per il viso, creme per gli occhi e prodotti da bagno.<br \/>\n2. Usato in combinazione con dolcificanti ad alta dolcezza come NHDC, pu\u00f2 rendere il sapore dolce pi\u00f9 morbido e ottenere l&#39;effetto di migliorare il sapore del cibo.<\/p>\n","protected":false},"excerpt":{"rendered":"<p>Nome del prodotto: Acetil Dipeptide-1 cetil ester<br \/>\nCAS: 196604-48-5<br \/>\nMF: C33H57N5O5<br \/>\nMW: 603.84<br \/>\nMol File: 196604-48-5.mol<\/p>\n","protected":false},"featured_media":2210,"comment_status":"open","ping_status":"closed","template":"","meta":{"om_disable_all_campaigns":false,"_monsterinsights_skip_tracking":false,"_monsterinsights_sitenote_active":false,"_monsterinsights_sitenote_note":"","_monsterinsights_sitenote_category":0,"site-sidebar-layout":"default","site-content-layout":"default","ast-site-content-layout":"default","site-content-style":"default","site-sidebar-style":"default","ast-global-header-display":"","ast-banner-title-visibility":"","ast-main-header-display":"","ast-hfb-above-header-display":"","ast-hfb-below-header-display":"","ast-hfb-mobile-header-display":"","site-post-title":"","ast-breadcrumbs-content":"","ast-featured-img":"","footer-sml-layout":"","ast-disable-related-posts":"","theme-transparent-header-meta":"default","adv-header-id-meta":"","stick-header-meta":"","header-above-stick-meta":"","header-main-stick-meta":"","header-below-stick-meta":"","astra-migrate-meta-layouts":"default","ast-page-background-enabled":"default","ast-page-background-meta":{"desktop":{"background-color":"","background-image":"","background-repeat":"repeat","background-position":"center center","background-size":"auto","background-attachment":"scroll","background-type":"","background-media":"","overlay-type":"","overlay-color":"","overlay-opacity":"","overlay-gradient":""},"tablet":{"background-color":"","background-image":"","background-repeat":"repeat","background-position":"center center","background-size":"auto","background-attachment":"scroll","background-type":"","background-media":"","overlay-type":"","overlay-color":"","overlay-opacity":"","overlay-gradient":""},"mobile":{"background-color":"","background-image":"","background-repeat":"repeat","background-position":"center center","background-size":"auto","background-attachment":"scroll","background-type":"","background-media":"","overlay-type":"","overlay-color":"","overlay-opacity":"","overlay-gradient":""}},"ast-content-background-meta":{"desktop":{"background-color":"var(--ast-global-color-5)","background-image":"","background-repeat":"repeat","background-position":"center center","background-size":"auto","background-attachment":"scroll","background-type":"","background-media":"","overlay-type":"","overlay-color":"","overlay-opacity":"","overlay-gradient":""},"tablet":{"background-color":"var(--ast-global-color-5)","background-image":"","background-repeat":"repeat","background-position":"center center","background-size":"auto","background-attachment":"scroll","background-type":"","background-media":"","overlay-type":"","overlay-color":"","overlay-opacity":"","overlay-gradient":""},"mobile":{"background-color":"var(--ast-global-color-5)","background-image":"","background-repeat":"repeat","background-position":"center center","background-size":"auto","background-attachment":"scroll","background-type":"","background-media":"","overlay-type":"","overlay-color":"","overlay-opacity":"","overlay-gradient":""}}},"product_brand":[],"product_cat":[554],"product_tag":[2709],"class_list":{"0":"post-7068","1":"product","2":"type-product","3":"status-publish","4":"has-post-thumbnail","6":"product_cat-peptide-antirughe-e-antieta","7":"product_tag-acetyl-dipeptide-1-acetyl-dipeptide-1-cetyl-ester-cas-196604-48-5-can-improve-natural-skin-elasticity-and-reduce-sagging-skin-it","8":"desktop-align-left","9":"tablet-align-left","10":"mobile-align-left","12":"first","13":"instock","14":"shipping-taxable","15":"product-type-simple"},"_links":{"self":[{"href":"https:\/\/puyapeptide.net\/it\/wp-json\/wp\/v2\/product\/7068","targetHints":{"allow":["GET"]}}],"collection":[{"href":"https:\/\/puyapeptide.net\/it\/wp-json\/wp\/v2\/product"}],"about":[{"href":"https:\/\/puyapeptide.net\/it\/wp-json\/wp\/v2\/types\/product"}],"replies":[{"embeddable":true,"href":"https:\/\/puyapeptide.net\/it\/wp-json\/wp\/v2\/comments?post=7068"}],"wp:featuredmedia":[{"embeddable":true,"href":"https:\/\/puyapeptide.net\/it\/wp-json\/wp\/v2\/media\/2210"}],"wp:attachment":[{"href":"https:\/\/puyapeptide.net\/it\/wp-json\/wp\/v2\/media?parent=7068"}],"wp:term":[{"taxonomy":"product_brand","embeddable":true,"href":"https:\/\/puyapeptide.net\/it\/wp-json\/wp\/v2\/product_brand?post=7068"},{"taxonomy":"product_cat","embeddable":true,"href":"https:\/\/puyapeptide.net\/it\/wp-json\/wp\/v2\/product_cat?post=7068"},{"taxonomy":"product_tag","embeddable":true,"href":"https:\/\/puyapeptide.net\/it\/wp-json\/wp\/v2\/product_tag?post=7068"}],"curies":[{"name":"wp","href":"https:\/\/api.w.org\/{rel}","templated":true}]}}