{"id":7083,"date":"2021-12-16T06:43:00","date_gmt":"2021-12-16T11:43:00","guid":{"rendered":"https:\/\/puyapeptide.net\/product\/puya-supply-acetyl-pentapeptide-1-puo-migliorare-le-proteine-del-collagene-e-le-proteine-dellelastina\/"},"modified":"2021-12-16T06:43:00","modified_gmt":"2021-12-16T11:43:00","slug":"puya-supply-acetyl-pentapeptide-1-puo-migliorare-le-proteine-del-collagene-e-le-proteine-dellelastina","status":"publish","type":"product","link":"https:\/\/puyapeptide.net\/it\/product\/puya-supply-acetyl-pentapeptide-1-puo-migliorare-le-proteine-del-collagene-e-le-proteine-dellelastina\/","title":{"rendered":"Puya Supply Acetyl Pentapeptide-1 pu\u00f2 migliorare le proteine del collagene e le proteine dell&#39;elastina"},"content":{"rendered":"<h2><strong>Puya Supply Acetyl Pentapeptide-1 pu\u00f2 migliorare le proteine del collagene e le proteine dell&#39;elastina<\/strong><\/h2>\n<p>Nome del prodotto: Acetil Pentapeptide-1<br \/>\nMolecolare:720<br \/>\nAspetto: polvere bianca o biancastra<br \/>\nCOA e MSDS: disponibili per riferimento<br \/>\nPurezza: 95%<br \/>\nGrado: cosmetico<br \/>\nFonte: sintetico<br \/>\nCapacit\u00e0: 300g al mese<br \/>\nAspetto: polvere bianca<\/p>\n<p>Acetil pentapeptide-1 \u00e8 un ingrediente ideale per migliorare la compattezza della pelle valorizzando gli elementi naturali che riescono a mantenere queste propriet\u00e0 nella pelle, inclusi elastina e collagene. Pertanto, pu\u00f2 essere incorporato in formulazioni rassodanti e anti-et\u00e0 per la cura del viso e del corpo, dove la coesione e la resilienza della pelle vogliono essere aumentate per ridurre al minimo il rilassamento e la flaccidit\u00e0. Inoltre, sarebbe anche utile aggiungere in formulazioni dimagranti per evitare la flaccidit\u00e0 dopo la perdita di peso.<\/p>\n<p> <strong>La funzione di Acetil Pentapeptide-1<\/strong><br \/>\nPromuove la produzione di collagene, ripara la pelle danneggiata, anti-invecchiamento, migliora la pelle elasticit\u00e0, migliora la vitalit\u00e0 della pelle.<br \/>\n1.Miglioramento della sintesi proteica del collagene e dell&#39;elastina,anti-rughe;<br \/>\n2.Aiuta lo spessore della pelle e rassoda, rende la pelle rassodante.<\/p>\n<p> <strong>Utilizzo di acetil pentapeptide- 1<\/strong><br \/>\n Acetil Pentapeptide-1 pu\u00f2 migliorare la sintesi delle proteine del collagene e delle proteine dell&#39;elastina, antirughe; Aiuta lo spessore della pelle e rassoda, rende la pelle rassodante.<\/p>\n","protected":false},"excerpt":{"rendered":"<p>Nome del prodotto: Acetil Pentapeptide-1<br \/>\nMolecolare:720<br \/>\nAspetto: polvere bianca o biancastra<br \/>\nPurezza: 95%<br \/>\nGrado: cosmetico<br \/>\nFonte: sintetico<br \/>\n Aspetto: polvere bianca<\/p>\n","protected":false},"featured_media":2126,"comment_status":"open","ping_status":"closed","template":"","meta":{"om_disable_all_campaigns":false,"_monsterinsights_skip_tracking":false,"_monsterinsights_sitenote_active":false,"_monsterinsights_sitenote_note":"","_monsterinsights_sitenote_category":0,"site-sidebar-layout":"default","site-content-layout":"default","ast-site-content-layout":"default","site-content-style":"default","site-sidebar-style":"default","ast-global-header-display":"","ast-banner-title-visibility":"","ast-main-header-display":"","ast-hfb-above-header-display":"","ast-hfb-below-header-display":"","ast-hfb-mobile-header-display":"","site-post-title":"","ast-breadcrumbs-content":"","ast-featured-img":"","footer-sml-layout":"","ast-disable-related-posts":"","theme-transparent-header-meta":"default","adv-header-id-meta":"","stick-header-meta":"","header-above-stick-meta":"","header-main-stick-meta":"","header-below-stick-meta":"","astra-migrate-meta-layouts":"default","ast-page-background-enabled":"default","ast-page-background-meta":{"desktop":{"background-color":"","background-image":"","background-repeat":"repeat","background-position":"center center","background-size":"auto","background-attachment":"scroll","background-type":"","background-media":"","overlay-type":"","overlay-color":"","overlay-opacity":"","overlay-gradient":""},"tablet":{"background-color":"","background-image":"","background-repeat":"repeat","background-position":"center center","background-size":"auto","background-attachment":"scroll","background-type":"","background-media":"","overlay-type":"","overlay-color":"","overlay-opacity":"","overlay-gradient":""},"mobile":{"background-color":"","background-image":"","background-repeat":"repeat","background-position":"center center","background-size":"auto","background-attachment":"scroll","background-type":"","background-media":"","overlay-type":"","overlay-color":"","overlay-opacity":"","overlay-gradient":""}},"ast-content-background-meta":{"desktop":{"background-color":"var(--ast-global-color-5)","background-image":"","background-repeat":"repeat","background-position":"center center","background-size":"auto","background-attachment":"scroll","background-type":"","background-media":"","overlay-type":"","overlay-color":"","overlay-opacity":"","overlay-gradient":""},"tablet":{"background-color":"var(--ast-global-color-5)","background-image":"","background-repeat":"repeat","background-position":"center center","background-size":"auto","background-attachment":"scroll","background-type":"","background-media":"","overlay-type":"","overlay-color":"","overlay-opacity":"","overlay-gradient":""},"mobile":{"background-color":"var(--ast-global-color-5)","background-image":"","background-repeat":"repeat","background-position":"center center","background-size":"auto","background-attachment":"scroll","background-type":"","background-media":"","overlay-type":"","overlay-color":"","overlay-opacity":"","overlay-gradient":""}}},"product_brand":[],"product_cat":[554],"product_tag":[2679],"class_list":{"0":"post-7083","1":"product","2":"type-product","3":"status-publish","4":"has-post-thumbnail","6":"product_cat-peptide-antirughe-e-antieta","7":"product_tag-puya-supply-acetyl-pentapeptide-1-can-improve-collagen-protein-and-elastin-protein-it","8":"desktop-align-left","9":"tablet-align-left","10":"mobile-align-left","12":"first","13":"instock","14":"shipping-taxable","15":"product-type-simple"},"_links":{"self":[{"href":"https:\/\/puyapeptide.net\/it\/wp-json\/wp\/v2\/product\/7083","targetHints":{"allow":["GET"]}}],"collection":[{"href":"https:\/\/puyapeptide.net\/it\/wp-json\/wp\/v2\/product"}],"about":[{"href":"https:\/\/puyapeptide.net\/it\/wp-json\/wp\/v2\/types\/product"}],"replies":[{"embeddable":true,"href":"https:\/\/puyapeptide.net\/it\/wp-json\/wp\/v2\/comments?post=7083"}],"wp:featuredmedia":[{"embeddable":true,"href":"https:\/\/puyapeptide.net\/it\/wp-json\/wp\/v2\/media\/2126"}],"wp:attachment":[{"href":"https:\/\/puyapeptide.net\/it\/wp-json\/wp\/v2\/media?parent=7083"}],"wp:term":[{"taxonomy":"product_brand","embeddable":true,"href":"https:\/\/puyapeptide.net\/it\/wp-json\/wp\/v2\/product_brand?post=7083"},{"taxonomy":"product_cat","embeddable":true,"href":"https:\/\/puyapeptide.net\/it\/wp-json\/wp\/v2\/product_cat?post=7083"},{"taxonomy":"product_tag","embeddable":true,"href":"https:\/\/puyapeptide.net\/it\/wp-json\/wp\/v2\/product_tag?post=7083"}],"curies":[{"name":"wp","href":"https:\/\/api.w.org\/{rel}","templated":true}]}}