{"id":7099,"date":"2021-12-16T06:43:04","date_gmt":"2021-12-16T11:43:04","guid":{"rendered":"https:\/\/puyapeptide.net\/product\/acetil-octapeptide-3-snap-8-acetil-glutamil-heptapeptide-1-cas-868844-74-0-per-antirughe\/"},"modified":"2021-12-16T06:43:04","modified_gmt":"2021-12-16T11:43:04","slug":"acetil-octapeptide-3-snap-8-acetil-glutamil-heptapeptide-1-cas-868844-74-0-per-antirughe","status":"publish","type":"product","link":"https:\/\/puyapeptide.net\/it\/product\/acetil-octapeptide-3-snap-8-acetil-glutamil-heptapeptide-1-cas-868844-74-0-per-antirughe\/","title":{"rendered":"Acetil octapeptide-3\/SNAP-8\/Acetil Glutamil Heptapeptide-1 CAS 868844-74-0 per antirughe"},"content":{"rendered":"<h2><strong>Acetil octapeptide-3\/ SNAP-8\/ Acetyl Glutamyl Heptapeptide-1 CAS 868844-74-0 per antirughe<\/strong><\/h2>\n<p>Nome del prodotto: Acetil octapeptide-3\/ SNAP-8\/ Acetil glutamil eptapeptide-1<br \/>\n Sinonimi: N-acetil-L-alfa-glutamil-L-alfa-glutamil-L-metionil-L-glutaminil-L -arginil-L-arginil-L-alanil-L-alfa-asparagina;SNAP-8 (acetil glutamil eptapeptide-3); acetil glutamil eptapeptide-3; acetil ottapeptide-3; acetil glutamil ottapeptide-3; acetil ottapetpide-3; snap-8\/Acetil Octapeptide-3\/Acetyl Glutamyl Heptapeptide-3; Acetil Octapeptide-8<br \/>\nCAS: 868844-74-0<br \/>\nMF: C41H70N16O16S<br \/>\nMW: 1075.17<br \/>\nEINECS:<br \/>\nProdotto Categorie: Cosmetici beauty peptide<br \/>\nMol File: 868844-74-0.mol<\/p>\n<p>L&#39;ottapeptide antirughe SNAP-8 \u00e8 un allungamento del famoso esapeptide. SNAP-8 riduce la profondit\u00e0 delle rughe sul viso causate dalla contrazione dei muscoli dell&#39;espressione facciale, specialmente nella fronte e intorno agli occhi. SNAP-8 \u00e8 un&#39;alternativa pi\u00f9 sicura, pi\u00f9 economica e pi\u00f9 mite alla tossina botulinica, mirando localmente allo stesso meccanismo di formazione delle rughe in un modo molto diverso.<\/p>\n<p> <strong>Acetil octapeptide-3\/ SNAP-8\/ Acetyl Glutamyl Heptapeptide-1 CAS 868844-74-0 Propriet\u00e0 chimiche<\/strong><br \/>\ndensit\u00e0 1,56<br \/>\ntemp. Conservare in luogo buio, atmosfera inerte, 2-8\u00b0C<br \/>\npka 4,07\u00b10,10 (previsto)<\/p>\n<p> <strong>Applicazione e funzione dell&#39;acetil octapeptide-3\/ SNAP-8\/ acetil glutamil eptapeptide-1 CAS 868844- 74-0<\/strong><br \/>\n Acetyl Glutamyl Heptapeptide-3 o Acetyl Octapeptide-1 (o -3) (SNAP-8) \u00e8 scientificamente e ragionevolmente progettato con principi attivi antirughe del polipeptide. Ha un ruolo simile all&#39;Essenza di Areginin ed \u00e8 diventata una delle materie prime pi\u00f9 popolari in tutto il mondo per cosmetici antirughe di alto livello. Antirughe causate dalla contrazione dei muscoli dell&#39;espressione facciale, diminuendo l&#39;eccitabilit\u00e0 neuronale dalla destabilizzazione del complesso SNARE.&lt; &amp;&gt;Snap-8, questo ingrediente contiene otto aminoacidi e (da cui &quot;Octa&quot;) ha le stesse (alcuni dicono molto migliori) qualit\u00e0 antirughe dell&#39;Argirelin. Snap-8 ha prodotto una riduzione di circa il 35% della profondit\u00e0 delle rughe.<br \/>\nLa soluzione di peptidi Snap-8 contiene un ottapeptide antirughe che \u00e8 un allungamento del peptide esapeptide ARGIRELIN. Pertanto, riduce le rughe di espressione attraverso un meccanismo d&#39;azione simile alla tossina botulinica.<\/p>\n<p> <strong>Utilizzo di Acetyl octapeptide-3\/ SNAP-8\/ Acetyl Glutamyl Heptapeptide-1 CAS 868844-74-0<\/strong><br \/>\n antirughe , rughe levigate.<\/p>\n","protected":false},"excerpt":{"rendered":"<p>Nome del prodotto: Acetil octapeptide-3\/ SNAP-8\/ Acetyl Glutamyl Heptapeptide-1<br \/>\n CAS: 868844-74-0<br \/>\n MF: C41H70N16O16S<br \/>\n MW: 1075,17<br \/>\n File Mol: 868844-74-0 .mol<\/p>\n","protected":false},"featured_media":2168,"comment_status":"open","ping_status":"closed","template":"","meta":{"om_disable_all_campaigns":false,"_monsterinsights_skip_tracking":false,"_monsterinsights_sitenote_active":false,"_monsterinsights_sitenote_note":"","_monsterinsights_sitenote_category":0,"site-sidebar-layout":"default","site-content-layout":"default","ast-site-content-layout":"default","site-content-style":"default","site-sidebar-style":"default","ast-global-header-display":"","ast-banner-title-visibility":"","ast-main-header-display":"","ast-hfb-above-header-display":"","ast-hfb-below-header-display":"","ast-hfb-mobile-header-display":"","site-post-title":"","ast-breadcrumbs-content":"","ast-featured-img":"","footer-sml-layout":"","ast-disable-related-posts":"","theme-transparent-header-meta":"default","adv-header-id-meta":"","stick-header-meta":"","header-above-stick-meta":"","header-main-stick-meta":"","header-below-stick-meta":"","astra-migrate-meta-layouts":"default","ast-page-background-enabled":"default","ast-page-background-meta":{"desktop":{"background-color":"","background-image":"","background-repeat":"repeat","background-position":"center center","background-size":"auto","background-attachment":"scroll","background-type":"","background-media":"","overlay-type":"","overlay-color":"","overlay-opacity":"","overlay-gradient":""},"tablet":{"background-color":"","background-image":"","background-repeat":"repeat","background-position":"center center","background-size":"auto","background-attachment":"scroll","background-type":"","background-media":"","overlay-type":"","overlay-color":"","overlay-opacity":"","overlay-gradient":""},"mobile":{"background-color":"","background-image":"","background-repeat":"repeat","background-position":"center center","background-size":"auto","background-attachment":"scroll","background-type":"","background-media":"","overlay-type":"","overlay-color":"","overlay-opacity":"","overlay-gradient":""}},"ast-content-background-meta":{"desktop":{"background-color":"var(--ast-global-color-5)","background-image":"","background-repeat":"repeat","background-position":"center center","background-size":"auto","background-attachment":"scroll","background-type":"","background-media":"","overlay-type":"","overlay-color":"","overlay-opacity":"","overlay-gradient":""},"tablet":{"background-color":"var(--ast-global-color-5)","background-image":"","background-repeat":"repeat","background-position":"center center","background-size":"auto","background-attachment":"scroll","background-type":"","background-media":"","overlay-type":"","overlay-color":"","overlay-opacity":"","overlay-gradient":""},"mobile":{"background-color":"var(--ast-global-color-5)","background-image":"","background-repeat":"repeat","background-position":"center center","background-size":"auto","background-attachment":"scroll","background-type":"","background-media":"","overlay-type":"","overlay-color":"","overlay-opacity":"","overlay-gradient":""}}},"product_brand":[],"product_cat":[554],"product_tag":[2653],"class_list":{"0":"post-7099","1":"product","2":"type-product","3":"status-publish","4":"has-post-thumbnail","6":"product_cat-peptide-antirughe-e-antieta","7":"product_tag-acetyl-octapeptide-3-snap-8-acetyl-glutamyl-heptapeptide-1-cas-868844-74-0-for-anti-wrinkle-it","8":"desktop-align-left","9":"tablet-align-left","10":"mobile-align-left","12":"first","13":"instock","14":"shipping-taxable","15":"product-type-simple"},"_links":{"self":[{"href":"https:\/\/puyapeptide.net\/it\/wp-json\/wp\/v2\/product\/7099","targetHints":{"allow":["GET"]}}],"collection":[{"href":"https:\/\/puyapeptide.net\/it\/wp-json\/wp\/v2\/product"}],"about":[{"href":"https:\/\/puyapeptide.net\/it\/wp-json\/wp\/v2\/types\/product"}],"replies":[{"embeddable":true,"href":"https:\/\/puyapeptide.net\/it\/wp-json\/wp\/v2\/comments?post=7099"}],"wp:featuredmedia":[{"embeddable":true,"href":"https:\/\/puyapeptide.net\/it\/wp-json\/wp\/v2\/media\/2168"}],"wp:attachment":[{"href":"https:\/\/puyapeptide.net\/it\/wp-json\/wp\/v2\/media?parent=7099"}],"wp:term":[{"taxonomy":"product_brand","embeddable":true,"href":"https:\/\/puyapeptide.net\/it\/wp-json\/wp\/v2\/product_brand?post=7099"},{"taxonomy":"product_cat","embeddable":true,"href":"https:\/\/puyapeptide.net\/it\/wp-json\/wp\/v2\/product_cat?post=7099"},{"taxonomy":"product_tag","embeddable":true,"href":"https:\/\/puyapeptide.net\/it\/wp-json\/wp\/v2\/product_tag?post=7099"}],"curies":[{"name":"wp","href":"https:\/\/api.w.org\/{rel}","templated":true}]}}