{"id":7149,"date":"2021-12-16T06:50:47","date_gmt":"2021-12-16T11:50:47","guid":{"rendered":"https:\/\/puyapeptide.net\/product\/pentapeptide-18-leuphasyl-cas-64963-01-5-antirughe-e-pelle-liscia\/"},"modified":"2021-12-16T06:50:47","modified_gmt":"2021-12-16T11:50:47","slug":"pentapeptide-18-leuphasyl-cas-64963-01-5-antirughe-e-pelle-liscia","status":"publish","type":"product","link":"https:\/\/puyapeptide.net\/it\/product\/pentapeptide-18-leuphasyl-cas-64963-01-5-antirughe-e-pelle-liscia\/","title":{"rendered":"Pentapeptide-18\/Leuphasyl CAS 64963-01-5 Antirughe e pelle liscia"},"content":{"rendered":"<h2><strong>Pentapeptide-18\/Leuphasyl CAS 64963-01-5 Antirughe e pelle liscia<\/strong><\/h2>\n<p>Nome del prodotto: TYR-D-ALA-GLY-PHE-LEU\/ Pentapeptide-18\/ Leuphasyl<br \/>\nSinonimi: H-TYR-D-ALA-GLY-PHE-LEU-OH;(D-ALA2)- LEU-ENCEFALIN;D-ALA2-LEU5-ENKEFALIN;[D-ALA2]-LEUCINA ENKEFALIN;TYR-D-ALA-GLY-PHE-LEU;N-[N-[N-(NL-tirosil-D-alanil) glicil]-L-fenilalanil]-L-leucina;(D-alanina2)leucina encefalina;L-Tyr-D-Ala-Gly-L-Phe-L-Leu-OH<br \/>\nCAS: 64963-01-5&lt; &amp;&gt;MF: C29H39N5O7<br \/>\nMW: 569.65<br \/>\nEINECS: 265-291-0<br \/>\nCategorie di prodotti:<br \/>\nMol File: 64963-01-5.mol<\/p>\n<p>Leuphasyl \u00e8 un amid peptide, un agonista degli oppioidi delta, \u00e8 un analogo della leu-encefalina a lunga durata d&#39;azione resistente alla degradazione utilizzato per studiare la via di segnalazione dei recettori degli oppioidi delta. Mira in vitro al meccanismo di formazione delle rughe di espressione in un modo nuovo, offrendo un&#39;alternativa ai peptidi come l&#39;acetil esapeptide-3. \u00c8 un potente analogo della leu-encefalina ad azione prolungata resistente alla degradazione enzimatica. Pu\u00f2 essere incorporato in formulazioni cosmetiche come emulsioni, gel e cere dove si desidera rimuovere le linee profonde o le rughe sulla fronte o intorno agli occhi.<\/p>\n<p> <strong>TYR-D-ALA-GLY-PHE-LEU \/ Pentapeptide-18\/ Leuphasyl Propriet\u00e0 chimiche<\/strong><br \/>\nPunto di fusione 160-163,5 \u00b0C<br \/>\nPunto di ebollizione 991,9\u00b165,0 \u00b0C (prevista)<br \/>\ndensit\u00e0 1,257\u00b10,06 g\/cm3 (prevista)<br \/>\ntemp. Conservare al buio, Sigillato all&#39;asciutto, Conservare in congelatore, a una temperatura inferiore a -20\u00b0C<br \/>\npka 3,40\u00b10,10 (previsto)<br \/>\nInChIKey ZHUJMSMQIPIPTF-JMBSJVKXSA-N<\/p>\n<p> <strong>Vantaggi del pentapeptide 18\/leuphasile<\/strong> &lt;&amp; &gt;Pentapeptide-18 riduce la profondit\u00e0 delle rughe sul viso causate dalla contrazione dei muscoli dell&#39;espressione facciale, specialmente nella fronte e intorno agli occhi. Mira in vitro al meccanismo di formazione delle rughe di espressione in un modo nuovo, offrendo un&#39;alternativa ai peptidi come l&#39;acetil esapeptide-3. Pu\u00f2 essere incorporato in formulazioni cosmetiche come emulsioni, gel e cere.<\/p>\n<p>Pentapeptide-18 \u00e8 un neuropeptide che imita il meccanismo naturale delle encefaline, che d\u00e0 risultati simili al botulino. Riduce la profondit\u00e0 delle smagliature e delle rughe causate dalle contrazioni muscolari.<\/p>\n<p>Pentapeptide-18 \u00e8 stato utilizzato nel siero occhi antirughe per ridurre la comparsa di linee sottili e rughe-zampe di gallina con un miglioramento significativo ruvidit\u00e0 della pelle. Pu\u00f2 funzionare in sinergia con l&#39;Argirilene e aumentare notevolmente i benefici.<br \/>\n <strong>Funzioni e applicazioni di Pentapeptide 18\/Leuphasyl<\/strong><br \/>\n1.Migliora la microcircolazione del sangue.<br \/>\n2.Rafforza la circolazione sanguigna.<br \/>\n3.Elimina l&#39;infiammazione .<br \/>\n4.Resistere al sacchetto e diluire le linee sottili e le zampe di mucca intorno agli occhi.<br \/>\n5.Ritardare gli effetti dell&#39;invecchiamento precoce migliorando l&#39;elasticit\u00e0 e la compattezza della pelle.<\/p>\n","protected":false},"excerpt":{"rendered":"<p>Nome del prodotto: TYR-D-ALA-GLY-PHE-LEU\/ Pentapeptide-18\/ Leuphasyl<br \/>\nCAS: 64963-01-5<br \/>\nMF: C29H39N5O7<br \/>\nMW: 569,65<br \/>\nEINECS: 265-291 -0<br \/>\nMol File: 64963-01-5.mol<\/p>\n","protected":false},"featured_media":2126,"comment_status":"open","ping_status":"closed","template":"","meta":{"om_disable_all_campaigns":false,"_monsterinsights_skip_tracking":false,"_monsterinsights_sitenote_active":false,"_monsterinsights_sitenote_note":"","_monsterinsights_sitenote_category":0,"site-sidebar-layout":"default","site-content-layout":"default","ast-site-content-layout":"default","site-content-style":"default","site-sidebar-style":"default","ast-global-header-display":"","ast-banner-title-visibility":"","ast-main-header-display":"","ast-hfb-above-header-display":"","ast-hfb-below-header-display":"","ast-hfb-mobile-header-display":"","site-post-title":"","ast-breadcrumbs-content":"","ast-featured-img":"","footer-sml-layout":"","ast-disable-related-posts":"","theme-transparent-header-meta":"default","adv-header-id-meta":"","stick-header-meta":"","header-above-stick-meta":"","header-main-stick-meta":"","header-below-stick-meta":"","astra-migrate-meta-layouts":"default","ast-page-background-enabled":"default","ast-page-background-meta":{"desktop":{"background-color":"","background-image":"","background-repeat":"repeat","background-position":"center center","background-size":"auto","background-attachment":"scroll","background-type":"","background-media":"","overlay-type":"","overlay-color":"","overlay-opacity":"","overlay-gradient":""},"tablet":{"background-color":"","background-image":"","background-repeat":"repeat","background-position":"center center","background-size":"auto","background-attachment":"scroll","background-type":"","background-media":"","overlay-type":"","overlay-color":"","overlay-opacity":"","overlay-gradient":""},"mobile":{"background-color":"","background-image":"","background-repeat":"repeat","background-position":"center center","background-size":"auto","background-attachment":"scroll","background-type":"","background-media":"","overlay-type":"","overlay-color":"","overlay-opacity":"","overlay-gradient":""}},"ast-content-background-meta":{"desktop":{"background-color":"var(--ast-global-color-5)","background-image":"","background-repeat":"repeat","background-position":"center center","background-size":"auto","background-attachment":"scroll","background-type":"","background-media":"","overlay-type":"","overlay-color":"","overlay-opacity":"","overlay-gradient":""},"tablet":{"background-color":"var(--ast-global-color-5)","background-image":"","background-repeat":"repeat","background-position":"center center","background-size":"auto","background-attachment":"scroll","background-type":"","background-media":"","overlay-type":"","overlay-color":"","overlay-opacity":"","overlay-gradient":""},"mobile":{"background-color":"var(--ast-global-color-5)","background-image":"","background-repeat":"repeat","background-position":"center center","background-size":"auto","background-attachment":"scroll","background-type":"","background-media":"","overlay-type":"","overlay-color":"","overlay-opacity":"","overlay-gradient":""}}},"product_brand":[],"product_cat":[554],"product_tag":[2637],"class_list":{"0":"post-7149","1":"product","2":"type-product","3":"status-publish","4":"has-post-thumbnail","6":"product_cat-peptide-antirughe-e-antieta","7":"product_tag-pentapeptide-18-leuphasyl-cas-64963-01-5-anti-wrinkle-and-smooth-skin-it","8":"desktop-align-left","9":"tablet-align-left","10":"mobile-align-left","12":"first","13":"instock","14":"shipping-taxable","15":"product-type-simple"},"_links":{"self":[{"href":"https:\/\/puyapeptide.net\/it\/wp-json\/wp\/v2\/product\/7149","targetHints":{"allow":["GET"]}}],"collection":[{"href":"https:\/\/puyapeptide.net\/it\/wp-json\/wp\/v2\/product"}],"about":[{"href":"https:\/\/puyapeptide.net\/it\/wp-json\/wp\/v2\/types\/product"}],"replies":[{"embeddable":true,"href":"https:\/\/puyapeptide.net\/it\/wp-json\/wp\/v2\/comments?post=7149"}],"wp:featuredmedia":[{"embeddable":true,"href":"https:\/\/puyapeptide.net\/it\/wp-json\/wp\/v2\/media\/2126"}],"wp:attachment":[{"href":"https:\/\/puyapeptide.net\/it\/wp-json\/wp\/v2\/media?parent=7149"}],"wp:term":[{"taxonomy":"product_brand","embeddable":true,"href":"https:\/\/puyapeptide.net\/it\/wp-json\/wp\/v2\/product_brand?post=7149"},{"taxonomy":"product_cat","embeddable":true,"href":"https:\/\/puyapeptide.net\/it\/wp-json\/wp\/v2\/product_cat?post=7149"},{"taxonomy":"product_tag","embeddable":true,"href":"https:\/\/puyapeptide.net\/it\/wp-json\/wp\/v2\/product_tag?post=7149"}],"curies":[{"name":"wp","href":"https:\/\/api.w.org\/{rel}","templated":true}]}}