{"id":7187,"date":"2021-12-16T07:16:21","date_gmt":"2021-12-16T12:16:21","guid":{"rendered":"https:\/\/puyapeptide.net\/product\/peptide-di-rame-ghk-cu-tripeptide-di-rame-cas-89030-95-5-per-la-guarigione-delle-ferite-e-il-rinnovamento-della-pelle\/"},"modified":"2021-12-16T07:16:21","modified_gmt":"2021-12-16T12:16:21","slug":"peptide-di-rame-ghk-cu-tripeptide-di-rame-cas-89030-95-5-per-la-guarigione-delle-ferite-e-il-rinnovamento-della-pelle","status":"publish","type":"product","link":"https:\/\/puyapeptide.net\/it\/product\/peptide-di-rame-ghk-cu-tripeptide-di-rame-cas-89030-95-5-per-la-guarigione-delle-ferite-e-il-rinnovamento-della-pelle\/","title":{"rendered":"Peptide di rame (GHK-Cu)\/tripeptide di rame CAS 89030-95-5 per la guarigione delle ferite e il rinnovamento della pelle"},"content":{"rendered":"<h2><strong>Peptide di rame (GHK-Cu)\/tripeptide di rame CAS 89030-95-5 per la guarigione delle ferite e il rinnovamento della pelle<\/strong><\/h2>\n<p>Nome del prodotto: peptide di rame (GHK-Cu)\/tripeptide di rame\/ [N2-(N-Glycyl-L-istidyl)-L-lysinato(2-)]rame<br \/>\nSequenza: (Cu2+)H-Glu -His-Lys-OH<br \/>\nSinonimi: [N2-(N-Glycyl-L-istidyl)-L-lysinato(2-)]rame;Ghk-Cu\/AHK-CU;Tripeptide di rame (GHK-Cu); Prezatide rame,[N2-(N-glicil-L-istidil)-L-lisinato(2-)]rame;tripeptide\/GHK-Cu;peptide di rame, GHK-Cu, rame tripeptide-1;GHK rame;GHK.CU .HAC<br \/>\nCAS: 89030-95-5<br \/>\nMF: C14H21CuN6O4<br \/>\nMW: 400.91<br \/>\nEINECS:<br \/>\nCategorie di prodotto: Farmaceutico<br \/>\nMol File: 89030-95-5.mol&lt; &amp;&gt;<br \/>\nIl rame \u00e8 un importante oligoelemento che si \u00e8 dimostrato importante nella guarigione delle ferite e nei processi enzimatici. La lisilossidasi \u00e8 un enzima importante nella produzione di collagene ed elastina e il peptide di rame dipende dall&#39;azione del rame. Anche la tirosinasi e la citocromo c ossidasi richiedono rame. Gli effetti dannosi dei radicali liberi sulla pelle sono stati chiariti nella ricerca scientifica di base sul fotoinvecchiamento della pelle. La superossido dismutasi agisce come un importante antiossidante e richiede il rame come cofattore.<br \/>\nLa polvere di Copper Peptide GHK si complessa spontaneamente con il rame e facilita l&#39;assorbimento del rame da parte delle cellule. La sequenza del peptide di rame si trova nelle proteine della matrice extracellulare come la catena del collagene e si ritiene che il peptide di rame venga rilasciato durante le ferite e le infiammazioni.<\/p>\n<p> <strong>Funzione del peptide di rame (GHK-Cu)\/tripeptide di rame CAS 89030-95-5<\/strong><br \/>\n1. Accelerare la riparazione delle ferite<br \/>\n2. Aumenta la riepitelizzazione cutanea<br \/>\n3. Effetti inversi dell&#39;invecchiamento sulla pelle<br \/>\n4. ispessisce la pelle, migliora l&#39;elasticit\u00e0 e aumenta lo strato di grasso sottocutaneo<br \/>\n5. Migliora il successo del trapianto di capelli, previene la caduta dei capelli<br \/>\n6. Gli analoghi del GHK con gli analoghi dei residui grassi aumentano le dimensioni del follicolo pilifero, stimolano la crescita dei capelli e riducono la caduta dei capelli<br \/>\n7. Guarire danneggiare i rivestimenti intestinali. Attiva la principale proteina antiossidante della pelle &#8211; superossido dismutasi<\/p>\n<p> <strong>Applicazione tipica del peptide di rame (GHK-Cu)\/tripeptide di rame CAS 89030-95-5<\/strong><br \/>\nInversione dell&#39;et\u00e0 della pelle, rinnovamento della pelle, guarigione senza cicatrici e rimozione della pelle lesioni con elevata sicurezza. Pu\u00f2 essere utilizzato per antirughe\/riparazione della pelle\/ripristino dei capelli<\/p>\n","protected":false},"excerpt":{"rendered":"<p>Nome prodotto: peptide di rame (GHK-Cu)\/tripeptide di rame\/ [N2-(N-Glycyl-L-istidyl)-L-lysinato(2-)]rame<br \/>\nCAS: 89030-95-5<br \/>\nMF : C14H21CuN6O4<br \/>\nMW: 400,91<br \/>\nMol File: 89030-95-5.mol<\/p>\n","protected":false},"featured_media":3869,"comment_status":"open","ping_status":"closed","template":"","meta":{"om_disable_all_campaigns":false,"_monsterinsights_skip_tracking":false,"_monsterinsights_sitenote_active":false,"_monsterinsights_sitenote_note":"","_monsterinsights_sitenote_category":0,"site-sidebar-layout":"default","site-content-layout":"default","ast-site-content-layout":"default","site-content-style":"default","site-sidebar-style":"default","ast-global-header-display":"","ast-banner-title-visibility":"","ast-main-header-display":"","ast-hfb-above-header-display":"","ast-hfb-below-header-display":"","ast-hfb-mobile-header-display":"","site-post-title":"","ast-breadcrumbs-content":"","ast-featured-img":"","footer-sml-layout":"","ast-disable-related-posts":"","theme-transparent-header-meta":"default","adv-header-id-meta":"","stick-header-meta":"","header-above-stick-meta":"","header-main-stick-meta":"","header-below-stick-meta":"","astra-migrate-meta-layouts":"default","ast-page-background-enabled":"default","ast-page-background-meta":{"desktop":{"background-color":"","background-image":"","background-repeat":"repeat","background-position":"center center","background-size":"auto","background-attachment":"scroll","background-type":"","background-media":"","overlay-type":"","overlay-color":"","overlay-opacity":"","overlay-gradient":""},"tablet":{"background-color":"","background-image":"","background-repeat":"repeat","background-position":"center center","background-size":"auto","background-attachment":"scroll","background-type":"","background-media":"","overlay-type":"","overlay-color":"","overlay-opacity":"","overlay-gradient":""},"mobile":{"background-color":"","background-image":"","background-repeat":"repeat","background-position":"center center","background-size":"auto","background-attachment":"scroll","background-type":"","background-media":"","overlay-type":"","overlay-color":"","overlay-opacity":"","overlay-gradient":""}},"ast-content-background-meta":{"desktop":{"background-color":"var(--ast-global-color-5)","background-image":"","background-repeat":"repeat","background-position":"center center","background-size":"auto","background-attachment":"scroll","background-type":"","background-media":"","overlay-type":"","overlay-color":"","overlay-opacity":"","overlay-gradient":""},"tablet":{"background-color":"var(--ast-global-color-5)","background-image":"","background-repeat":"repeat","background-position":"center center","background-size":"auto","background-attachment":"scroll","background-type":"","background-media":"","overlay-type":"","overlay-color":"","overlay-opacity":"","overlay-gradient":""},"mobile":{"background-color":"var(--ast-global-color-5)","background-image":"","background-repeat":"repeat","background-position":"center center","background-size":"auto","background-attachment":"scroll","background-type":"","background-media":"","overlay-type":"","overlay-color":"","overlay-opacity":"","overlay-gradient":""}}},"product_brand":[],"product_cat":[554],"product_tag":[2590],"class_list":{"0":"post-7187","1":"product","2":"type-product","3":"status-publish","4":"has-post-thumbnail","6":"product_cat-peptide-antirughe-e-antieta","7":"product_tag-copper-peptide-ghk-cu-copper-tripeptide-cas-89030-95-5-for-wound-healing-and-skin-renewal-it","8":"desktop-align-left","9":"tablet-align-left","10":"mobile-align-left","12":"first","13":"instock","14":"shipping-taxable","15":"product-type-simple"},"_links":{"self":[{"href":"https:\/\/puyapeptide.net\/it\/wp-json\/wp\/v2\/product\/7187","targetHints":{"allow":["GET"]}}],"collection":[{"href":"https:\/\/puyapeptide.net\/it\/wp-json\/wp\/v2\/product"}],"about":[{"href":"https:\/\/puyapeptide.net\/it\/wp-json\/wp\/v2\/types\/product"}],"replies":[{"embeddable":true,"href":"https:\/\/puyapeptide.net\/it\/wp-json\/wp\/v2\/comments?post=7187"}],"wp:featuredmedia":[{"embeddable":true,"href":"https:\/\/puyapeptide.net\/it\/wp-json\/wp\/v2\/media\/3869"}],"wp:attachment":[{"href":"https:\/\/puyapeptide.net\/it\/wp-json\/wp\/v2\/media?parent=7187"}],"wp:term":[{"taxonomy":"product_brand","embeddable":true,"href":"https:\/\/puyapeptide.net\/it\/wp-json\/wp\/v2\/product_brand?post=7187"},{"taxonomy":"product_cat","embeddable":true,"href":"https:\/\/puyapeptide.net\/it\/wp-json\/wp\/v2\/product_cat?post=7187"},{"taxonomy":"product_tag","embeddable":true,"href":"https:\/\/puyapeptide.net\/it\/wp-json\/wp\/v2\/product_tag?post=7187"}],"curies":[{"name":"wp","href":"https:\/\/api.w.org\/{rel}","templated":true}]}}