{"id":7235,"date":"2021-12-16T07:18:06","date_gmt":"2021-12-16T12:18:06","guid":{"rendered":"https:\/\/puyapeptide.net\/product\/argireline-argreline-acetate-cas-616204-22-9-per-rimuovere-le-rughe-intorno-alla-fronte-o-agli-occhi\/"},"modified":"2021-12-16T07:18:06","modified_gmt":"2021-12-16T12:18:06","slug":"argireline-argreline-acetate-cas-616204-22-9-per-rimuovere-le-rughe-intorno-alla-fronte-o-agli-occhi","status":"publish","type":"product","link":"https:\/\/puyapeptide.net\/it\/product\/argireline-argreline-acetate-cas-616204-22-9-per-rimuovere-le-rughe-intorno-alla-fronte-o-agli-occhi\/","title":{"rendered":"Argireline\/ Argreline Acetate CAS 616204-22-9 per rimuovere le rughe intorno alla fronte o agli occhi"},"content":{"rendered":"<h2><strong>Argireline\/ Argreline Acetate CAS 616204-22-9 per rimuovere le rughe intorno alla fronte o agli occhi<\/strong><\/h2>\n<p>Nome prodotto: Argireline<br \/>\nSequenza: N-acetil-Glu-Glu-Met-Gln-Arg-Arg-NH 2.<br \/>\nSinonimi: Ac-Glu-Glu-Met-Glu-Arg-Arg- NH2;N-acetil-L-alfa-glutamil-L-alfa-glutamil-L-metionil-L-glutaminil-L-arginil-L-argininamide; acetil esapeptide-3\/acetil esapeptide-8; argirelina, acetil esapeptide-3 , BR;Multi-peptidi antirughe;Reproage;Argireline;Argireline acetato Ac-Glu-Glu-Met-Arg-Arg-NH2<br \/>\nCAS: 616204-22-9<br \/>\nMF: C34H60N14O12S<br \/>\nMW: 889<br \/>\nEINECS: 1592732-453-0<br \/>\nCategorie di prodotti: Peptide<br \/>\nMol File: 616204-22-9.mol<\/p>\n<p>Argireline \u00e8 costituito da catene di aminoacidi. Tali catene possono influenzare il funzionamento delle nostre cellule, ad esempio rilassando i muscoli del viso. \u00c8 derivato dal peptide Acetil esapeptide-3, un substrato della tossina botulinica, o pi\u00f9 comunemente noto come Botox.<\/p>\n<p>Argirelin Acetate, noto anche come botulino, \u00e8 un oligopeptide che imita l&#39;amino N-terminale 6 acidi della proteina SNAP-25. L&#39;acirelin \u00e8 una delle materie prime comunemente utilizzate per i cosmetici di fascia alta. Il suo effetto principale \u00e8 ridurre le rughe causate dalla contrazione muscolare dell&#39;espressione facciale e ha un effetto ideale sulle rughe sulla fronte o intorno agli occhi. L&#39;acirelina \u00e8 un sostituto della tossina della carne pi\u00f9 sicuro, pi\u00f9 economico e pi\u00f9 delicato. Akirelin compete per il sito di SNAP-25 nel complesso delle vescicole, che influenza la formazione del complesso delle vescicole, con conseguente incapacit\u00e0 delle vescicole di rilasciare efficacemente i neurotrasmettitori e indebolire la contrazione muscolare, rilassando cos\u00ec i muscoli e lenendo le linee sottili. Pu\u00f2 rendere la pelle chiara e impeccabile e pu\u00f2 anche favorire la rigenerazione cellulare per restituire morbidezza ed elasticit\u00e0 alla pelle. Pertanto, \u00e8 ampiamente utilizzato nella preparazione di cosmetici e prodotti per la salute.<\/p>\n<p> <strong>Argireline\/ Argreline Acetate CAS 616204-22-9 Propriet\u00e0 chimiche<\/strong><br \/>\ndensit\u00e0 1,54<br \/>\ntemp. -20\u00b0C<br \/>\nforma solido liofilizzato<br \/>\npka 4.43\u00b10.10(Predicted)<br \/>\ncolore bianco<br \/>\nInChIKey RJZNPROJTJSYLC-LLINQDLYSA-N<\/p>\n<p> <strong>Funzione di Argireline\/ Argreline Acetate CAS 616204-22 -9<\/strong> <\/p>\n<p>1.Ridurre le rughe causate dalla contrazione dei muscoli di espressione facciale. Ha l&#39;effetto ideale di rimuovere le rughe sulla fronte o intorno agli occhi.<br \/>\n2.Promuove la produzione di collagene, che aiuta la pelle a ricostruire i tessuti.<\/p>\n","protected":false},"excerpt":{"rendered":"<p>Nome del prodotto: Argireline<br \/>\nCAS: 616204-22-9<br \/>\nMF: C34H60N14O12S<br \/>\nMW: 889<br \/>\nEINECS: 1592732-453-0<br \/>\nMol File: 616204-22-9.mol<\/p>\n","protected":false},"featured_media":2126,"comment_status":"open","ping_status":"closed","template":"","meta":{"om_disable_all_campaigns":false,"_monsterinsights_skip_tracking":false,"_monsterinsights_sitenote_active":false,"_monsterinsights_sitenote_note":"","_monsterinsights_sitenote_category":0,"site-sidebar-layout":"default","site-content-layout":"default","ast-site-content-layout":"default","site-content-style":"default","site-sidebar-style":"default","ast-global-header-display":"","ast-banner-title-visibility":"","ast-main-header-display":"","ast-hfb-above-header-display":"","ast-hfb-below-header-display":"","ast-hfb-mobile-header-display":"","site-post-title":"","ast-breadcrumbs-content":"","ast-featured-img":"","footer-sml-layout":"","ast-disable-related-posts":"","theme-transparent-header-meta":"default","adv-header-id-meta":"","stick-header-meta":"","header-above-stick-meta":"","header-main-stick-meta":"","header-below-stick-meta":"","astra-migrate-meta-layouts":"default","ast-page-background-enabled":"default","ast-page-background-meta":{"desktop":{"background-color":"","background-image":"","background-repeat":"repeat","background-position":"center center","background-size":"auto","background-attachment":"scroll","background-type":"","background-media":"","overlay-type":"","overlay-color":"","overlay-opacity":"","overlay-gradient":""},"tablet":{"background-color":"","background-image":"","background-repeat":"repeat","background-position":"center center","background-size":"auto","background-attachment":"scroll","background-type":"","background-media":"","overlay-type":"","overlay-color":"","overlay-opacity":"","overlay-gradient":""},"mobile":{"background-color":"","background-image":"","background-repeat":"repeat","background-position":"center center","background-size":"auto","background-attachment":"scroll","background-type":"","background-media":"","overlay-type":"","overlay-color":"","overlay-opacity":"","overlay-gradient":""}},"ast-content-background-meta":{"desktop":{"background-color":"var(--ast-global-color-5)","background-image":"","background-repeat":"repeat","background-position":"center center","background-size":"auto","background-attachment":"scroll","background-type":"","background-media":"","overlay-type":"","overlay-color":"","overlay-opacity":"","overlay-gradient":""},"tablet":{"background-color":"var(--ast-global-color-5)","background-image":"","background-repeat":"repeat","background-position":"center center","background-size":"auto","background-attachment":"scroll","background-type":"","background-media":"","overlay-type":"","overlay-color":"","overlay-opacity":"","overlay-gradient":""},"mobile":{"background-color":"var(--ast-global-color-5)","background-image":"","background-repeat":"repeat","background-position":"center center","background-size":"auto","background-attachment":"scroll","background-type":"","background-media":"","overlay-type":"","overlay-color":"","overlay-opacity":"","overlay-gradient":""}}},"product_brand":[],"product_cat":[554],"product_tag":[2577],"class_list":{"0":"post-7235","1":"product","2":"type-product","3":"status-publish","4":"has-post-thumbnail","6":"product_cat-peptide-antirughe-e-antieta","7":"product_tag-argireline-argreline-acetate-cas-616204-22-9-for-removing-wrinkles-around-the-forehead-or-eyes-it","8":"desktop-align-left","9":"tablet-align-left","10":"mobile-align-left","12":"first","13":"instock","14":"shipping-taxable","15":"product-type-simple"},"_links":{"self":[{"href":"https:\/\/puyapeptide.net\/it\/wp-json\/wp\/v2\/product\/7235","targetHints":{"allow":["GET"]}}],"collection":[{"href":"https:\/\/puyapeptide.net\/it\/wp-json\/wp\/v2\/product"}],"about":[{"href":"https:\/\/puyapeptide.net\/it\/wp-json\/wp\/v2\/types\/product"}],"replies":[{"embeddable":true,"href":"https:\/\/puyapeptide.net\/it\/wp-json\/wp\/v2\/comments?post=7235"}],"wp:featuredmedia":[{"embeddable":true,"href":"https:\/\/puyapeptide.net\/it\/wp-json\/wp\/v2\/media\/2126"}],"wp:attachment":[{"href":"https:\/\/puyapeptide.net\/it\/wp-json\/wp\/v2\/media?parent=7235"}],"wp:term":[{"taxonomy":"product_brand","embeddable":true,"href":"https:\/\/puyapeptide.net\/it\/wp-json\/wp\/v2\/product_brand?post=7235"},{"taxonomy":"product_cat","embeddable":true,"href":"https:\/\/puyapeptide.net\/it\/wp-json\/wp\/v2\/product_cat?post=7235"},{"taxonomy":"product_tag","embeddable":true,"href":"https:\/\/puyapeptide.net\/it\/wp-json\/wp\/v2\/product_tag?post=7235"}],"curies":[{"name":"wp","href":"https:\/\/api.w.org\/{rel}","templated":true}]}}