{"id":7245,"date":"2021-12-16T07:18:52","date_gmt":"2021-12-16T12:18:52","guid":{"rendered":"https:\/\/puyapeptide.net\/product\/poziotinib-ara290-cibinetide-cas-1208243-50-8-per-la-ricerca-di-laboratorio\/"},"modified":"2021-12-16T07:18:52","modified_gmt":"2021-12-16T12:18:52","slug":"poziotinib-ara290-cibinetide-cas-1208243-50-8-per-la-ricerca-di-laboratorio","status":"publish","type":"product","link":"https:\/\/puyapeptide.net\/it\/product\/poziotinib-ara290-cibinetide-cas-1208243-50-8-per-la-ricerca-di-laboratorio\/","title":{"rendered":"Poziotinib\/ARA290\/Cibinetide CAS 1208243-50-8 per la ricerca di laboratorio"},"content":{"rendered":"<h2><strong>Poziotinib\/ARA290\/Cibinetide CAS 1208243-50-8 per la ricerca di laboratorio<\/strong><\/h2>\n<p>Nome del prodotto: Poziotinib<br \/>\nSequenza: Pyr-Glu-Gln-Leu-Glu-Arg-Ala-Leu-Asn-Ser-Ser-OH<br \/>\nSinonimi: ARA-290 (Cibinetide);ARA290, &gt; 98%;ARA290,Cibinetide, &gt;98%;ARA290;WZTIQQBMSJTRBR-MUZUOSMHSA-N;ara290\/Poziotinib;L-serina, 5-osso-L-prolil-L-\u03b1-glutamil-L-glutaminil-L-leucil-L -\u03b1-glutamil-L-arginil-L-alanil-L-leucil-L-asparaginil-L-seryl-;ARA-290(Cibinetide) acetato<br \/>\nCAS: 1208243-50-8<br \/>\nMF: C51H84N16O21&lt; &amp;&gt;MW: 1257.31<br \/>\nEINECS:<br \/>\nCategorie di prodotto:<br \/>\nMol File: 1208243-50-8.mol<\/p>\n<p>ARA290 \u00e8 un peptide costituito da 11 amminoacidi, di cui l&#39;N- terminale \u00e8 l&#39;acido piroglutammico. ARA290 \u00e8 un derivato dell&#39;EPO, un agonista dell&#39;eterorecettore eritropoietina\/CD131 ed \u00e8 comunemente usato negli studi clinici per il trattamento delle malattie neurologiche. studi.<\/p>\n<p> <strong>Poziotinib\/ ARA290\/ Cibinetide CAS 1208243-50-8 Propriet\u00e0 chimiche<\/strong><br \/>\ndensit\u00e0 1,56\u00b10,1 g\/cm3 (prevista)<br \/>\npka 2,90\u00b10,10 (prevista)<\/p>\n<p> <strong>Funzione e applicazione di Poziotinib\/ARA290\/Cibinetide CAS 1208243-50-8<\/strong><br \/>\nCibinetide \u00e8 un peptide sintetico di prima classe progettato per attivare meccanismi di riparazione innati nel contesto di lesioni tissutali a seguito della cascata infiammatoria. Si lega selettivamente al recettore di riparazione innato (IRR) che attiva le vie di segnalazione tissutali protettive, riparative e antinfiammatorie.<\/p>\n","protected":false},"excerpt":{"rendered":"<p>Nome del prodotto: Poziotinib<br \/>\nCAS: 1208243-50-8<br \/>\nMF: C51H84N16O21<br \/>\nMW: 1257.31<br \/>\nMol File: 1208243-50-8.mol<\/p>\n","protected":false},"featured_media":2105,"comment_status":"open","ping_status":"closed","template":"","meta":{"om_disable_all_campaigns":false,"_monsterinsights_skip_tracking":false,"_monsterinsights_sitenote_active":false,"_monsterinsights_sitenote_note":"","_monsterinsights_sitenote_category":0,"site-sidebar-layout":"default","site-content-layout":"default","ast-site-content-layout":"default","site-content-style":"default","site-sidebar-style":"default","ast-global-header-display":"","ast-banner-title-visibility":"","ast-main-header-display":"","ast-hfb-above-header-display":"","ast-hfb-below-header-display":"","ast-hfb-mobile-header-display":"","site-post-title":"","ast-breadcrumbs-content":"","ast-featured-img":"","footer-sml-layout":"","ast-disable-related-posts":"","theme-transparent-header-meta":"default","adv-header-id-meta":"","stick-header-meta":"","header-above-stick-meta":"","header-main-stick-meta":"","header-below-stick-meta":"","astra-migrate-meta-layouts":"default","ast-page-background-enabled":"default","ast-page-background-meta":{"desktop":{"background-color":"","background-image":"","background-repeat":"repeat","background-position":"center center","background-size":"auto","background-attachment":"scroll","background-type":"","background-media":"","overlay-type":"","overlay-color":"","overlay-opacity":"","overlay-gradient":""},"tablet":{"background-color":"","background-image":"","background-repeat":"repeat","background-position":"center center","background-size":"auto","background-attachment":"scroll","background-type":"","background-media":"","overlay-type":"","overlay-color":"","overlay-opacity":"","overlay-gradient":""},"mobile":{"background-color":"","background-image":"","background-repeat":"repeat","background-position":"center center","background-size":"auto","background-attachment":"scroll","background-type":"","background-media":"","overlay-type":"","overlay-color":"","overlay-opacity":"","overlay-gradient":""}},"ast-content-background-meta":{"desktop":{"background-color":"var(--ast-global-color-5)","background-image":"","background-repeat":"repeat","background-position":"center center","background-size":"auto","background-attachment":"scroll","background-type":"","background-media":"","overlay-type":"","overlay-color":"","overlay-opacity":"","overlay-gradient":""},"tablet":{"background-color":"var(--ast-global-color-5)","background-image":"","background-repeat":"repeat","background-position":"center center","background-size":"auto","background-attachment":"scroll","background-type":"","background-media":"","overlay-type":"","overlay-color":"","overlay-opacity":"","overlay-gradient":""},"mobile":{"background-color":"var(--ast-global-color-5)","background-image":"","background-repeat":"repeat","background-position":"center center","background-size":"auto","background-attachment":"scroll","background-type":"","background-media":"","overlay-type":"","overlay-color":"","overlay-opacity":"","overlay-gradient":""}}},"product_brand":[],"product_cat":[528],"product_tag":[2519],"class_list":{"0":"post-7245","1":"product","2":"type-product","3":"status-publish","4":"has-post-thumbnail","6":"product_cat-altri-peptidi","7":"product_tag-poziotinib-ara290-cibinetide-cas-1208243-50-8-for-lab-research-it","8":"desktop-align-left","9":"tablet-align-left","10":"mobile-align-left","12":"first","13":"instock","14":"shipping-taxable","15":"product-type-simple"},"_links":{"self":[{"href":"https:\/\/puyapeptide.net\/it\/wp-json\/wp\/v2\/product\/7245","targetHints":{"allow":["GET"]}}],"collection":[{"href":"https:\/\/puyapeptide.net\/it\/wp-json\/wp\/v2\/product"}],"about":[{"href":"https:\/\/puyapeptide.net\/it\/wp-json\/wp\/v2\/types\/product"}],"replies":[{"embeddable":true,"href":"https:\/\/puyapeptide.net\/it\/wp-json\/wp\/v2\/comments?post=7245"}],"wp:featuredmedia":[{"embeddable":true,"href":"https:\/\/puyapeptide.net\/it\/wp-json\/wp\/v2\/media\/2105"}],"wp:attachment":[{"href":"https:\/\/puyapeptide.net\/it\/wp-json\/wp\/v2\/media?parent=7245"}],"wp:term":[{"taxonomy":"product_brand","embeddable":true,"href":"https:\/\/puyapeptide.net\/it\/wp-json\/wp\/v2\/product_brand?post=7245"},{"taxonomy":"product_cat","embeddable":true,"href":"https:\/\/puyapeptide.net\/it\/wp-json\/wp\/v2\/product_cat?post=7245"},{"taxonomy":"product_tag","embeddable":true,"href":"https:\/\/puyapeptide.net\/it\/wp-json\/wp\/v2\/product_tag?post=7245"}],"curies":[{"name":"wp","href":"https:\/\/api.w.org\/{rel}","templated":true}]}}