{"id":7277,"date":"2021-12-16T07:20:10","date_gmt":"2021-12-16T12:20:10","guid":{"rendered":"https:\/\/puyapeptide.net\/product\/enfuvirtide-acetato-di-enfuvirtide-cas-159519-65-0-per-lanti-hiv\/"},"modified":"2021-12-16T07:20:10","modified_gmt":"2021-12-16T12:20:10","slug":"enfuvirtide-acetato-di-enfuvirtide-cas-159519-65-0-per-lanti-hiv","status":"publish","type":"product","link":"https:\/\/puyapeptide.net\/it\/product\/enfuvirtide-acetato-di-enfuvirtide-cas-159519-65-0-per-lanti-hiv\/","title":{"rendered":"Enfuvirtide\/acetato di enfuvirtide CAS 159519-65-0 per l&#39;anti HIV"},"content":{"rendered":"<h2><strong>Enfuvirtide\/acetato di enfuvirtide CAS 159519-65-0 per l&#39;anti HIV<\/strong><\/h2>\n<p>Nome del prodotto: Enfuvirtide<br \/>\nSequenza: Ac-Tyr-Thr-Ser-Leu-Ile-His-Ser-Leu-Ile-Glu-Glu-Ser-Gln-Asn-Gln-Gln-Glu-Lys&lt; &amp;&gt;-Asn-Glu-Gln-Glu-Leu-Leu-Glu-Leu-Asp-Lys-Trp-Ala-Ser-Leu-Trp-Asn-Trp-Phe-NH2<br \/>\n Sinonimi: Enfuvirtide; T-2;Enfuvirtide Acetato (T-20);ENFUVIRTIDE(T-20) 98+%;Enfurvitide(T-20);Pentafuside;Ac-Tyr-Thr-Ser-Leu-Ile-His-Ser-Leu-Ile -Glu-Glu-Ser-Gln-Asn-Gln-Gln-Glu-Lys-Asn-Glu-Gln-Glu-Leu-Leu-Glu-Leu-Asp-Lys-Trp-Ala-Ser-Leu-Trp-Asn -Trp-Phe-NH{2};Enfuvirtide;Aids059486<br \/>\nCAS: 159519-65-0<br \/>\nMF: C204H301N51O64<br \/>\nMW: 4491.92<br \/>\nEINECS: 641-385-0<br \/>\nCategorie di prodotti : proteine;Peptide<br \/>\nMol File: 159519-65-0.mol<\/p>\n<p>\u00c8 un inibitore sintetico del peptide della fusione dell&#39;HIV, che pu\u00f2 legarsi alla glicoproteina dell&#39;involucro virale e prevenire i cambiamenti conformazionali necessari per il virus fondersi con la membrana cellulare, inibendo cos\u00ec la replicazione dell&#39;HIV-1. Il peptide Enfevir \u00e8 derivato da una sequenza amminoacidica naturale nel dominio HR2 di gp41. Simulando l&#39;attivit\u00e0 del dominio HR2 e legandosi in modo competitivo al dominio HR1 di gp41, il peptide Enfevir previene l&#39;interazione tra HR1 e HR2 e le modifiche nella configurazione della Gp41, impedendo cos\u00ec la fusione del virus con le cellule ospiti.<\/p>\n<p>Enfuvirtide \u00e8 il primo di una nuova classe di terapie per l&#39;HIV che interferisce con l&#39;ingresso dell&#39;HIV-1 inibendo la fusione delle membrane virali e cellulari. Si lega alla prima eptade-ripetizione (HR1) nella subunit\u00e0 ghe gp41 della glicoproteina dell&#39;involucro virale e previene i cambiamenti conformazionali necessari per la fusione con le membrane cellulari, rappresentando cos\u00ec un nuovo meccanismo. \u00c8 un potente inibitore di questo legame con un IC50 in laboratorio e isolati primari (HIV-1 cladi A-G) che vanno da 4 a 280 nM (18-1260 ng\/mL), ma non ha praticamente alcuna attivit\u00e0 contro l&#39;HIV-2. Grazie al suo meccanismo unico, non mostra resistenza crociata a NRTI, NNRTI e PI. Viene preparato mediante sintesi chimica, utilizzando una combinazione di fasi in soluzione e in fase solida. Le fasi in fase solida utilizzano la protezione fmoc e la resina acido-sensibile di 2-clorotritilcloruro per produrre peptidi di lunghezze che vanno da nove a sedici amminoacidi. <\/p>\n<p> <strong>Enfuvirtide\/ Enfuvirtide Acetate CAS 159519-65-0 Propriet\u00e0 chimiche<\/strong><br \/>\ntemp. -20\u00b0C<br \/>\nforma polvere<br \/>\ncolore da bianco a biancastro<\/p>\n<p> <strong>Usi di Enfuvirtide\/ Enfuvirtide Acetate CAS 159519-65-0<\/strong><br \/>\n Viene utilizzato in combinazione con farmaci per la trascrittasi inversa per uso umano infezione da virus dell&#39;immunodeficienza (HIV).<\/p>\n","protected":false},"excerpt":{"rendered":"<p>Nome del prodotto: Enfuvirtide<br \/>\nCAS: 159519-65-0<br \/>\nMF: C204H301N51O64<br \/>\nMW: 4491.92<br \/>\nEINECS: 641-385-0<br \/>\nMol File: 159519-65-0.mol<\/p>\n","protected":false},"featured_media":2126,"comment_status":"open","ping_status":"closed","template":"","meta":{"om_disable_all_campaigns":false,"_monsterinsights_skip_tracking":false,"_monsterinsights_sitenote_active":false,"_monsterinsights_sitenote_note":"","_monsterinsights_sitenote_category":0,"site-sidebar-layout":"default","site-content-layout":"default","ast-site-content-layout":"default","site-content-style":"default","site-sidebar-style":"default","ast-global-header-display":"","ast-banner-title-visibility":"","ast-main-header-display":"","ast-hfb-above-header-display":"","ast-hfb-below-header-display":"","ast-hfb-mobile-header-display":"","site-post-title":"","ast-breadcrumbs-content":"","ast-featured-img":"","footer-sml-layout":"","ast-disable-related-posts":"","theme-transparent-header-meta":"default","adv-header-id-meta":"","stick-header-meta":"","header-above-stick-meta":"","header-main-stick-meta":"","header-below-stick-meta":"","astra-migrate-meta-layouts":"default","ast-page-background-enabled":"default","ast-page-background-meta":{"desktop":{"background-color":"","background-image":"","background-repeat":"repeat","background-position":"center center","background-size":"auto","background-attachment":"scroll","background-type":"","background-media":"","overlay-type":"","overlay-color":"","overlay-opacity":"","overlay-gradient":""},"tablet":{"background-color":"","background-image":"","background-repeat":"repeat","background-position":"center center","background-size":"auto","background-attachment":"scroll","background-type":"","background-media":"","overlay-type":"","overlay-color":"","overlay-opacity":"","overlay-gradient":""},"mobile":{"background-color":"","background-image":"","background-repeat":"repeat","background-position":"center center","background-size":"auto","background-attachment":"scroll","background-type":"","background-media":"","overlay-type":"","overlay-color":"","overlay-opacity":"","overlay-gradient":""}},"ast-content-background-meta":{"desktop":{"background-color":"var(--ast-global-color-5)","background-image":"","background-repeat":"repeat","background-position":"center center","background-size":"auto","background-attachment":"scroll","background-type":"","background-media":"","overlay-type":"","overlay-color":"","overlay-opacity":"","overlay-gradient":""},"tablet":{"background-color":"var(--ast-global-color-5)","background-image":"","background-repeat":"repeat","background-position":"center center","background-size":"auto","background-attachment":"scroll","background-type":"","background-media":"","overlay-type":"","overlay-color":"","overlay-opacity":"","overlay-gradient":""},"mobile":{"background-color":"var(--ast-global-color-5)","background-image":"","background-repeat":"repeat","background-position":"center center","background-size":"auto","background-attachment":"scroll","background-type":"","background-media":"","overlay-type":"","overlay-color":"","overlay-opacity":"","overlay-gradient":""}}},"product_brand":[],"product_cat":[528],"product_tag":[2511],"class_list":{"0":"post-7277","1":"product","2":"type-product","3":"status-publish","4":"has-post-thumbnail","6":"product_cat-altri-peptidi","7":"product_tag-enfuvirtide-enfuvirtide-acetate-cas-159519-65-0-for-anti-hiv-it","8":"desktop-align-left","9":"tablet-align-left","10":"mobile-align-left","12":"first","13":"instock","14":"shipping-taxable","15":"product-type-simple"},"_links":{"self":[{"href":"https:\/\/puyapeptide.net\/it\/wp-json\/wp\/v2\/product\/7277","targetHints":{"allow":["GET"]}}],"collection":[{"href":"https:\/\/puyapeptide.net\/it\/wp-json\/wp\/v2\/product"}],"about":[{"href":"https:\/\/puyapeptide.net\/it\/wp-json\/wp\/v2\/types\/product"}],"replies":[{"embeddable":true,"href":"https:\/\/puyapeptide.net\/it\/wp-json\/wp\/v2\/comments?post=7277"}],"wp:featuredmedia":[{"embeddable":true,"href":"https:\/\/puyapeptide.net\/it\/wp-json\/wp\/v2\/media\/2126"}],"wp:attachment":[{"href":"https:\/\/puyapeptide.net\/it\/wp-json\/wp\/v2\/media?parent=7277"}],"wp:term":[{"taxonomy":"product_brand","embeddable":true,"href":"https:\/\/puyapeptide.net\/it\/wp-json\/wp\/v2\/product_brand?post=7277"},{"taxonomy":"product_cat","embeddable":true,"href":"https:\/\/puyapeptide.net\/it\/wp-json\/wp\/v2\/product_cat?post=7277"},{"taxonomy":"product_tag","embeddable":true,"href":"https:\/\/puyapeptide.net\/it\/wp-json\/wp\/v2\/product_tag?post=7277"}],"curies":[{"name":"wp","href":"https:\/\/api.w.org\/{rel}","templated":true}]}}