{"id":7610,"date":"2021-12-16T10:22:53","date_gmt":"2021-12-16T15:22:53","guid":{"rendered":"https:\/\/puyapeptide.net\/product\/cjc-1295-cas-863288-34-0-con-buon-prezzo\/"},"modified":"2021-12-16T10:22:53","modified_gmt":"2021-12-16T15:22:53","slug":"cjc-1295-cas-863288-34-0-con-buon-prezzo","status":"publish","type":"product","link":"https:\/\/puyapeptide.net\/it\/product\/cjc-1295-cas-863288-34-0-con-buon-prezzo\/","title":{"rendered":"CJC 1295 CAS 863288-34-0 con buon prezzo"},"content":{"rendered":"<h2><strong>CJC 1295 CAS 863288-34-0 con buon prezzo<\/strong><\/h2>\n<p>Nome prodotto: CJC1295<br \/>\nSinonimi: CJC1295;Y(d -A)DAIFTQSYRKVLAQLSARKLLQDILSR-NH2;L-Tyrosyl-D-alanil-L-alfa-aspartil-L-alanil-L-isoleucyl-L-fenilalanile- L-treonil-L-glutamminil-L-seryl-L-tyrosyl-L-arginil-L-lysyl-L-valyl-L-leucyl-L-alanil-L-glutaminyl-L-seryl-L-alanil-L- arginyl-L-lysyl-L-leucyl-L-leucyl-L-glutaminyl-L-alfa-aspartil-L-isoleucyl-L-leucyl-L-seryl-L-arginil-N6-[3-(2,5- diidro-2,5-diosso-1H-pirrol-1-il)-1-ossopropil]-L-lisinammide;CJC-1295 CJC-1295;CJC-1295 acetato;CJC1295 senza DAC;-L-arginil-L- lysyl-L-leucyl-L-leucyl-L-glutaminyl;L-tirosil-D-alanil-L-\u03b1-aspartil-L-alanil-L-isoleucyl-L-fenillanil-L-allotreonil-L-glutaminil-L- seryl-L-tyrosyl-L-arginil-L-lysyl-L-valyl-L-leucyl-L-alanil-L-glutaminyl-L-leucyl-L-seryl-L-alanil<br \/>\nCAS: 863288-34- 0<br \/>\nMF: C152H252N44O42<br \/>\nMW: 3367.89688<br \/>\nEINECS: 206-141-6<br \/>\nCategorie di prodotti: Peptidi;CJC<br \/>\nMol File: 863288-34-0.mol<br \/>\n&lt;&amp; &gt;Cjc-1295 \u00e8 un analogo sintetico del GHRH (ormone di rilascio dell&#39;ormone della crescita) composto da 30 amminoacidi. \u00c8 stato scoperto che CJC-1295 \u00e8 altamente efficace nell&#39;aumentare la secrezione dell&#39;ormone della crescita e dell&#39;IGF-1 senza influenzare negativamente la pulsazione della secrezione di GH. L&#39;uso principale di CJC-1295 \u00e8 quello di fornire livelli di GH aumentati, che si traducono anche in un aumento dei livelli di IGF-1. CJC1295 senza versione DAC pu\u00f2 anche essere chiamato Mod GRF 1-29. Il tempo di azione \u00e8 relativamente breve e sar\u00e0 presto metabolizzato dall&#39;organismo.<\/p>\n<p> <strong>Benefici di CJC1295 CAS 863288-34-0<\/strong><br \/>\nAumento di peso<br \/>\nAumenta la crescita muscolare<br \/>\nRiduce il grasso&lt;&amp; &gt;Aumenta la riparazione e la rigenerazione cellulare<br \/>\nPromuove il sonno<br \/>\nAumenta il sistema immunitario e la densit\u00e0 ossea<br \/>\nCJC-1-&#39;2-&#39;9-&#39;5 promuove anche il sonno profondo a onde lente, responsabile del pi\u00f9 alto livello di crescita muscolare e ritenzione e ringiovanimento della memoria <\/p>\n<p> <strong>Usi di CJC1295<\/strong><br \/>\nCJC 1295 L&#39;acetato viene utilizzato nell&#39;applicazione dell&#39;agonista dell&#39;ormone di rilascio dell&#39;ormone della crescita per preparare l&#39;agente anti-invecchiamento.<\/p>\n","protected":false},"excerpt":{"rendered":"<p>Nome del prodotto: CJC1295<br \/>\nCAS: 863288-34-0<br \/>\nMF: C152H252N44O42<br \/>\nMW: 3367.89688<br \/>\nEINECS: 206-141-6<br \/>\nMol File: 863288-34-0.mol<\/p>\n","protected":false},"featured_media":2294,"comment_status":"open","ping_status":"closed","template":"","meta":{"om_disable_all_campaigns":false,"_monsterinsights_skip_tracking":false,"_monsterinsights_sitenote_active":false,"_monsterinsights_sitenote_note":"","_monsterinsights_sitenote_category":0,"site-sidebar-layout":"default","site-content-layout":"default","ast-site-content-layout":"default","site-content-style":"default","site-sidebar-style":"default","ast-global-header-display":"","ast-banner-title-visibility":"","ast-main-header-display":"","ast-hfb-above-header-display":"","ast-hfb-below-header-display":"","ast-hfb-mobile-header-display":"","site-post-title":"","ast-breadcrumbs-content":"","ast-featured-img":"","footer-sml-layout":"","ast-disable-related-posts":"","theme-transparent-header-meta":"default","adv-header-id-meta":"","stick-header-meta":"","header-above-stick-meta":"","header-main-stick-meta":"","header-below-stick-meta":"","astra-migrate-meta-layouts":"default","ast-page-background-enabled":"default","ast-page-background-meta":{"desktop":{"background-color":"","background-image":"","background-repeat":"repeat","background-position":"center center","background-size":"auto","background-attachment":"scroll","background-type":"","background-media":"","overlay-type":"","overlay-color":"","overlay-opacity":"","overlay-gradient":""},"tablet":{"background-color":"","background-image":"","background-repeat":"repeat","background-position":"center center","background-size":"auto","background-attachment":"scroll","background-type":"","background-media":"","overlay-type":"","overlay-color":"","overlay-opacity":"","overlay-gradient":""},"mobile":{"background-color":"","background-image":"","background-repeat":"repeat","background-position":"center center","background-size":"auto","background-attachment":"scroll","background-type":"","background-media":"","overlay-type":"","overlay-color":"","overlay-opacity":"","overlay-gradient":""}},"ast-content-background-meta":{"desktop":{"background-color":"var(--ast-global-color-5)","background-image":"","background-repeat":"repeat","background-position":"center center","background-size":"auto","background-attachment":"scroll","background-type":"","background-media":"","overlay-type":"","overlay-color":"","overlay-opacity":"","overlay-gradient":""},"tablet":{"background-color":"var(--ast-global-color-5)","background-image":"","background-repeat":"repeat","background-position":"center center","background-size":"auto","background-attachment":"scroll","background-type":"","background-media":"","overlay-type":"","overlay-color":"","overlay-opacity":"","overlay-gradient":""},"mobile":{"background-color":"var(--ast-global-color-5)","background-image":"","background-repeat":"repeat","background-position":"center center","background-size":"auto","background-attachment":"scroll","background-type":"","background-media":"","overlay-type":"","overlay-color":"","overlay-opacity":"","overlay-gradient":""}}},"product_brand":[],"product_cat":[528],"product_tag":[2172],"class_list":{"0":"post-7610","1":"product","2":"type-product","3":"status-publish","4":"has-post-thumbnail","6":"product_cat-altri-peptidi","7":"product_tag-cjc-1295-cas-863288-34-0-with-good-price-it","8":"desktop-align-left","9":"tablet-align-left","10":"mobile-align-left","12":"first","13":"instock","14":"shipping-taxable","15":"product-type-simple"},"_links":{"self":[{"href":"https:\/\/puyapeptide.net\/it\/wp-json\/wp\/v2\/product\/7610","targetHints":{"allow":["GET"]}}],"collection":[{"href":"https:\/\/puyapeptide.net\/it\/wp-json\/wp\/v2\/product"}],"about":[{"href":"https:\/\/puyapeptide.net\/it\/wp-json\/wp\/v2\/types\/product"}],"replies":[{"embeddable":true,"href":"https:\/\/puyapeptide.net\/it\/wp-json\/wp\/v2\/comments?post=7610"}],"wp:featuredmedia":[{"embeddable":true,"href":"https:\/\/puyapeptide.net\/it\/wp-json\/wp\/v2\/media\/2294"}],"wp:attachment":[{"href":"https:\/\/puyapeptide.net\/it\/wp-json\/wp\/v2\/media?parent=7610"}],"wp:term":[{"taxonomy":"product_brand","embeddable":true,"href":"https:\/\/puyapeptide.net\/it\/wp-json\/wp\/v2\/product_brand?post=7610"},{"taxonomy":"product_cat","embeddable":true,"href":"https:\/\/puyapeptide.net\/it\/wp-json\/wp\/v2\/product_cat?post=7610"},{"taxonomy":"product_tag","embeddable":true,"href":"https:\/\/puyapeptide.net\/it\/wp-json\/wp\/v2\/product_tag?post=7610"}],"curies":[{"name":"wp","href":"https:\/\/api.w.org\/{rel}","templated":true}]}}