{"id":7662,"date":"2021-12-16T10:26:31","date_gmt":"2021-12-16T15:26:31","guid":{"rendered":"https:\/\/puyapeptide.net\/product\/serum-thymic-factor-thymulin-cas-63958-90-7-per-regolare-la-funzione-immunitaria-cellulare-e-leffetto-antivirus\/"},"modified":"2021-12-16T10:26:31","modified_gmt":"2021-12-16T15:26:31","slug":"serum-thymic-factor-thymulin-cas-63958-90-7-per-regolare-la-funzione-immunitaria-cellulare-e-leffetto-antivirus","status":"publish","type":"product","link":"https:\/\/puyapeptide.net\/it\/product\/serum-thymic-factor-thymulin-cas-63958-90-7-per-regolare-la-funzione-immunitaria-cellulare-e-leffetto-antivirus\/","title":{"rendered":"SERUM THYMIC FACTOR\/ Thymulin CAS 63958-90-7 per regolare la funzione immunitaria cellulare e l&#39;effetto antivirus"},"content":{"rendered":"<h2><strong>SERUM THYMIC FACTOR\/ Thymulin CAS 63958-90-7 per regolare la funzione immunitaria cellulare e l&#39;effetto antivirus<\/strong><\/h2>\n<p>Nome prodotto: SERUM THYMIC FACTOR\/Thymulin<br \/>\nSinonimi: pGlu-Ala-Lys-Ser-Gln-Gly-Gly-Ser-Asn;STF, SeruM ThyMic Factor, ThyMulin;L-Asparagina,5-oxo- L-prolyl-L-alanil-L-lysyl-L-seryl-L-glutaminylglycylglycyl-L-seryl-;Pyr-Ala-Lys-Ser-Gln-Gly-Gly-Ser-Asn-OH sale trifluoroacetato; Fattore timico sierico (suino);Fattore sierico timico;Fattore sierico timico (suino);PYR-ALA-LYS-SER-GLN-GLY-GLY-SER-ASN<br \/>\nCAS: 63958-90-7<br \/>\nMF: C33H54N12O15&lt;&amp; &gt;MW: 858.85<br \/>\nEINECS: 236-855-3<br \/>\nCategorie di prodotti: Peptide<br \/>\nMol File: 63958-90-7.mol<\/p>\n<p>La timulina \u00e8 sintetizzata dall&#39;organo chiamato timo . La timulina serve principalmente a generare lo sviluppo o &quot;educazione&quot; di alcune cellule prodotte dal midollo osseo che sono attive nel sistema di difesa dell&#39;organismo, chiamate linfociti T.<br \/>\n La timulina \u00e8 particolarmente coinvolta nel far evolvere queste cellule dal loro stato non funzionale, in cui arrivano nel timo, a cellule difensive con funzione pienamente acquisita, chiamate immunocompetenti.<br \/>\n La timulina \u00e8 solo una delle diverse H secrete da questa ghiandola, che vengono prodotte in quantit\u00e0 notevolmente inferiori dopo il secondo anno di vita<\/p>\n<p> <strong>FATTORE TIMO SIERO\/Timulina CAS 63958-90-7 Propriet\u00e0 chimiche<\/strong> &lt;&amp; &gt;Punto di ebollizione 1658,9\u00b165,0 \u00b0C (prevista)<br \/>\ndensit\u00e0 1,417\u00b10,06 g\/cm3 (prevista)<br \/>\ntemp. \u221220\u00b0C<br \/>\nsolubilit\u00e0 acqua deionizzata: solubile<br \/>\npka 3.08\u00b10.10(Predicted)<br \/>\ncolore bianco<\/p>\n<p> <strong>Funzione di THYMULIN<\/strong><br \/>\n1. La timulina \u00e8 in grado di aumentare sia la massa muscolare che la densit\u00e0 minerale ossea, rendendola una terapia promettente per il trattamento della fragilit\u00e0 negli anziani.<br \/>\n2. La timulina altera anche il metabolismo del grasso corporeo e quindi pu\u00f2 avere applicazione nel trattamento dell&#39;obesit\u00e0.<br \/>\n3. Thymulin \u00e8 un farmaco che agisce come un potente secretagogo della crescita attivo per via orale.<\/p>\n<p> <strong>Applicazione di THYMULIN<\/strong><br \/>\n1. Applicato in campo alimentare, Semax in polvere principalmente da utilizzare come additivi alimentari;<br \/>\n2. Applicato nel campo dei prodotti per la salute, Semax in polvere come prodotti per la salute maschile per aumentare i poteri sessuali;<br \/>\n3. Applicato in campo farmaceutico, Semax pu\u00f2 trattare vari tipi di impotenza maschile e disfunzioni sessuali.<\/p>\n","protected":false},"excerpt":{"rendered":"<p>Nome prodotto: FATTORE TIMO SIERO\/Timulina<br \/>\nCAS: 63958-90-7<br \/>\nMF: C33H54N12O15<br \/>\nMW: 858,85<br \/>\nEINECS: 236-855-3<br \/>\nMol File: 63958-90- 7.mol<\/p>\n","protected":false},"featured_media":2126,"comment_status":"open","ping_status":"closed","template":"","meta":{"om_disable_all_campaigns":false,"_monsterinsights_skip_tracking":false,"_monsterinsights_sitenote_active":false,"_monsterinsights_sitenote_note":"","_monsterinsights_sitenote_category":0,"site-sidebar-layout":"default","site-content-layout":"default","ast-site-content-layout":"default","site-content-style":"default","site-sidebar-style":"default","ast-global-header-display":"","ast-banner-title-visibility":"","ast-main-header-display":"","ast-hfb-above-header-display":"","ast-hfb-below-header-display":"","ast-hfb-mobile-header-display":"","site-post-title":"","ast-breadcrumbs-content":"","ast-featured-img":"","footer-sml-layout":"","ast-disable-related-posts":"","theme-transparent-header-meta":"default","adv-header-id-meta":"","stick-header-meta":"","header-above-stick-meta":"","header-main-stick-meta":"","header-below-stick-meta":"","astra-migrate-meta-layouts":"default","ast-page-background-enabled":"default","ast-page-background-meta":{"desktop":{"background-color":"","background-image":"","background-repeat":"repeat","background-position":"center center","background-size":"auto","background-attachment":"scroll","background-type":"","background-media":"","overlay-type":"","overlay-color":"","overlay-opacity":"","overlay-gradient":""},"tablet":{"background-color":"","background-image":"","background-repeat":"repeat","background-position":"center center","background-size":"auto","background-attachment":"scroll","background-type":"","background-media":"","overlay-type":"","overlay-color":"","overlay-opacity":"","overlay-gradient":""},"mobile":{"background-color":"","background-image":"","background-repeat":"repeat","background-position":"center center","background-size":"auto","background-attachment":"scroll","background-type":"","background-media":"","overlay-type":"","overlay-color":"","overlay-opacity":"","overlay-gradient":""}},"ast-content-background-meta":{"desktop":{"background-color":"var(--ast-global-color-5)","background-image":"","background-repeat":"repeat","background-position":"center center","background-size":"auto","background-attachment":"scroll","background-type":"","background-media":"","overlay-type":"","overlay-color":"","overlay-opacity":"","overlay-gradient":""},"tablet":{"background-color":"var(--ast-global-color-5)","background-image":"","background-repeat":"repeat","background-position":"center center","background-size":"auto","background-attachment":"scroll","background-type":"","background-media":"","overlay-type":"","overlay-color":"","overlay-opacity":"","overlay-gradient":""},"mobile":{"background-color":"var(--ast-global-color-5)","background-image":"","background-repeat":"repeat","background-position":"center center","background-size":"auto","background-attachment":"scroll","background-type":"","background-media":"","overlay-type":"","overlay-color":"","overlay-opacity":"","overlay-gradient":""}}},"product_brand":[],"product_cat":[379],"product_tag":[2161],"class_list":{"0":"post-7662","1":"product","2":"type-product","3":"status-publish","4":"has-post-thumbnail","6":"product_cat-peptide-immunomodulatore","7":"product_tag-serum-thymic-factor-thymulin-cas-63958-90-7-for-regulate-cellular-immune-function-and-anti-virus-effect-it","8":"desktop-align-left","9":"tablet-align-left","10":"mobile-align-left","12":"first","13":"instock","14":"shipping-taxable","15":"product-type-simple"},"_links":{"self":[{"href":"https:\/\/puyapeptide.net\/it\/wp-json\/wp\/v2\/product\/7662","targetHints":{"allow":["GET"]}}],"collection":[{"href":"https:\/\/puyapeptide.net\/it\/wp-json\/wp\/v2\/product"}],"about":[{"href":"https:\/\/puyapeptide.net\/it\/wp-json\/wp\/v2\/types\/product"}],"replies":[{"embeddable":true,"href":"https:\/\/puyapeptide.net\/it\/wp-json\/wp\/v2\/comments?post=7662"}],"wp:featuredmedia":[{"embeddable":true,"href":"https:\/\/puyapeptide.net\/it\/wp-json\/wp\/v2\/media\/2126"}],"wp:attachment":[{"href":"https:\/\/puyapeptide.net\/it\/wp-json\/wp\/v2\/media?parent=7662"}],"wp:term":[{"taxonomy":"product_brand","embeddable":true,"href":"https:\/\/puyapeptide.net\/it\/wp-json\/wp\/v2\/product_brand?post=7662"},{"taxonomy":"product_cat","embeddable":true,"href":"https:\/\/puyapeptide.net\/it\/wp-json\/wp\/v2\/product_cat?post=7662"},{"taxonomy":"product_tag","embeddable":true,"href":"https:\/\/puyapeptide.net\/it\/wp-json\/wp\/v2\/product_tag?post=7662"}],"curies":[{"name":"wp","href":"https:\/\/api.w.org\/{rel}","templated":true}]}}