{"id":7702,"date":"2021-12-16T10:28:57","date_gmt":"2021-12-16T15:28:57","guid":{"rendered":"https:\/\/puyapeptide.net\/product\/peptide-di-selank-cas-129954-34-3-per-anti-ansia\/"},"modified":"2021-12-16T10:28:57","modified_gmt":"2021-12-16T15:28:57","slug":"peptide-di-selank-cas-129954-34-3-per-anti-ansia","status":"publish","type":"product","link":"https:\/\/puyapeptide.net\/it\/product\/peptide-di-selank-cas-129954-34-3-per-anti-ansia\/","title":{"rendered":"Peptide di Selank CAS 129954-34-3 Per anti-ansia"},"content":{"rendered":"<h2><strong>Peptide di Selank CAS 129954-34-3 Per anti-ansia<\/strong><\/h2>\n<p>Nome prodotto: Selank peptide<br \/>\nSinonimi: Selank peptide;SelankAcetate;PL14736;L-treonyl-L-lysyl-L-prolyl-L-arginil-L-prolylglycyl-L-proline;L-THREONYL-L- LYSYL-L-PROLYL-L-ARGINYL-L-PROLYLGLYCYL-L-PROLINE; MONOACETATO;H-Thr-Lys-Pro-Arg-Pro-Gly-Pro-OH;SLANK;Peptido di Selank<br \/>\nCAS: 129954-34-3<br \/>\nMF: C33H57N11O9<br \/>\nMW: 751.87<br \/>\nEINECS : 232-660-2<br \/>\nCategorie di prodotti:<br \/>\nMol File: 129954-34-3.mol<\/p>\n<p>Il peptide Selank \u00e8 stato etichettato come peptide &quot;anti-ansia&quot; e ha anche mostrato miglioramenti nell&#39;apprendimento, nella memoria, nella cognizione, nella depressione, nella debolezza e nell&#39;energia complessiva. <\/p>\n<p> <strong>Selank peptide CAS 129954-34-3 Propriet\u00e0 chimiche<\/strong><br \/>\nPunto di fusione 134-136 \u00b0C<br \/>\ndensit\u00e0 1,53\u00b10,1 g\/cm3 (prevista)<br \/>\npka 3,43\u00b10,20 (prevista)&lt; &amp;&gt;<br \/>\n <strong>Funzione e applicazione del peptide Selank CAS 129954-34-3<\/strong><br \/>\nPu\u00f2 migliorare l&#39;ansia<br \/>\nPu\u00f2 migliorare l&#39;apprendimento<br \/>\nPu\u00f2 migliorare la memoria<br \/>\nPu\u00f2 aiutare con il recupero del danno cerebrale: Aumenta il BDNF (Brain- fattore neurotrofico derivato), un importante composto per la crescita del cervello<br \/>\nPu\u00f2 aiutare a stabilizzare le encefaline nel sangue: queste contrastano la risposta allo stress<br \/>\nPu\u00f2 aiutare con l&#39;astinenza dall&#39;alcol<br \/>\nPu\u00f2 aiutare a prevenire l&#39;aumento di peso e ridurre il colesterolo<br \/>\nSelank pu\u00f2 rafforzare la funzione immunitaria aumentando IL-6 nelle cellule del sangue. IL-6 \u00e8 una proteina infiammatoria che si ritiene aiuti a combattere le infezioni. Selank pu\u00f2 anche stimolare il rilascio di interferoni, che sono molecole antivirali.<\/p>\n<p> <strong>CHE COS&#39;\u00c8 SELANK?<\/strong><br \/>\nSelank appartiene a una classe di molecole chiamate peptidi sintetici. Selank \u00e8 stato realizzato combinando la sequenza di un peptide chiamato tuftsin con un&#39;altra sequenza che ne migliora la stabilit\u00e0 molecolare. La tuftsina \u00e8 un peptide strettamente correlato alla funzione immunitaria. Si trova in natura e costituisce una parte dell&#39;anticorpo naturale IgG.<\/p>\n<p>\u00c8 un piccolo peptide rispetto alla maggior parte delle proteine naturali. Selank \u00e8 stato sviluppato presso l&#39;Istituto di genetica molecolare in collaborazione con il VV Zakusov Research Institute of Pharmacology (Russian Academy of Medical Sciences), insieme al farmaco nootropico Semax, a volte chiamato suo cugino peptide. <\/p>\n<p>Selank \u00e8 stato approvato in Russia per il trattamento del disturbo d&#39;ansia generalizzato (GAD) e per il suo uso come nootropico. Negli studi clinici, il farmaco ha dimostrato di fornire un effetto nootropico e ansiolitico prolungato che \u00e8 utile per il trattamento del disturbo d&#39;ansia generalizzato (GAD).<\/p>\n<p> <strong>COME SI USA SELANK?<\/strong><br \/>\nSelank \u00e8 un peptide usato come spray nasale. Questo perch\u00e9 sar\u00e0 digerito dallo stomaco se assunto per via orale. L&#39;inalazione \u00e8 pi\u00f9 efficace per la consegna al flusso sanguigno e nel cervello.<br \/>\nIl dosaggio tipico \u00e8 uno spruzzo in ciascuna narice al giorno.<\/p>\n","protected":false},"excerpt":{"rendered":"<p>Nome del prodotto: Selank peptide<br \/>\nCAS: 129954-34-3<br \/>\nMF: C33H57N11O9<br \/>\nMW: 751.87<br \/>\nEINECS: 232-660-2<br \/>\nMol File: 129954-34-3.mol<\/p>\n","protected":false},"featured_media":2294,"comment_status":"open","ping_status":"closed","template":"","meta":{"om_disable_all_campaigns":false,"_monsterinsights_skip_tracking":false,"_monsterinsights_sitenote_active":false,"_monsterinsights_sitenote_note":"","_monsterinsights_sitenote_category":0,"site-sidebar-layout":"default","site-content-layout":"default","ast-site-content-layout":"default","site-content-style":"default","site-sidebar-style":"default","ast-global-header-display":"","ast-banner-title-visibility":"","ast-main-header-display":"","ast-hfb-above-header-display":"","ast-hfb-below-header-display":"","ast-hfb-mobile-header-display":"","site-post-title":"","ast-breadcrumbs-content":"","ast-featured-img":"","footer-sml-layout":"","ast-disable-related-posts":"","theme-transparent-header-meta":"default","adv-header-id-meta":"","stick-header-meta":"","header-above-stick-meta":"","header-main-stick-meta":"","header-below-stick-meta":"","astra-migrate-meta-layouts":"default","ast-page-background-enabled":"default","ast-page-background-meta":{"desktop":{"background-color":"","background-image":"","background-repeat":"repeat","background-position":"center center","background-size":"auto","background-attachment":"scroll","background-type":"","background-media":"","overlay-type":"","overlay-color":"","overlay-opacity":"","overlay-gradient":""},"tablet":{"background-color":"","background-image":"","background-repeat":"repeat","background-position":"center center","background-size":"auto","background-attachment":"scroll","background-type":"","background-media":"","overlay-type":"","overlay-color":"","overlay-opacity":"","overlay-gradient":""},"mobile":{"background-color":"","background-image":"","background-repeat":"repeat","background-position":"center center","background-size":"auto","background-attachment":"scroll","background-type":"","background-media":"","overlay-type":"","overlay-color":"","overlay-opacity":"","overlay-gradient":""}},"ast-content-background-meta":{"desktop":{"background-color":"var(--ast-global-color-5)","background-image":"","background-repeat":"repeat","background-position":"center center","background-size":"auto","background-attachment":"scroll","background-type":"","background-media":"","overlay-type":"","overlay-color":"","overlay-opacity":"","overlay-gradient":""},"tablet":{"background-color":"var(--ast-global-color-5)","background-image":"","background-repeat":"repeat","background-position":"center center","background-size":"auto","background-attachment":"scroll","background-type":"","background-media":"","overlay-type":"","overlay-color":"","overlay-opacity":"","overlay-gradient":""},"mobile":{"background-color":"var(--ast-global-color-5)","background-image":"","background-repeat":"repeat","background-position":"center center","background-size":"auto","background-attachment":"scroll","background-type":"","background-media":"","overlay-type":"","overlay-color":"","overlay-opacity":"","overlay-gradient":""}}},"product_brand":[],"product_cat":[528],"product_tag":[2091],"class_list":{"0":"post-7702","1":"product","2":"type-product","3":"status-publish","4":"has-post-thumbnail","6":"product_cat-altri-peptidi","7":"product_tag-selank-peptide-cas-129954-34-3-for-anti-anxiety-it","8":"desktop-align-left","9":"tablet-align-left","10":"mobile-align-left","12":"first","13":"instock","14":"shipping-taxable","15":"product-type-simple"},"_links":{"self":[{"href":"https:\/\/puyapeptide.net\/it\/wp-json\/wp\/v2\/product\/7702","targetHints":{"allow":["GET"]}}],"collection":[{"href":"https:\/\/puyapeptide.net\/it\/wp-json\/wp\/v2\/product"}],"about":[{"href":"https:\/\/puyapeptide.net\/it\/wp-json\/wp\/v2\/types\/product"}],"replies":[{"embeddable":true,"href":"https:\/\/puyapeptide.net\/it\/wp-json\/wp\/v2\/comments?post=7702"}],"wp:featuredmedia":[{"embeddable":true,"href":"https:\/\/puyapeptide.net\/it\/wp-json\/wp\/v2\/media\/2294"}],"wp:attachment":[{"href":"https:\/\/puyapeptide.net\/it\/wp-json\/wp\/v2\/media?parent=7702"}],"wp:term":[{"taxonomy":"product_brand","embeddable":true,"href":"https:\/\/puyapeptide.net\/it\/wp-json\/wp\/v2\/product_brand?post=7702"},{"taxonomy":"product_cat","embeddable":true,"href":"https:\/\/puyapeptide.net\/it\/wp-json\/wp\/v2\/product_cat?post=7702"},{"taxonomy":"product_tag","embeddable":true,"href":"https:\/\/puyapeptide.net\/it\/wp-json\/wp\/v2\/product_tag?post=7702"}],"curies":[{"name":"wp","href":"https:\/\/api.w.org\/{rel}","templated":true}]}}